{"id":34,"date":"2017-10-13T08:58:10","date_gmt":"2017-10-13T01:58:10","guid":{"rendered":"https:\/\/demo.bmconnect.vn\/motocare\/?page_id=34"},"modified":"2017-10-14T10:51:40","modified_gmt":"2017-10-14T03:51:40","slug":"gioi-thieu","status":"publish","type":"page","link":"https:\/\/demo.bmconnect.vn\/motocare\/gioi-thieu\/","title":{"rendered":"Gi\u1edbi thi\u1ec7u"},"content":{"rendered":"\t<div class=\"img has-hover x md-x lg-x y md-y lg-y\" id=\"image_881235211\">\n\t\t\t\t\t\t\t\t<div class=\"img-inner dark\" >\n\t\t\t<img width=\"1366\" height=\"250\" src=\"https:\/\/demo.bmconnect.vn\/motocare\/wp-content\/uploads\/2017\/10\/bg43.jpg\" class=\"attachment-original size-original\" alt=\"\" loading=\"lazy\" srcset=\"https:\/\/demo.bmconnect.vn\/motocare\/wp-content\/uploads\/2017\/10\/bg43.jpg 1366w, https:\/\/demo.bmconnect.vn\/motocare\/wp-content\/uploads\/2017\/10\/bg43-600x110.jpg 600w, https:\/\/demo.bmconnect.vn\/motocare\/wp-content\/uploads\/2017\/10\/bg43-300x55.jpg 300w, https:\/\/demo.bmconnect.vn\/motocare\/wp-content\/uploads\/2017\/10\/bg43-768x141.jpg 768w, https:\/\/demo.bmconnect.vn\/motocare\/wp-content\/uploads\/2017\/10\/bg43-1024x187.jpg 1024w\" sizes=\"(max-width: 1366px) 100vw, 1366px\" \/>\t\t\t\t\t\t\n\t\t\t\t\t<\/div>\n\t\t\t\t\t\t\t\t\n<style scope=\"scope\">\n\n#image_881235211 {\n  width: 100%;\n}\n<\/style>\n\t<\/div>\n\t\n<div class=\"gap-element\" style=\"display:block; height:auto; padding-top:30px\" class=\"clearfix\"><\/div>\n\t<section class=\"section\" id=\"section_864743105\">\n\t\t<div class=\"bg section-bg fill bg-fill  bg-loaded\" >\n\n\t\t\t\n\t\t\t\n\t\t\t\n\n\t\t<\/div><!-- .section-bg -->\n\n\t\t<div class=\"section-content relative\">\n\t\t\t\n<h3 style=\"text-align: center;\">GI\u1edaI THI\u1ec6U CHUNG<\/h3>\n<p><img loading=\"lazy\" class=\"size-full wp-image-72 aligncenter\" src=\"https:\/\/demo.bmconnect.vn\/motocare\/wp-content\/uploads\/2017\/10\/divide.png\" alt=\"\" width=\"60\" height=\"5\" \/><\/p>\n<p style=\"text-align: center;\"><span style=\"font-size: 90%;\">Lorem ipsum dolor sit amet, consectetuer adipiscing elit, sed diam nonummy nibh euismod tincidunt ut laoreet dolore magna aliquam erat volutpat.Lorem ipsum dolor sit amet, consectetuer adipiscing elit, sed diam nonummy nibh euismod tincidunt ut laoreet dolore magna aliquam erat volutpat.\u00a0Lorem ipsum dolor sit amet, consectetuer adipiscing elit, sed diam nonummy nibh euismod tincidunt ut laoreet dolore magna aliquam erat volutpat.\u00a0Lorem ipsum dolor sit amet, consectetuer adipiscing elit, sed diam nonummy nibh euismod tincidunt ut laoreet dolore magna aliquam erat volutpat.<\/span><\/p>\n\t\t<\/div><!-- .section-content -->\n\n\t\t\n<style scope=\"scope\">\n\n#section_864743105 {\n  padding-top: 30px;\n  padding-bottom: 30px;\n}\n<\/style>\n\t<\/section>\n\t\n<div class=\"row row-small\"  id=\"row-1162714103\">\n<div class=\"col medium-4 small-12 large-4\"  ><div class=\"col-inner\"  >\n\n\t\t<div class=\"icon-box featured-box icon-box-center text-center\"  >\n\t\t\t\t\t<div class=\"icon-box-img\" style=\"width: 60px\">\n\t\t\t\t<div class=\"icon\">\n\t\t\t\t\t<div class=\"icon-inner\" >\n\t\t\t\t\t\t<img width=\"80\" height=\"80\" src=\"https:\/\/demo.bmconnect.vn\/motocare\/wp-content\/uploads\/2017\/10\/security.png\" class=\"attachment-medium size-medium\" alt=\"\" loading=\"lazy\" \/>\t\t\t\t\t<\/div>\n\t\t\t\t<\/div>\n\t\t\t<\/div>\n\t\t\t\t<div class=\"icon-box-text last-reset\">\n\t\t\t\t\t\t\t\t\t\n<h3 style=\"text-align: center;\">Ph\u1ee5c h\u1ed3i v\u00e0 b\u1ea3o v\u1ec7<\/h3>\n<p style=\"text-align: center;\"><span style=\"font-size: 90%;\">Cerma l\u00e0 c\u00f4ng ngh\u1ec7 duy nh\u1ea5t th\u1ebf gi\u1edbi ph\u1ee5c h\u1ed3i v\u00e0 b\u1ea3o v\u1ec7 \u0111\u1ed9ng c\u01a1 v\u1edbi quy tr\u00ecnh \u0111\u01a1n gi\u1ea3n. C\u00f4ng th\u1ee9c \u0111\u1ed9c quy\u1ec1n li\u00ean t\u1ee5c t\u1ef1 l\u00e0m s\u1ea1ch gi\u00fap thi\u1ebft b\u1ecb v\u1eadn h\u00e0nh \u1edf m\u1ee9c t\u1ed1i \u0111a.<\/span><\/p>\n\t\t<\/div>\n\t<\/div><!-- .icon-box -->\n\t\n\t\n<\/div><\/div>\n<div class=\"col medium-4 small-12 large-4\"  ><div class=\"col-inner\"  >\n\n\t\t<div class=\"icon-box featured-box icon-box-center text-center\"  >\n\t\t\t\t\t<div class=\"icon-box-img\" style=\"width: 60px\">\n\t\t\t\t<div class=\"icon\">\n\t\t\t\t\t<div class=\"icon-inner\" >\n\t\t\t\t\t\t<img width=\"80\" height=\"80\" src=\"https:\/\/demo.bmconnect.vn\/motocare\/wp-content\/uploads\/2017\/10\/currency.png\" class=\"attachment-medium size-medium\" alt=\"\" loading=\"lazy\" \/>\t\t\t\t\t<\/div>\n\t\t\t\t<\/div>\n\t\t\t<\/div>\n\t\t\t\t<div class=\"icon-box-text last-reset\">\n\t\t\t\t\t\t\t\t\t\n<h3 style=\"text-align: center;\">B\u1ea3o v\u1ec7 t\u00e0i ch\u00ednh<\/h3>\n<p style=\"text-align: center;\"><span style=\"font-size: 90%;\">C\u00f4ng ngh\u1ec7 Cerma ti\u1ebft ki\u1ec7m \u0111\u00e1ng k\u1ec3 chi ph\u00ed nhi\u00ean li\u1ec7u, d\u1ea7u b\u00f4i tr\u01a1n v\u00e0 s\u1eefa ch\u1eefa b\u1ea3o d\u01b0\u1ee1ng, \u0111\u1eb7c bi\u1ec7t, thi\u1ebft b\u1ecb m\u00e1y m\u00f3c lu\u00f4n ho\u1ea1t \u0111\u1ed9ng m\u00e0 kh\u00f4ng c\u00f3 th\u1eddi gian ch\u1ebft, t\u0103ng l\u1ee3i nhu\u1eadn c\u1ee7a doanh nghi\u1ec7p.<\/span><\/p>\n\t\t<\/div>\n\t<\/div><!-- .icon-box -->\n\t\n\t\n<\/div><\/div>\n<div class=\"col medium-4 small-12 large-4\"  ><div class=\"col-inner\"  >\n\n\t\t<div class=\"icon-box featured-box icon-box-center text-center\"  >\n\t\t\t\t\t<div class=\"icon-box-img\" style=\"width: 60px\">\n\t\t\t\t<div class=\"icon\">\n\t\t\t\t\t<div class=\"icon-inner\" >\n\t\t\t\t\t\t<img width=\"80\" height=\"80\" src=\"https:\/\/demo.bmconnect.vn\/motocare\/wp-content\/uploads\/2017\/10\/enviroment.png\" class=\"attachment-medium size-medium\" alt=\"\" loading=\"lazy\" \/>\t\t\t\t\t<\/div>\n\t\t\t\t<\/div>\n\t\t\t<\/div>\n\t\t\t\t<div class=\"icon-box-text last-reset\">\n\t\t\t\t\t\t\t\t\t\n<h3 style=\"text-align: center;\">B\u1ea3o v\u1ec7 m\u00f4i tr\u01b0\u1eddng<\/h3>\n<p style=\"text-align: center;\">C\u00f4ng ngh\u1ec7 Cerma t\u1ef1 h\u00e0o g\u00f3p ph\u1ea7n b\u1ea3o v\u1ec7 m\u00f4i tr\u01b0\u1eddng khi c\u00f3 kh\u1ea3 n\u0103ng gi\u1ea3m n\u1ed3ng \u0111\u1ed9 kh\u00ed th\u1ea3i c\u1ee7a ph\u01b0\u01a1ng ti\u1ec7n \u0111\u1ebfn 92%. \u0110\u00f3 l\u00e0 Cerma, l\u00e0 \u01b0\u1edbc mu\u1ed1n v\u00e0 l\u00e0 s\u1ee9 m\u1ec7nh.<\/p>\n\t\t<\/div>\n\t<\/div><!-- .icon-box -->\n\t\n\t\n<\/div><\/div>\n\n<style scope=\"scope\">\n\n<\/style>\n<\/div>\n\t<section class=\"section\" id=\"section_94305923\">\n\t\t<div class=\"bg section-bg fill bg-fill  bg-loaded\" >\n\n\t\t\t\n\t\t\t\n\t\t\t\n\n\t\t<\/div><!-- .section-bg -->\n\n\t\t<div class=\"section-content relative\">\n\t\t\t\n<h3 style=\"text-align: center;\">KH\u1eb2NG \u0110\u1ecaNH CH\u1ea4T L\u01af\u1ee2NG D\u1ecaCH V\u1ee4<\/h3>\n<p><img loading=\"lazy\" class=\"size-full wp-image-72 aligncenter\" src=\"https:\/\/demo.bmconnect.vn\/motocare\/wp-content\/uploads\/2017\/10\/divide.png\" alt=\"\" width=\"60\" height=\"5\" \/><\/p>\n<p style=\"text-align: center;\"><span style=\"font-size: 90%;\">Lorem ipsum dolor sit amet, consectetuer adipiscing elit, sed diam nonummy nibh euismod tincidunt ut laoreet dolore magna aliquam erat volutpat.Lorem ipsum dolor sit amet, consectetuer adipiscing elit, sed diam nonummy nibh euismod tincidunt ut laoreet dolore magna aliquam erat volutpat.<\/span><\/p>\n\t\t<\/div><!-- .section-content -->\n\n\t\t\n<style scope=\"scope\">\n\n#section_94305923 {\n  padding-top: 30px;\n  padding-bottom: 30px;\n}\n<\/style>\n\t<\/section>\n\t\n","protected":false},"excerpt":{"rendered":"","protected":false},"author":1,"featured_media":0,"parent":0,"menu_order":0,"comment_status":"closed","ping_status":"closed","template":"page-blank.php","meta":[],"_links":{"self":[{"href":"https:\/\/demo.bmconnect.vn\/motocare\/wp-json\/wp\/v2\/pages\/34"}],"collection":[{"href":"https:\/\/demo.bmconnect.vn\/motocare\/wp-json\/wp\/v2\/pages"}],"about":[{"href":"https:\/\/demo.bmconnect.vn\/motocare\/wp-json\/wp\/v2\/types\/page"}],"author":[{"embeddable":true,"href":"https:\/\/demo.bmconnect.vn\/motocare\/wp-json\/wp\/v2\/users\/1"}],"replies":[{"embeddable":true,"href":"https:\/\/demo.bmconnect.vn\/motocare\/wp-json\/wp\/v2\/comments?post=34"}],"version-history":[{"count":11,"href":"https:\/\/demo.bmconnect.vn\/motocare\/wp-json\/wp\/v2\/pages\/34\/revisions"}],"predecessor-version":[{"id":557,"href":"https:\/\/demo.bmconnect.vn\/motocare\/wp-json\/wp\/v2\/pages\/34\/revisions\/557"}],"wp:attachment":[{"href":"https:\/\/demo.bmconnect.vn\/motocare\/wp-json\/wp\/v2\/media?parent=34"}],"curies":[{"name":"wp","href":"https:\/\/api.w.org\/{rel}","templated":true}]}}