{"id":30,"date":"2017-10-13T08:58:00","date_gmt":"2017-10-13T01:58:00","guid":{"rendered":"https:\/\/demo.bmconnect.vn\/motocare\/?page_id=30"},"modified":"2018-03-01T18:27:50","modified_gmt":"2018-03-01T11:27:50","slug":"lien-he","status":"publish","type":"page","link":"https:\/\/demo.bmconnect.vn\/motocare\/lien-he\/","title":{"rendered":"Li\u00ean h\u1ec7"},"content":{"rendered":"\t<div class=\"img has-hover x md-x lg-x y md-y lg-y\" id=\"image_353266788\">\n\t\t\t\t\t\t\t\t<div class=\"img-inner dark\" >\n\t\t\t<img width=\"1366\" height=\"250\" src=\"https:\/\/demo.bmconnect.vn\/motocare\/wp-content\/uploads\/2017\/10\/bg43.jpg\" class=\"attachment-original size-original\" alt=\"\" loading=\"lazy\" srcset=\"https:\/\/demo.bmconnect.vn\/motocare\/wp-content\/uploads\/2017\/10\/bg43.jpg 1366w, https:\/\/demo.bmconnect.vn\/motocare\/wp-content\/uploads\/2017\/10\/bg43-600x110.jpg 600w, https:\/\/demo.bmconnect.vn\/motocare\/wp-content\/uploads\/2017\/10\/bg43-300x55.jpg 300w, https:\/\/demo.bmconnect.vn\/motocare\/wp-content\/uploads\/2017\/10\/bg43-768x141.jpg 768w, https:\/\/demo.bmconnect.vn\/motocare\/wp-content\/uploads\/2017\/10\/bg43-1024x187.jpg 1024w\" sizes=\"(max-width: 1366px) 100vw, 1366px\" \/>\t\t\t\t\t\t\n\t\t\t\t\t<\/div>\n\t\t\t\t\t\t\t\t\n<style scope=\"scope\">\n\n#image_353266788 {\n  width: 100%;\n}\n<\/style>\n\t<\/div>\n\t\n<div class=\"gap-element\" style=\"display:block; height:auto; padding-top:59px\" class=\"clearfix\"><\/div>\n<div class=\"row row-large\"  id=\"row-1145614695\">\n<div class=\"col medium-5 small-12 large-5\"  ><div class=\"col-inner\"  >\n<h3 style=\"text-align: center;\">TH\u00d4NG TIN LI\u00caN H\u1ec6<\/h3>\n<p><img loading=\"lazy\" class=\"size-full wp-image-72 aligncenter\" src=\"https:\/\/demo.bmconnect.vn\/motocare\/wp-content\/uploads\/2017\/10\/divide.png\" alt=\"\" width=\"60\" height=\"5\" \/><\/p>\n<h4><span style=\"font-size: 90%; color: #ed1c24;\">Motocare<\/span><\/h4>\n<p><span style=\"font-size: 90%;\"><span style=\"color: #ed1c24;\"><strong>&#8211;<\/strong><\/span> Ad: 92, Ng\u00f5 54, L\u00ea Quang \u0110\u1ea1o, M\u1ef9 \u0110\u00ecnh, H\u00e0 N\u1ed9i.<br \/> <\/span><span style=\"font-size: 90%;\"><strong><span style=\"color: #ed1c24;\">&#8211;<\/span><\/strong> T\u01b0 v\u1ea5n b\u00e1n h\u00e0ng: 0909009009<br \/> <\/span><span style=\"font-size: 90%;\"><strong><span style=\"color: #ed1c24;\">&#8211;<\/span><\/strong> Hotline: 0909009009<br \/> <\/span><span style=\"font-size: 90%;\"><strong><span style=\"color: #ed1c24;\">&#8211;<\/span> <\/strong>Email: webdesign@gmail.com<br \/> <\/span><span style=\"font-size: 90%;\"><strong><span style=\"color: #ed1c24;\">&#8211;<\/span><\/strong> Website: www.webdesign.com <br \/> <\/span><span style=\"font-size: 90%;\"><strong><span style=\"color: #ed1c24;\">&#8211;<\/span><\/strong> Facebook: webdesign<\/span><\/p>\n<\/div><\/div>\n<div class=\"col medium-7 small-12 large-7\"  ><div class=\"col-inner\"  >\n<div role=\"form\" class=\"wpcf7\" id=\"wpcf7-f532-o1\" lang=\"vi\" dir=\"ltr\">\n<div class=\"screen-reader-response\"><p role=\"status\" aria-live=\"polite\" aria-atomic=\"true\"><\/p> <ul><\/ul><\/div>\n<form action=\"\/motocare\/wp-json\/wp\/v2\/pages\/30#wpcf7-f532-o1\" method=\"post\" class=\"wpcf7-form init\" novalidate=\"novalidate\" data-status=\"init\">\n<div style=\"display: none;\">\n<input type=\"hidden\" name=\"_wpcf7\" value=\"532\" \/>\n<input type=\"hidden\" name=\"_wpcf7_version\" value=\"5.4.2\" \/>\n<input type=\"hidden\" name=\"_wpcf7_locale\" value=\"vi\" \/>\n<input type=\"hidden\" name=\"_wpcf7_unit_tag\" value=\"wpcf7-f532-o1\" \/>\n<input type=\"hidden\" name=\"_wpcf7_container_post\" value=\"0\" \/>\n<input type=\"hidden\" name=\"_wpcf7_posted_data_hash\" value=\"\" \/>\n<\/div>\n<p><label>H\u1ecd v\u00e0 t\u00ean (*)<br \/>\n    <span class=\"wpcf7-form-control-wrap your-name\"><input type=\"text\" name=\"your-name\" value=\"\" size=\"40\" class=\"wpcf7-form-control wpcf7-text wpcf7-validates-as-required\" aria-required=\"true\" aria-invalid=\"false\" \/><\/span> <\/label><\/p>\n<p><label>\u0110\u1ecba ch\u1ec9 Email (*)<br \/>\n    <span class=\"wpcf7-form-control-wrap your-email\"><input type=\"email\" name=\"your-email\" value=\"\" size=\"40\" class=\"wpcf7-form-control wpcf7-text wpcf7-email wpcf7-validates-as-required wpcf7-validates-as-email\" aria-required=\"true\" aria-invalid=\"false\" \/><\/span> <\/label><\/p>\n<p><label>\u0110i\u1ec7n tho\u1ea1i (*)<br \/>\n    <span class=\"wpcf7-form-control-wrap tel-108\"><input type=\"tel\" name=\"tel-108\" value=\"\" size=\"40\" class=\"wpcf7-form-control wpcf7-text wpcf7-tel wpcf7-validates-as-required wpcf7-validates-as-tel\" aria-required=\"true\" aria-invalid=\"false\" \/><\/span> <\/label><\/p>\n<p><label> N\u1ed9i dung<br \/>\n    <span class=\"wpcf7-form-control-wrap your-message\"><textarea name=\"your-message\" cols=\"40\" rows=\"10\" class=\"wpcf7-form-control wpcf7-textarea\" aria-invalid=\"false\"><\/textarea><\/span> <\/label><\/p>\n<p><input type=\"submit\" value=\"G\u1eedi tin\" class=\"wpcf7-form-control wpcf7-submit\" \/><\/p>\n<div class=\"wpcf7-response-output\" aria-hidden=\"true\"><\/div><\/form><\/div>\n<\/div><\/div>\n\n<style scope=\"scope\">\n\n<\/style>\n<\/div>\n","protected":false},"excerpt":{"rendered":"","protected":false},"author":1,"featured_media":0,"parent":0,"menu_order":0,"comment_status":"closed","ping_status":"closed","template":"page-blank.php","meta":[],"_links":{"self":[{"href":"https:\/\/demo.bmconnect.vn\/motocare\/wp-json\/wp\/v2\/pages\/30"}],"collection":[{"href":"https:\/\/demo.bmconnect.vn\/motocare\/wp-json\/wp\/v2\/pages"}],"about":[{"href":"https:\/\/demo.bmconnect.vn\/motocare\/wp-json\/wp\/v2\/types\/page"}],"author":[{"embeddable":true,"href":"https:\/\/demo.bmconnect.vn\/motocare\/wp-json\/wp\/v2\/users\/1"}],"replies":[{"embeddable":true,"href":"https:\/\/demo.bmconnect.vn\/motocare\/wp-json\/wp\/v2\/comments?post=30"}],"version-history":[{"count":10,"href":"https:\/\/demo.bmconnect.vn\/motocare\/wp-json\/wp\/v2\/pages\/30\/revisions"}],"predecessor-version":[{"id":667,"href":"https:\/\/demo.bmconnect.vn\/motocare\/wp-json\/wp\/v2\/pages\/30\/revisions\/667"}],"wp:attachment":[{"href":"https:\/\/demo.bmconnect.vn\/motocare\/wp-json\/wp\/v2\/media?parent=30"}],"curies":[{"name":"wp","href":"https:\/\/api.w.org\/{rel}","templated":true}]}}