{"id":28,"date":"2017-10-13T08:57:51","date_gmt":"2017-10-13T01:57:51","guid":{"rendered":"https:\/\/demo.bmconnect.vn\/motocare\/?page_id=28"},"modified":"2017-10-14T10:46:49","modified_gmt":"2017-10-14T03:46:49","slug":"chung-chi-faq","status":"publish","type":"page","link":"https:\/\/demo.bmconnect.vn\/motocare\/chung-chi-faq\/","title":{"rendered":"Ch\u1ee9ng ch\u1ec9\/ FAQ"},"content":{"rendered":"\t<div class=\"img has-hover x md-x lg-x y md-y lg-y\" id=\"image_1216548446\">\n\t\t\t\t\t\t\t\t<div class=\"img-inner dark\" >\n\t\t\t<img width=\"1366\" height=\"250\" src=\"https:\/\/demo.bmconnect.vn\/motocare\/wp-content\/uploads\/2017\/10\/bg43.jpg\" class=\"attachment-original size-original\" alt=\"\" loading=\"lazy\" srcset=\"https:\/\/demo.bmconnect.vn\/motocare\/wp-content\/uploads\/2017\/10\/bg43.jpg 1366w, https:\/\/demo.bmconnect.vn\/motocare\/wp-content\/uploads\/2017\/10\/bg43-600x110.jpg 600w, https:\/\/demo.bmconnect.vn\/motocare\/wp-content\/uploads\/2017\/10\/bg43-300x55.jpg 300w, https:\/\/demo.bmconnect.vn\/motocare\/wp-content\/uploads\/2017\/10\/bg43-768x141.jpg 768w, https:\/\/demo.bmconnect.vn\/motocare\/wp-content\/uploads\/2017\/10\/bg43-1024x187.jpg 1024w\" sizes=\"(max-width: 1366px) 100vw, 1366px\" \/>\t\t\t\t\t\t\n\t\t\t\t\t<\/div>\n\t\t\t\t\t\t\t\t\n<style scope=\"scope\">\n\n#image_1216548446 {\n  width: 100%;\n}\n<\/style>\n\t<\/div>\n\t\n\t<section class=\"section faq\" id=\"section_415022121\">\n\t\t<div class=\"bg section-bg fill bg-fill  bg-loaded\" >\n\n\t\t\t\n\t\t\t\n\t\t\t\n\n\t\t<\/div><!-- .section-bg -->\n\n\t\t<div class=\"section-content relative\">\n\t\t\t\n<div class=\"row\"  id=\"row-12939082\">\n<div class=\"col medium-6 small-12 large-6\"  ><div class=\"col-inner\"  >\n\n\t\t<div class=\"tabbed-content\">\n\t\t\t<h4 class=\"uppercase text-center\">Certificate<\/h4>\n\t\t\t<ul class=\"nav nav-pills nav-normal nav-size-normal nav-center\"><li class=\"tab active has-icon\"><a href=\"#tab_seal-lab-1\"><span>Seal Lab 1<\/span><\/a><\/li>\n<li class=\"tab has-icon\"><a href=\"#tab_seal-lab-2\"><span>Seal Lab 2<\/span><\/a><\/li>\n<li class=\"tab has-icon\"><a href=\"#tab_seal-lab-3\"><span>Seal Lab 3<\/span><\/a><\/li>\n<li class=\"tab has-icon\"><a href=\"#tab_seal-lab-4\"><span>Seal Lab 4<\/span><\/a><\/li>\n<li class=\"tab has-icon\"><a href=\"#tab_seal-lab-5\"><span>Seal Lab 5<\/span><\/a><\/li>\n<li class=\"tab has-icon\"><a href=\"#tab_seal-lab-6\"><span>Seal Lab 6<\/span><\/a><\/li>\n<li class=\"tab has-icon\"><a href=\"#tab_seal-lab-7\"><span>Seal Lab 7<\/span><\/a><\/li>\n<li class=\"tab has-icon\"><a href=\"#tab_seal-lab-8\"><span>Seal Lab 8<\/span><\/a><\/li><\/ul><div class=\"tab-panels\"><div class=\"panel active entry-content\" id=\"tab_seal-lab-1\">\n\t<div class=\"img has-hover x md-x lg-x y md-y lg-y\" id=\"image_1130215498\">\n\t\t<a class=\"image-lightbox lightbox-gallery\" href=\"https:\/\/demo.bmconnect.vn\/motocare\/wp-content\/uploads\/2017\/10\/chung-chi-1024x1024.jpg\" title=\"\">\t\t\t\t\t\t<div class=\"img-inner dark\" >\n\t\t\t<img width=\"2000\" height=\"2000\" src=\"https:\/\/demo.bmconnect.vn\/motocare\/wp-content\/uploads\/2017\/10\/chung-chi.jpg\" class=\"attachment-original size-original\" alt=\"\" loading=\"lazy\" srcset=\"https:\/\/demo.bmconnect.vn\/motocare\/wp-content\/uploads\/2017\/10\/chung-chi.jpg 2000w, https:\/\/demo.bmconnect.vn\/motocare\/wp-content\/uploads\/2017\/10\/chung-chi-300x300.jpg 300w, https:\/\/demo.bmconnect.vn\/motocare\/wp-content\/uploads\/2017\/10\/chung-chi-100x100.jpg 100w, https:\/\/demo.bmconnect.vn\/motocare\/wp-content\/uploads\/2017\/10\/chung-chi-600x600.jpg 600w, https:\/\/demo.bmconnect.vn\/motocare\/wp-content\/uploads\/2017\/10\/chung-chi-150x150.jpg 150w, https:\/\/demo.bmconnect.vn\/motocare\/wp-content\/uploads\/2017\/10\/chung-chi-768x768.jpg 768w, https:\/\/demo.bmconnect.vn\/motocare\/wp-content\/uploads\/2017\/10\/chung-chi-1024x1024.jpg 1024w\" sizes=\"(max-width: 2000px) 100vw, 2000px\" \/>\t\t\t\t\t\t\n\t\t\t\t\t<\/div>\n\t\t\t\t\t\t<\/a>\t\t\n<style scope=\"scope\">\n\n#image_1130215498 {\n  width: 100%;\n}\n<\/style>\n\t<\/div>\n\t\n<\/div>\n<div class=\"panel entry-content\" id=\"tab_seal-lab-2\">\n\t<div class=\"img has-hover x md-x lg-x y md-y lg-y\" id=\"image_1719050187\">\n\t\t<a class=\"image-lightbox lightbox-gallery\" href=\"https:\/\/demo.bmconnect.vn\/motocare\/wp-content\/uploads\/2017\/10\/dDKKD.png\" title=\"\">\t\t\t\t\t\t<div class=\"img-inner dark\" >\n\t\t\t<img width=\"431\" height=\"563\" src=\"https:\/\/demo.bmconnect.vn\/motocare\/wp-content\/uploads\/2017\/10\/dDKKD.png\" class=\"attachment-original size-original\" alt=\"\" loading=\"lazy\" srcset=\"https:\/\/demo.bmconnect.vn\/motocare\/wp-content\/uploads\/2017\/10\/dDKKD.png 431w, https:\/\/demo.bmconnect.vn\/motocare\/wp-content\/uploads\/2017\/10\/dDKKD-230x300.png 230w\" sizes=\"(max-width: 431px) 100vw, 431px\" \/>\t\t\t\t\t\t\n\t\t\t\t\t<\/div>\n\t\t\t\t\t\t<\/a>\t\t\n<style scope=\"scope\">\n\n#image_1719050187 {\n  width: 100%;\n}\n<\/style>\n\t<\/div>\n\t\n<\/div>\n<div class=\"panel entry-content\" id=\"tab_seal-lab-3\">\n\t<div class=\"img has-hover x md-x lg-x y md-y lg-y\" id=\"image_550836397\">\n\t\t<a class=\"image-lightbox lightbox-gallery\" href=\"https:\/\/demo.bmconnect.vn\/motocare\/wp-content\/uploads\/2017\/10\/NH\u00c3N-HI\u1ec6U-TH\u01af\u01a0NG-M\u1ea0I.png\" title=\"\">\t\t\t\t\t\t<div class=\"img-inner dark\" >\n\t\t\t<img width=\"442\" height=\"532\" src=\"https:\/\/demo.bmconnect.vn\/motocare\/wp-content\/uploads\/2017\/10\/NH\u00c3N-HI\u1ec6U-TH\u01af\u01a0NG-M\u1ea0I.png\" class=\"attachment-original size-original\" alt=\"\" loading=\"lazy\" srcset=\"https:\/\/demo.bmconnect.vn\/motocare\/wp-content\/uploads\/2017\/10\/NH\u00c3N-HI\u1ec6U-TH\u01af\u01a0NG-M\u1ea0I.png 442w, https:\/\/demo.bmconnect.vn\/motocare\/wp-content\/uploads\/2017\/10\/NH\u00c3N-HI\u1ec6U-TH\u01af\u01a0NG-M\u1ea0I-249x300.png 249w\" sizes=\"(max-width: 442px) 100vw, 442px\" \/>\t\t\t\t\t\t\n\t\t\t\t\t<\/div>\n\t\t\t\t\t\t<\/a>\t\t\n<style scope=\"scope\">\n\n#image_550836397 {\n  width: 100%;\n}\n<\/style>\n\t<\/div>\n\t\n<\/div>\n<div class=\"panel entry-content\" id=\"tab_seal-lab-4\">\n\t<div class=\"img has-hover x md-x lg-x y md-y lg-y\" id=\"image_1177797832\">\n\t\t<a class=\"image-lightbox lightbox-gallery\" href=\"https:\/\/demo.bmconnect.vn\/motocare\/wp-content\/uploads\/2017\/10\/Zalo_ScreenShot_4_5_2017_1541921.png\" title=\"\">\t\t\t\t\t\t<div class=\"img-inner dark\" >\n\t\t\t<img width=\"783\" height=\"608\" src=\"https:\/\/demo.bmconnect.vn\/motocare\/wp-content\/uploads\/2017\/10\/Zalo_ScreenShot_4_5_2017_1541921.png\" class=\"attachment-original size-original\" alt=\"\" loading=\"lazy\" srcset=\"https:\/\/demo.bmconnect.vn\/motocare\/wp-content\/uploads\/2017\/10\/Zalo_ScreenShot_4_5_2017_1541921.png 783w, https:\/\/demo.bmconnect.vn\/motocare\/wp-content\/uploads\/2017\/10\/Zalo_ScreenShot_4_5_2017_1541921-600x466.png 600w, https:\/\/demo.bmconnect.vn\/motocare\/wp-content\/uploads\/2017\/10\/Zalo_ScreenShot_4_5_2017_1541921-300x233.png 300w, https:\/\/demo.bmconnect.vn\/motocare\/wp-content\/uploads\/2017\/10\/Zalo_ScreenShot_4_5_2017_1541921-768x596.png 768w\" sizes=\"(max-width: 783px) 100vw, 783px\" \/>\t\t\t\t\t\t\n\t\t\t\t\t<\/div>\n\t\t\t\t\t\t<\/a>\t\t\n<style scope=\"scope\">\n\n#image_1177797832 {\n  width: 100%;\n}\n<\/style>\n\t<\/div>\n\t\n<\/div>\n<div class=\"panel entry-content\" id=\"tab_seal-lab-5\">\n\t<div class=\"img has-hover x md-x lg-x y md-y lg-y\" id=\"image_786000634\">\n\t\t<a class=\"image-lightbox lightbox-gallery\" href=\"https:\/\/demo.bmconnect.vn\/motocare\/wp-content\/uploads\/2017\/10\/CANADA.png\" title=\"\">\t\t\t\t\t\t<div class=\"img-inner dark\" >\n\t\t\t<img width=\"439\" height=\"479\" src=\"https:\/\/demo.bmconnect.vn\/motocare\/wp-content\/uploads\/2017\/10\/CANADA.png\" class=\"attachment-original size-original\" alt=\"\" loading=\"lazy\" srcset=\"https:\/\/demo.bmconnect.vn\/motocare\/wp-content\/uploads\/2017\/10\/CANADA.png 439w, https:\/\/demo.bmconnect.vn\/motocare\/wp-content\/uploads\/2017\/10\/CANADA-275x300.png 275w\" sizes=\"(max-width: 439px) 100vw, 439px\" \/>\t\t\t\t\t\t\n\t\t\t\t\t<\/div>\n\t\t\t\t\t\t<\/a>\t\t\n<style scope=\"scope\">\n\n#image_786000634 {\n  width: 100%;\n}\n<\/style>\n\t<\/div>\n\t\n<\/div>\n<div class=\"panel entry-content\" id=\"tab_seal-lab-6\">\n\t<div class=\"img has-hover x md-x lg-x y md-y lg-y\" id=\"image_649794347\">\n\t\t<a class=\"image-lightbox lightbox-gallery\" href=\"https:\/\/demo.bmconnect.vn\/motocare\/wp-content\/uploads\/2017\/10\/C\u1ed8NG-NGH\u1ec6-MT-CANADA-231x300.png\" title=\"\">\t\t\t\t\t\t<div class=\"img-inner dark\" >\n\t\t\t<img width=\"231\" height=\"300\" src=\"https:\/\/demo.bmconnect.vn\/motocare\/wp-content\/uploads\/2017\/10\/C\u1ed8NG-NGH\u1ec6-MT-CANADA-231x300.png\" class=\"attachment-original size-original\" alt=\"\" loading=\"lazy\" \/>\t\t\t\t\t\t\n\t\t\t\t\t<\/div>\n\t\t\t\t\t\t<\/a>\t\t\n<style scope=\"scope\">\n\n#image_649794347 {\n  width: 100%;\n}\n<\/style>\n\t<\/div>\n\t\n<\/div>\n<div class=\"panel entry-content\" id=\"tab_seal-lab-7\">\n\t<div class=\"img has-hover x md-x lg-x y md-y lg-y\" id=\"image_2112229506\">\n\t\t<a class=\"image-lightbox lightbox-gallery\" href=\"https:\/\/demo.bmconnect.vn\/motocare\/wp-content\/uploads\/2017\/10\/seal-lab-01-420x580.png\" title=\"\">\t\t\t\t\t\t<div class=\"img-inner dark\" >\n\t\t\t<img width=\"420\" height=\"580\" src=\"https:\/\/demo.bmconnect.vn\/motocare\/wp-content\/uploads\/2017\/10\/seal-lab-01-420x580.png\" class=\"attachment-original size-original\" alt=\"\" loading=\"lazy\" srcset=\"https:\/\/demo.bmconnect.vn\/motocare\/wp-content\/uploads\/2017\/10\/seal-lab-01-420x580.png 420w, https:\/\/demo.bmconnect.vn\/motocare\/wp-content\/uploads\/2017\/10\/seal-lab-01-420x580-217x300.png 217w\" sizes=\"(max-width: 420px) 100vw, 420px\" \/>\t\t\t\t\t\t\n\t\t\t\t\t<\/div>\n\t\t\t\t\t\t<\/a>\t\t\n<style scope=\"scope\">\n\n#image_2112229506 {\n  width: 100%;\n}\n<\/style>\n\t<\/div>\n\t\n<\/div>\n<div class=\"panel entry-content\" id=\"tab_seal-lab-8\">\n\t<div class=\"img has-hover x md-x lg-x y md-y lg-y\" id=\"image_392558437\">\n\t\t<a class=\"image-lightbox lightbox-gallery\" href=\"https:\/\/demo.bmconnect.vn\/motocare\/wp-content\/uploads\/2017\/10\/seal-lab-03-420x580.png\" title=\"\">\t\t\t\t\t\t<div class=\"img-inner dark\" >\n\t\t\t<img width=\"420\" height=\"580\" src=\"https:\/\/demo.bmconnect.vn\/motocare\/wp-content\/uploads\/2017\/10\/seal-lab-03-420x580.png\" class=\"attachment-original size-original\" alt=\"\" loading=\"lazy\" srcset=\"https:\/\/demo.bmconnect.vn\/motocare\/wp-content\/uploads\/2017\/10\/seal-lab-03-420x580.png 420w, https:\/\/demo.bmconnect.vn\/motocare\/wp-content\/uploads\/2017\/10\/seal-lab-03-420x580-217x300.png 217w\" sizes=\"(max-width: 420px) 100vw, 420px\" \/>\t\t\t\t\t\t\n\t\t\t\t\t<\/div>\n\t\t\t\t\t\t<\/a>\t\t\n<style scope=\"scope\">\n\n#image_392558437 {\n  width: 100%;\n}\n<\/style>\n\t<\/div>\n\t\n<\/div><\/div><\/div>\n<\/div><\/div>\n<div class=\"col medium-6 small-12 large-6\"  ><div class=\"col-inner\"  >\n<div class=\"gap-element\" style=\"display:block; height:auto; padding-top:107px\" class=\"clearfix\"><\/div>\n<p><span style=\"font-size: 90%;\"><strong><span style=\"color: #ed1c24;\">1.<\/span><\/strong>\u00a0Ch\u1ee9ng nh\u1eadn l\u01b0u h\u00e0nh t\u1ef1 do<\/span><\/p>\n<p><span style=\"font-size: 90%;\"><strong><span style=\"color: #ed1c24;\">2.\u00a0<\/span><\/strong>Ch\u1ee9ng nh\u1eadn \u0111\u0103ng k\u00fd kinh doanh c\u1ee7a nh\u00e0 s\u1ea3n xu\u1ea5t<\/span><\/p>\n<p><span style=\"font-size: 90%;\"><strong><span style=\"color: #ed1c24;\">3.<\/span><\/strong> Ch\u1ee9ng nh\u1eadn \u0111\u0103ng k\u00fd nh\u00e3n hi\u1ec7u th\u01b0\u01a1ng m\u1ea1i<\/span><\/p>\n<p><span style=\"font-size: 90%;\"><strong><span style=\"color: #ed1c24;\">4.<\/span><\/strong> Ch\u1ee9ng nh\u1eadn \u0111\u1ed9c quy\u1ec1n ph\u00e2n ph\u1ed1i t\u1ea1i Vi\u1ec7t Nam, \u0110\u1ee9c, L\u00e0o v\u00e0 Campuchia<\/span><\/p>\n<p><span style=\"font-size: 90%;\"><strong><span style=\"color: #ed1c24;\">5,<\/span> <\/strong>Ch\u1ee9ng nh\u1eadn c\u1ee7a ch\u01b0\u01a1ng tr\u00ecnh ki\u1ec3m \u0111\u1ecbnh c\u00f4ng ngh\u1ec7 m\u00f4i tr\u01b0\u1eddng Canada<\/span><\/p>\n<p><span style=\"font-size: 90%;\"><strong><span style=\"color: #ed1c24;\">6,\u00a0<\/span><\/strong>Ch\u1ee9ng nh\u1eadn c\u1ee7a ch\u01b0\u01a1ng tr\u00ecnh ki\u1ec3m \u0111\u1ecbnh c\u00f4ng ngh\u1ec7 m\u00f4i tr\u01b0\u1eddng Canada<\/span><\/p>\n<p><span style=\"font-size: 90%;\"><span style=\"color: #ed1c24;\"><strong>7,\u00a0<\/strong><\/span>Ch\u1ee9ng nh\u1eadn c\u1ee7a ch\u01b0\u01a1ng tr\u00ecnh v\u1eadn h\u00e0nh xanh Canada<\/span><\/p>\n<p><span style=\"font-size: 90%;\"><strong><span style=\"color: #ed1c24;\">8,<\/span><\/strong> B\u1ea3o hi\u1ec3m tr\u00e1ch nhi\u1ec7m s\u1ea3n ph\u1ea9m qu\u1ed1c t\u1ebf<\/span><\/p>\n<\/div><\/div>\n<\/div>\n\t\t<\/div><!-- .section-content -->\n\n\t\t\n<style scope=\"scope\">\n\n#section_415022121 {\n  padding-top: 30px;\n  padding-bottom: 30px;\n}\n<\/style>\n\t<\/section>\n\t\n\t<section class=\"section\" id=\"section_1771752589\">\n\t\t<div class=\"bg section-bg fill bg-fill  \" >\n\n\t\t\t\n\t\t\t\n\t\t\t\n\n\t\t<\/div><!-- .section-bg -->\n\n\t\t<div class=\"section-content relative\">\n\t\t\t\n<div class=\"row row-large\"  id=\"row-1515763271\">\n<div class=\"col medium-6 small-12 large-6\"  ><div class=\"col-inner\"  >\n<h3 class=\"accordion_title\">C\u00e2u h\u1ecfi k\u1ef9 thu\u1eadt<\/h3><div class=\"accordion\" rel=\"\">\n<div class=\"accordion-item\"><a href=\"#\" class=\"accordion-title plain\"><button class=\"toggle\"><i class=\"icon-angle-down\"><\/i><\/button><span>Ch\u1ea5t x\u1eed l\u00fd \u0111\u1ed9ng c\u01a1 (engine treatmen) l\u00e0 g\u00ec?<\/span><\/a><div class=\"accordion-inner\">\n<p><span style=\"font-size: 90%;\">Ch\u1ea5t X\u1eed l\u00fd \u0111\u1ed9ng c\u01a1 l\u00e0 ch\u1ea5t b\u1ea3o v\u1ec7 \u0111\u1ed9ng c\u01a1 \u00f4t\u00f4 &amp; xe m\u00e1y b\u1eb1ng c\u00e1ch t\u1ea1o l\u1edbp ph\u1ee7 ceramic cao c\u1ea5p l\u00ean b\u1ec1 m\u1eb7t kim lo\u1ea1i b\u00ean trong nh\u1eb1m gi\u1ea3m ma s\u00e1t v\u00e0 ch\u1ed1ng m\u00e0i m\u00f2n \u0111\u1ed9ng c\u01a1.<\/span><\/p>\n<\/div><\/div>\n<div class=\"accordion-item\"><a href=\"#\" class=\"accordion-title plain\"><button class=\"toggle\"><i class=\"icon-angle-down\"><\/i><\/button><span>Ch\u1ea5t x\u1eed l\u00fd \u0111\u1ed9ng c\u01a1 c\u00f3 l\u00e0m bi\u1ebfn \u0111\u1ed5i t\u00ednh ch\u1ea5t d\u1ea7u b\u00f4i tr\u01a1n?<\/span><\/a><div class=\"accordion-inner\">\n<p><span style=\"font-size: 90%;\">KH\u00d4NG! Cerma ch\u1ec9 x\u1eed l\u00fd kim lo\u1ea1i.<\/span><\/p>\n<ul>\n<li><span style=\"font-size: 90%;\">Cerma kh\u00f4ng bi\u1ebfn \u0111\u1ed5i t\u00ednh ch\u1ea5t l\u00fd ho\u00e1 c\u1ee7a d\u1ea7u.<\/span><\/li>\n<li><span style=\"font-size: 90%;\">Cerma ch\u1ec9 ph\u1ee7 l\u1edbp ceramic 2-6 micron, do \u0111\u00f3 kh\u00f4ng l\u00e0m thay \u0111\u1ed5i th\u00f4ng s\u1ed1 k\u1ef9 thu\u1eadt c\u00e1c chi ti\u1ebft<\/span><\/li>\n<li><span style=\"font-size: 90%;\">Cerma kh\u00f4ng \u1ea3nh h\u01b0\u1edfng m\u1ecdi v\u1eadt li\u1ec7u kh\u00e1c nh\u01b0 v\u1eadt li\u1ec7u l\u00e0m k\u00edn (gio\u0103ng, ph\u1edbt).<\/span><\/li>\n<li><span style=\"font-size: 90%;\">M\u1ecdi s\u1ea3n ph\u1ea9m c\u1ee7a Cerma \u0111\u1ec1u \u0111\u01b0\u1ee3c b\u1ea3o hi\u1ec3m tr\u00e1ch nhi\u1ec7m s\u1ea3n ph\u1ea9m.<\/span><\/li>\n<li><span style=\"font-size: 90%;\">L\u01b0u \u00fd: Cerma kh\u00f4ng s\u1eeda ch\u1eefa b\u1ed9 ph\u1eadn \u0111\u00e3 h\u1ecfng. Cerma gia c\u1ed1, ph\u1ee5c h\u1ed3i, b\u1ea3o v\u1ec7 v\u00e0 l\u00e0m s\u1ea1ch h\u1ec7 th\u1ed1ng.<\/span><\/li>\n<\/ul>\n<\/div><\/div>\n<div class=\"accordion-item\"><a href=\"#\" class=\"accordion-title plain\"><button class=\"toggle\"><i class=\"icon-angle-down\"><\/i><\/button><span>Ch\u1ea5t x\u1eed l\u00fd \u0111\u1ed9ng c\u01a1 Cerman ph\u00e1c huy t\u00e1c d\u1ee5ng sau bao l\u00e2u?<\/span><\/a><div class=\"accordion-inner\">\n<ul>\n<li class=\"wpb_text_column wpb_content_element wpb_animate_when_almost_visible wpb_left-to-right wpb_start_animation\"><span style=\"font-size: 90%;\">Cerma ph\u1ea3n \u1ee9ng ngay (t\u1eeb -40 \u0111\u1ed9 C), v\u00e0 c\u00f3 th\u1ec3 c\u1ea3m nh\u1eadn \u0111\u01b0\u1ee3c, \u0111\u1eb7c bi\u1ec7t v\u1edbi nh\u1eefng ph\u01b0\u01a1ng ti\u1ec7n v\u1eadn h\u00e0nh l\u00e2u ng\u00e0y (gi\u1ea3m rung \u1ed3n, gi\u1ea3m nhi\u1ec7t, t\u0103ng s\u1ee9c m\u1ea1nh)<\/span><\/li>\n<li class=\"wpb_text_column wpb_content_element wpb_animate_when_almost_visible wpb_left-to-right wpb_start_animation\"><span style=\"font-size: 90%;\">Sau \u0111\u00f3, Cerma ti\u1ebfp t\u1ee5c ph\u1ea3n \u1ee9ng \u0111\u1ec3 b\u1ea3o v\u1ec7 v\u00e0 l\u00e0m s\u1ea1ch, s\u1ebd c\u00f3 m\u1ed9t giai \u0111o\u1ea1n ng\u1eafn \u0111\u1ed9ng c\u01a1 ch\u01b0a \u1ed5n \u0111\u1ecbnh. Th\u1eddi gian ph\u1ee5 thu\u1ed9c v\u00e0o t\u00ecnh tr\u1ea1ng ph\u01b0\u01a1ng ti\u1ec7n, xe l\u00e2u ng\u00e0y c\u1ea7n nhi\u1ec1u th\u1eddi gian \u0111\u1ec3 l\u00e0m s\u1ea1ch c\u1eb7n b\u1ea9n trong \u0111\u1ed9ng c\u01a1 v\u00e0 k\u00edch ho\u1ea1t l\u1edbp ceramic nano.<\/span><\/li>\n<li class=\"wpb_text_column wpb_content_element wpb_animate_when_almost_visible wpb_left-to-right wpb_start_animation\"><span style=\"font-size: 90%;\">Sau 5000 km v\u1edbi \u00f4t\u00f4, 800 km v\u1edbi xe m\u00e1y v\u00e0 48 gi\u1edd v\u1edbi h\u1ec7 \u0111i\u1ec1u ho\u00e0, Cerma ph\u00e1t huy t\u1ed1i \u0111a t\u00e1c d\u1ee5ng. \u0110\u1ed9ng c\u01a1 s\u1ebd v\u1eadn h\u00e0nh \u1edf tr\u1ea1ng th\u00e1i \u1ed5n \u0111\u1ecbnh v\u00e0 hi\u1ec7u qu\u1ea3 nh\u1ea5t.<\/span><\/li>\n<\/ul>\n<\/div><\/div>\n<div class=\"accordion-item\"><a href=\"#\" class=\"accordion-title plain\"><button class=\"toggle\"><i class=\"icon-angle-down\"><\/i><\/button><span>Ch\u1ea5t x\u1eed l\u00fd \u0111\u1ed9ng c\u01a1 c\u00f3 ph\u1ea3i d\u00f9ng \u0111\u1ecbnh k\u1ef3?<\/span><\/a><div class=\"accordion-inner\">\n<p><span style=\"font-size: 90%;\">Cerma l\u00e0 gi\u1ea3i ph\u00e1p v\u0129nh vi\u1ec5n cho \u0111\u1ed9ng c\u01a1.<\/span><\/p>\n<p><span style=\"font-size: 90%;\">V\u1edbi \u0111\u1ed9 c\u1ee9ng x\u1ea5p x\u1ec9 kim c\u01b0\u01a1ng, ch\u1ecbu nhi\u1ec7t \u0111\u1ed9 c\u1ef1c cao v\u00e0 tr\u01a1 h\u00f3a h\u1ecdc, Cerma kh\u00f4ng th\u1ec3 b\u1ecb m\u00e0i m\u00f2n, \u0103n m\u00f2n hay ph\u00e2n h\u1ee7y.<\/span><\/p>\n<p><span style=\"font-size: 90%;\">V\u00e0 ch\u1ec9 c\u1ea7n d\u00f9ng l\u01b0\u1ee3ng v\u1eeba \u0111\u1ee7. L\u01b0\u1ee3ng Cerma kh\u00f4ng d\u00f9ng h\u1ebft s\u1ebd \u0111\u01b0\u1ee3c \u0111\u01b0a ra ngo\u00e0i khi thay d\u1ea7u.<\/span><\/p>\n<\/div><\/div>\n<div class=\"accordion-item\"><a href=\"#\" class=\"accordion-title plain\"><button class=\"toggle\"><i class=\"icon-angle-down\"><\/i><\/button><span>Ch\u1ea5t x\u1eed l\u00fd \u0111\u1ed9ng c\u01a1 c\u00f3 t\u00e1c d\u1ee5ng ph\u1ee5 kh\u00f4ng?<\/span><\/a><div class=\"accordion-inner\">\n<ul>\n<li>Ch\u1ea5t x\u1eed l\u00fd \u0111\u1ed9ng c\u01a1 kh\u00f4ng ph\u1ea3i s\u1ea3n ph\u1ea9m t\u1eeb x\u0103ng d\u1ea7u v\u00e0 kh\u00f4ng g\u00e2y ch\u00e1y n\u1ed5 (do kh\u00f4ng c\u00f3 ch\u1ea5t h\u00f2a tan)<\/li>\n<li>Cerma kh\u00f4ng \u0103n m\u00f2n, kh\u00f4ng \u0111\u1ed9c h\u1ea1i v\u00e0 ho\u00e0n to\u00e0n ph\u00e2n h\u1ee7y sinh h\u1ecdc.<\/li>\n<li>Kh\u00f4ng ch\u1ee9a th\u00e0nh ph\u1ea7n g\u00e2y h\u1ea1i nh\u01b0 zinc, teflon, kim lo\u1ea1i, parafin, graphite, hydrocarbon chlorine, phi kim.<\/li>\n<li>Kh\u00f4ng h\u00f2a tan d\u1ea7u \u0111\u1ed9ng c\u01a1 g\u1ed1c x\u0103ng, kh\u00f4ng d\u00ednh v\u1edbi d\u1ea7u kho\u00e1ng v\u00e0 d\u1ea7u t\u1ed5ng h\u1ee3p.<\/li>\n<li>Kh\u00f4ng g\u00e2y h\u1ea1i cho d\u1ea7u b\u00f4i tr\u01a1n, c\u00e1c chi ti\u1ebft v\u00e0 m\u00f4i tr\u01b0\u1eddng.<\/li>\n<\/ul>\n<\/div><\/div>\n<div class=\"accordion-item\"><a href=\"#\" class=\"accordion-title plain\"><button class=\"toggle\"><i class=\"icon-angle-down\"><\/i><\/button><span>Ch\u1ea5t x\u1eed l\u00fd \u0111\u1ed9ng c\u01a1 ph\u00f9 h\u1ee3p v\u1edbi m\u00f4i tr\u01b0\u1eddng n\u00e0o?<\/span><\/a><div class=\"accordion-inner\">\n<p><span style=\"font-size: 90%;\">Cerma th\u00edch h\u1ee3p trong m\u00f4i tr\u01b0\u1eddng nhi\u1ec7t \u0111\u1ed9 cao, cao t\u1ea3i, \u00e1p su\u1ea5t cao, t\u1ed1c \u0111\u1ed9 tr\u01b0\u1ee3t cao, thi\u1ebfu b\u00f4i tr\u01a1n, m\u00e0i m\u00f2n m\u1ea1nh, kim lo\u1ea1i ti\u1ebfp x\u00fac kim lo\u1ea1i v\u00e0 khu v\u1ef1c dung d\u1ecbch h\u1ed7n lo\u1ea1n.<\/span><\/p>\n<\/div><\/div>\n<\/div>\n<\/div><\/div>\n<div class=\"col medium-6 small-12 large-6\"  ><div class=\"col-inner\"  >\n<h3 class=\"accordion_title\">C\u00e2u h\u1ecfi ch\u00ednh s\u00e1ch<\/h3><div class=\"accordion\" rel=\"\">\n<div class=\"accordion-item\"><a href=\"#\" class=\"accordion-title plain\"><button class=\"toggle\"><i class=\"icon-angle-down\"><\/i><\/button><span>S\u1ea3n ph\u1ea9m Cerma c\u00f3 b\u1ea3o h\u00e0nh tr\u00e1ch nhi\u1ec7m kh\u00f4ng?<\/span><\/a><div class=\"accordion-inner\">\n<p>S\u1ea3n ph\u1ea9m Cerma\u00a0\u0111\u01b0\u1ee3c b\u1ea3o hi\u1ec3m qu\u1ed1c t\u1ebf ch\u00ednh h\u00e3ng<\/p>\n<ul>\n<li>M\u1ee9c b\u1ea3o hi\u1ec3m: US$ 2.000.000<\/li>\n<li>Ph\u1ea1m vi b\u1ea3o hi\u1ec3m: cho m\u1ecdi thi\u1ec7t h\u1ea1i v\u1ec1 ng\u01b0\u1eddi v\u00e0 ph\u01b0\u01a1ng ti\u1ec7n<\/li>\n<\/ul>\n<\/div><\/div>\n<div class=\"accordion-item\"><a href=\"#\" class=\"accordion-title plain\"><button class=\"toggle\"><i class=\"icon-angle-down\"><\/i><\/button><span>C\u00f3 \u0111\u01b0\u1ee3c \u0111\u1ed5i tr\u1ea3 s\u1ea3n ph\u1ea9m Cerma kh\u00f4ng?<\/span><\/a><div class=\"accordion-inner\">\n<ul>\n<li>Qu\u00fd kh\u00e1ch h\u00e0ng c\u00f3 th\u1ec3 \u0111\u1ed5i tr\u1ea3 s\u1ea3n ph\u1ea9m trong tr\u01b0\u1eddng h\u1ee3p s\u1ea3n ph\u1ea9m v\u1eabn c\u00f2n nguy\u00ean tem, nh\u00e3n m\u00e1c.<\/li>\n<li>H\u00e3y li\u00ean h\u1ec7 v\u1edbi \u0111\u1ea1i l\u00fd n\u01a1i qu\u00fd kh\u00e1ch mua s\u1ea3n ph\u1ea9m.<\/li>\n<\/ul>\n<\/div><\/div>\n<div class=\"accordion-item\"><a href=\"#\" class=\"accordion-title plain\"><button class=\"toggle\"><i class=\"icon-angle-down\"><\/i><\/button><span>Ch\u00ednh s\u00e1ch b\u00e1n h\u00e0ng s\u1ea3n ph\u1ea9m c\u1ee7a Cerma th\u1ebf n\u00e0o?<\/span><\/a><div class=\"accordion-inner\">\n<ul>\n<li>S\u1ea3n ph\u1ea9m Cerma\u00a0\u0111\u01b0\u1ee3c b\u00e1n v\u1edbi gi\u00e1 ni\u00eam y\u1ebft th\u1ed1ng nh\u1ea5t to\u00e0n qu\u1ed1c<\/li>\n<li>S\u1ea3n ph\u1ea9m Cerma \u0111\u01b0\u1ee3c ph\u00e2n ph\u1ed1i to\u00e0n qu\u1ed1c<\/li>\n<\/ul>\n<\/div><\/div>\n<\/div>\n<\/div><\/div>\n\n<style scope=\"scope\">\n\n<\/style>\n<\/div>\n\t\t<\/div><!-- .section-content -->\n\n\t\t\n<style scope=\"scope\">\n\n#section_1771752589 {\n  padding-top: 30px;\n  padding-bottom: 30px;\n}\n#section_1771752589 .section-bg.bg-loaded {\n  background-image: url(https:\/\/demo.bmconnect.vn\/motocare\/wp-content\/uploads\/2017\/10\/dante-alt-bg-1.jpg);\n}\n<\/style>\n\t<\/section>\n\t\n<div class=\"row row-small align-middle align-center\"  id=\"row-1253696975\">\n<div class=\"col small-12 large-12\"  ><div class=\"col-inner text-center\"  >\n<h3 style=\"text-align: center;\"><span style=\"font-size: 100%;\">LI\u00caN H\u1ec6 CERMA\u00a0CERAMIC MACHINE \u0110\u1ec2 T\u00ccM HI\u1ec2U TH\u00caM<\/span><\/h3>\n<a rel=\"noopener noreferrer\" href=\"https:\/\/demo.bmconnect.vn\/motocare\/lien-he\/\" target=\"_blank\" class=\"button primary lowercase\"  style=\"border-radius:4px;\">\n  <i class=\"icon-phone\" ><\/i>  <span>Li\u00ean h\u1ec7 ngay<\/span>\n  <\/a>\n\n<\/div><\/div>\n\n<style scope=\"scope\">\n\n<\/style>\n<\/div>\n","protected":false},"excerpt":{"rendered":"","protected":false},"author":1,"featured_media":0,"parent":0,"menu_order":0,"comment_status":"closed","ping_status":"closed","template":"page-blank.php","meta":[],"_links":{"self":[{"href":"https:\/\/demo.bmconnect.vn\/motocare\/wp-json\/wp\/v2\/pages\/28"}],"collection":[{"href":"https:\/\/demo.bmconnect.vn\/motocare\/wp-json\/wp\/v2\/pages"}],"about":[{"href":"https:\/\/demo.bmconnect.vn\/motocare\/wp-json\/wp\/v2\/types\/page"}],"author":[{"embeddable":true,"href":"https:\/\/demo.bmconnect.vn\/motocare\/wp-json\/wp\/v2\/users\/1"}],"replies":[{"embeddable":true,"href":"https:\/\/demo.bmconnect.vn\/motocare\/wp-json\/wp\/v2\/comments?post=28"}],"version-history":[{"count":39,"href":"https:\/\/demo.bmconnect.vn\/motocare\/wp-json\/wp\/v2\/pages\/28\/revisions"}],"predecessor-version":[{"id":547,"href":"https:\/\/demo.bmconnect.vn\/motocare\/wp-json\/wp\/v2\/pages\/28\/revisions\/547"}],"wp:attachment":[{"href":"https:\/\/demo.bmconnect.vn\/motocare\/wp-json\/wp\/v2\/media?parent=28"}],"curies":[{"name":"wp","href":"https:\/\/api.w.org\/{rel}","templated":true}]}}