{"id":199,"date":"2018-12-08T14:12:33","date_gmt":"2018-12-08T07:12:33","guid":{"rendered":"http:\/\/demo.bmconnect.vn\/mica2\/?post_type=product&#038;p=199"},"modified":"2018-12-08T15:20:06","modified_gmt":"2018-12-08T08:20:06","slug":"the-thay-ten-nhan-vien-003","status":"publish","type":"product","link":"https:\/\/demo.bmconnect.vn\/mica2\/san-pham\/the-thay-ten-nhan-vien-003\/","title":{"rendered":"Th\u1ebb thay t\u00ean nh\u00e2n vi\u00ean 003"},"content":{"rendered":"<p><strong>Vi\u1ec7c \u0111eo th\u1ebb t\u00ean nh\u00e2n vi\u00ean\u00a0\u0111ang tr\u1edf n\u00ean ph\u1ed5 bi\u1ebfn \u1edf c\u00e1c c\u00f4ng ty trong n\u01b0\u1edbc v\u00e0 n\u01b0\u1edbc ngo\u00e0i, m\u1ed9t s\u1ed1 c\u00f4ng ty cho nh\u00e2n vi\u00ean \u0111eo b\u1ea3ng t\u00ean b\u1eb1ng nh\u1ef1a tr\u01b0\u1edbc ng\u1ef1c hay b\u1ea3ng t\u00ean b\u1eb1ng kim lo\u1ea1i \u0111\u01b0\u1ee3c g\u1eafn tr\u00ean \u00e1o. \u0110i theo xu th\u1ebf c\u1ee7a nhu c\u1ea7u doanh nghi\u1ec7p, c\u00f4ng ty Minh Anh\u00a0chuy\u00ean s\u1ea3n xu\u1ea5t c\u00e1c m\u1eb7t h\u00e0ng b\u1ea3ng t\u00ean \u0111eo \u00e1o cho nh\u00e2n vi\u00ean c\u00f4ng ty b\u1eb1ng nhi\u1ec1u ch\u1ea5t li\u1ec7u, m\u1eabu m\u00e3 \u0111a \u0111\u1ea1ng v\u00e0 phong ph\u00fa.<\/strong><\/p>\n<p>&#8211; C\u00f3 2 lo\u1ea1i g\u1eafn tr\u00ean \u00e1o : d\u00f9ng kim ghim hay nam ch\u00e2m c\u00e0i.<\/p>\n<p>&#8211; K\u00edch th\u01b0\u1edbc t\u00f9y thu\u1ed9c v\u00e0o nhu c\u1ea7u kh\u00e1ch h\u00e0ng, ti\u00eau chu\u1ea9n l\u00e0 2.0 x 6.0 cm hay 2.5cm x 7.0 cm.<\/p>\n<p>&#8211; Ch\u1ea5t li\u1ec7u g\u1ed3m : in tr\u00ean inox, \u0111\u1ed3ng, hay nh\u00f4m. Ngo\u00e0i ra c\u00f2n c\u00f3 \u0111\u00f4ng \u0103n m\u00f2n, hay inox \u0103n m\u00f2n.<\/p>\n<p>&#8211; Thi\u1ebft k\u1ebf : t\u00f9y theo m\u1eabu c\u1ee7a kh\u00e1ch h\u00e0ng hay c\u00f4ng ty ch\u00fang t\u00f4i s\u1ebd thi\u1ebft k\u1ebf mi\u1ec5n ph\u00ed theo y\u00eau c\u1ea7u.<\/p>\n<p>&#8211; Ch\u1ea5t l\u01b0\u1ee3ng : s\u1ea3n ph\u1ea9m kh\u00f4ng r\u1ec9, b\u1ec1n \u0111\u1eb9p, d\u1ec5 s\u1eed d\u1ee5ng.<\/p>\n<p>&#8211; Gi\u00e1 th\u00e0nh : \u0111\u1ec3 c\u00f3 gi\u00e1 t\u1ed1t nh\u1ea5t xin vui l\u00f2ng li\u00ean h\u1ec7 v\u1edbi ch\u00fang t\u00f4i theo s\u1ed1\u00a0<strong>0979.959.633<\/strong><\/p>\n","protected":false},"excerpt":{"rendered":"<p>Vi\u1ec7c \u0111eo th\u1ebb t\u00ean nh\u00e2n vi\u00ean\u00a0\u0111ang tr\u1edf n\u00ean ph\u1ed5 bi\u1ebfn \u1edf c\u00e1c c\u00f4ng ty trong n\u01b0\u1edbc v\u00e0 n\u01b0\u1edbc ngo\u00e0i, m\u1ed9t s\u1ed1 c\u00f4ng ty cho nh\u00e2n vi\u00ean \u0111eo b\u1ea3ng t\u00ean b\u1eb1ng nh\u1ef1a tr\u01b0\u1edbc ng\u1ef1c hay b\u1ea3ng t\u00ean b\u1eb1ng kim lo\u1ea1i \u0111\u01b0\u1ee3c g\u1eafn tr\u00ean \u00e1o. \u0110i theo xu th\u1ebf c\u1ee7a nhu c\u1ea7u doanh nghi\u1ec7p, c\u00f4ng ty Minh &#8230;<\/p>\n","protected":false},"featured_media":200,"template":"","meta":[],"product_cat":[15,18],"product_tag":[],"_links":{"self":[{"href":"https:\/\/demo.bmconnect.vn\/mica2\/wp-json\/wp\/v2\/product\/199"}],"collection":[{"href":"https:\/\/demo.bmconnect.vn\/mica2\/wp-json\/wp\/v2\/product"}],"about":[{"href":"https:\/\/demo.bmconnect.vn\/mica2\/wp-json\/wp\/v2\/types\/product"}],"wp:featuredmedia":[{"embeddable":true,"href":"https:\/\/demo.bmconnect.vn\/mica2\/wp-json\/wp\/v2\/media\/200"}],"wp:attachment":[{"href":"https:\/\/demo.bmconnect.vn\/mica2\/wp-json\/wp\/v2\/media?parent=199"}],"wp:term":[{"taxonomy":"product_cat","embeddable":true,"href":"https:\/\/demo.bmconnect.vn\/mica2\/wp-json\/wp\/v2\/product_cat?post=199"},{"taxonomy":"product_tag","embeddable":true,"href":"https:\/\/demo.bmconnect.vn\/mica2\/wp-json\/wp\/v2\/product_tag?post=199"}],"curies":[{"name":"wp","href":"https:\/\/api.w.org\/{rel}","templated":true}]}}