{"id":193,"date":"2018-12-08T14:11:18","date_gmt":"2018-12-08T07:11:18","guid":{"rendered":"http:\/\/demo.bmconnect.vn\/mica2\/?post_type=product&#038;p=193"},"modified":"2018-12-08T14:11:18","modified_gmt":"2018-12-08T07:11:18","slug":"the-ten-nhan-vien-06","status":"publish","type":"product","link":"https:\/\/demo.bmconnect.vn\/mica2\/san-pham\/the-ten-nhan-vien-06\/","title":{"rendered":"Th\u1ebb t\u00ean nh\u00e2n vi\u00ean 06"},"content":{"rendered":"","protected":false},"excerpt":{"rendered":"","protected":false},"featured_media":194,"template":"","meta":[],"product_cat":[15,17],"product_tag":[],"_links":{"self":[{"href":"https:\/\/demo.bmconnect.vn\/mica2\/wp-json\/wp\/v2\/product\/193"}],"collection":[{"href":"https:\/\/demo.bmconnect.vn\/mica2\/wp-json\/wp\/v2\/product"}],"about":[{"href":"https:\/\/demo.bmconnect.vn\/mica2\/wp-json\/wp\/v2\/types\/product"}],"wp:featuredmedia":[{"embeddable":true,"href":"https:\/\/demo.bmconnect.vn\/mica2\/wp-json\/wp\/v2\/media\/194"}],"wp:attachment":[{"href":"https:\/\/demo.bmconnect.vn\/mica2\/wp-json\/wp\/v2\/media?parent=193"}],"wp:term":[{"taxonomy":"product_cat","embeddable":true,"href":"https:\/\/demo.bmconnect.vn\/mica2\/wp-json\/wp\/v2\/product_cat?post=193"},{"taxonomy":"product_tag","embeddable":true,"href":"https:\/\/demo.bmconnect.vn\/mica2\/wp-json\/wp\/v2\/product_tag?post=193"}],"curies":[{"name":"wp","href":"https:\/\/api.w.org\/{rel}","templated":true}]}}