{"id":270,"date":"2018-06-05T15:51:09","date_gmt":"2018-06-05T08:51:09","guid":{"rendered":"https:\/\/demo.bmconnect.vn\/mica\/?post_type=product&#038;p=270"},"modified":"2018-06-05T15:53:01","modified_gmt":"2018-06-05T08:53:01","slug":"ke-trung-bay-san-pham-tat-ktb-0912","status":"publish","type":"product","link":"https:\/\/demo.bmconnect.vn\/mica\/san-pham\/ke-trung-bay-san-pham-tat-ktb-0912\/","title":{"rendered":"K\u1ec7 tr\u01b0ng b\u00e0y s\u1ea3n ph\u1ea9m t\u1ea5t KTB-0912"},"content":{"rendered":"<h2>Th\u00f4ng tin K\u1ec7 tr\u01b0ng b\u00e0y s\u1ea3n ph\u1ea9m t\u1ea5t KTB-0912<\/h2>\n<p><strong>\u0110\u1eb7c \u0111i\u1ec3m n\u1ed5i b\u1eadt<\/strong><\/p>\n<p>&#8211; T\u00ean s\u1ea3n ph\u1ea9m : K\u1ec7 tr\u01b0ng b\u00e0y s\u1ea3n ph\u1ea9m t\u1ea5t KTB-0912<\/p>\n<p>&#8211; Ng\u01b0\u1eddi ph\u1ee5 tr\u00e1ch : Mr.S\u01a1n ( 0904.893.606 &#8211; Sales03@micomax.com.vn )<\/p>\n<p>&#8211; Ng\u00e0y s\u1ea3n xu\u1ea5t : 08\/12\/2015<\/p>\n<p>&#8211; Ch\u1ea5t li\u1ec7u : Mica trong su\u1ed1t \u0110\u00e0i Loan<\/p>\n<p>&#8211; \u0110\u1ed9 d\u00e0y : 5mm<\/p>\n<p>&#8211; S\u1ea3n ph\u1ea9m thi\u1ebft k\u1ebf v\u1edbi k\u00edch th\u01b0\u1edbc, s\u1ed1 ng\u0103n s\u1ed1 t\u1ea7ng t\u00f9y theo nhu c\u1ea7u s\u1eed d\u1ee5ng c\u1ee7a kh\u00e1ch h\u00e0ng<\/p>\n<p>&#8211; Thi\u1ebft k\u1ebf \u0111\u01a1n gi\u1ea3n<\/p>\n<p>&#8211; Ch\u1ea5t li\u1ec7u mica gi\u00fap b\u1ea1n d\u1ec5 b\u1ea3o qu\u1ea3n, l\u00e0m s\u1ea1ch nhanh b\u1eb1ng n\u01b0\u1edbc x\u00e0 ph\u00f2ng ho\u1eb7c kem \u0111\u00e1nh r\u0103ng b\u1ec1n v\u00e0 \u1ed5n \u0111\u1ecbnh l\u00fd h\u00f3a theo th\u1eddi gian.<\/p>\n<p>&#8211; S\u1ea3n ph\u1ea9m \u0111\u01b0\u1ee3c s\u1eed d\u1ee5ng r\u1ed9ng r\u00e3i trong c\u00e1c si\u00eau th\u1ecb, c\u1eeda h\u00e0ng, trung t\u00e2m th\u01b0\u01a1ng m\u1ea1i&#8230;\u0111\u1ec3 tr\u01b0ng b\u00e0y c\u00e1c s\u1ea3n ph\u1ea9m v\u1edb t\u1ea5t.<\/p>\n<p>&#8211; B\u1ea1n c\u00f3 th\u1ec3 thay \u0111\u1ed5i k\u00edch th\u01b0\u1edbc, s\u1ed1 t\u1ea7ng, ki\u1ec3u d\u00e1ng&#8230;theo nhu c\u1ea7u s\u1eed d\u1ee5ng.<\/p>\n<p>&#8211; Kh\u00f4ng ch\u1ec9 l\u00e0 c\u00e1ch gi\u00fap c\u00e1c \u0111\u01a1n v\u1ecb b\u00e1n h\u00e0ng c\u00f3 th\u1ec3 b\u1ea3o v\u1ec7 s\u1ea3n ph\u1ea9m m\u1ed9t c\u00e1ch t\u1ed1t nh\u1ea5t m\u00e0 n\u00f3 c\u00f2n nh\u01b0 m\u1ed9t c\u00f4ng c\u1ee5 h\u1ed7 tr\u1ee3 qu\u1ea3ng c\u00e1o \u0111\u1ea7y s\u1ee9c m\u1ea1nh.<\/p>\n<p><strong>Th\u00f4ng tin chi ti\u1ebft<\/strong><\/p>\n<p><strong>K\u1ec7 tr\u01b0ng b\u00e0y s\u1ea3n ph\u1ea9m<\/strong>\u00a0hi\u1ec7n nay \u0111ang \u0111\u01b0\u1ee3c s\u1eed d\u1ee5ng r\u1ed9ng r\u00e3i trong c\u00e1c h\u1ec7 th\u1ed1ng c\u1eeda h\u00e0ng, si\u00eau th\u1ecb&#8230;v\u1edbi nhi\u1ec1u m\u1eabu m\u00e3 ki\u1ec3u d\u00e1ng v\u00e0 ch\u1ea5t li\u1ec7u kh\u00e1c nhau mang \u0111\u1ebfn cho qu\u00fd kh\u00e1ch nhi\u1ec1u s\u1ef1 l\u1ef1a ch\u1ecdn c\u0169ng nh\u01b0 ch\u1ea5t l\u01b0\u1ee3ng gi\u00e1 k\u1ec7 tr\u01b0ng b\u00e0y \u0111\u01b0\u1ee3c \u0111\u1ea3m b\u1ea3o.T\u00f9y v\u00e0o t\u1eebng s\u1ea3n ph\u1ea9m kh\u00e1c nhau m\u00e0 c\u00e1c nh\u00e0 cung c\u1ea5p mang \u0111\u1ebfn cho kh\u00e1ch h\u00e0ng m\u1eabu k\u1ec7 tr\u01b0ng b\u00e0y kh\u00e1c nhau sao cho ph\u00f9 h\u1ee3p v\u00e0 \u0111\u1eb9p m\u1eaft, mang l\u1ea1i hi\u1ec7u qu\u1ea3 cao cho ng\u01b0\u1eddi s\u1eed d\u1ee5ng.H\u00f4m nay Micomax xin gi\u1edbi thi\u1ec7u t\u1edbi kh\u00e1ch h\u00e0ng m\u1eabu s\u1ea3n ph\u1ea9m\u00a0<strong>K\u1ec7 tr\u01b0ng b\u00e0y s\u1ea3n ph\u1ea9m t\u1ea5t KTB-0912<\/strong><\/p>\n","protected":false},"excerpt":{"rendered":"<p>K\u1ec7 tr\u01b0ng b\u00e0y s\u1ea3n ph\u1ea9m t\u1ea5t KTB-0912 \u0111\u01b0\u1ee3c l\u00e0m ho\u00e0n to\u00e0n t\u1eeb ch\u1ea5t li\u1ec7u mica trong su\u1ed1t 5mm \u0110\u00e0i Loan, s\u1ea3n ph\u1ea9m thi\u1ebft k\u1ebf v\u1edbi k\u00edch th\u01b0\u1edbc, s\u1ed1 ng\u0103n s\u1ed1 t\u1ea7ng t\u00f9y theo nhu c\u1ea7u s\u1eed d\u1ee5ng c\u1ee7a kh\u00e1ch h\u00e0ng.<\/p>\n","protected":false},"featured_media":271,"comment_status":"open","ping_status":"closed","template":"","meta":[],"product_cat":[21,23],"product_tag":[],"_links":{"self":[{"href":"https:\/\/demo.bmconnect.vn\/mica\/wp-json\/wp\/v2\/product\/270"}],"collection":[{"href":"https:\/\/demo.bmconnect.vn\/mica\/wp-json\/wp\/v2\/product"}],"about":[{"href":"https:\/\/demo.bmconnect.vn\/mica\/wp-json\/wp\/v2\/types\/product"}],"replies":[{"embeddable":true,"href":"https:\/\/demo.bmconnect.vn\/mica\/wp-json\/wp\/v2\/comments?post=270"}],"wp:featuredmedia":[{"embeddable":true,"href":"https:\/\/demo.bmconnect.vn\/mica\/wp-json\/wp\/v2\/media\/271"}],"wp:attachment":[{"href":"https:\/\/demo.bmconnect.vn\/mica\/wp-json\/wp\/v2\/media?parent=270"}],"wp:term":[{"taxonomy":"product_cat","embeddable":true,"href":"https:\/\/demo.bmconnect.vn\/mica\/wp-json\/wp\/v2\/product_cat?post=270"},{"taxonomy":"product_tag","embeddable":true,"href":"https:\/\/demo.bmconnect.vn\/mica\/wp-json\/wp\/v2\/product_tag?post=270"}],"curies":[{"name":"wp","href":"https:\/\/api.w.org\/{rel}","templated":true}]}}