{"id":264,"date":"2018-06-05T15:47:08","date_gmt":"2018-06-05T08:47:08","guid":{"rendered":"https:\/\/demo.bmconnect.vn\/mica\/?post_type=product&#038;p=264"},"modified":"2018-06-05T15:47:08","modified_gmt":"2018-06-05T08:47:08","slug":"ke-trung-bay-khay-tay-ktb-225","status":"publish","type":"product","link":"https:\/\/demo.bmconnect.vn\/mica\/san-pham\/ke-trung-bay-khay-tay-ktb-225\/","title":{"rendered":"K\u1ec7 tr\u01b0ng b\u00e0y khay t\u1ea9y KTB-225"},"content":{"rendered":"<p>K\u1ec7 tr\u01b0ng b\u00e0y khay t\u1ea9y KTB-225 \u0111\u01b0\u1ee3c l\u00e0m t\u1eeb ch\u1ea5t li\u1ec7u mica trong su\u1ed1t 2.8mm \u0111\u00e0i loan, thi\u1ebft k\u1ebf \u0111\u01a1n gi\u1ea3n g\u1ed3m nhi\u1ec1u t\u1ea7ng. Ch\u1ea5t li\u1ec7u mica gi\u00fap b\u1ea1n d\u1ec5 b\u1ea3o qu\u1ea3n, l\u00e0m s\u1ea1ch nhanh b\u1eb1ng n\u01b0\u1edbc x\u00e0 ph\u00f2ng ho\u1eb7c kem \u0111\u00e1<\/p>\n<p><strong>\u0110\u1eb7c \u0111i\u1ec3m n\u1ed5i b\u1eadt<\/strong><\/p>\n<p>&#8211; T\u00ean s\u1ea3n ph\u1ea9m : K\u1ec7 tr\u01b0ng b\u00e0y khay t\u1ea9y\u00a0KTB-225<\/p>\n<p>&#8211; Ng\u01b0\u1eddi ph\u1ee5 tr\u00e1ch : Ms.Duy\u00ean\u00a0( 0904.904.606 &#8211; Sales05@micomax.com.vn)<\/p>\n<p>&#8211; Ng\u00e0y s\u1ea3n xu\u1ea5t : 21\/03\/2016<\/p>\n<p>&#8211; Ch\u1ea5t li\u1ec7u : Mica trong su\u1ed1t \u0110\u00e0i Loan<\/p>\n<p>&#8211; \u0110\u1ed9 d\u00e0y : 2.8mm<\/p>\n<p>&#8211; K\u1ec7 tr\u01b0ng b\u00e0y khay t\u1ea9y\u00a0KTB-225\u00a0\u0111\u01b0\u1ee3c thi\u1ebft k\u1ebf g\u1ed3m nhi\u1ec1u t\u1ea7ng.<\/p>\n<p>&#8211; Thi\u1ebft k\u1ebf \u0111\u01a1n gi\u1ea3n<\/p>\n<p>&#8211; Ch\u1ea5t li\u1ec7u mica gi\u00fap b\u1ea1n d\u1ec5 b\u1ea3o qu\u1ea3n, l\u00e0m s\u1ea1ch nhanh b\u1eb1ng n\u01b0\u1edbc x\u00e0 ph\u00f2ng ho\u1eb7c kem \u0111\u00e1nh r\u0103ng b\u1ec1n v\u00e0 \u1ed5n \u0111\u1ecbnh l\u00fd h\u00f3a theo th\u1eddi gian.<\/p>\n<p>&#8211; S\u1ea3n ph\u1ea9m \u0111\u01b0\u1ee3c s\u1eed d\u1ee5ng r\u1ed9ng r\u00e3i trong c\u00e1c si\u00eau th\u1ecb, c\u1eeda h\u00e0ng, trung t\u00e2m th\u01b0\u01a1ng m\u1ea1i&#8230;\u0111\u1ec3 tr\u01b0ng b\u00e0y c\u00e1c s\u1ea3n ph\u1ea9m.<\/p>\n<p>&#8211; B\u1ea1n c\u00f3 th\u1ec3 thay \u0111\u1ed5i k\u00edch th\u01b0\u1edbc, s\u1ed1 t\u1ea7ng, ki\u1ec3u d\u00e1ng&#8230;theo nhu c\u1ea7u s\u1eed d\u1ee5ng.<\/p>\n<p>&#8211; Kh\u00f4ng ch\u1ec9 l\u00e0 c\u00e1ch gi\u00fap c\u00e1c \u0111\u01a1n v\u1ecb b\u00e1n h\u00e0ng c\u00f3 th\u1ec3 b\u1ea3o v\u1ec7 s\u1ea3n ph\u1ea9m m\u1ed9t c\u00e1ch t\u1ed1t nh\u1ea5t m\u00e0 n\u00f3 c\u00f2n nh\u01b0 m\u1ed9t c\u00f4ng c\u1ee5 h\u1ed7 tr\u1ee3 qu\u1ea3ng c\u00e1o \u0111\u1ea7y s\u1ee9c m\u1ea1nh.<\/p>\n<p><strong>Th\u00f4ng tin chi ti\u1ebft<\/strong><\/p>\n<p><strong>K\u1ec7 tr\u01b0ng b\u00e0y khay t\u1ea9y\u00a0KTB-225\u00a0<\/strong>\u0111\u01b0\u1ee3c l\u00e0m t\u1eeb ch\u1ea5t li\u1ec7u mica trong su\u1ed1t 2.8mm \u0111\u00e0i loan, hi\u1ebft k\u1ebf \u0111\u01a1n gi\u1ea3n g\u1ed3m nhi\u1ec1u t\u1ea7ng. Ch\u1ea5t li\u1ec7u mica trong su\u1ed1t gi\u00fap kh\u00e1ch h\u00e0ng c\u00f3 th\u1ec3 d\u1ec5 d\u00e0ng quan s\u00e1t s\u1ea3n ph\u1ea9m t\u1eeb nhi\u1ec1u g\u00f3c c\u1ea1nh kh\u00e1c nhau, thi\u1ebft k\u1ebf \u0111\u01a1n gi\u1ea3n g\u1ed3m nhi\u1ec1u ng\u0103n m\u1ed7i ng\u0103n t\u01b0\u01a1ng \u0111\u01b0\u01a1ng v\u1edbi 1 s\u1ea3n ph\u1ea9m.<\/p>\n","protected":false},"excerpt":{"rendered":"<p>K\u1ec7 tr\u01b0ng b\u00e0y khay t\u1ea9y KTB-225 \u0111\u01b0\u1ee3c l\u00e0m t\u1eeb ch\u1ea5t li\u1ec7u mica trong su\u1ed1t 2.8mm \u0111\u00e0i loan, thi\u1ebft k\u1ebf \u0111\u01a1n gi\u1ea3n g\u1ed3m nhi\u1ec1u t\u1ea7ng. Ch\u1ea5t li\u1ec7u mica gi\u00fap b\u1ea1n d\u1ec5 b\u1ea3o qu\u1ea3n, l\u00e0m s\u1ea1ch nhanh b\u1eb1ng n\u01b0\u1edbc x\u00e0 ph\u00f2ng ho\u1eb7c kem \u0111\u00e1<\/p>\n","protected":false},"featured_media":265,"comment_status":"open","ping_status":"closed","template":"","meta":[],"product_cat":[21],"product_tag":[],"_links":{"self":[{"href":"https:\/\/demo.bmconnect.vn\/mica\/wp-json\/wp\/v2\/product\/264"}],"collection":[{"href":"https:\/\/demo.bmconnect.vn\/mica\/wp-json\/wp\/v2\/product"}],"about":[{"href":"https:\/\/demo.bmconnect.vn\/mica\/wp-json\/wp\/v2\/types\/product"}],"replies":[{"embeddable":true,"href":"https:\/\/demo.bmconnect.vn\/mica\/wp-json\/wp\/v2\/comments?post=264"}],"wp:featuredmedia":[{"embeddable":true,"href":"https:\/\/demo.bmconnect.vn\/mica\/wp-json\/wp\/v2\/media\/265"}],"wp:attachment":[{"href":"https:\/\/demo.bmconnect.vn\/mica\/wp-json\/wp\/v2\/media?parent=264"}],"wp:term":[{"taxonomy":"product_cat","embeddable":true,"href":"https:\/\/demo.bmconnect.vn\/mica\/wp-json\/wp\/v2\/product_cat?post=264"},{"taxonomy":"product_tag","embeddable":true,"href":"https:\/\/demo.bmconnect.vn\/mica\/wp-json\/wp\/v2\/product_tag?post=264"}],"curies":[{"name":"wp","href":"https:\/\/api.w.org\/{rel}","templated":true}]}}