{"id":262,"date":"2018-06-05T15:45:41","date_gmt":"2018-06-05T08:45:41","guid":{"rendered":"https:\/\/demo.bmconnect.vn\/mica\/?post_type=product&#038;p=262"},"modified":"2018-06-05T15:45:41","modified_gmt":"2018-06-05T08:45:41","slug":"ke-trung-bay-mica-ktb-2509","status":"publish","type":"product","link":"https:\/\/demo.bmconnect.vn\/mica\/san-pham\/ke-trung-bay-mica-ktb-2509\/","title":{"rendered":"K\u1ec7 tr\u01b0ng b\u00e0y mica KTB-2509"},"content":{"rendered":"<p>K\u1ec7 tr\u01b0ng b\u00e0y mica KTB-2509 l\u00e0m t\u1eeb ch\u1ea5t li\u1ec7u mica trong su\u1ed1t k\u1ebf h\u1ee3p mica s\u1eefa, ngo\u00e0i ra s\u1ea3n ph\u1ea9m c\u00f2n \u0111\u01b0\u1ee3c in \u0111\u1ec1 can v\u1edbi n\u1ed9i dung theo y\u00eau c\u1ea7u c\u1ee7a kh\u00e1ch h\u00e0ngK\u1ec7 tr\u01b0ng b\u00e0y mica KTB-2509 l\u00e0m t\u1eeb ch\u1ea5t li\u1ec7u mica trong su\u1ed1t k\u1ebf h\u1ee3p mica s\u1eefa, ngo\u00e0i ra s\u1ea3n ph\u1ea9m c\u00f2n \u0111\u01b0\u1ee3c in \u0111\u1ec1 can v\u1edbi n\u1ed9i dung theo y\u00eau c\u1ea7u c\u1ee7a kh\u00e1ch h\u00e0ng<\/p>\n<p>T\u00ean s\u1ea3n ph\u1ea9m : K\u1ec7 tr\u01b0ng b\u00e0y mica KTB-2509<\/p>\n<p>&#8211; Ng\u01b0\u1eddi ph\u1ee5 tr\u00e1ch : Mr.S\u01a1n ( 0904.893.606 &#8211; Sales03@micomax.com.vn )<\/p>\n<p>&#8211; Ng\u00e0y s\u1ea3n xu\u1ea5t : 19\/08\/2016<\/p>\n<p>&#8211; Ch\u1ea5t li\u1ec7u : Mica trong su\u1ed1t Nh\u1eadt B\u1ea3n k\u1ebft h\u1ee3p mica s\u1eefa<\/p>\n<p>&#8211; \u0110\u1ed9 d\u00e0y :<\/p>\n<p>+ Mica trong : 2mm<\/p>\n<p>+ Mica s\u1eefa : 2.8mm<\/p>\n<p>&#8211; K\u1ec7 tr\u01b0ng b\u00e0y mica KTB-2509 \u0111\u01b0\u1ee3c thi\u1ebft k\u1ebf v\u1edbi ki\u1ec3u d\u00e1ng v\u00e0 k\u00edch th\u01b0\u1edbc theo y\u00eau c\u1ea7u c\u1ee7a kh\u00e1ch h\u00e0ng<\/p>\n<p>&#8211; S\u1ea3n ph\u1ea9m k\u1ebft h\u1ee3p d\u00e1n \u0111\u1ec1 can c\u00f3 in th\u00f4ng tin c\u1ee7a s\u1ea3n ph\u1ea9m v\u00e0 nh\u00e0 cung c\u1ea5p<\/p>\n<p>&#8211; Thi\u1ebft k\u1ebf \u0111\u01a1n gi\u1ea3n<\/p>\n<p>&#8211; Ch\u1ea5t li\u1ec7u mica gi\u00fap b\u1ea1n d\u1ec5 b\u1ea3o qu\u1ea3n, l\u00e0m s\u1ea1ch nhanh b\u1eb1ng n\u01b0\u1edbc x\u00e0 ph\u00f2ng ho\u1eb7c kem \u0111\u00e1nh r\u0103ng b\u1ec1n v\u00e0 \u1ed5n \u0111\u1ecbnh l\u00fd h\u00f3a theo th\u1eddi gian.<\/p>\n<p>&#8211; Th\u00edch h\u1ee3p s\u1eed d\u1ee5ng trong c\u00e1c showroom, qu\u1ea7y h\u00e0ng&#8230;tr\u01b0ng b\u00e0y m\u1ef9 ph\u1ea9m, thu\u1ed1c.<\/p>\n<p>&#8211; B\u1ea1n c\u00f3 th\u1ec3 thay \u0111\u1ed5i k\u00edch th\u01b0\u1edbc, s\u1ed1 ng\u0103n, s\u1ed1 t\u1ea7ng, ki\u1ec3u d\u00e1ng&#8230;theo nhu c\u1ea7u s\u1eed d\u1ee5ng.<\/p>\n<p><strong>Th\u00f4ng tin chi ti\u1ebft<\/strong><\/p>\n<p>Khi c\u00f3 m\u1ed9t s\u1ea3n ph\u1ea9m m\u1edbi tung ra th\u1ecb tr\u01b0\u1eddng ngo\u00e0i nh\u1eefng h\u00ecnh th\u1ee9c qu\u1ea3ng c\u00e1o online th\u00ec qu\u1ea3ng c\u00e1o truy\u1ec1n th\u1ed1ng nh\u01b0 : ti\u1ebfp th\u1ecb, ph\u00e1t t\u1edd r\u01a1i, tr\u01b0ng b\u00e0y s\u1ea3n ph\u1ea9m m\u1eabu t\u1ea1i c\u00e1c gian h\u00e0ng&#8230;v\u1eabn lu\u00f4n \u0111\u01b0\u1ee3c c\u00e1c doanh nghi\u1ec7p ch\u00fa tr\u1ecdng. M\u1ed9t trong nh\u1eefng s\u1ea3n ph\u1ea9m kh\u00f4ng th\u1ec3 thi\u1ebfu cho chi\u1ebfn d\u1ecbch marketing ch\u00ednh l\u00e0\u00a0<strong>k\u1ec7 tr\u01b0ngb\u00e0y mica<\/strong>\u00a0\u0111\u01b0\u1ee3c thi\u1ebft k\u1ebf v\u00f4 c\u00f9ng\u00a0\u0111\u01a1n gi\u1ea3n nh\u01b0ng v\u1eabn \u0111\u1ea3m b\u1ea3o ti\u1ebfp c\u1eadn v\u00e0 thu h\u00fat \u0111\u01b0\u1ee3c kh\u00e1ch h\u00e0ng. Ch\u00ednh v\u00ec v\u1eady h\u00f4m nay Micomax xin gi\u1edbi thi\u1ec7u t\u1edbi kh\u00e1ch h\u00e0ng s\u1ea3n ph\u1ea9m K\u1ec7 tr\u01b0ng b\u00e0y mica KTB-2509 \u0111\u01b0\u1ee3c s\u1eed d\u1ee5ng r\u1ed9ng r\u00e3i trong c\u00e1c showroom, qu\u1ea7y h\u00e0ng&#8230;\u0111\u1ec3 tr\u01b0ng b\u00e0y c\u00e1c s\u1ea3n ph\u1ea9m tinh d\u1ea7u, ngo\u00e0i ra b\u1ea1n c\u0169ng c\u00f3 th\u1ec3 thay \u0111\u1ed5i ki\u1ec3u d\u00e1ng, thi\u1ebft k\u1ebf cho ph\u00f9 h\u1ee3p v\u1edbi nhu c\u1ea7u s\u1eed d\u1ee5ng.<\/p>\n","protected":false},"excerpt":{"rendered":"<p>K\u1ec7 tr\u01b0ng b\u00e0y mica KTB-2509 l\u00e0m t\u1eeb ch\u1ea5t li\u1ec7u mica trong su\u1ed1t k\u1ebf h\u1ee3p mica s\u1eefa, ngo\u00e0i ra s\u1ea3n ph\u1ea9m c\u00f2n \u0111\u01b0\u1ee3c in \u0111\u1ec1 can v\u1edbi n\u1ed9i dung theo y\u00eau c\u1ea7u c\u1ee7a kh\u00e1ch h\u00e0ng<\/p>\n","protected":false},"featured_media":263,"comment_status":"open","ping_status":"closed","template":"","meta":[],"product_cat":[21],"product_tag":[],"_links":{"self":[{"href":"https:\/\/demo.bmconnect.vn\/mica\/wp-json\/wp\/v2\/product\/262"}],"collection":[{"href":"https:\/\/demo.bmconnect.vn\/mica\/wp-json\/wp\/v2\/product"}],"about":[{"href":"https:\/\/demo.bmconnect.vn\/mica\/wp-json\/wp\/v2\/types\/product"}],"replies":[{"embeddable":true,"href":"https:\/\/demo.bmconnect.vn\/mica\/wp-json\/wp\/v2\/comments?post=262"}],"wp:featuredmedia":[{"embeddable":true,"href":"https:\/\/demo.bmconnect.vn\/mica\/wp-json\/wp\/v2\/media\/263"}],"wp:attachment":[{"href":"https:\/\/demo.bmconnect.vn\/mica\/wp-json\/wp\/v2\/media?parent=262"}],"wp:term":[{"taxonomy":"product_cat","embeddable":true,"href":"https:\/\/demo.bmconnect.vn\/mica\/wp-json\/wp\/v2\/product_cat?post=262"},{"taxonomy":"product_tag","embeddable":true,"href":"https:\/\/demo.bmconnect.vn\/mica\/wp-json\/wp\/v2\/product_tag?post=262"}],"curies":[{"name":"wp","href":"https:\/\/api.w.org\/{rel}","templated":true}]}}