{"id":260,"date":"2018-06-05T15:44:41","date_gmt":"2018-06-05T08:44:41","guid":{"rendered":"https:\/\/demo.bmconnect.vn\/mica\/?post_type=product&#038;p=260"},"modified":"2018-06-05T15:44:42","modified_gmt":"2018-06-05T08:44:42","slug":"ke-trung-bay-san-pham-ktb-0111","status":"publish","type":"product","link":"https:\/\/demo.bmconnect.vn\/mica\/san-pham\/ke-trung-bay-san-pham-ktb-0111\/","title":{"rendered":"K\u1ec7 tr\u01b0ng b\u00e0y s\u1ea3n ph\u1ea9m KTB-0111"},"content":{"rendered":"<h2>Th\u00f4ng tin K\u1ec7 tr\u01b0ng b\u00e0y s\u1ea3n ph\u1ea9m KTB-0111<\/h2>\n<p><strong>\u0110\u1eb7c \u0111i\u1ec3m n\u1ed5i b\u1eadt<\/strong><\/p>\n<p>&#8211; T\u00ean s\u1ea3n ph\u1ea9m :\u00a0K\u1ec7 tr\u01b0ng b\u00e0y\u00a0s\u1ea3n ph\u1ea9m KTB-0111<\/p>\n<p>&#8211; Ng\u01b0\u1eddi ph\u1ee5 tr\u00e1ch : Mr.S\u01a1n ( 0904.893.606 &#8211; Sales03@micomax.com.vn)<\/p>\n<p>&#8211; Ng\u00e0y s\u1ea3n xu\u1ea5t : 22\/09\/2016<\/p>\n<p>&#8211; Ch\u1ea5t li\u1ec7u : mica trong \u0110\u00e0i Loan k\u1ebft h\u1ee3p mica trong Nh\u1eadt<\/p>\n<p>&#8211; \u0110\u1ed9 d\u00e0y :<\/p>\n<p>+ Mica trong 2mm \u0110\u00e0i Loan<\/p>\n<p>+ Mica trong 2.8mm Nh\u1eadt B\u1ea3n &#8211; S\u1ea3n ph\u1ea9m \u0111\u01b0\u1ee3c thi\u1ebft k\u1ebf v\u1edbi ki\u1ec3u d\u00e1ng theo y\u00eau c\u1ea7u c\u1ee7a kh\u00e1ch h\u00e0ng<\/p>\n<p>&#8211; K\u1ebft h\u1ee3p d\u00e1n \u0111\u1ec1 can c\u00f3 in th\u00f4ng tin c\u1ee7a s\u1ea3n ph\u1ea9m v\u00e0 nh\u00e0 cung c\u1ea5p<\/p>\n<p>&#8211; Thi\u1ebft k\u1ebf \u0111\u01a1n gi\u1ea3n<\/p>\n<p>&#8211; Ch\u1ea5t li\u1ec7u mica gi\u00fap b\u1ea1n d\u1ec5 b\u1ea3o qu\u1ea3n, l\u00e0m s\u1ea1ch nhanh b\u1eb1ng n\u01b0\u1edbc x\u00e0 ph\u00f2ng ho\u1eb7c kem \u0111\u00e1nh r\u0103ng b\u1ec1n v\u00e0 \u1ed5n \u0111\u1ecbnh l\u00fd h\u00f3a theo th\u1eddi gian.<\/p>\n<p>&#8211; Th\u00edch h\u1ee3p s\u1eed d\u1ee5ng trong c\u00e1c showroom, qu\u1ea7y h\u00e0ng&#8230;tr\u01b0ng b\u00e0y m\u1ef9 ph\u1ea9m, thu\u1ed1c.<\/p>\n<p>&#8211; B\u1ea1n c\u00f3 th\u1ec3 thay \u0111\u1ed5i k\u00edch th\u01b0\u1edbc, s\u1ed1 ng\u0103n, s\u1ed1 t\u1ea7ng, ki\u1ec3u d\u00e1ng&#8230;theo nhu c\u1ea7u s\u1eed d\u1ee5ng.<\/p>\n<p><strong>Th\u00f4ng tin chi ti\u1ebft<\/strong><\/p>\n<p><strong>K\u1ec7 tr\u01b0ng b\u00e0y s\u1ea3n ph\u1ea9m b\u1eb1ng mica<\/strong>\u00a0hi\u1ec7n nay kh\u00f4ng c\u00f2n qu\u00e1 xa l\u1ea1 \u0111\u1ed1i v\u1edbi ch\u00fang ta, b\u1ea1n c\u00f3 th\u1ec3 d\u1ec5 d\u00e0ng b\u1eaft g\u1eb7p ch\u00fang trong c\u00e1c c\u1eeda h\u00e0ng, si\u00eau th\u1ecb hay nh\u1eefng chi\u1ebfn d\u1ecbch qu\u1ea3ng b\u00e1 s\u1ea3n ph\u1ea9m&#8230;<strong>K\u1ec7 mica<\/strong>\u00a0c\u00f3 th\u1ec3 \u0111\u01b0\u1ee3c thi\u1ebft k\u1ebf \u0111\u1ec3 \u1ee9ng d\u1ee5ng tr\u01b0ng b\u00e0y nhi\u1ec1u s\u1ea3n ph\u1ea9m kh\u00e1c nhau nh\u01b0 : \u0111i\u1ec7n tho\u1ea1i, n\u1eef trang, gi\u00e0y d\u00e9p&#8230;H\u00f4m nay ch\u00fang t\u00f4i xin gi\u1edbi thi\u1ec7u t\u1edbi qu\u00fd kh\u00e1ch h\u00e0ng s\u1ea3n ph\u1ea9m k\u1ec7 tr\u01b0ng b\u00e0y s\u1ea3n ph\u1ea9m KTB-0111 d\u00f9ng \u0111\u1ec3 tr\u01b0ng b\u00e0y d\u01b0\u1ee3c ph\u1ea9m.<\/p>\n","protected":false},"excerpt":{"rendered":"<p>\u1ec7 tr\u01b0ng b\u00e0y s\u1ea3n p\u1ea9m\u00a0KTB-0111 \u0111\u01b0\u1ee3c l\u00e0m t\u1eeb ch\u1ea5t li\u1ec7u mica trong su\u1ed1t v\u1edbi \u0111\u1ed9 d\u00e0y 2.8mm v\u00e0 2mm, s\u1ea3n ph\u1ea9m k\u1ebft h\u1ee3p c\u00f4ng ngh\u1ec7 in \u0111\u1ec1 can v\u1edbi n\u1ed9i dung v\u00e0 h\u00ecnh \u1ea3nh theo y\u00eau c\u1ea7u c\u1ee7a kh\u00e1ch h\u00e0ng.<\/p>\n","protected":false},"featured_media":261,"comment_status":"open","ping_status":"closed","template":"","meta":[],"product_cat":[21],"product_tag":[],"_links":{"self":[{"href":"https:\/\/demo.bmconnect.vn\/mica\/wp-json\/wp\/v2\/product\/260"}],"collection":[{"href":"https:\/\/demo.bmconnect.vn\/mica\/wp-json\/wp\/v2\/product"}],"about":[{"href":"https:\/\/demo.bmconnect.vn\/mica\/wp-json\/wp\/v2\/types\/product"}],"replies":[{"embeddable":true,"href":"https:\/\/demo.bmconnect.vn\/mica\/wp-json\/wp\/v2\/comments?post=260"}],"wp:featuredmedia":[{"embeddable":true,"href":"https:\/\/demo.bmconnect.vn\/mica\/wp-json\/wp\/v2\/media\/261"}],"wp:attachment":[{"href":"https:\/\/demo.bmconnect.vn\/mica\/wp-json\/wp\/v2\/media?parent=260"}],"wp:term":[{"taxonomy":"product_cat","embeddable":true,"href":"https:\/\/demo.bmconnect.vn\/mica\/wp-json\/wp\/v2\/product_cat?post=260"},{"taxonomy":"product_tag","embeddable":true,"href":"https:\/\/demo.bmconnect.vn\/mica\/wp-json\/wp\/v2\/product_tag?post=260"}],"curies":[{"name":"wp","href":"https:\/\/api.w.org\/{rel}","templated":true}]}}