{"id":245,"date":"2018-06-05T15:33:19","date_gmt":"2018-06-05T08:33:19","guid":{"rendered":"https:\/\/demo.bmconnect.vn\/mica\/?post_type=product&#038;p=245"},"modified":"2018-06-05T15:33:19","modified_gmt":"2018-06-05T08:33:19","slug":"ke-menu-a5-tam-giac-de-roi-km-2511","status":"publish","type":"product","link":"https:\/\/demo.bmconnect.vn\/mica\/san-pham\/ke-menu-a5-tam-giac-de-roi-km-2511\/","title":{"rendered":"K\u1ec7 menu A5 tam gi\u00e1c \u0111\u1ebf r\u1eddi KM-2511"},"content":{"rendered":"<p>&#8211; T\u00ean s\u1ea3n ph\u1ea9m :\u00a0K\u1ec7 menu\u00a0A5 tam gi\u00e1c \u0111\u1ebf r\u1eddi KM-2511<\/p>\n<p>&#8211; Ng\u01b0\u1eddi ph\u1ee5 tr\u00e1ch : Mr.Minh ( 0904.898.606 &#8211; Sales04@micomax.com.vn)<\/p>\n<p>&#8211; Ng\u00e0y s\u1ea3n xu\u1ea5t : 24\/11\/2015<\/p>\n<p>&#8211; Ch\u1ea5t li\u1ec7u : mica \u0111\u00e0i loan<\/p>\n<p>&#8211; \u0110\u1ed9 d\u00e0y :<\/p>\n<p>+ Th\u00e2n : Mica trong su\u1ed1t 2mm<\/p>\n<p>+ \u0110\u1ebf : Mica \u0111\u1ecf 2mm<\/p>\n<p>&#8211; S\u1ea3n ph\u1ea9m k\u1ebft h\u1ee3p in l\u01b0\u1edbi ph\u1ea7n \u0111\u1ebf v\u1edbi n\u1ed9i dung theo y\u00eau c\u1ea7u c\u1ee7a kh\u00e1ch h\u00e0ng<\/p>\n<p>&#8211; Kh\u1ed5 : A5<\/p>\n<p>&#8211; \u0110\u1ebf u\u1ed1n h\u00ecnh tam gi\u00e1c mang l\u1ea1i v\u1ebb sang tr\u1ecdng v\u00e0 ch\u1eafc ch\u1eafn khi s\u1eed d\u1ee5ng<\/p>\n<p>&#8211; Ph\u1ea7n \u0111\u1ebf v\u00e0 ph\u1ea7n th\u00e2n t\u00e1ch r\u1eddi gi\u00fap b\u1ea1n d\u1ec5 d\u00e0ng thay \u0111\u1ed5i n\u1ed9i dung b\u00ean trong<\/p>\n<p>&#8211; S\u1eed d\u1ee5ng thu\u1eadn ti\u1ec7n<\/p>\n<p>&#8211; Ph\u00f9 h\u1ee3p s\u1eed d\u1ee5ng \u0111\u1eb7t t\u1ea1i c\u00e1c si\u00eau th\u1ecb, showroom, nh\u00e0 h\u00e0ng, qu\u00e1n \u0103n&#8230;&#8230;<\/p>\n<p>&#8211; Ki\u1ec3u d\u00e1ng \u0111\u01a1n gi\u1ea3n sang tr\u1ecdng, g\u1ecdn g\u00e0ng v\u00e0 ti\u1ebft ki\u1ec7m di\u1ec7n t\u00edch<\/p>\n<p>&#8211; S\u1ea3n ph\u1ea9m nh\u1eb9 nh\u1ecf g\u1ecdn d\u1ec5 d\u00e0ng v\u1eadn chuy\u1ec3n<\/p>\n<p>&#8211; Lo\u1ea1i menu n\u00e0y gi\u00fap kh\u00e1ch h\u00e0ng ti\u1ebft ki\u1ec7m \u0111\u01b0\u1ee3c v\u1eadt li\u1ec7u v\u00e0 chi ph\u00ed gia c\u00f4ng<\/p>\n<p>&#8211; Ch\u1ea5t li\u1ec7u mica gi\u00fap b\u1ea1n d\u1ec5 d\u00e0ng lau ch\u00f9i v\u1ec7 sinh<\/p>\n","protected":false},"excerpt":{"rendered":"<p>\u1ec7 menu A5 tam gi\u00e1c \u0111\u1ebf r\u1eddi KM-2511 \u0111\u01b0\u1ee3c thi\u1ebft k\u1ebf t\u1eeb ch\u1ea5t li\u1ec7u mica \u0111\u00e0i loan v\u1edbi th\u00e2n l\u00e0m t\u1eeb mica trong su\u1ed1t 2mm k\u1ebft h\u1ee3p v\u1edbi \u0111\u1ebf l\u00e0 mica \u0111\u1ecf 2mm, ph\u1ea7n \u0111\u1ebf \u0111\u01b0\u1ee3c in l\u01b0\u1edbi v\u1edbi n\u1ed9i dung theo y\u00eau c\u1ea7u c\u1ee7a kh\u00e1ch<\/p>\n","protected":false},"featured_media":246,"comment_status":"open","ping_status":"closed","template":"","meta":[],"product_cat":[19],"product_tag":[],"_links":{"self":[{"href":"https:\/\/demo.bmconnect.vn\/mica\/wp-json\/wp\/v2\/product\/245"}],"collection":[{"href":"https:\/\/demo.bmconnect.vn\/mica\/wp-json\/wp\/v2\/product"}],"about":[{"href":"https:\/\/demo.bmconnect.vn\/mica\/wp-json\/wp\/v2\/types\/product"}],"replies":[{"embeddable":true,"href":"https:\/\/demo.bmconnect.vn\/mica\/wp-json\/wp\/v2\/comments?post=245"}],"wp:featuredmedia":[{"embeddable":true,"href":"https:\/\/demo.bmconnect.vn\/mica\/wp-json\/wp\/v2\/media\/246"}],"wp:attachment":[{"href":"https:\/\/demo.bmconnect.vn\/mica\/wp-json\/wp\/v2\/media?parent=245"}],"wp:term":[{"taxonomy":"product_cat","embeddable":true,"href":"https:\/\/demo.bmconnect.vn\/mica\/wp-json\/wp\/v2\/product_cat?post=245"},{"taxonomy":"product_tag","embeddable":true,"href":"https:\/\/demo.bmconnect.vn\/mica\/wp-json\/wp\/v2\/product_tag?post=245"}],"curies":[{"name":"wp","href":"https:\/\/api.w.org\/{rel}","templated":true}]}}