{"id":243,"date":"2018-06-05T15:32:20","date_gmt":"2018-06-05T08:32:20","guid":{"rendered":"https:\/\/demo.bmconnect.vn\/mica\/?post_type=product&#038;p=243"},"modified":"2018-06-05T15:32:20","modified_gmt":"2018-06-05T08:32:20","slug":"ke-to-roi-mica-4-ngan-ktr-1510","status":"publish","type":"product","link":"https:\/\/demo.bmconnect.vn\/mica\/san-pham\/ke-to-roi-mica-4-ngan-ktr-1510\/","title":{"rendered":"K\u1ec7 t\u1edd r\u01a1i mica 4 ng\u0103n KTR-1510"},"content":{"rendered":"<p>K\u1ec7 t\u1edd r\u01a1i mica 4 ng\u0103n KTR-1510 \u0111\u01b0\u1ee3c l\u00e0m t\u1eeb ch\u1ea5t li\u1ec7u mica 2mm g\u1ed3m 4 ng\u0103n k\u1ebft h\u1ee3p in l\u01b0\u1edbi v\u1edbi n\u1ed9i dung theo kh\u00e1ch h\u00e0ng y\u00eau c\u1ea7u<\/p>\n<h2>Th\u00f4ng tin K\u1ec7 t\u1edd r\u01a1i mica 4 ng\u0103n KTR-1510<\/h2>\n<p><strong>\u0110\u1eb7c \u0111i\u1ec3m n\u1ed5i b\u1eadt<\/strong><\/p>\n<p>&#8211; T\u00ean s\u1ea3n ph\u1ea9m : K\u1ec7 t\u1edd r\u01a1i mica 4 ng\u0103n KTR-1510<\/p>\n<p>&#8211; Ng\u01b0\u1eddi ph\u1ee5 tr\u00e1ch : Ms.H\u00f2a ( 0914 859 878- Sales06@micomax.com.vn)<\/p>\n<p>&#8211; Ng\u00e0y s\u1ea3n xu\u1ea5t : 13\/10\/2015<\/p>\n<p>&#8211; Ch\u1ea5t li\u1ec7u : Mica trong \u0111\u00e0i loan<\/p>\n<p>&#8211; \u0110\u1ed9 d\u00e0y : 2mm<\/p>\n<p>&#8211; K\u1ebft h\u1ee3p in l\u01b0\u1edbi theo n\u1ed9i dung y\u00eau c\u1ea7u c\u1ee7a kh\u00e1ch h\u00e0ng th\u00f4ng th\u01b0\u1eddng l\u00e0 t\u00ean c\u00f4ng ty, logo, sologan&#8230;<\/p>\n<p>&#8211; K\u1ec7 t\u1edd r\u01a1i 4\u00a0ng\u0103n KTR-1510 \u0111\u01b0\u1ee3c thi\u1ebft k\u1ebf v\u1edbi 2 l\u1ed7 khoan 2 b\u00ean gi\u00fap ng\u01b0\u1eddi d\u00f9ng c\u00f3 th\u1ec3 g\u1eafn k\u1ec7 b\u1eb1ng \u1ed1c v\u00edt l\u00ean t\u01b0\u1eddng ho\u1eb7c \u0111\u1ec3 b\u00e0n.<\/p>\n<p>&#8211; Ki\u1ec3u d\u00e1ng \u0111\u01a1n gi\u1ea3n sang tr\u1ecdng, g\u1ecdn g\u00e0ng v\u00e0 ti\u1ebft ki\u1ec7m di\u1ec7n t\u00edch<\/p>\n<p>&#8211; S\u1ea3n ph\u1ea9m nh\u1eb9 nh\u1ecf g\u1ecdn d\u1ec5 d\u00e0ng v\u1eadn chuy\u1ec3n<\/p>\n<p>&#8211; Ch\u1ea5t li\u1ec7u mica gi\u00fap b\u1ea1n d\u1ec5 d\u00e0ng lau ch\u00f9i v\u1ec7 sinh<\/p>\n<p>&#8211; \u0110\u01b0\u1ee3c s\u1eed d\u1ee5ng nhi\u1ec1u trong ng\u00e2n h\u00e0ng , nh\u00e0 h\u00e0ng , c\u00e1c si\u00eau th\u1ecb , c\u00e1c qu\u1ea7y b\u00e1n h\u00e0ng l\u1ebb&#8230;ho\u1eb7c c\u00e1c chi\u1ebfn d\u1ecbch marketing.<\/p>\n","protected":false},"excerpt":{"rendered":"<p>&#8211; K\u1ebft h\u1ee3p in l\u01b0\u1edbi theo n\u1ed9i dung y\u00eau c\u1ea7u c\u1ee7a kh\u00e1ch h\u00e0ng th\u00f4ng th\u01b0\u1eddng l\u00e0 t\u00ean c\u00f4ng ty, logo, sologan&#8230;<\/p>\n<p>&#8211; K\u1ec7 t\u1edd r\u01a1i 4\u00a0ng\u0103n KTR-1510 \u0111\u01b0\u1ee3c thi\u1ebft k\u1ebf v\u1edbi 2 l\u1ed7 khoan 2 b\u00ean gi\u00fap ng\u01b0\u1eddi d\u00f9ng c\u00f3 th\u1ec3 g\u1eafn k\u1ec7 b\u1eb1ng \u1ed1c v\u00edt l\u00ean t\u01b0\u1eddng ho\u1eb7c \u0111\u1ec3 b\u00e0n.<\/p>\n","protected":false},"featured_media":244,"comment_status":"open","ping_status":"closed","template":"","meta":[],"product_cat":[19],"product_tag":[],"_links":{"self":[{"href":"https:\/\/demo.bmconnect.vn\/mica\/wp-json\/wp\/v2\/product\/243"}],"collection":[{"href":"https:\/\/demo.bmconnect.vn\/mica\/wp-json\/wp\/v2\/product"}],"about":[{"href":"https:\/\/demo.bmconnect.vn\/mica\/wp-json\/wp\/v2\/types\/product"}],"replies":[{"embeddable":true,"href":"https:\/\/demo.bmconnect.vn\/mica\/wp-json\/wp\/v2\/comments?post=243"}],"wp:featuredmedia":[{"embeddable":true,"href":"https:\/\/demo.bmconnect.vn\/mica\/wp-json\/wp\/v2\/media\/244"}],"wp:attachment":[{"href":"https:\/\/demo.bmconnect.vn\/mica\/wp-json\/wp\/v2\/media?parent=243"}],"wp:term":[{"taxonomy":"product_cat","embeddable":true,"href":"https:\/\/demo.bmconnect.vn\/mica\/wp-json\/wp\/v2\/product_cat?post=243"},{"taxonomy":"product_tag","embeddable":true,"href":"https:\/\/demo.bmconnect.vn\/mica\/wp-json\/wp\/v2\/product_tag?post=243"}],"curies":[{"name":"wp","href":"https:\/\/api.w.org\/{rel}","templated":true}]}}