{"id":241,"date":"2018-06-05T15:31:07","date_gmt":"2018-06-05T08:31:07","guid":{"rendered":"https:\/\/demo.bmconnect.vn\/mica\/?post_type=product&#038;p=241"},"modified":"2018-06-05T15:53:08","modified_gmt":"2018-06-05T08:53:08","slug":"ke-menu-mica-bao-gia-km-2312","status":"publish","type":"product","link":"https:\/\/demo.bmconnect.vn\/mica\/san-pham\/ke-menu-mica-bao-gia-km-2312\/","title":{"rendered":"K\u1ec7 menu mica b\u00e1o gi\u00e1 KM-2312"},"content":{"rendered":"<h2>Th\u00f4ng tin K\u1ec7 menu mica b\u00e1o gi\u00e1 KM-2312<\/h2>\n<p><strong>\u0110\u1eb7c \u0111i\u1ec3m n\u1ed5i b\u1eadt<\/strong><\/p>\n<p>&#8211; T\u00ean s\u1ea3n ph\u1ea9m :\u00a0<strong>K\u1ec7 menu mica\u00a0b\u00e1o gi\u00e1 KM-2312<\/strong><\/p>\n<p>&#8211; Ng\u01b0\u1eddi ph\u1ee5 tr\u00e1ch :\u00a0\u00a00914 859 878 &#8211; Sales06@micomax.com.vn )<\/p>\n<p>&#8211; Ng\u00e0y s\u1ea3n xu\u1ea5t : 22\/12\/2015<\/p>\n<p>&#8211; Ch\u1ea5t li\u1ec7u : mica trong su\u1ed1t<\/p>\n<p>&#8211; \u0110\u1ed9 d\u00e0y :<\/p>\n<p>+ Th\u00e2n menu : 2.8mm<\/p>\n<p>+ Khay \u0111\u1ef1ng t\u1edd r\u01a1i : \u0111\u00e1y 4.8mm, th\u00e0nh 2 b\u00ean 10mm<\/p>\n<p>&#8211; \u0110\u01b0\u1ee3c thi\u1ebft k\u1ebf theo nhu c\u1ea7u s\u1eed d\u1ee5ng c\u1ee7a kh\u00e1ch h\u00e0ng g\u1ed3m th\u00e2n menu k\u1ebft h\u1ee3p v\u1edbi khay \u0111\u1ef1ng t\u1edd r\u01a1i, ngo\u00e0i ra s\u1ea3n ph\u1ea9m c\u00f2n k\u1ebft h\u1ee3p in l\u01b0\u1edbi v\u1edbi n\u1ed9i dung theo y\u00eau c\u1ea7u c\u1ee7a kh\u00e1ch h\u00e0ng.<\/p>\n<p>&#8211; Ph\u1ea7n menu \u0111\u01b0\u1ee3c thi\u1ebft k\u1ebf theo kh\u1ed5 A4<\/p>\n<p>&#8211; \u0110\u1ebf v\u00e0 th\u00e2n t\u00e1ch r\u1eddi gi\u00fap b\u1ea1n c\u00f3 th\u1ec3 th\u00e1o l\u1eafp menu 1 c\u00e1ch d\u1ec5 d\u00e0ng<\/p>\n<p>&#8211; S\u1eed d\u1ee5ng thu\u1eadn ti\u1ec7n, th\u00e1o l\u1eafp d\u1ec5 d\u00e0ng v\u00e0 nhi\u1ec1u l\u1ea7n.<\/p>\n<p>&#8211; Ph\u00f9 h\u1ee3p s\u1eed d\u1ee5ng \u0111\u1eb7t t\u1ea1i c\u00e1c si\u00eau th\u1ecb, showroom &#8230;&#8230;<\/p>\n<p>&#8211; Ki\u1ec3u d\u00e1ng \u0111\u01a1n gi\u1ea3n sang tr\u1ecdng, g\u1ecdn g\u00e0ng v\u00e0 ti\u1ebft ki\u1ec7m di\u1ec7n t\u00edch<\/p>\n<p>&#8211; S\u1ea3n ph\u1ea9m nh\u1eb9 nh\u1ecf g\u1ecdn d\u1ec5 d\u00e0ng v\u1eadn chuy\u1ec3n<\/p>\n<p>&#8211; Ch\u1ea5t li\u1ec7u mica gi\u00fap b\u1ea1n d\u1ec5 d\u00e0ng lau ch\u00f9i v\u1ec7 sinh<\/p>\n","protected":false},"excerpt":{"rendered":"<p>K\u1ec7 menu mica b\u00e1o gi\u00e1 KM-2312 \u0111\u01b0\u1ee3c thi\u1ebft k\u1ebf theo nhu c\u1ea7u s\u1eed d\u1ee5ng c\u1ee7a kh\u00e1ch h\u00e0ng g\u1ed3m th\u00e2n menu k\u1ebft h\u1ee3p v\u1edbi khay \u0111\u1ef1ng t\u1edd r\u01a1i, ngo\u00e0i ra s\u1ea3n ph\u1ea9m c\u00f2n k\u1ebft h\u1ee3p in l\u01b0\u1edbi v\u1edbi n\u1ed9i dung theo y\u00eau c\u1ea7u c\u1ee7a kh\u00e1ch h\u00e0n.<\/p>\n","protected":false},"featured_media":249,"comment_status":"open","ping_status":"closed","template":"","meta":[],"product_cat":[19,23],"product_tag":[],"_links":{"self":[{"href":"https:\/\/demo.bmconnect.vn\/mica\/wp-json\/wp\/v2\/product\/241"}],"collection":[{"href":"https:\/\/demo.bmconnect.vn\/mica\/wp-json\/wp\/v2\/product"}],"about":[{"href":"https:\/\/demo.bmconnect.vn\/mica\/wp-json\/wp\/v2\/types\/product"}],"replies":[{"embeddable":true,"href":"https:\/\/demo.bmconnect.vn\/mica\/wp-json\/wp\/v2\/comments?post=241"}],"wp:featuredmedia":[{"embeddable":true,"href":"https:\/\/demo.bmconnect.vn\/mica\/wp-json\/wp\/v2\/media\/249"}],"wp:attachment":[{"href":"https:\/\/demo.bmconnect.vn\/mica\/wp-json\/wp\/v2\/media?parent=241"}],"wp:term":[{"taxonomy":"product_cat","embeddable":true,"href":"https:\/\/demo.bmconnect.vn\/mica\/wp-json\/wp\/v2\/product_cat?post=241"},{"taxonomy":"product_tag","embeddable":true,"href":"https:\/\/demo.bmconnect.vn\/mica\/wp-json\/wp\/v2\/product_tag?post=241"}],"curies":[{"name":"wp","href":"https:\/\/api.w.org\/{rel}","templated":true}]}}