{"id":239,"date":"2018-06-05T15:30:13","date_gmt":"2018-06-05T08:30:13","guid":{"rendered":"https:\/\/demo.bmconnect.vn\/mica\/?post_type=product&#038;p=239"},"modified":"2018-06-05T15:53:15","modified_gmt":"2018-06-05T08:53:15","slug":"menu-mica-a4-tam-giac-de-roi-kmn-149","status":"publish","type":"product","link":"https:\/\/demo.bmconnect.vn\/mica\/san-pham\/menu-mica-a4-tam-giac-de-roi-kmn-149\/","title":{"rendered":"Menu mica A4 tam gi\u00e1c \u0111\u1ebf r\u1eddi KMN-149"},"content":{"rendered":"<p>Menu mica A4 tam gi\u00e1c \u0111\u1ebf r\u1eddi KMN-149 c\u00f3 th\u00e2n \u0111\u01b0\u1ee3c l\u00e0m t\u1eeb ch\u1ea5t li\u1ec7u mica trong su\u1ed1t 2mm v\u00e0 \u0111\u1ebf l\u00e0 mica s\u1eefa 2mm, s\u1ea3n ph\u1ea9m \u0111\u01b0\u1ee3c k\u1ebft h\u1ee3p in l\u01b0\u1edbi v\u1edbi n\u1ed9i dung theo y\u00eau c\u1ea7u c\u1ee7a kh\u00e1ch h\u00e0ng. Nh\u1eadn cung c\u1ea5p K\u1ec7 Men Mica s\u1ed1 l\u01b0\u1ee3ng l\u1edbn:<\/p>\n<h2>Th\u00f4ng tin\u00a0Menu mica\u00a0A4 tam gi\u00e1c \u0111\u1ebf r\u1eddi KMN-149<\/h2>\n<p><strong>\u0110\u1eb7c \u0111i\u1ec3m n\u1ed5i b\u1eadt<\/strong><\/p>\n<p>&#8211; T\u00ean s\u1ea3n ph\u1ea9m :\u00a0Menu mca\u00a0A4 tam gi\u00e1c \u0111\u1ebf r\u1eddi KMN-149<\/p>\n<p>&#8211; Ng\u01b0\u1eddi ph\u1ee5 tr\u00e1ch : Mr.S\u01a1n ( 0904.893.606 &#8211; Sales03@micomax.com.vn )<\/p>\n<p>&#8211; Ng\u00e0y s\u1ea3n xu\u1ea5t : 03\/09\/2016<\/p>\n<p>&#8211; Ch\u1ea5t li\u1ec7u :<\/p>\n<p>+ Th\u00e2n : Mica trong<\/p>\n<p>+ \u0110\u1ebf : Mica s\u1eefa<\/p>\n<p>&#8211; \u0110\u1ed9 d\u00e0y :2mm<\/p>\n<p>&#8211; Kh\u1ed5 A4<\/p>\n<p>&#8211; Ph\u1ea7n \u0111\u1ebf v\u00e0 ph\u1ea7n th\u00e2n t\u00e1ch r\u1eddi gi\u00fap b\u1ea1n d\u1ec5 d\u00e0ng thay \u0111\u1ed5i n\u1ed9i dung b\u00ean trong<\/p>\n<p>&#8211; S\u1eed d\u1ee5ng thu\u1eadn ti\u1ec7n<\/p>\n<p>&#8211; Ph\u00f9 h\u1ee3p s\u1eed d\u1ee5ng \u0111\u1eb7t t\u1ea1i c\u00e1c si\u00eau th\u1ecb, showroom, nh\u00e0 h\u00e0ng, qu\u00e1n \u0103n&#8230;&#8230;<\/p>\n<p>&#8211; Ki\u1ec3u d\u00e1ng \u0111\u01a1n gi\u1ea3n sang tr\u1ecdng, g\u1ecdn g\u00e0ng v\u00e0 ti\u1ebft ki\u1ec7m di\u1ec7n t\u00edch<\/p>\n<p>&#8211; S\u1ea3n ph\u1ea9m nh\u1eb9 nh\u1ecf g\u1ecdn d\u1ec5 d\u00e0ng v\u1eadn chuy\u1ec3n<\/p>\n<p>&#8211; Lo\u1ea1i menu n\u00e0y gi\u00fap kh\u00e1ch h\u00e0ng ti\u1ebft ki\u1ec7m \u0111\u01b0\u1ee3c v\u1eadt li\u1ec7u v\u00e0 chi ph\u00ed gia c\u00f4ng<\/p>\n<p>&#8211; Ch\u1ea5t li\u1ec7u mica gi\u00fap b\u1ea1n d\u1ec5 d\u00e0ng lau ch\u00f9i v\u1ec7 sinh.<\/p>\n<p><strong>Th\u00f4ng tin chi ti\u1ebft<\/strong><\/p>\n<p>Th\u1ea5u hi\u1ec3u \u0111\u01b0\u1ee3c vai tr\u00f2 v\u00e0 nh\u1eefng l\u1ee3i \u00edch to l\u1edbn m\u00e0\u00a0<strong>menu mica<\/strong>\u00a0mang l\u1ea1i cho vi\u1ec7c kinh doanh c\u1ee7a c\u00e1 nh\u00e2n, t\u1ed5 ch\u1ee9c&#8230;do \u0111\u00f3 hi\u1ec7n nay ch\u00fang r\u1ea5t \u0111\u01b0\u1ee3c y\u00eau th\u00edch v\u00e0 \u1ee9ng d\u1ee5ng r\u1ed9ng r\u00e3i trong cu\u1ed9c s\u1ed1ng. M\u1eb7c d\u00f9 ch\u1ec9 l\u00e0 m\u1ed9t s\u1ea3n ph\u1ea9m \u0111\u01a1n gi\u1ea3n nh\u01b0ng s\u1ef1 c\u00f3 m\u1eb7t c\u1ee7a nh\u1eefng chi\u1ebfc k\u1ec7 menu mica n\u00e0y s\u1ebd gi\u00fap b\u1ea1n mang h\u01a1i th\u1edf m\u1edbi v\u00f4 c\u00f9ng hi\u1ec7n \u0111\u1ea1i sang tr\u1ecdng \u0111\u1ebfn m\u1ecdi kh\u00f4ng gian. C\u00e1c lo\u1ea1i menu mica \u0111ang \u0111\u01b0\u1ee3c ph\u1ed5 bi\u1ebfn tr\u00ean th\u1ecb tr\u01b0\u1eddng g\u1ed3m c\u00f3 : k\u1ec7 menu ch\u1eef T, k\u1ec7 menu \u0111\u1ebf tam gi\u00e1c li\u1ec1n &#8211; r\u1eddi, k\u1ec7 menu ch\u1eef L&#8230;.v\u1edbi nhi\u1ec1u k\u00edch th\u01b0\u1edbc kh\u00e1c nhau t\u00f9y theo m\u1ee5c \u0111\u00edch s\u1eed d\u1ee5ng c\u1ee7a kh\u00e1ch h\u00e0ng. V\u1edbi v\u00f4 v\u00e0n nh\u1eefng ki\u1ec3u d\u00e1ng v\u00e0 k\u00edch th\u01b0\u1edbc kh\u00e1c nhau r\u1ea5t d\u1ec5 khi\u1ebfn b\u1ea1n kh\u00f3 kh\u0103n trong vi\u1ec7c ch\u1ecdn l\u1ef1a, ch\u00ednh v\u00ec v\u1eady h\u00f4m nay Micomax xin gi\u1edbi thi\u1ec7u t\u1edbi c\u00e1c b\u1ea1n m\u1eabu s\u1ea3n ph\u1ea9m\u00a0Menu mica A4 tam gi\u00e1c \u0111\u1ebf r\u1eddi KMN-149, gi\u00fap b\u1ea1n c\u00f3 th\u00eam s\u1ef1a l\u1ef1a ch\u1ecdn m\u1edbi cho m\u00ecnh.<\/p>\n","protected":false},"excerpt":{"rendered":"<p>Menu mica A4 tam gi\u00e1c \u0111\u1ebf r\u1eddi KMN-149 c\u00f3 th\u00e2n \u0111\u01b0\u1ee3c l\u00e0m t\u1eeb ch\u1ea5t li\u1ec7u mica trong su\u1ed1t 2mm v\u00e0 \u0111\u1ebf l\u00e0 mica s\u1eefa 2mm, s\u1ea3n ph\u1ea9m \u0111\u01b0\u1ee3c k\u1ebft h\u1ee3p in l\u01b0\u1edbi v\u1edbi n\u1ed9i dung theo y\u00eau c\u1ea7u c\u1ee7a kh\u00e1ch h\u00e0ng. Nh\u1eadn cung c\u1ea5p K\u1ec7 Men Mica s\u1ed1 l\u01b0\u1ee3ng l\u1edbn:<\/p>\n","protected":false},"featured_media":250,"comment_status":"open","ping_status":"closed","template":"","meta":[],"product_cat":[19,23],"product_tag":[],"_links":{"self":[{"href":"https:\/\/demo.bmconnect.vn\/mica\/wp-json\/wp\/v2\/product\/239"}],"collection":[{"href":"https:\/\/demo.bmconnect.vn\/mica\/wp-json\/wp\/v2\/product"}],"about":[{"href":"https:\/\/demo.bmconnect.vn\/mica\/wp-json\/wp\/v2\/types\/product"}],"replies":[{"embeddable":true,"href":"https:\/\/demo.bmconnect.vn\/mica\/wp-json\/wp\/v2\/comments?post=239"}],"wp:featuredmedia":[{"embeddable":true,"href":"https:\/\/demo.bmconnect.vn\/mica\/wp-json\/wp\/v2\/media\/250"}],"wp:attachment":[{"href":"https:\/\/demo.bmconnect.vn\/mica\/wp-json\/wp\/v2\/media?parent=239"}],"wp:term":[{"taxonomy":"product_cat","embeddable":true,"href":"https:\/\/demo.bmconnect.vn\/mica\/wp-json\/wp\/v2\/product_cat?post=239"},{"taxonomy":"product_tag","embeddable":true,"href":"https:\/\/demo.bmconnect.vn\/mica\/wp-json\/wp\/v2\/product_tag?post=239"}],"curies":[{"name":"wp","href":"https:\/\/api.w.org\/{rel}","templated":true}]}}