{"id":235,"date":"2018-06-05T15:27:50","date_gmt":"2018-06-05T08:27:50","guid":{"rendered":"https:\/\/demo.bmconnect.vn\/mica\/?post_type=product&#038;p=235"},"modified":"2018-06-05T15:37:41","modified_gmt":"2018-06-05T08:37:41","slug":"ke-menu-mica-a4-de-tam-giac-lien-kmn-2811","status":"publish","type":"product","link":"https:\/\/demo.bmconnect.vn\/mica\/san-pham\/ke-menu-mica-a4-de-tam-giac-lien-kmn-2811\/","title":{"rendered":"K\u1ec7 menu mica A4 \u0111\u1ebf tam gi\u00e1c li\u1ec1n KMN-2811"},"content":{"rendered":"<h2>K\u1ec7 menu mica A4 \u0111\u1ebf tam gi\u00e1c li\u1ec1n KMN-2811<\/h2>\n<p><strong>\u0110\u1eb7c \u0111i\u1ec3m n\u1ed5i b\u1eadt<\/strong><\/p>\n<p>&#8211; T\u00ean s\u1ea3n ph\u1ea9m :\u00a0K\u1ec7 menu mica\u00a0A4 \u0111\u1ebf tam gi\u00e1c li\u1ec1n KMN-2811<\/p>\n<p>&#8211; Ch\u1ea5t li\u1ec7u : mica trong su\u1ed1t<\/p>\n<p>&#8211; \u0110\u1ed9 d\u00e0y : 3mm<\/p>\n<p>&#8211; Kh\u1ed5 A4<\/p>\n<p>&#8211; Ph\u1ea7n th\u00e2n v\u00e0 \u0111\u1ebf \u0111\u01b0\u1ee3c thi\u1ebft k\u1ebf li\u1ec1n gi\u00fap kh\u00e1ch h\u00e0ng ti\u1ebft ki\u1ec7m t\u1ed1i \u0111a v\u1eadt li\u1ec7u<\/p>\n<p>&#8211; Ch\u00e2n \u0111\u1ebf k\u1ebft h\u1ee3p d\u00e1n \u0111\u1ec1 can c\u00f3 in n\u1ed9i dung theo y\u00eau c\u1ea7u c\u1ee7a kh\u00e1ch h\u00e0ng<\/p>\n<p>&#8211; Ph\u00f9 h\u1ee3p s\u1eed d\u1ee5ng \u0111\u1eb7t t\u1ea1i c\u00e1c si\u00eau th\u1ecb, showroom, nh\u00e0 h\u00e0ng, qu\u00e1n \u0103n&#8230;&#8230; \u0111\u1ec3 ghi th\u1ef1c \u0111\u01a1n ho\u1eb7c t\u1ea1i c\u00e1c v\u0103n ph\u00f2ng&#8230;<\/p>\n<p>&#8211; Ki\u1ec3u d\u00e1ng thi\u1ebft k\u1ebf \u0111\u01a1n gi\u1ea3n nh\u01b0ng v\u1eabn to\u00e1t l\u00ean v\u1ebb sang tr\u1ecdng, g\u1ecdn g\u00e0ng v\u00e0 ti\u1ebft ki\u1ec7m di\u1ec7n t\u00edch<\/p>\n<p>&#8211; S\u1ea3n ph\u1ea9m nh\u1eb9 nh\u1ecf g\u1ecdn d\u1ec5 d\u00e0ng v\u1eadn chuy\u1ec3n<\/p>\n<p>&#8211; Ch\u1ea5t li\u1ec7u mica gi\u00fap b\u1ea1n d\u1ec5 d\u00e0ng lau ch\u00f9i v\u1ec7 sinh.<\/p>\n<p>&#8211; Ngo\u00e0i gi\u00fap kh\u00e1ch h\u00e0ng \u0111\u1ef1ng c\u00e1c m\u1eabu menu, h\u00ecnh \u1ea3nh c\u00f4ng ty s\u1ea3n ph\u1ea9m&#8230;menu mica c\u00f2n l\u00e0 m\u1ed9t trong nh\u1eefng c\u00f4ng c\u1ee5 h\u1ed7 tr\u1ee3 chi\u1ebfn d\u1ecbch marketing hi\u1ec7u qu\u1ea3.<\/p>\n<p><strong>Th\u00f4ng tin chi ti\u1ebft<\/strong><\/p>\n<p>Ch\u00fang ta c\u00f3 th\u1ec3 d\u1ec5 d\u00e0ng b\u1eaft g\u1eb7p c\u00e1c s\u1ea3n ph\u1ea9m\u00a0<strong>k\u1ec7 menu mica<\/strong>\u00a0trong c\u00e1c c\u1eeda h\u00e0ng, showroom, qu\u00e1n \u0103n&#8230;v\u1edbi nhi\u1ec1u ki\u1ec3u d\u00e1ng kh\u00e1c nhau, ch\u00ednh v\u00ec nh\u1eefng t\u00e1c d\u1ee5ng m\u00e0 ch\u00fang mang l\u1ea1i n\u00ean gi\u1edd \u0111\u00e2y ch\u00fang r\u1ea5t \u0111\u01b0\u1ee3c \u01b0a chu\u1ed9ng s\u1eed d\u1ee5ng v\u00e0 h\u1ea7u nh\u01b0 thay th\u1ebf ho\u00e0n to\u00e0n cho nh\u1eefng m\u1eabu menu b\u1eb1ng gi\u1ea5y th\u00f4ng th\u01b0\u1eddng.\u00a0Ngo\u00e0i gi\u00fap kh\u00e1ch h\u00e0ng \u0111\u1ef1ng c\u00e1c m\u1eabu menu, h\u00ecnh \u1ea3nh c\u00f4ng ty s\u1ea3n ph\u1ea9m&#8230;menu mica c\u00f2n l\u00e0 m\u1ed9t trong nh\u1eefng c\u00f4ng c\u1ee5 h\u1ed7 tr\u1ee3 chi\u1ebfn d\u1ecbch marketing hi\u1ec7u qu\u1ea3. Sau \u0111\u00e2y ch\u00fang t\u00f4i xin gi\u1edbi thi\u1ec7u t\u1edbi qu\u00fd kh\u00e1ch h\u00e0ng m\u1eabu\u00a0<strong>k\u1ec7 menu mica A4 \u0111\u1ebf tam gi\u00e1c li\u1ec1n KMN-2811<\/strong>\u00a0\u0111\u01b0\u1ee3c thi\u1ebft k\u1ebf\u00a0ho\u00e0n to\u00e0n t\u1eeb ch\u1ea5t li\u1ec7u mica trong su\u1ed1t, ph\u1ea7n th\u00e2n li\u1ec1n v\u1edbi \u0111\u1ebf gi\u00fap b\u1ea1n ti\u1ebft ki\u1ec7m t\u1ed1i \u0111a v\u1eadt li\u1ec7u v\u00e0 chi ph\u00ed.<\/p>\n","protected":false},"excerpt":{"rendered":"<p>K\u1ec7 menu mica\u00a0A4 \u0111\u1ebf tam gi\u00e1c li\u1ec1n KMN-2811 \u0111\u01b0\u1ee3c l\u00e0m ho\u00e0n to\u00e0n t\u1eeb ch\u1ea5t li\u1ec7u mica trong su\u1ed1t, ph\u1ea7n ch\u00e2n \u0111\u1ebf u\u1ed1n h\u00ecnh tam gi\u00e1c k\u1ebft h\u1ee3p d\u00e1n \u0111\u1ec1 can v\u1edbi n\u1ed9i dung theo y\u00eau c\u1ea7u c\u1ee7a kh\u00e1ch h\u00e0ng. Nh\u1eadn cung c\u1ea5p k\u1ec7 Menu Mica gi\u00e1 r\u1ebb:<\/p>\n","protected":false},"featured_media":252,"comment_status":"open","ping_status":"closed","template":"","meta":[],"product_cat":[19],"product_tag":[],"_links":{"self":[{"href":"https:\/\/demo.bmconnect.vn\/mica\/wp-json\/wp\/v2\/product\/235"}],"collection":[{"href":"https:\/\/demo.bmconnect.vn\/mica\/wp-json\/wp\/v2\/product"}],"about":[{"href":"https:\/\/demo.bmconnect.vn\/mica\/wp-json\/wp\/v2\/types\/product"}],"replies":[{"embeddable":true,"href":"https:\/\/demo.bmconnect.vn\/mica\/wp-json\/wp\/v2\/comments?post=235"}],"wp:featuredmedia":[{"embeddable":true,"href":"https:\/\/demo.bmconnect.vn\/mica\/wp-json\/wp\/v2\/media\/252"}],"wp:attachment":[{"href":"https:\/\/demo.bmconnect.vn\/mica\/wp-json\/wp\/v2\/media?parent=235"}],"wp:term":[{"taxonomy":"product_cat","embeddable":true,"href":"https:\/\/demo.bmconnect.vn\/mica\/wp-json\/wp\/v2\/product_cat?post=235"},{"taxonomy":"product_tag","embeddable":true,"href":"https:\/\/demo.bmconnect.vn\/mica\/wp-json\/wp\/v2\/product_tag?post=235"}],"curies":[{"name":"wp","href":"https:\/\/api.w.org\/{rel}","templated":true}]}}