{"id":213,"date":"2018-06-05T15:14:40","date_gmt":"2018-06-05T08:14:40","guid":{"rendered":"https:\/\/demo.bmconnect.vn\/mica\/?post_type=product&#038;p=213"},"modified":"2018-06-05T15:14:40","modified_gmt":"2018-06-05T08:14:40","slug":"hop-mica-trung-bay-mau-vat-23","status":"publish","type":"product","link":"https:\/\/demo.bmconnect.vn\/mica\/san-pham\/hop-mica-trung-bay-mau-vat-23\/","title":{"rendered":"H\u1ed9p mica tr\u01b0ng b\u00e0y m\u1eabu v\u1eadt 23"},"content":{"rendered":"<p>Th\u00f4ng tin H\u1ed9p mica \u0111\u1ef1ng ti\u1ec1n ti\u1ebft ki\u1ec7m HM-058<\/p>\n<p>\u0110\u1eb7c \u0111i\u1ec3m<\/p>\n<p>&#8211; T\u00ean s\u1ea3n ph\u1ea9m :\u00a0H\u1ed9p mica\u00a0\u0111\u1ef1ng ti\u1ec1n ti\u1ebft ki\u1ec7m HM-058<\/p>\n<p>&#8211;\u00a0Ng\u01b0\u1eddi ph\u1ee5 tr\u00e1ch : Ms.H\u00f2a (0914.859.878 &#8211; Sales06@micomax.com.vn )<\/p>\n<p>&#8211; Ng\u00e0y s\u1ea3n xu\u1ea5t : 29\/07\/2016<\/p>\n<p>&#8211; Ch\u1ea5t li\u1ec7u : Mica trong su\u1ed1t<\/p>\n<p>&#8211; \u0110\u1ed9 d\u00e0y : 2.8mm<\/p>\n<p>&#8211; S\u1ea3n ph\u1ea9m \u0111\u01b0\u1ee3c thi\u1ebft k\u1ebf l\u00e0 m\u1ed9t h\u00ecnh ch\u1eef nh\u1eadt,g\u1ed3m nhi\u1ec1u ng\u0103n nh\u1ecf,c\u00f3 n\u1eafp \u0111\u1eady b\u00ean tr\u00ean. Ngo\u00e0i ra b\u1ea1n c\u0169ng c\u00f3 th\u1ec3 thi\u1ebft k\u1ebf t\u00f9y theo nhu c\u1ea7u c\u1ee7a b\u1ea1n.<\/p>\n<p>&#8211; Thi\u1ebft k\u1ebf \u0111\u01a1n gi\u1ea3n<\/p>\n<p>&#8211; Ch\u1ea5t li\u1ec7u mica gi\u00fap b\u1ea1n d\u1ec5 b\u1ea3o qu\u1ea3n, l\u00e0m s\u1ea1ch nhanh b\u1eb1ng n\u01b0\u1edbc x\u00e0 ph\u00f2ng ho\u1eb7c kem \u0111\u00e1nh r\u0103ng b\u1ec1n v\u00e0 \u1ed5n \u0111\u1ecbnh l\u00fd h\u00f3a theo th\u1eddi gian.<\/p>\n<p>&#8211; B\u1ea1n c\u00f3 th\u1ec3 thay \u0111\u1ed5i k\u00edch th\u01b0\u1edbc, s\u1ed1 t\u1ea7ng, ki\u1ec3u d\u00e1ng&#8230;theo nhu c\u1ea7u s\u1eed d\u1ee5ng.<\/p>\n<p>Th\u00f4ng tin chi ti\u1ebft<\/p>\n","protected":false},"excerpt":{"rendered":"<p>H\u1ed9p mica \u0111\u1ef1ng ti\u1ec1n ti\u1ebft ki\u1ec7m HM-058 \u0111\u01b0\u1ee3c l\u00e0m t\u1eeb ch\u1ea5t li\u1ec7u mica trong su\u1ed1t 2.8mm, s\u1ea3n ph\u1ea9m k\u1ebft h\u1ee3p in \u0111\u1ec1 can v\u1edbi th\u00f4ng tin, n\u1ed9i dung theo y\u00eau c\u1ea7u c\u1ee7a kh\u00e1ch h\u00e0ng.<\/p>\n","protected":false},"featured_media":214,"comment_status":"open","ping_status":"closed","template":"","meta":[],"product_cat":[15,22],"product_tag":[],"_links":{"self":[{"href":"https:\/\/demo.bmconnect.vn\/mica\/wp-json\/wp\/v2\/product\/213"}],"collection":[{"href":"https:\/\/demo.bmconnect.vn\/mica\/wp-json\/wp\/v2\/product"}],"about":[{"href":"https:\/\/demo.bmconnect.vn\/mica\/wp-json\/wp\/v2\/types\/product"}],"replies":[{"embeddable":true,"href":"https:\/\/demo.bmconnect.vn\/mica\/wp-json\/wp\/v2\/comments?post=213"}],"wp:featuredmedia":[{"embeddable":true,"href":"https:\/\/demo.bmconnect.vn\/mica\/wp-json\/wp\/v2\/media\/214"}],"wp:attachment":[{"href":"https:\/\/demo.bmconnect.vn\/mica\/wp-json\/wp\/v2\/media?parent=213"}],"wp:term":[{"taxonomy":"product_cat","embeddable":true,"href":"https:\/\/demo.bmconnect.vn\/mica\/wp-json\/wp\/v2\/product_cat?post=213"},{"taxonomy":"product_tag","embeddable":true,"href":"https:\/\/demo.bmconnect.vn\/mica\/wp-json\/wp\/v2\/product_tag?post=213"}],"curies":[{"name":"wp","href":"https:\/\/api.w.org\/{rel}","templated":true}]}}