{"id":181,"date":"2018-06-05T14:37:46","date_gmt":"2018-06-05T07:37:46","guid":{"rendered":"https:\/\/demo.bmconnect.vn\/mica\/?post_type=product&#038;p=181"},"modified":"2018-06-05T15:38:59","modified_gmt":"2018-06-05T08:38:59","slug":"hop-mica-ky-thuat-hmkt-2808","status":"publish","type":"product","link":"https:\/\/demo.bmconnect.vn\/mica\/san-pham\/hop-mica-ky-thuat-hmkt-2808\/","title":{"rendered":"H\u1ed9p mica k\u1ef9 thu\u1eadt HMKT-2808"},"content":{"rendered":"<p>H\u1ed9p mica k\u1ef9 thu\u1eadt HMKT-2808 \u0111\u01b0\u1ee3c thi\u1ebft k\u1ebf theo y\u00eau c\u1ea7u c\u1ee7a kh\u00e1ch h\u00e0ng t\u1eeb ch\u1ea5t li\u1ec7u mica \u0111\u00e0i loan, s\u1ea3n ph\u1ea9m \u0111\u01b0\u1ee3c l\u00e0m ho\u00e0n to\u00e0n t\u1eeb ch\u1ea5t li\u1ec7u mica tr\u1eafng s\u1eefa d\u00e0y 4.8mmH\u1ed9p mica k\u1ef9 thu\u1eadt HMKT-2808 \u0111\u01b0\u1ee3c thi\u1ebft k\u1ebf theo y\u00eau c\u1ea7u c\u1ee7a kh\u00e1ch h\u00e0ng t\u1eeb ch\u1ea5t li\u1ec7u mica \u0111\u00e0i loan, s\u1ea3n ph\u1ea9m \u0111\u01b0\u1ee3c l\u00e0m ho\u00e0n to\u00e0n t\u1eeb ch\u1ea5t li\u1ec7u mica tr\u1eafng s\u1eefa d\u00e0y 4.8mmH\u1ed9p mica k\u1ef9 thu\u1eadt HMKT-2808 \u0111\u01b0\u1ee3c thi\u1ebft k\u1ebf theo y\u00eau c\u1ea7u c\u1ee7a kh\u00e1ch h\u00e0ng t\u1eeb ch\u1ea5t li\u1ec7u mica \u0111\u00e0i loan, s\u1ea3n ph\u1ea9m \u0111\u01b0\u1ee3c l\u00e0m ho\u00e0n to\u00e0n t\u1eeb ch\u1ea5t li\u1ec7u mica tr\u1eafng s\u1eefa d\u00e0y 4.8mm<\/p>\n<h2>h\u00f4ng tin H\u1ed9p mica k\u1ef9 thu\u1eadt HMKT-2808<\/h2>\n<p><strong>\u0110\u1eb7c \u0111i\u1ec3m n\u1ed5i b\u1eadt<\/strong><\/p>\n<p>&#8211; T\u00ean s\u1ea3n ph\u1ea9m : H\u1ed9p mica k\u1ef9 thu\u1eadt HMKT-2808<\/p>\n<p>&#8211; Ng\u01b0\u1eddi ph\u1ee5 tr\u00e1ch : Mr.D\u0169ng (0904 892 606 &#8211; Sales02@micomax.com.vn)<\/p>\n<p>&#8211; Ch\u1ea5t li\u1ec7u : Mica tr\u1eafng s\u1eefa \u0111\u00e0i loan<\/p>\n<p>&#8211; \u0110\u1ed9 d\u00e0y : 4.8mm<\/p>\n<p>&#8211; Thi\u1ebft k\u1ebf \u0111\u01a1n gi\u1ea3n<\/p>\n<p>&#8211; M\u1eb7t tr\u01b0\u1edbc \u0111\u01b0\u1ee3c thi\u1ebft k\u1ebf v\u1edbi m\u1ed9t kho\u1ea3ng tr\u1ed1ng r\u1ed9ng gi\u00fap b\u1ea1n c\u00f3 th\u1ec3 d\u1ec5 d\u00e0ng quan s\u00e1t m\u00e1y m\u00f3c b\u00ean trong, ngo\u00e0i ra c\u00f2n c\u00f3 c\u00e1c l\u1ed7 tr\u1ed1ng t\u01b0\u01a1ng \u0111\u01b0\u01a1ng v\u1edbi c\u00e1c n\u00fat \u0111i\u1ec1u khi\u1ec3n<\/p>\n<p>&#8211; M\u1eb7t sau\u00a0<strong>H\u1ed9p mica k\u1ef9 thu\u1eadt\u00a0HMKT-2808<\/strong>\u00a0\u0111\u01b0\u1ee3c thi\u1ebft k\u1ebf v\u1edbi c\u00e1c \u00f4 tho\u00e1ng gi\u00fap t\u1ea3n nhi\u1ec7t khi m\u00e1y m\u00f3c ho\u1ea1t \u0111\u1ed9ng<\/p>\n<p>&#8211; S\u1ea3n ph\u1ea9m c\u00f3 t\u00e1c d\u1ee5ng \u0111\u1ec3 b\u1ea3o v\u1ec7 c\u00e1c linh ki\u1ec7n \u0111i\u1ec7n t\u1eed, m\u00e1y m\u00f3c&#8230;.tr\u01b0\u1edbc c\u00e1c t\u00e1c \u0111\u1ed9ng b\u00ean ngo\u00e0i<\/p>\n<p>&#8211; Ch\u1ea5t li\u1ec7u mica gi\u00fap b\u1ea1n d\u1ec5 b\u1ea3o qu\u1ea3n, l\u00e0m s\u1ea1ch nhanh b\u1eb1ng n\u01b0\u1edbc x\u00e0 ph\u00f2ng ho\u1eb7c kem \u0111\u00e1nh r\u0103ng b\u1ec1n v\u00e0 \u1ed5n \u0111\u1ecbnh l\u00fd h\u00f3a theo th\u1eddi gian<\/p>\n<p>&#8211; S\u1ea3n ph\u1ea9m \u0111\u01b0\u1ee3c s\u1eed d\u1ee5ng trong c\u00e1c khu c\u00f4ng nghi\u1ec7p, c\u00e1c nh\u00e0 x\u01b0\u1edfng&#8230;ho\u1eb7c b\u1ea1n c\u0169ng c\u00f3 th\u1ec3 s\u1eed d\u1ee5ng ch\u00fang \u1edf b\u1ea5t c\u1ee9 \u0111\u00e2u t\u00f9y theo nhu c\u1ea7u c\u1ee7a m\u00ecnh nh\u1eb1m b\u1ea3o v\u1ec7 m\u00e1y m\u00f3c.<\/p>\n<p>&#8211; K\u00edch th\u01b0\u1edbc, ki\u1ec3u d\u00e1ng, \u0111\u1ed9 d\u00e0y, m\u00e0u s\u1eafc c\u00f3 th\u1ec3 thay \u0111\u1ed5i t\u00f9y thu\u1ed9c theo nhu c\u1ea7u s\u1eed d\u1ee5ng c\u1ee7a kh\u00e1ch h\u00e0ng<\/p>\n","protected":false},"excerpt":{"rendered":"<p>H\u1ed9p mica k\u1ef9 thu\u1eadt HMKT-2808 \u0111\u01b0\u1ee3c thi\u1ebft k\u1ebf theo y\u00eau c\u1ea7u c\u1ee7a kh\u00e1ch h\u00e0ng t\u1eeb ch\u1ea5t li\u1ec7u mica \u0111\u00e0i loan, s\u1ea3n ph\u1ea9m \u0111\u01b0\u1ee3c l\u00e0m ho\u00e0n to\u00e0n t\u1eeb ch\u1ea5t li\u1ec7u mica tr\u1eafng s\u1eefa d\u00e0y 4.8mm<\/p>\n","protected":false},"featured_media":253,"comment_status":"open","ping_status":"closed","template":"","meta":[],"product_cat":[15,22],"product_tag":[],"_links":{"self":[{"href":"https:\/\/demo.bmconnect.vn\/mica\/wp-json\/wp\/v2\/product\/181"}],"collection":[{"href":"https:\/\/demo.bmconnect.vn\/mica\/wp-json\/wp\/v2\/product"}],"about":[{"href":"https:\/\/demo.bmconnect.vn\/mica\/wp-json\/wp\/v2\/types\/product"}],"replies":[{"embeddable":true,"href":"https:\/\/demo.bmconnect.vn\/mica\/wp-json\/wp\/v2\/comments?post=181"}],"wp:featuredmedia":[{"embeddable":true,"href":"https:\/\/demo.bmconnect.vn\/mica\/wp-json\/wp\/v2\/media\/253"}],"wp:attachment":[{"href":"https:\/\/demo.bmconnect.vn\/mica\/wp-json\/wp\/v2\/media?parent=181"}],"wp:term":[{"taxonomy":"product_cat","embeddable":true,"href":"https:\/\/demo.bmconnect.vn\/mica\/wp-json\/wp\/v2\/product_cat?post=181"},{"taxonomy":"product_tag","embeddable":true,"href":"https:\/\/demo.bmconnect.vn\/mica\/wp-json\/wp\/v2\/product_tag?post=181"}],"curies":[{"name":"wp","href":"https:\/\/api.w.org\/{rel}","templated":true}]}}