{"id":179,"date":"2018-06-05T14:37:05","date_gmt":"2018-06-05T07:37:05","guid":{"rendered":"https:\/\/demo.bmconnect.vn\/mica\/?post_type=product&#038;p=179"},"modified":"2018-06-05T15:53:28","modified_gmt":"2018-06-05T08:53:28","slug":"hop-mica-ky-thuat-hmkt-1812","status":"publish","type":"product","link":"https:\/\/demo.bmconnect.vn\/mica\/san-pham\/hop-mica-ky-thuat-hmkt-1812\/","title":{"rendered":"H\u1ed9p mica k\u1ef9 thu\u1eadt HMKT-1812"},"content":{"rendered":"<h2>Th\u00f4ng tin H\u1ed9p mica k\u1ef9 thu\u1eadt HMKT-1812<\/h2>\n<p><strong>\u0110\u1eb7c \u0111i\u1ec3m n\u1ed5i b\u1eadt<\/strong><\/p>\n<p>&#8211; T\u00ean s\u1ea3n ph\u1ea9m : H\u1ed9p mica k\u1ef9 thu\u1eadt HMKT-1812<\/p>\n<p>&#8211; Ng\u01b0\u1eddi ph\u1ee5 tr\u00e1ch : Ms.H\u00f2a ( 0914 859 878 &#8211; Sales06@micomax.com.vn )<\/p>\n<p>&#8211; Ng\u00e0y s\u1ea3n xu\u1ea5t : 17\/12\/2015<\/p>\n<p>&#8211; Ch\u1ea5t li\u1ec7u : mica trong su\u1ed1t \u0110\u00e0i Loan<\/p>\n<p>&#8211; \u0110\u1ed9 d\u00e0y : 5mm<\/p>\n<p>&#8211; S\u1ea3n ph\u1ea9m thi\u1ebft k\u1ebf h\u00ecnh h\u1ed9p c\u00f3 n\u1eafp m\u1edf b\u00ean tr\u00ean \u0111\u01b0\u1ee3c g\u1eafn th\u00eam b\u1ea3n l\u1ec1 \u0111\u1ec3 c\u00f3 th\u1ec3 \u0111\u00f3ng m\u1edf d\u1ec5 d\u00e0ng<\/p>\n<p>&#8211; Thi\u1ebft k\u1ebf \u0111\u01a1n gi\u1ea3n<\/p>\n<p>&#8211; Ch\u1ea5t li\u1ec7u mica gi\u00fap b\u1ea1n d\u1ec5 b\u1ea3o qu\u1ea3n, l\u00e0m s\u1ea1ch nhanh b\u1eb1ng n\u01b0\u1edbc x\u00e0 ph\u00f2ng ho\u1eb7c kem \u0111\u00e1nh r\u0103ng b\u1ec1n v\u00e0 \u1ed5n \u0111\u1ecbnh l\u00fd h\u00f3a theo th\u1eddi gian<\/p>\n<p>&#8211; S\u1ea3n ph\u1ea9m \u0111\u01b0\u1ee3c s\u1eed d\u1ee5ng trong c\u00e1c khu c\u00f4ng nghi\u1ec7p, c\u00e1c nh\u00e0 x\u01b0\u1edfng&#8230;ho\u1eb7c b\u1ea1n c\u0169ng c\u00f3 th\u1ec3 s\u1eed d\u1ee5ng ch\u00fang \u1edf b\u1ea5t c\u1ee9 \u0111\u00e2u t\u00f9y theo nhu c\u1ea7u c\u1ee7a m\u00ecnh.<\/p>\n<p>&#8211; H\u1ed9p mica k\u1ef9 thu\u1eadt HMKT &#8211; 1812 \u0111\u01b0\u1ee3c d\u00f9ng \u0111\u1ec3 \u0111\u1ef1ng c\u00e1c linh ki\u1ec7n \u0111i\u1ec7n t\u1eed, c\u00e1c v\u1eadt li\u1ec7u k\u1ef9 thu\u1eadt&#8230;.<\/p>\n<p>&#8211; K\u00edch th\u01b0\u1edbc, ki\u1ec3u d\u00e1ng, \u0111\u1ed9 d\u00e0y, m\u00e0u s\u1eafc c\u00f3 th\u1ec3 thay \u0111\u1ed5i t\u00f9y thu\u1ed9c theo nhu c\u1ea7u s\u1eed d\u1ee5ng c\u1ee7a kh\u00e1ch h\u00e0ng<\/p>\n<p><strong>Th\u00f4ng tin chi ti\u1ebft<\/strong><\/p>\n","protected":false},"excerpt":{"rendered":"<div class=\"col-xs-12 col-sm-12 col-md-4 col-lg-4\">\n<div class=\"product-image\">\n<div id=\"thumbmail-images\" class=\"thumbnail-images owl-carousel owl-theme\">\n<div class=\"owl-wrapper-outer\">\n<div class=\"owl-wrapper\">\n<div class=\"owl-item\"><\/div>\n<\/div>\n<\/div>\n<\/div>\n<\/div>\n<\/div>\n<div class=\"col-xs-12 col-sm-12 col-md-5 col-lg-5\">\n<div class=\"short-desc\">H\u1ed9p mica k\u1ef9 thu\u1eadt HMKT-1812 \u0111\u01b0\u1ee3c l\u00e0m t\u1eeb ch\u1ea5t li\u1ec7u mica trong su\u1ed1t \u0110\u00e0i Loan \u0111\u1ed9 d\u00e0y 5mm, s\u1ea3n ph\u1ea9m thi\u1ebft k\u1ebf h\u00ecnh h\u1ed9p c\u00f3 n\u1eafp m\u1edf b\u00ean tr\u00ean \u0111\u01b0\u1ee3c g\u1eafn th\u00eam b\u1ea3n l\u1ec1 \u0111\u1ec3 c\u00f3 th\u1ec3 \u0111\u00f3ng m\u1edf d\u1ec5 d\u00e0ng<\/div>\n<\/div>\n","protected":false},"featured_media":254,"comment_status":"open","ping_status":"closed","template":"","meta":[],"product_cat":[15,22,23],"product_tag":[],"_links":{"self":[{"href":"https:\/\/demo.bmconnect.vn\/mica\/wp-json\/wp\/v2\/product\/179"}],"collection":[{"href":"https:\/\/demo.bmconnect.vn\/mica\/wp-json\/wp\/v2\/product"}],"about":[{"href":"https:\/\/demo.bmconnect.vn\/mica\/wp-json\/wp\/v2\/types\/product"}],"replies":[{"embeddable":true,"href":"https:\/\/demo.bmconnect.vn\/mica\/wp-json\/wp\/v2\/comments?post=179"}],"wp:featuredmedia":[{"embeddable":true,"href":"https:\/\/demo.bmconnect.vn\/mica\/wp-json\/wp\/v2\/media\/254"}],"wp:attachment":[{"href":"https:\/\/demo.bmconnect.vn\/mica\/wp-json\/wp\/v2\/media?parent=179"}],"wp:term":[{"taxonomy":"product_cat","embeddable":true,"href":"https:\/\/demo.bmconnect.vn\/mica\/wp-json\/wp\/v2\/product_cat?post=179"},{"taxonomy":"product_tag","embeddable":true,"href":"https:\/\/demo.bmconnect.vn\/mica\/wp-json\/wp\/v2\/product_tag?post=179"}],"curies":[{"name":"wp","href":"https:\/\/api.w.org\/{rel}","templated":true}]}}