{"id":177,"date":"2018-06-05T14:36:26","date_gmt":"2018-06-05T07:36:26","guid":{"rendered":"https:\/\/demo.bmconnect.vn\/mica\/?post_type=product&#038;p=177"},"modified":"2018-06-05T15:53:40","modified_gmt":"2018-06-05T08:53:40","slug":"hop-mica-ky-thuat-hmkt-1612","status":"publish","type":"product","link":"https:\/\/demo.bmconnect.vn\/mica\/san-pham\/hop-mica-ky-thuat-hmkt-1612\/","title":{"rendered":"H\u1ed9p mica k\u1ef9 thu\u1eadt HMKT-1612"},"content":{"rendered":"<p>H\u1ed9p mica k\u1ef9 thu\u1eadt HMKT-1612 \u0111\u01b0\u1ee3c l\u00e0m t\u1eeb ch\u1ea5t li\u1ec7u mica trong su\u1ed1t 3mm \u0110\u00e0i Loan, s\u1ea3n ph\u1ea9m thi\u1ebft k\u1ebf g\u1ed3m 5 m\u1eb7t tr\u00ean \u0111\u01b0\u1ee3c l\u1eafp b\u1ea3n l\u1ec1 gi\u00fap b\u1ea1n c\u00f3 th\u1ec3 \u0111\u00f3ng m\u1edf n\u1eafp h\u1ed9p<\/p>\n<h2>Th\u00f4ng tin H\u1ed9p mica k\u1ef9 thu\u1eadt HMKT-1612<\/h2>\n<p>\u0110\u1eb7c \u0111i\u1ec3m n\u1ed5i b\u1eadt<\/p>\n<p>&#8211; T\u00ean s\u1ea3n ph\u1ea9m : H\u1ed9p mica k\u1ef9 thu\u1eadt HMKT-1612<\/p>\n<p>&#8211; Ng\u01b0\u1eddi ph\u1ee5 tr\u00e1ch : Mr.S\u01a1n ( 0904.893.606 &#8211; Sales03@micomax.com.vn )<\/p>\n<p>&#8211; Ng\u00e0y s\u1ea3n xu\u1ea5t : 15\/12\/2015<\/p>\n<p>&#8211; Ch\u1ea5t li\u1ec7u : mica trong su\u1ed1t \u0110\u00e0i Loan<\/p>\n<p>&#8211; \u0110\u1ed9 d\u00e0y : 3mm<\/p>\n<p>&#8211; S\u1ea3n ph\u1ea9m thi\u1ebft k\u1ebf g\u1ed3m 5 m\u1eb7t tr\u00ean \u0111\u01b0\u1ee3c l\u1eafp b\u1ea3n l\u1ec1 gi\u00fap b\u1ea1n c\u00f3 th\u1ec3 \u0111\u00f3ng m\u1edf n\u1eafp h\u1ed9p<\/p>\n<p>&#8211; Thi\u1ebft k\u1ebf \u0111\u01a1n gi\u1ea3n<\/p>\n<p>&#8211; Ch\u1ea5t li\u1ec7u mica gi\u00fap b\u1ea1n d\u1ec5 b\u1ea3o qu\u1ea3n, l\u00e0m s\u1ea1ch nhanh b\u1eb1ng n\u01b0\u1edbc x\u00e0 ph\u00f2ng ho\u1eb7c kem \u0111\u00e1nh r\u0103ng b\u1ec1n v\u00e0 \u1ed5n \u0111\u1ecbnh l\u00fd h\u00f3a theo th\u1eddi gian<\/p>\n<p>&#8211; S\u1ea3n ph\u1ea9m \u0111\u01b0\u1ee3c s\u1eed d\u1ee5ng trong c\u00e1c khu c\u00f4ng nghi\u1ec7p, c\u00e1c nh\u00e0 x\u01b0\u1edfng&#8230;ho\u1eb7c b\u1ea1n c\u0169ng c\u00f3 th\u1ec3 s\u1eed d\u1ee5ng ch\u00fang \u1edf b\u1ea5t c\u1ee9 \u0111\u00e2u t\u00f9y theo nhu c\u1ea7u c\u1ee7a m\u00ecnh.<\/p>\n<p>&#8211; K\u00edch th\u01b0\u1edbc c\u00f3 th\u1ec3 t\u00f9y ch\u1ec9nh, t\u00f9y theo y\u00eau c\u1ea7u \u0111\u1eb7t m\u1eabu b\u00ean trong<\/p>\n<p>Th\u00f4ng tin chi ti\u1ebft<\/p>\n<p><strong>H\u1ed9p mica\u00a0k\u1ef9 thu\u1eadt HMKT-1612<\/strong>\u00a0\u0111\u01b0\u1ee3c l\u00e0m t\u1eeb ch\u1ea5t li\u1ec7u mica trong su\u1ed1t 3mm \u0110\u00e0i Loan, s\u1ea3n ph\u1ea9m thi\u1ebft k\u1ebf g\u1ed3m 5 m\u1eb7t tr\u00ean \u0111\u01b0\u1ee3c l\u1eafp b\u1ea3n l\u1ec1 gi\u00fap b\u1ea1n c\u00f3 th\u1ec3 \u0111\u00f3ng m\u1edf n\u1eafp h\u1ed9p. Ch\u1ea5t li\u1ec7u mica gi\u00fap b\u1ea1n d\u1ec5 b\u1ea3o qu\u1ea3n, l\u00e0m s\u1ea1ch nhanh b\u1eb1ng n\u01b0\u1edbc x\u00e0 ph\u00f2ng ho\u1eb7c kem \u0111\u00e1nh r\u0103ng b\u1ec1n v\u00e0 \u1ed5n \u0111\u1ecbnh l\u00fd h\u00f3a theo th\u1eddi gian<\/p>\n","protected":false},"excerpt":{"rendered":"<p>H\u1ed9p mica k\u1ef9 thu\u1eadt HMKT-1612 \u0111\u01b0\u1ee3c l\u00e0m t\u1eeb ch\u1ea5t li\u1ec7u mica trong su\u1ed1t 3mm \u0110\u00e0i Loan, s\u1ea3n ph\u1ea9m thi\u1ebft k\u1ebf g\u1ed3m 5 m\u1eb7t tr\u00ean \u0111\u01b0\u1ee3c l\u1eafp b\u1ea3n l\u1ec1 gi\u00fap b\u1ea1n c\u00f3 th\u1ec3 \u0111\u00f3ng m\u1edf n\u1eafp h\u1ed9p<\/p>\n","protected":false},"featured_media":256,"comment_status":"open","ping_status":"closed","template":"","meta":[],"product_cat":[15,22,23],"product_tag":[],"_links":{"self":[{"href":"https:\/\/demo.bmconnect.vn\/mica\/wp-json\/wp\/v2\/product\/177"}],"collection":[{"href":"https:\/\/demo.bmconnect.vn\/mica\/wp-json\/wp\/v2\/product"}],"about":[{"href":"https:\/\/demo.bmconnect.vn\/mica\/wp-json\/wp\/v2\/types\/product"}],"replies":[{"embeddable":true,"href":"https:\/\/demo.bmconnect.vn\/mica\/wp-json\/wp\/v2\/comments?post=177"}],"wp:featuredmedia":[{"embeddable":true,"href":"https:\/\/demo.bmconnect.vn\/mica\/wp-json\/wp\/v2\/media\/256"}],"wp:attachment":[{"href":"https:\/\/demo.bmconnect.vn\/mica\/wp-json\/wp\/v2\/media?parent=177"}],"wp:term":[{"taxonomy":"product_cat","embeddable":true,"href":"https:\/\/demo.bmconnect.vn\/mica\/wp-json\/wp\/v2\/product_cat?post=177"},{"taxonomy":"product_tag","embeddable":true,"href":"https:\/\/demo.bmconnect.vn\/mica\/wp-json\/wp\/v2\/product_tag?post=177"}],"curies":[{"name":"wp","href":"https:\/\/api.w.org\/{rel}","templated":true}]}}