{"id":175,"date":"2018-06-05T14:35:42","date_gmt":"2018-06-05T07:35:42","guid":{"rendered":"https:\/\/demo.bmconnect.vn\/mica\/?post_type=product&#038;p=175"},"modified":"2018-06-05T15:53:35","modified_gmt":"2018-06-05T08:53:35","slug":"hop-mica-ky-thuat-hmkt-2512","status":"publish","type":"product","link":"https:\/\/demo.bmconnect.vn\/mica\/san-pham\/hop-mica-ky-thuat-hmkt-2512\/","title":{"rendered":"H\u1ed9p mica k\u1ef9 thu\u1eadt HMKT-2512"},"content":{"rendered":"<h2>Th\u00f4ng tin H\u1ed9p mica k\u1ef9 thu\u1eadt HMKT-2512<\/h2>\n<p><strong>\u0110\u1eb7c \u0111i\u1ec3m n\u1ed5i b\u1eadt<\/strong><\/p>\n<p>&#8211; T\u00ean s\u1ea3n ph\u1ea9m :\u00a0<strong>H\u1ed9p mica\u00a0k\u1ef9 thu\u1eadt HMKT-2512<\/strong><\/p>\n<p>&#8211; Ng\u01b0\u1eddi ph\u1ee5 tr\u00e1ch :\u00a0Mr.D\u0169ng ( 0904 892 606 &#8211; Sales02@micomax.com.vn )<\/p>\n<p>&#8211; Ng\u00e0y s\u1ea3n xu\u1ea5t : 25\/12\/2015<\/p>\n<p>&#8211; Ch\u1ea5t li\u1ec7u : Mica trong su\u1ed1t<\/p>\n<p>&#8211; \u0110\u1ed9 d\u00e0y : 5mm<\/p>\n<p>&#8211; S\u1ea3n ph\u1ea9m \u0111\u01b0\u1ee3c thi\u1ebft k\u1ebf th\u00e0nh nhi\u1ec1u ng\u0103n nh\u1ecf kh\u00e1c nhau<\/p>\n<p>&#8211; Ki\u1ec3u d\u00e1ng \u0111\u01a1n gi\u1ea3n sang tr\u1ecdng, g\u1ecdn g\u00e0ng v\u00e0 ti\u1ebft ki\u1ec7m di\u1ec7n t\u00edch<\/p>\n<p>&#8211; S\u1ea3n ph\u1ea9m nh\u1eb9 nh\u1ecf g\u1ecdn d\u1ec5 d\u00e0ng v\u1eadn chuy\u1ec3n<\/p>\n<p>&#8211; Ch\u1ea5t li\u1ec7u mica gi\u00fap b\u1ea1n d\u1ec5 d\u00e0ng lau ch\u00f9i v\u1ec7 sinh<\/p>\n<p>&#8211; \u0110\u01b0\u1ee3c s\u1eed d\u1ee5ng nhi\u1ec1u trong ng\u00e2n h\u00e0ng , nh\u00e0 h\u00e0ng , c\u00e1c si\u00eau th\u1ecb , c\u00e1c qu\u1ea7y b\u00e1n h\u00e0ng l\u1ebb&#8230;ho\u1eb7c c\u00e1c chi\u1ebfn d\u1ecbch marketing \u0111\u1ec3 \u0111\u1ef1ng s\u1ea3n ph\u1ea9m<\/p>\n<p>&#8211; B\u1ea1n c\u0169ng c\u00f3 th\u1ec3 thay \u0111\u1ed5i k\u00edch th\u01b0\u1edbc, s\u1ed1 t\u1ea7ng, s\u1ed1 ng\u0103n, \u0111\u1ed9 d\u00e0y&#8230;t\u00f9y theo nhu c\u1ea7u s\u1eed d\u1ee5ng<\/p>\n<p><strong>Th\u00f4ng tin chi ti\u1ebft<\/strong><\/p>\n<p><strong>H\u1ed9p mica k\u1ef9 thu\u1eadt\u00a0HMKT-2512<\/strong>\u00a0\u0111\u01b0\u1ee3c l\u00e0m ho\u00e0n to\u00e0n t\u1eeb ch\u1ea5t li\u1ec7u mica trong su\u1ed1t \u0110\u00e0i Loan \u0111\u1ed9 d\u00e0y 5mm, s\u1ea3n ph\u1ea9m \u0111\u01b0\u1ee3c thi\u1ebft k\u1ebf th\u00e0nh nhi\u1ec1u ng\u0103n nh\u1ecf kh\u00e1c nhau gi\u00fap b\u1ea1n c\u00f3 th\u1ec3 ph\u00e2n lo\u1ea1i c\u00e1c s\u1ea3n ph\u1ea9m. S\u1ea3n ph\u1ea9m \u0111\u01b0\u1ee3c s\u1eed d\u1ee5ng trong c\u00e1c khu c\u00f4ng nghi\u1ec7p, c\u00e1c nh\u00e0 x\u01b0\u1edfng&#8230;ho\u1eb7c b\u1ea1n c\u0169ng c\u00f3 th\u1ec3 s\u1eed d\u1ee5ng ch\u00fang \u1edf b\u1ea5t c\u1ee9 \u0111\u00e2u t\u00f9y theo nhu c\u1ea7u c\u1ee7a m\u00ecnh.<\/p>\n","protected":false},"excerpt":{"rendered":"<p>H\u1ed9p mica k\u1ef9 thu\u1eadt HMKT-2512 \u0111\u01b0\u1ee3c l\u00e0m ho\u00e0n to\u00e0n t\u1eeb ch\u1ea5t li\u1ec7u mica trong su\u1ed1t \u0110\u00e0i Loan \u0111\u1ed9 d\u00e0y 5mm, s\u1ea3n ph\u1ea9m \u0111\u01b0\u1ee3c thi\u1ebft k\u1ebf th\u00e0nh nhi\u1ec1u ng\u0103n nh\u1ecf kh\u00e1c nhau gi\u00fap b\u1ea1n c\u00f3 th\u1ec3 ph\u00e2n lo\u1ea1i c\u00e1c s\u1ea3n ph\u1ea9m.<\/p>\n","protected":false},"featured_media":255,"comment_status":"open","ping_status":"closed","template":"","meta":[],"product_cat":[15,22,23],"product_tag":[],"_links":{"self":[{"href":"https:\/\/demo.bmconnect.vn\/mica\/wp-json\/wp\/v2\/product\/175"}],"collection":[{"href":"https:\/\/demo.bmconnect.vn\/mica\/wp-json\/wp\/v2\/product"}],"about":[{"href":"https:\/\/demo.bmconnect.vn\/mica\/wp-json\/wp\/v2\/types\/product"}],"replies":[{"embeddable":true,"href":"https:\/\/demo.bmconnect.vn\/mica\/wp-json\/wp\/v2\/comments?post=175"}],"wp:featuredmedia":[{"embeddable":true,"href":"https:\/\/demo.bmconnect.vn\/mica\/wp-json\/wp\/v2\/media\/255"}],"wp:attachment":[{"href":"https:\/\/demo.bmconnect.vn\/mica\/wp-json\/wp\/v2\/media?parent=175"}],"wp:term":[{"taxonomy":"product_cat","embeddable":true,"href":"https:\/\/demo.bmconnect.vn\/mica\/wp-json\/wp\/v2\/product_cat?post=175"},{"taxonomy":"product_tag","embeddable":true,"href":"https:\/\/demo.bmconnect.vn\/mica\/wp-json\/wp\/v2\/product_tag?post=175"}],"curies":[{"name":"wp","href":"https:\/\/api.w.org\/{rel}","templated":true}]}}