{"id":173,"date":"2018-06-05T14:34:24","date_gmt":"2018-06-05T07:34:24","guid":{"rendered":"https:\/\/demo.bmconnect.vn\/mica\/?post_type=product&#038;p=173"},"modified":"2018-06-05T14:45:56","modified_gmt":"2018-06-05T07:45:56","slug":"hop-mica-ky-thuat-hmkt-3110","status":"publish","type":"product","link":"https:\/\/demo.bmconnect.vn\/mica\/san-pham\/hop-mica-ky-thuat-hmkt-3110\/","title":{"rendered":"H\u1ed9p mica k\u1ef9 thu\u1eadt HMKT-3110"},"content":{"rendered":"<h2>Th\u00f4ng tin chi ti\u1ebft H\u1ed9p mica k\u1ef9 thu\u1eadt HMKT-3110<\/h2>\n<p><strong>\u0110\u1eb7c \u0111i\u1ec3m n\u1ed5i b\u1eadt<\/strong><\/p>\n<p>&#8211; T\u00ean s\u1ea3n ph\u1ea9m : H\u1ed9p mica k\u1ef9 thu\u1eadt HMKT-3110<\/p>\n<p>&#8211; Ch\u1ea5t li\u1ec7u : mica trong su\u1ed1t<\/p>\n<p>&#8211; \u0110\u1ed9 d\u00e0y : 5mm<\/p>\n<p>&#8211; S\u1ea3n ph\u1ea9m thi\u1ebft k\u1ebf g\u1ed3m 2 ng\u0103n, b\u00ean tr\u00ean c\u00f3 n\u1eafp<\/p>\n<p>&#8211; Thi\u1ebft k\u1ebf \u0111\u01a1n gi\u1ea3n<\/p>\n<p>&#8211; Ch\u1ea5t li\u1ec7u mica gi\u00fap b\u1ea1n d\u1ec5 b\u1ea3o qu\u1ea3n, l\u00e0m s\u1ea1ch nhanh b\u1eb1ng n\u01b0\u1edbc x\u00e0 ph\u00f2ng ho\u1eb7c kem \u0111\u00e1nh r\u0103ng b\u1ec1n v\u00e0 \u1ed5n \u0111\u1ecbnh l\u00fd h\u00f3a theo th\u1eddi gian<\/p>\n<p>&#8211; S\u1ea3n ph\u1ea9m \u0111\u01b0\u1ee3c s\u1eed d\u1ee5ng trong c\u00e1c khu c\u00f4ng nghi\u1ec7p, c\u00e1c nh\u00e0 x\u01b0\u1edfng&#8230;ho\u1eb7c b\u1ea1n c\u0169ng c\u00f3 th\u1ec3 s\u1eed d\u1ee5ng ch\u00fang \u1edf b\u1ea5t c\u1ee9 \u0111\u00e2u t\u00f9y theo nhu c\u1ea7u c\u1ee7a m\u00ecnh.<\/p>\n<p>&#8211; H\u1ed9p mica k\u1ef9 thu\u1eadt c\u00f3 t\u00e1c d\u1ee5ng \u0111\u1ec3 b\u1ea3o v\u1ec7 c\u00e1c linh ki\u1ec7n \u0111i\u1ec7n t\u1eed, m\u00e1y m\u00f3c&#8230;.tr\u01b0\u1edbc c\u00e1c t\u00e1c \u0111\u1ed9ng b\u00ean ngo\u00e0i<\/p>\n<p>&#8211; K\u00edch th\u01b0\u1edbc c\u00f3 th\u1ec3 t\u00f9y ch\u1ec9nh, t\u00f9y theo y\u00eau c\u1ea7u \u0111\u1eb7t m\u1eabu b\u00ean trong<\/p>\n<p><strong>Th\u00f4ng tin chi ti\u1ebft<\/strong><\/p>\n<p>Hi\u1ec7n nay \u0111\u1ec3 tr\u00e1nh c\u00e1c linh ki\u1ec7n \u0111i\u1ec7n t\u1eed ho\u1eb7c c\u00e1c m\u00e1y m\u00f3c b\u1ecb b\u00e1m b\u1ee5i, d\u00ednh n\u01b0\u1edbc&#8230;ng\u01b0\u1eddi ta \u0111\u00e3 \u1ee9ng d\u1ee5ng mica v\u00e0o gia c\u00f4ng t\u1ea1o ra c\u00e1c h\u1ed9p mica k\u1ef9 thu\u1eadt. V\u1edbi \u01b0u \u0111i\u1ec3m n\u1ed5i b\u1eadt: Trong su\u1ed1t nh\u01b0 k\u00ednh, kh\u00f4ng d\u1ec5 v\u1ee1, d\u1ec5 t\u1ea1o h\u00ecnh&#8230;t\u1eeb m\u1ed9t t\u1ea5m mica nguy\u00ean b\u1ea3n b\u1ea1n c\u00f3 th\u1ec3 thi\u1ebft k\u1ebf k\u1ebft h\u1ee3p \u1ee9ng d\u1ee5ng k\u1ef9 thu\u1eadt\u00a0<strong>c\u1eaft mica<\/strong>\u00a0\u0111\u1ec3\u00a0t\u1ea1o ra nhi\u1ec1u ki\u1ec3u d\u00e1ng h\u1ed9p mica kh\u00e1c nhau ph\u00f9 h\u1ee3p v\u1edbi nhu c\u1ea7u s\u1eed d\u1ee5ng c\u1ee7a m\u00ecnh. Sau \u0111\u00e2y ch\u00fang t\u00f4i xin gi\u1edbi thi\u1ec7u t\u1edbi qu\u00fd kh\u00e1ch s\u1ea3n ph\u1ea9m H\u1ed9p mica k\u1ef9 thu\u1eadt HMKT-3110<\/p>\n","protected":false},"excerpt":{"rendered":"<p>H\u1ed9p mica k\u1ef9 thu\u1eadt HMKT-3110 \u0111\u01b0\u1ee3c l\u00e0m t\u1eeb ch\u1ea5t li\u1ec7u mica trong su\u1ed1t \u0111\u01b0\u1ee3c chia ra l\u00e0m 2 ng\u0103n, b\u00ean tr\u00ean thi\u1ebft k\u1ebf n\u1eafp ch\u1ee5p c\u00f3 th\u1ec3 \u0111\u00f3ng m\u1edf.<\/p>\n","protected":false},"featured_media":174,"comment_status":"open","ping_status":"closed","template":"","meta":[],"product_cat":[15,22],"product_tag":[],"_links":{"self":[{"href":"https:\/\/demo.bmconnect.vn\/mica\/wp-json\/wp\/v2\/product\/173"}],"collection":[{"href":"https:\/\/demo.bmconnect.vn\/mica\/wp-json\/wp\/v2\/product"}],"about":[{"href":"https:\/\/demo.bmconnect.vn\/mica\/wp-json\/wp\/v2\/types\/product"}],"replies":[{"embeddable":true,"href":"https:\/\/demo.bmconnect.vn\/mica\/wp-json\/wp\/v2\/comments?post=173"}],"wp:featuredmedia":[{"embeddable":true,"href":"https:\/\/demo.bmconnect.vn\/mica\/wp-json\/wp\/v2\/media\/174"}],"wp:attachment":[{"href":"https:\/\/demo.bmconnect.vn\/mica\/wp-json\/wp\/v2\/media?parent=173"}],"wp:term":[{"taxonomy":"product_cat","embeddable":true,"href":"https:\/\/demo.bmconnect.vn\/mica\/wp-json\/wp\/v2\/product_cat?post=173"},{"taxonomy":"product_tag","embeddable":true,"href":"https:\/\/demo.bmconnect.vn\/mica\/wp-json\/wp\/v2\/product_tag?post=173"}],"curies":[{"name":"wp","href":"https:\/\/api.w.org\/{rel}","templated":true}]}}