{"id":460,"date":"2018-06-05T17:34:33","date_gmt":"2018-06-05T10:34:33","guid":{"rendered":"https:\/\/demo.bmconnect.vn\/mica\/?page_id=460"},"modified":"2018-06-05T17:42:36","modified_gmt":"2018-06-05T10:42:36","slug":"gioi-thieu","status":"publish","type":"page","link":"https:\/\/demo.bmconnect.vn\/mica\/gioi-thieu\/","title":{"rendered":"Gi\u1edbi thi\u1ec7u"},"content":{"rendered":"<div class=\"gap-element\" style=\"display:block; height:auto; padding-top:30px\" class=\"clearfix\"><\/div>\n<div class=\"row row-small row-divided\"  id=\"row-259141836\">\n<div class=\"col medium-3 small-12 large-3\"  ><div class=\"col-inner\" style=\"padding:15px 10px 15px 10px;\" >\n<p><span style=\"color: #ed1c24;\"><strong><span style=\"font-size: 120%;\">C\u00f4ng ty C\u1ed5 ph\u1ea7n<\/span><\/strong><\/span><br \/><span style=\"color: #ed1c24;\"><strong><span style=\"font-size: 120%;\">P-Techno Vi\u1ec7t Nam<\/span><\/strong><\/span><\/p>\n<\/div><\/div>\n<div class=\"col medium-9 small-12 large-9\"  ><div class=\"col-inner\" style=\"padding:15px 15px 15px 15px;\" >\n<table>\n<tbody>\n<tr>\n<th><font style=\"vertical-align: inherit;\"><font style=\"vertical-align: inherit;\">T\u00ean c\u00f4ng ty<\/font><\/font><\/th>\n<td><font style=\"vertical-align: inherit;\"><font style=\"vertical-align: inherit;\">C\u00f4ng ty TNHH Iry People<\/font><\/font><\/td>\n<\/tr>\n<tr>\n<th><font style=\"vertical-align: inherit;\"><font style=\"vertical-align: inherit;\">\u0110\u1ecba ch\u1ec9<\/font><\/font><\/th>\n<td><font style=\"vertical-align: inherit;\"><font style=\"vertical-align: inherit;\">Yoshiko Kurashiki, Okayama 701-0115 138-4<\/font><\/font><\/td>\n<\/tr>\n<tr>\n<th><font style=\"vertical-align: inherit;\"><font style=\"vertical-align: inherit;\">TEL \/ FAX<\/font><\/font><\/th>\n<td><font style=\"vertical-align: inherit;\"><font style=\"vertical-align: inherit;\">086-463-6200 \/ 086-463-1310<\/font><\/font><\/td>\n<\/tr>\n<tr>\n<th><font style=\"vertical-align: inherit;\"><font style=\"vertical-align: inherit;\">\u0110\u1ea1i di\u1ec7n<\/font><\/font><\/th>\n<td><font style=\"vertical-align: inherit;\"><font style=\"vertical-align: inherit;\">Gi\u00e1m \u0111\u1ed1c \u0111\u1ea1i di\u1ec7n Masahiro Kobayashi<\/font><\/font><\/td>\n<\/tr>\n<tr>\n<th><font style=\"vertical-align: inherit;\"><font style=\"vertical-align: inherit;\">V\u1ed1n<\/font><\/font><\/th>\n<td><font style=\"vertical-align: inherit;\"><font style=\"vertical-align: inherit;\">15 tri\u1ec7u y\u00ean<\/font><\/font><\/td>\n<\/tr>\n<tr>\n<th><font style=\"vertical-align: inherit;\"><font style=\"vertical-align: inherit;\">Th\u00e0nh l\u1eadp<\/font><\/font><\/th>\n<td><font style=\"vertical-align: inherit;\"><font style=\"vertical-align: inherit;\">Th\u00e1ng 3 n\u0103m 2006<\/font><\/font><\/td>\n<\/tr>\n<tr>\n<th><font style=\"vertical-align: inherit;\"><font style=\"vertical-align: inherit;\">N\u1ed9i dung kinh doanh<\/font><\/font><\/th>\n<td><font style=\"vertical-align: inherit;\"><font style=\"vertical-align: inherit;\">S\u1ed1 gi\u1ea5y ph\u00e9p thu\u00ea ngo\u00e0i: chung 33-300120<\/font><\/font><\/td>\n<\/tr>\n<\/tbody>\n<\/table>\n<div class=\"gap-element\" style=\"display:block; height:auto; padding-top:30px\" class=\"clearfix\"><\/div>\n<div class=\"row\"  id=\"row-944755855\">\n<div class=\"col medium-6 small-12 large-6\"  ><div class=\"col-inner\"  >\n<p><span style=\"color: #ed1c24; font-size: 110%;\"><strong>Th\u00f4ng tin li\u00ean h\u1ec7:<\/strong><\/span><br \/><span style=\"font-size: 95%;\"><strong>\u0110\u1ecba ch\u1ec9:<\/strong> S\u1ed1 28 ng\u00f5 19 L\u01b0\u01a1ng Ng\u1ecdc Quy\u1ebfn, H\u00e0 \u0110\u00f4ng, H\u00e0 N\u1ed9i.<\/span><br \/><span style=\"font-size: 95%;\"><strong>Email:<\/strong> demo@gmail.com<\/span><br \/><span style=\"font-size: 95%;\"><strong>Website:<\/strong> www.webdesign.com<\/span><\/p>\n<p><strong><span style=\"color: #ed1c24;\">Gi\u1edd l\u00e0m vi\u1ec7c:<\/span><\/strong> 8:00-17:30 h\u00e0ng ng\u00e0y. Th\u1ee9 B\u1ea3y v\u00e0 Ch\u1ee7 Nh\u1eadt ngh\u1ec9.<\/p>\n<\/div><\/div>\n<div class=\"col medium-6 small-12 large-6\"  ><div class=\"col-inner\"  >\n<p><span style=\"font-size: 110%;\"><strong><span style=\"color: #ed1c24;\">Bi\u1ec3u m\u1eabu li\u00ean h\u1ec7 t\u1ea1i \u0111\u00e2y:<\/span><\/strong><\/span><\/p>\n<a href=\"\/lien-he\" target=\"_self\" class=\"button secondary lowercase expand\"  style=\"border-radius:4px;\">\n  <i class=\"icon-play\" ><\/i>  <span>Li\u00ean h\u1ec7 t\u01b0 v\u1ea5n<\/span>\n  <\/a>\n\n<\/div><\/div>\n<\/div>\n<\/div><\/div>\n\n<style scope=\"scope\">\n\n#row-259141836 > .col > .col-inner {\n  background-color: rgb(255, 255, 255);\n}\n<\/style>\n<\/div>\n","protected":false},"excerpt":{"rendered":"","protected":false},"author":1,"featured_media":0,"parent":0,"menu_order":0,"comment_status":"closed","ping_status":"closed","template":"page-blank.php","meta":[],"_links":{"self":[{"href":"https:\/\/demo.bmconnect.vn\/mica\/wp-json\/wp\/v2\/pages\/460"}],"collection":[{"href":"https:\/\/demo.bmconnect.vn\/mica\/wp-json\/wp\/v2\/pages"}],"about":[{"href":"https:\/\/demo.bmconnect.vn\/mica\/wp-json\/wp\/v2\/types\/page"}],"author":[{"embeddable":true,"href":"https:\/\/demo.bmconnect.vn\/mica\/wp-json\/wp\/v2\/users\/1"}],"replies":[{"embeddable":true,"href":"https:\/\/demo.bmconnect.vn\/mica\/wp-json\/wp\/v2\/comments?post=460"}],"version-history":[{"count":0,"href":"https:\/\/demo.bmconnect.vn\/mica\/wp-json\/wp\/v2\/pages\/460\/revisions"}],"wp:attachment":[{"href":"https:\/\/demo.bmconnect.vn\/mica\/wp-json\/wp\/v2\/media?parent=460"}],"curies":[{"name":"wp","href":"https:\/\/api.w.org\/{rel}","templated":true}]}}