{"id":409,"date":"2018-09-28T20:53:17","date_gmt":"2018-09-28T13:53:17","guid":{"rendered":"https:\/\/demo.bmconnect.vn\/maylockhi2\/?post_type=product&#038;p=409"},"modified":"2018-09-28T20:57:46","modified_gmt":"2018-09-28T13:57:46","slug":"may-loc-va-tiet-trung-khong-khi-puresys-aio-20","status":"publish","type":"product","link":"https:\/\/demo.bmconnect.vn\/maylockhi2\/may-loc-va-tiet-trung-khong-khi-puresys-aio-20\/","title":{"rendered":"M\u00e1y l\u1ecdc v\u00e0 ti\u1ec7t tr\u00f9ng kh\u00f4ng kh\u00ed PureSys AIO-20"},"content":{"rendered":"<p>C\u00f4ng ngh\u1ec7 v\u01b0\u1ee3t tr\u1ed9i c\u00f9ng thi\u1ebft k\u1ebf \u0111\u1eb3ng c\u1ea5p th\u1ebf gi\u1edbi gi\u00fap cho s\u1ea3n ph\u1ea9m ph\u00f9 h\u1ee3p v\u1edbi b\u1ea5t c\u1ee9 kh\u00f4ng gian hay m\u00f4i tr\u01b0\u1eddng n\u00e0o. C\u00e1c c\u00f4ng ngh\u1ec7 \u0111\u01b0\u1ee3c t\u00edch h\u1ee3p tr\u00ean model <strong>PureSys AIO 20<\/strong> bao g\u1ed3m:<\/p>\n<ul class=\"tab\">\n<li style=\"list-style-type: none\">\n<ul class=\"tab\">\n<li style=\"list-style-type: none;\">\n<ul>\n<li>B\u1eb1ng s\u00e1ng ch\u1ebf (10-1069685): \u1ee9ng d\u1ee5ng c\u00f4ng ngh\u1ec7 x\u00fac t\u00e1c Nano Metal Foam m\u1edbi nh\u1ea5t;<\/li>\n<li>Tuy\u1ec7t \u0111\u1ed1i kh\u00f4ng c\u00f3 kh\u00ed Ozone th\u1ea3i ra trong qu\u00e1 tr\u00ecnh l\u1ecdc v\u00e0 kh\u1eed tr\u00f9ng kh\u00f4ng kh\u00ed, \u0111\u1ed3ng th\u1eddi lo\u1ea1i b\u1ecf kh\u00ed Ozone \u0111\u1ed9c h\u1ea1i (t\u1edbi 99%) s\u1ea3n sinh t\u1eeb c\u00e1c thi\u1ebft b\u1ecb kh\u00e1c, gi\u00fap bi\u1ebfn \u0111\u1ed5i th\u00e0nh kh\u00ed Oxi;<\/li>\n<li>Kh\u1eed tr\u00f9ng an to\u00e0n v\u1edbi c\u1ea5u tr\u00fac Metal foam l\u00e0m t\u0103ng t\u1ed1i \u0111a kh\u1ea3 n\u0103ng kh\u1eed tr\u00f9ng kh\u00f4ng kh\u00ed;<\/li>\n<li>Quy tr\u00ecnh kh\u1eed tr\u00f9ng \u0111\u01b0\u1ee3c ti\u1ebfn h\u00e0nh qua 14 b\u01b0\u1edbc bao g\u1ed3m 3 b\u01b0\u1edbc l\u00e0m s\u1ea1ch v\u00e0 11 b\u01b0\u1ee3c kh\u1eed tr\u00f9ng, kh\u1eed m\u00f9i v\u00e0 ph\u00e2n h\u1ee7y kh\u00ed \u0111\u1ed9c;<\/li>\n<li>Lo\u1ea1i b\u1ecf c\u00e1c v\u1eadt ch\u1ea5t s\u1ea3n sinh t\u1eeb h\u1ed9i ch\u1ee9ng SBS (Sick building syndrome), vi tr\u00f9ng, vi khu\u1ea9n v\u00e0 virus \u0111\u1ed9c h\u1ea1i;<\/li>\n<li>Ch\u1ee9c n\u0103ng kh\u1eed m\u00f9i hi\u1ec7u qu\u1ea3;<\/li>\n<li>H\u1ec7 th\u1ed1ng cung c\u1ea5p li\u1ec7u ph\u00e1p m\u00f9i h\u01b0\u01a1ng t\u1ef1 nhi\u00ean cho qu\u00e1 tr\u00ecnh kh\u1eed m\u00f9i;<\/li>\n<li>Cung c\u1ea5p kh\u00f4ng kh\u00ed s\u1ea1ch v\u00e0 d\u1ec5 ch\u1ee5 l\u01b0u th\u00f4ng ba chi\u1ec1u;<\/li>\n<li>B\u01a1m ion oxi gi\u00fap l\u1ecdc, kh\u1eed m\u00f9i v\u00e0 kh\u1eed tr\u00f9ng tri\u1ec7t \u0111\u1ec3 h\u01a1n c\u00e1c ng\u00f5 ng\u00e1ch trong c\u0103n ph\u00f2ng;<\/li>\n<li>C\u00f4ng su\u1ea5t cao nh\u01b0ng kh\u00f4ng g\u00e2y \u1ed3n trong qu\u00e1 tr\u00ecnh ho\u1ea1t \u0111\u1ed9ng;<\/li>\n<li>Thi\u1ebft k\u1ebf m\u00e0ng l\u1ecdc kh\u00f4ng kh\u00ed c\u00f3 th\u1ec3 v\u1ec7 sinh b\u1eb1ng n\u01b0\u1edbc gi\u00fap kh\u00e1ch h\u00e0ng c\u00f3 th\u1ec3 ti\u1ebft ki\u1ec7m \u0111\u01b0\u1ee3c r\u1ea5t nhi\u1ec1u chi ph\u00ed b\u1ea3o d\u01b0\u1ee1ng;<\/li>\n<li>H\u1ec7 th\u1ed1ng \u0111\u00e8n Led hi\u1ec7n \u0111\u1ea1i v\u1edbi \u00e1nh s\u00e1ng d\u1ecbu gi\u00fap ki\u1ec3m tra ch\u1ea5t l\u01b0\u1ee3ng kh\u00f4ng kh\u00ed v\u00e0 t\u00ednh tr\u1ea1ng ho\u1ea1t \u0111\u1ed9ng c\u1ee7a thi\u1ebft b\u1ecb;<\/li>\n<li>S\u1ea3n ph\u1ea9m \u0111\u01b0\u1ee3c thi\u1ebft k\u1ebf b\u1edfi Tanger, London, Anh.<\/li>\n<\/ul>\n<\/li>\n<\/ul>\n<\/li>\n<\/ul>\n<p>C\u00f4ng ngh\u1ec7 ti\u00ean ti\u1ebfn v\u1edbi 11 b\u01b0\u1edbc l\u1ecdc kh\u00f4ng kh\u00ed, kh\u1ea3 n\u0103ng kh\u00e1ng khu\u1ea9n, ch\u1eb7n s\u00f3ng \u0111i\u1ec7n t\u1eeb, lo\u1ea1i b\u1ecf c\u00e1c ch\u1ea5t g\u00e2y d\u1ecb \u1ee9ng, kh\u00ed \u0111\u1ed9c h\u1ea1i (Ozone, CO, Oxit Nito, Toluen, Ph\u00f3c m\u00f4n) b\u1eb1ng ph\u1ea3n \u1ee9ng quang h\u00f3a v\u1edbi tia UV v\u1edbi ch\u1ea5t x\u00fac t\u00e1c mang l\u1ea1i hi\u1ec7u qu\u1ea3 t\u1ed1i \u0111a.<br \/>\nKh\u1ea3 n\u0103ng kh\u1eed tr\u00f9ng, ti\u00eau di\u1ec7t vi khu\u1ea9n, vi sinh v\u1eadt g\u00e2y h\u1ea1i l\u01a1 l\u1eedng trong kh\u00f4ng kh\u00ed. \u0110\u1eb7c bi\u1ebft c\u00e1c model <a title=\"m\u00e1y l\u1ecdc kh\u00f4ng kh\u00ed c\u00f4ng nghi\u1ec7p\" href=\"http:\/\/maylockhi.com.vn\/may-loc-khong-khi-cong-nghiep\">m\u00e1y l\u1ecdc kh\u00f4ng kh\u00ed C\u00f4ng nghi\u1ec7p<\/a>PureSys \u0111\u1ec1u \u0111\u00e3 \u0111\u01b0\u1ee3c qua ki\u1ec3m duy\u1ec7t, v\u01b0\u1ee3t qua c\u00e1c th\u1eed nghi\u1ec7m v\u1ec1 kh\u1ea3 n\u0103ng lo\u1ea1i tr\u1eeb kh\u00ed \u0111\u1ed9c h\u1ea1i.<br \/>\n<img src=\"http:\/\/maylockhi.com.vn\/profiles\/maylockhicomvn\/uploads\/attach\/post\/images\/cac-buoc-loc-khong-khi-tren-may-loc-va-tiet-trung-khong-khi-puresys.png\" alt=\"\" \/><\/p>\n<p>11 b\u01b0\u1edbc l\u1ecdc kh\u00f4ng kh\u00ed tr\u00ean m\u00e1y l\u1ecdc kh\u00f4ng kh\u00ed c\u00f4ng nghi\u1ec7p PureSys<\/p>\n<p><a href=\"https:\/\/puresys.com.vn\/\"><img title=\"C\u00f4ng ngh\u1ec7 tr\u00ean m\u00e1y l\u1ecdc kh\u00f4ng kh\u00ed Puresys\" src=\"http:\/\/maylockhi.com.vn\/profiles\/maylockhicomvn\/uploads\/attach\/post\/images\/cong-nghe-air-magic-may-loc-va-tiet-trung-khong-khi-puresys.png\" alt=\"\" \/><\/a><\/p>\n<p><img title=\"K\u1ebft qu\u1ea3 kh\u1eed ch\u1ea5t kh\u00ed \u0111\u1ed9c b\u1eb1ng c\u00f4ng ngh\u1ec7 c\u1ee7a PureSys\" src=\"http:\/\/maylockhi.com.vn\/profiles\/maylockhicomvn\/uploads\/attach\/post\/images\/ket-qua-thu-nghiem-khu-mui-doc-hai.JPG\" alt=\"K\u1ebft qu\u1ea3 kh\u1eed ch\u1ea5t kh\u00ed \u0111\u1ed9c b\u1eb1ng c\u00f4ng ngh\u1ec7 c\u1ee7a PureSys\" \/><\/p>\n<p>K\u1ebft qu\u1ea3 kh\u1eed ch\u1ea5t kh\u00ed \u0111\u1ed9c b\u1eb1ng c\u00f4ng ngh\u1ec7 c\u1ee7a PureSys<\/p>\n<p><img src=\"http:\/\/maylockhi.com.vn\/profiles\/maylockhicomvn\/uploads\/attach\/post\/images\/may-loc-khong-khi-cong-nghiep-puresys-aio-20.jpg\" alt=\"M\u00e1y l\u1ecdc kh\u00f4ng kh\u00ed c\u00f4ng ngh\u1ec7 puresys aio 20\" \/><br \/>\nS\u1ea3n ph\u1ea9m m\u00e1y l\u1ecdc kh\u00f4ng kh\u00ed c\u00f4ng nghi\u1ec7p PureSys All In One AIO-20 \u0111\u01b0\u1ee3c b\u00e1n t\u1ea1i <a title=\"M\u00e1y l\u1ecdc kh\u00ed\" href=\"http:\/\/maylockhi.com.vn\/\">http:\/\/maylockhi.com.vn\/<\/a> nh\u1eadp kh\u1ea9u 100% t\u1eeb H\u00e0n Qu\u1ed1c, b\u1ea3o h\u00e0nh ch\u00ednh h\u00e3ng 12 th\u00e1ng. Li\u00ean h\u1ec7 hotline:\u00a0<strong>0907 635 222 &#8211; 0912 034 122 &#8211; 098 653 6698<\/strong><\/p>\n","protected":false},"excerpt":{"rendered":"<ul>\n<li><b>H\u00e3ng S\u1ea3n xu\u1ea5t<\/b>: PureSys<\/li>\n<li><b>B\u1ea3o h\u00e0nh<\/b>: 1 n\u0103m ch\u00ednh h\u00e3ng<\/li>\n<li><b>K\u00edch th\u01b0\u1edbc<\/b>: 600(W)x154(D)x620(H)mm<\/li>\n<li><b>C\u00f4ng su\u1ea5t <\/b>: 70W<\/li>\n<li><b>Di\u1ec7n t\u00edch ho\u1ea1t \u0111\u1ed9ng<\/b>: 66m2<\/li>\n<li><b>C\u00f4ng ngh\u1ec7<\/b>: Magic Air<\/li>\n<li><b>\u0110i\u1ec1u khi\u1ec3n t\u1eeb xa<\/b>: C\u00f3<\/li>\n<\/ul>\n","protected":false},"featured_media":410,"comment_status":"open","ping_status":"closed","template":"","meta":[],"product_cat":[15,19,26,31],"product_tag":[],"_links":{"self":[{"href":"https:\/\/demo.bmconnect.vn\/maylockhi2\/wp-json\/wp\/v2\/product\/409"}],"collection":[{"href":"https:\/\/demo.bmconnect.vn\/maylockhi2\/wp-json\/wp\/v2\/product"}],"about":[{"href":"https:\/\/demo.bmconnect.vn\/maylockhi2\/wp-json\/wp\/v2\/types\/product"}],"replies":[{"embeddable":true,"href":"https:\/\/demo.bmconnect.vn\/maylockhi2\/wp-json\/wp\/v2\/comments?post=409"}],"wp:featuredmedia":[{"embeddable":true,"href":"https:\/\/demo.bmconnect.vn\/maylockhi2\/wp-json\/wp\/v2\/media\/410"}],"wp:attachment":[{"href":"https:\/\/demo.bmconnect.vn\/maylockhi2\/wp-json\/wp\/v2\/media?parent=409"}],"wp:term":[{"taxonomy":"product_cat","embeddable":true,"href":"https:\/\/demo.bmconnect.vn\/maylockhi2\/wp-json\/wp\/v2\/product_cat?post=409"},{"taxonomy":"product_tag","embeddable":true,"href":"https:\/\/demo.bmconnect.vn\/maylockhi2\/wp-json\/wp\/v2\/product_tag?post=409"}],"curies":[{"name":"wp","href":"https:\/\/api.w.org\/{rel}","templated":true}]}}