{"id":407,"date":"2018-09-28T20:52:09","date_gmt":"2018-09-28T13:52:09","guid":{"rendered":"https:\/\/demo.bmconnect.vn\/maylockhi2\/?post_type=product&#038;p=407"},"modified":"2018-09-28T20:52:09","modified_gmt":"2018-09-28T13:52:09","slug":"may-loc-va-tiet-trung-khong-khi-puresys-aio-30","status":"publish","type":"product","link":"https:\/\/demo.bmconnect.vn\/maylockhi2\/may-loc-va-tiet-trung-khong-khi-puresys-aio-30\/","title":{"rendered":"M\u00e1y l\u1ecdc v\u00e0 ti\u1ec7t tr\u00f9ng kh\u00f4ng kh\u00ed PureSys AIO-30"},"content":{"rendered":"<ul class=\"tab\">\n<li style=\"list-style-type: none\">\n<ul class=\"tab\">\n<li style=\"list-style-type: none;\">\n<ul>\n<li><b>H\u00e3ng S\u1ea3n xu\u1ea5t<\/b>: PureSys<\/li>\n<li><b>B\u1ea3o h\u00e0nh<\/b>: 1 n\u0103m ch\u00ednh h\u00e3ng<\/li>\n<li><b>K\u00edch th\u01b0\u1edbc<\/b>: 320(W)x165(D)x1220(H)mm<\/li>\n<li><b>C\u00f4ng su\u1ea5t <\/b>: 65W<\/li>\n<li><b>Di\u1ec7n t\u00edch ho\u1ea1t \u0111\u1ed9ng<\/b>: 66m2<\/li>\n<li><b>C\u00f4ng ngh\u1ec7<\/b>: Magic Air<\/li>\n<li><b>\u0110i\u1ec1u khi\u1ec3n t\u1eeb xa<\/b>: C\u00f3<\/li>\n<\/ul>\n<\/li>\n<\/ul>\n<\/li>\n<\/ul>\n<p>C\u00f4ng ngh\u1ec7 ri\u00eang bi\u1ec7t Air Magic c\u1ee7a <a href=\"https:\/\/puresys.com.vn\/\" rel=\"nofollow\"><strong>PURESYS<\/strong><\/a> sau khi l\u1ecdc \u0111i nh\u1eefng ph\u00e2n t\u1eed b\u1ee5i si\u00eau nh\u1ecf v\u1edbi b\u1ed9 ba m\u00e0n l\u1ecdc v\u00e0 tr\u1ea3i qua 11 b\u01b0\u1edbc ph\u1ea3n \u1ee9ng d\u00e2y chuy\u1ec1n \u0111i\u1ec7n ph\u00e2n v\u00e0 h\u00f3a h\u1ecdc c\u00f3 x\u00fac t\u00e1c, lo\u1ea1i b\u1ecf ho\u00e0n h\u1ea3o kh\u00f4ng nh\u1eefng vi tr\u00f9ng, vi khu\u1ea9n c\u00f2n s\u00f3t l\u1ea1i, m\u00e0 c\u1ea3 ozone v\u00e0 c\u00e1c kh\u00ed h\u00f3a h\u1ecdc \u0111\u1ed9c h\u1ea1i.<br \/>\n<img src=\"http:\/\/maylockhi.com.vn\/profiles\/maylockhicomvn\/uploads\/attach\/post\/images\/cac-buoc-loc-khong-khi-tren-may-loc-va-tiet-trung-khong-khi-puresys.png\" alt=\"\" \/><br \/>\n<img src=\"http:\/\/maylockhi.com.vn\/profiles\/maylockhicomvn\/uploads\/attach\/post\/images\/may-loc-khong-khi-cong-nghiep-puresys-all-in-one-30.jpg\" alt=\"m\u00e1y l\u1ecdc kh\u00f4ng kh\u00ed c\u00f4ng nghi\u1ec7p puresys all in one AIO-30\" \/><br \/>\n<img src=\"http:\/\/maylockhi.com.vn\/profiles\/maylockhicomvn\/uploads\/attach\/post\/images\/cong-nghe-air-magic-may-loc-va-tiet-trung-khong-khi-puresys.png\" alt=\"\" \/><br \/>\n<img src=\"http:\/\/maylockhi.com.vn\/profiles\/maylockhicomvn\/uploads\/attach\/post\/images\/cong-nghe-air-magic-may-loc-va-tiet-trung-khong-khi-puresys.png\" alt=\"\" \/><img src=\"http:\/\/maylockhi.com.vn\/profiles\/maylockhicomvn\/uploads\/attach\/post\/images\/ket-qua-thu-nghiem-khu-mui-doc-hai.JPG\" alt=\"\" \/><br \/>\nK\u1ebft qu\u1ea3 th\u1eed nghi\u1ec7m kh\u1ea3 n\u0103ng kh\u1eed c\u00e1c ch\u1ea5t kh\u00ed \u0111\u1ed9c h\u1ea1i tr\u00ean m\u00e1y l\u1ecdc kh\u00f4ng kh\u00ed PureSys.<\/p>\n<p>V\u1edbi thi\u1ebft k\u1ebf \u00e2m tr\u1ea7n, \u0111i\u1ec1u khi\u00ean t\u1eeb xa, hi\u1ec7n \u0111\u1ea1i m\u00e1y l\u1ecdc kh\u00f4ng kh\u00ed c\u00f4ng nghi\u1ec7p PureSys AIO-30 th\u00edch h\u1ee3p v\u1edbi khu v\u1ef1c kh\u00e1ch s\u1ea1n, b\u1ec7nh vi\u1ec7n cao c\u1ea5p, khu nghi\u00ean c\u1ee9u.<\/p>\n","protected":false},"excerpt":{"rendered":"<ul>\n<li><b>H\u00e3ng S\u1ea3n xu\u1ea5t<\/b>: PureSys<\/li>\n<li><b>B\u1ea3o h\u00e0nh<\/b>: 1 n\u0103m ch\u00ednh h\u00e3ng<\/li>\n<li><b>K\u00edch th\u01b0\u1edbc<\/b>: 320(W)x165(D)x1220(H)mm<\/li>\n<li><b>C\u00f4ng su\u1ea5t <\/b>: 65W<\/li>\n<li><b>Di\u1ec7n t\u00edch ho\u1ea1t \u0111\u1ed9ng<\/b>: 66m2<\/li>\n<li><b>C\u00f4ng ngh\u1ec7<\/b>: Magic Air<\/li>\n<li><b>\u0110i\u1ec1u khi\u1ec3n t\u1eeb xa<\/b>: C\u00f3<\/li>\n<\/ul>\n","protected":false},"featured_media":408,"comment_status":"open","ping_status":"closed","template":"","meta":[],"product_cat":[19,31],"product_tag":[],"_links":{"self":[{"href":"https:\/\/demo.bmconnect.vn\/maylockhi2\/wp-json\/wp\/v2\/product\/407"}],"collection":[{"href":"https:\/\/demo.bmconnect.vn\/maylockhi2\/wp-json\/wp\/v2\/product"}],"about":[{"href":"https:\/\/demo.bmconnect.vn\/maylockhi2\/wp-json\/wp\/v2\/types\/product"}],"replies":[{"embeddable":true,"href":"https:\/\/demo.bmconnect.vn\/maylockhi2\/wp-json\/wp\/v2\/comments?post=407"}],"wp:featuredmedia":[{"embeddable":true,"href":"https:\/\/demo.bmconnect.vn\/maylockhi2\/wp-json\/wp\/v2\/media\/408"}],"wp:attachment":[{"href":"https:\/\/demo.bmconnect.vn\/maylockhi2\/wp-json\/wp\/v2\/media?parent=407"}],"wp:term":[{"taxonomy":"product_cat","embeddable":true,"href":"https:\/\/demo.bmconnect.vn\/maylockhi2\/wp-json\/wp\/v2\/product_cat?post=407"},{"taxonomy":"product_tag","embeddable":true,"href":"https:\/\/demo.bmconnect.vn\/maylockhi2\/wp-json\/wp\/v2\/product_tag?post=407"}],"curies":[{"name":"wp","href":"https:\/\/api.w.org\/{rel}","templated":true}]}}