{"id":405,"date":"2018-09-28T20:50:52","date_gmt":"2018-09-28T13:50:52","guid":{"rendered":"https:\/\/demo.bmconnect.vn\/maylockhi2\/?post_type=product&#038;p=405"},"modified":"2018-09-28T20:50:52","modified_gmt":"2018-09-28T13:50:52","slug":"may-loc-va-tiet-trung-khong-khi-dat-san-puresys-aio-50","status":"publish","type":"product","link":"https:\/\/demo.bmconnect.vn\/maylockhi2\/may-loc-va-tiet-trung-khong-khi-dat-san-puresys-aio-50\/","title":{"rendered":"M\u00e1y l\u1ecdc v\u00e0 ti\u1ec7t tr\u00f9ng kh\u00f4ng kh\u00ed \u0111\u1eb7t s\u00e0n PureSys AIO-50"},"content":{"rendered":"<ul class=\"tab\">\n<li style=\"list-style-type: none\">\n<ul class=\"tab\">\n<li style=\"list-style-type: none;\">\n<ul>\n<li><b>H\u00e3ng S\u1ea3n xu\u1ea5t<\/b>:<strong>PureSys<\/strong><\/li>\n<li><b>B\u1ea3o h\u00e0nh<\/b>: 1 n\u0103m ch\u00ednh h\u00e3ng<\/li>\n<li><b>K\u00edch th\u01b0\u1edbc<\/b>: 600(W)x154(D)x620(H)mm<\/li>\n<li><b>C\u00f4ng su\u1ea5t <\/b>: 70W<\/li>\n<li><b>Di\u1ec7n t\u00edch ho\u1ea1t \u0111\u1ed9ng<\/b>: 66m2<\/li>\n<li><b>C\u00f4ng ngh\u1ec7<\/b>: Magic Air<\/li>\n<li><b>\u0110i\u1ec1u khi\u1ec3n t\u1eeb xa<\/b>: C\u00f3<\/li>\n<\/ul>\n<\/li>\n<\/ul>\n<\/li>\n<\/ul>\n<blockquote>\n<h2>Chi ti\u1ebft v\u1ec1 k\u1ef9 thu\u1eadt<\/h2>\n<p>C\u00f4ng ngh\u1ec7 v\u01b0\u1ee3t tr\u1ed9i c\u00f9ng thi\u1ebft k\u1ebf \u0111\u1eb3ng c\u1ea5p th\u1ebf gi\u1edbi gi\u00fap cho s\u1ea3n ph\u1ea9m ph\u00f9 h\u1ee3p v\u1edbi b\u1ea5t c\u1ee9 kh\u00f4ng gian hay m\u00f4i tr\u01b0\u1eddng n\u00e0o. C\u00e1c c\u00f4ng ngh\u1ec7 \u0111\u01b0\u1ee3c t\u00edch h\u1ee3p tr\u00ean model <strong>PureSys AIO 50<\/strong> bao g\u1ed3m:<\/p>\n<ul>\n<li>B\u1eb1ng s\u00e1ng ch\u1ebf (10-1069685): \u1ee9ng d\u1ee5ng c\u00f4ng ngh\u1ec7 x\u00fac t\u00e1c Nano metal foam m\u1edbi nh\u1ea5t;<\/li>\n<li>Tuy\u1ec7t \u0111\u1ed1i kh\u00f4ng c\u00f3 kh\u00ed Ozone th\u1ea3i ra trong qu\u00e1 tr\u00ecnh l\u1ecdc v\u00e0 kh\u1eed tr\u00f9ng kh\u00f4ng kh\u00ed, \u0111\u1ed3ng th\u1eddi lo\u1ea1i b\u1ecf kh\u00ed Ozone \u0111\u1ed9c h\u1ea1i (t\u1edbi 99%) s\u1ea3n sinh t\u1eeb c\u00e1c thi\u1ebft b\u1ecb kh\u00e1c, gi\u00fap bi\u1ebfn \u0111\u1ed5i th\u00e0nh kh\u00ed Oxi;<\/li>\n<li>Kh\u1eed tr\u00f9ng an to\u00e0n v\u1edbi c\u1ea5u tr\u00fac Metal foam l\u00e0m t\u0103ng t\u1ed1i \u0111a kh\u1ea3 n\u0103ng kh\u1eed tr\u00f9ng kh\u00f4ng kh\u00ed;<\/li>\n<li>Quy tr\u00ecnh kh\u1eed tr\u00f9ng \u0111\u01b0\u1ee3c ti\u1ebfn h\u00e0nh qua 14 b\u01b0\u1edbc bao g\u1ed3m 3 b\u01b0\u1edbc l\u00e0m s\u1ea1ch v\u00e0 11 b\u01b0\u1ee3c kh\u1eed tr\u00f9ng, kh\u1eed m\u00f9i v\u00e0 ph\u00e2n h\u1ee7y kh\u00ed \u0111\u1ed9c.<\/li>\n<li>Lo\u1ea1i b\u1ecf c\u00e1c v\u1eadt ch\u1ea5t s\u1ea3n sinh t\u1eeb h\u1ed9i ch\u1ee9ng SBS (Sick building syndrome), vi tr\u00f9ng, vi khu\u1ea9n v\u00e0 virus \u0111\u1ed9c h\u1ea1i;<\/li>\n<li>Ch\u1ee9c n\u0103ng kh\u1eed m\u00f9i hi\u1ec7u qu\u1ea3;<\/li>\n<li>H\u1ec7 th\u1ed1ng cung c\u1ea5p li\u1ec7u ph\u00e1p m\u00f9i h\u01b0\u01a1ng t\u1ef1 nhi\u00ean cho qu\u00e1 tr\u00ecnh kh\u1eed m\u00f9i;<\/li>\n<li>Cung c\u1ea5p kh\u00f4ng kh\u00ed s\u1ea1ch v\u00e0 d\u1ec5 ch\u1ee5 l\u01b0u th\u00f4ng ba chi\u1ec1u;<\/li>\n<li>B\u01a1m ion oxi gi\u00fap l\u1ecdc, kh\u1eed m\u00f9i v\u00e0 kh\u1eed tr\u00f9ng tri\u1ec7t \u0111\u1ec3 h\u01a1n c\u00e1c ng\u00f5 ng\u00e1ch trong c\u0103n ph\u00f2ng;<\/li>\n<li>Thi\u1ebft k\u1ebf m\u00e0ng l\u1ecdc c\u00f3 th\u1ec3 v\u1ec7 sinh b\u1eb1ng n\u01b0\u1edbc gi\u00fap kh\u00e1ch h\u00e0ng c\u00f3 th\u1ec3 ti\u1ebft ki\u1ec7m \u0111\u01b0\u1ee3c r\u1ea5t nhi\u1ec1u chi ph\u00ed b\u1ea3o d\u01b0\u1ee1ng;<\/li>\n<li>Thi\u1ebft k\u1ebf m\u00e1y c\u00f3 th\u1ec3 d\u1ec5 d\u00e0ng di chuy\u1ec3n n\u1ebfu c\u1ea7n;<\/li>\n<li>H\u1ec7 th\u1ed1ng \u0111\u00e8n Led hi\u1ec7n \u0111\u1ea1i v\u1edbi \u00e1nh s\u00e1ng d\u1ecbu gi\u00fap ki\u1ec3m tra ch\u1ea5t l\u01b0\u1ee3ng kh\u00f4ng kh\u00ed v\u00e0 t\u00ednh tr\u1ea1ng ho\u1ea1t \u0111\u1ed9ng c\u1ee7a thi\u1ebft b\u1ecb;<\/li>\n<li>S\u1ea3n ph\u1ea9m \u0111\u01b0\u1ee3c thi\u1ebft k\u1ebf b\u1edfi Tanger, London, Anh.<\/li>\n<\/ul>\n<\/blockquote>\n<p>V\u1edbi c\u00f4ng su\u1ea5t l\u1edbn, <strong>m\u00e1y l\u1ecdc kh\u00f4ng kh\u00ed \u0111\u1eb7t s\u00e0n Puresys AIO-50<\/strong> th\u00edch h\u1ee3p v\u1edbi nh\u1eefng khu v\u1ef1c l\u1edbn nh\u01b0 ng\u00e2n h\u00e0ng, b\u1ec7nh vi\u1ec7n, khu v\u1ef1c nghi\u00ean c\u1ee9u&#8230;<br \/>\n<img src=\"http:\/\/maylockhi.com.vn\/profiles\/maylockhicomvn\/uploads\/attach\/post\/images\/ket-qua-test-khu-ozone-all-in-one-50.png\" alt=\"K\u1ebft qu\u1ea3 ki\u1ec3m tra kh\u1ea3 n\u0103ng l\u1ecdc kh\u00ed Ozone trong 24h tr\u00ean PureSys AIO50\" \/><\/p>\n<p>K\u1ebft qu\u1ea3 ki\u1ec3m tra kh\u1ea3 n\u0103ng l\u1ecdc kh\u00ed Ozone trong 24h tr\u00ean PureSys AIO50<\/p>\n<p><img src=\"http:\/\/maylockhi.com.vn\/profiles\/maylockhicomvn\/uploads\/attach\/post\/images\/cac-buoc-loc-khong-khi-tren-may-loc-va-tiet-trung-khong-khi-puresys.png\" alt=\"C\u00e1c b\u01b0\u1edbc l\u1ecdc, kh\u1eed tr\u00f9ng kh\u00f4ng kh\u00ed tr\u00ean m\u00e1y l\u1ecdc kh\u00f4ng kh\u00ed Puresys\" \/><img src=\"http:\/\/maylockhi.com.vn\/profiles\/maylockhicomvn\/uploads\/attach\/post\/images\/Puresys%20all-in-one-aio-50(3).jpg\" alt=\"M\u00e1y l\u1ecdc v\u00e0 kh\u1eed tr\u00f9ng kh\u00f4ng kh\u00ed PureSys AIO-50\" \/>L\u1eafp \u0111\u1eb7t m\u00e1y l\u1ecdc v\u00e0 ti\u1ec7t tr\u00f9ng kh\u00f4ng kh\u00ed PureSys AIO-50<\/p>\n<p><img src=\"http:\/\/maylockhi.com.vn\/profiles\/maylockhicomvn\/uploads\/attach\/post\/images\/lap-dat-puresys-aio50-trong-phong-nghien-cuu(1).jpg\" alt=\"\" \/><\/p>\n<p>S\u1ea3n ph\u1ea9m m\u00e1y l\u1ecdc kh\u00f4ng kh\u00ed hi\u1ec7n \u0111ang \u0111\u01b0\u1ee3c <strong>maylockhi.com.vn<\/strong> ph\u00e2n ph\u1ed1i v\u1edbi m\u1ee9c gi\u00e1 c\u1ef1c t\u1ed1t. Li\u00ean h\u1ec7 ngay hotline \u0111\u1ec3 \u0111\u01b0\u1ee3c t\u01b0 v\u1ea5n chi ti\u1ebft v\u1ec1 s\u1ea3n ph\u1ea9m.<br \/>\nXem th\u00eam c\u00e1c s\u1ea3n ph\u1ea9m m\u00e1y l\u1ecdc kh\u00f4ng kh\u00ed c\u00f4ng nghi\u1ec7p kh\u00e1c <strong>t\u1ea1i \u0111\u00e2y<\/strong><\/p>\n","protected":false},"excerpt":{"rendered":"<ul>\n<li><b>H\u00e3ng S\u1ea3n xu\u1ea5t<\/b>: PureSys<\/li>\n<li><b>B\u1ea3o h\u00e0nh<\/b>: 1 n\u0103m ch\u00ednh h\u00e3ng<\/li>\n<li><b>K\u00edch th\u01b0\u1edbc<\/b>: 490(W)x294(D)x1700(H)mm<\/li>\n<li><b>C\u00f4ng su\u1ea5t <\/b>: 180W<\/li>\n<li><b>Di\u1ec7n t\u00edch ho\u1ea1t \u0111\u1ed9ng<\/b>: 165m2<\/li>\n<li><b>C\u00f4ng ngh\u1ec7<\/b>: Magic Air<\/li>\n<li><b>\u0110i\u1ec1u khi\u1ec3n t\u1eeb xa<\/b>: C\u00f3<\/li>\n<\/ul>\n","protected":false},"featured_media":406,"comment_status":"open","ping_status":"closed","template":"","meta":[],"product_cat":[19,31],"product_tag":[],"_links":{"self":[{"href":"https:\/\/demo.bmconnect.vn\/maylockhi2\/wp-json\/wp\/v2\/product\/405"}],"collection":[{"href":"https:\/\/demo.bmconnect.vn\/maylockhi2\/wp-json\/wp\/v2\/product"}],"about":[{"href":"https:\/\/demo.bmconnect.vn\/maylockhi2\/wp-json\/wp\/v2\/types\/product"}],"replies":[{"embeddable":true,"href":"https:\/\/demo.bmconnect.vn\/maylockhi2\/wp-json\/wp\/v2\/comments?post=405"}],"wp:featuredmedia":[{"embeddable":true,"href":"https:\/\/demo.bmconnect.vn\/maylockhi2\/wp-json\/wp\/v2\/media\/406"}],"wp:attachment":[{"href":"https:\/\/demo.bmconnect.vn\/maylockhi2\/wp-json\/wp\/v2\/media?parent=405"}],"wp:term":[{"taxonomy":"product_cat","embeddable":true,"href":"https:\/\/demo.bmconnect.vn\/maylockhi2\/wp-json\/wp\/v2\/product_cat?post=405"},{"taxonomy":"product_tag","embeddable":true,"href":"https:\/\/demo.bmconnect.vn\/maylockhi2\/wp-json\/wp\/v2\/product_tag?post=405"}],"curies":[{"name":"wp","href":"https:\/\/api.w.org\/{rel}","templated":true}]}}