{"id":402,"date":"2018-09-28T20:49:05","date_gmt":"2018-09-28T13:49:05","guid":{"rendered":"https:\/\/demo.bmconnect.vn\/maylockhi2\/?post_type=product&#038;p=402"},"modified":"2018-09-28T20:49:05","modified_gmt":"2018-09-28T13:49:05","slug":"may-loc-va-tiet-trung-khong-khi-puresys-aio-mobile","status":"publish","type":"product","link":"https:\/\/demo.bmconnect.vn\/maylockhi2\/may-loc-va-tiet-trung-khong-khi-puresys-aio-mobile\/","title":{"rendered":"M\u00e1y l\u1ecdc v\u00e0 ti\u1ec7t tr\u00f9ng kh\u00f4ng kh\u00ed PureSys AIO-Mobile"},"content":{"rendered":"<section id=\"product-tab\">\n<h2>C\u00f4ng ngh\u1ec7 tr\u00ean m\u00e1y l\u1ecdc kh\u00f4ng kh\u00ed PureSys AIO-Mobile<\/h2>\n<ul class=\"tab\">\n<li style=\"list-style-type: none\">\n<ul class=\"tab\">\n<li style=\"list-style-type: none;\">\n<ul>\n<li>B\u1eb1ng s\u00e1ng ch\u1ebf (10-1069685): \u1ee9ng d\u1ee5ng c\u00f4ng ngh\u1ec7 x\u00fac t\u00e1c Nano metal foam m\u1edbi nh\u1ea5t;<\/li>\n<li>Tuy\u1ec7t \u0111\u1ed1i kh\u00f4ng c\u00f3 kh\u00ed Ozone th\u1ea3i ra trong qu\u00e1 tr\u00ecnh l\u1ecdc v\u00e0 kh\u1eed tr\u00f9ng kh\u00f4ng kh\u00ed, \u0111\u1ed3ng th\u1eddi lo\u1ea1i b\u1ecf kh\u00ed Ozone \u0111\u1ed9c h\u1ea1i (t\u1edbi 99%) s\u1ea3n sinh t\u1eeb c\u00e1c thi\u1ebft b\u1ecb kh\u00e1c, gi\u00fap bi\u1ebfn \u0111\u1ed5i th\u00e0nh kh\u00ed Oxi;<\/li>\n<li>Kh\u1eed tr\u00f9ng an to\u00e0n v\u1edbi c\u1ea5u tr\u00fac Metal foam l\u00e0m t\u0103ng t\u1ed1i \u0111a kh\u1ea3 n\u0103ng kh\u1eed tr\u00f9ng kh\u00f4ng kh\u00ed;<\/li>\n<li>Kh\u1ea3 n\u0103ng kh\u1eed tr\u00f9ng ho\u00e0n to\u00e0n v\u1edbi quy tr\u00ecnh 10 b\u01b0\u1edbc;<\/li>\n<li>Lo\u1ea1i b\u1ecf c\u00e1c v\u1eadt ch\u1ea5t s\u1ea3n sinh t\u1eeb h\u1ed9i ch\u1ee9ng SBS (Sick Building Syndrome), vi khu\u1ea9n, virus \u0111\u1ed9c h\u1ea1i;<\/li>\n<li>Ch\u1ee9c n\u0103ng kh\u1eed m\u00f9i hi\u1ec7u qu\u1ea3;<\/li>\n<li>H\u1ec7 th\u1ed1ng cung c\u1ea5p li\u1ec7u ph\u00e1p m\u00f9i h\u01b0\u01a1ng t\u1ef1 nhi\u00ean cho qu\u00e1 tr\u00ecnh kh\u1eed m\u00f9i;<\/li>\n<li>B\u01a1m ion oxi gi\u00fap l\u1ecdc, kh\u1eed tr\u00f9ng v\u00e0 kh\u1eed m\u00f9i tri\u1ec7t \u0111\u1ec3 h\u01a1n c\u00e1c ng\u00f5 ng\u00e1ch trong c\u0103n ph\u00f2ng;<\/li>\n<li>V\u1eadn h\u00e0nh \u00eam \u00e1i, kh\u00f4ng g\u00e2y ti\u1ebfng \u1ed3n;<\/li>\n<li>Thi\u1ebft k\u1ebf m\u00e0ng l\u1ecdc kh\u00f4ng kh\u00ed gi\u1eb7t \u0111\u01b0\u1ee3c cho ph\u00e9p ng\u01b0\u1eddi d\u00f9ng ti\u1ebft ki\u1ec7m chi ph\u00ed b\u1ea3o d\u01b0\u1ee1ng;<\/li>\n<li>T\u00edch h\u1ee3p c\u00e1p Adapter 12V ph\u00f9 h\u1ee3p cho vi\u1ec7c s\u1eed d\u1ee5ng tr\u00ean t\u00e0u, xe;<\/li>\n<li>H\u1ec7 th\u1ed1ng \u0111\u00e8n LED hi\u1ec7n \u0111\u1ea1i v\u1edbi \u00e1nh s\u00e1ng d\u1ecbu gi\u00fap ki\u1ec3m tra \u0111\u01b0\u1ee3c ch\u1ea5t l\u01b0\u1ee3ng kh\u00f4ng kh\u00ed v\u00e0 t\u00ecnh tr\u1ea1ng ho\u1ea1t \u0111\u1ed9ng c\u1ee7a thi\u1ebft b\u1ecb<\/li>\n<\/ul>\n<\/li>\n<\/ul>\n<\/li>\n<\/ul>\n<div>S\u1ea3n ph\u1ea9m thi\u1ebft k\u1ebf sang tr\u1ecdng, c\u00f3 th\u1ec3 ph\u00e1t ra h\u01b0\u01a1ng th\u01a1m t\u1eeb tinh d\u1ea7u th\u01a1m (c\u00f3 khay ch\u1ee9a tinh d\u1ea7u th\u01a1m),\u00a0x\u1ea1c pin gi\u00fap b\u1ea1n ti\u1ec7n l\u1ee3i khi di chuy\u1ec3n trong c\u00e1c chuy\u1ebfn d\u00e3 ngo\u1ea1i c\u00f9ng gia \u0111\u00ecnh ho\u1eb7c s\u1eed d\u1ee5ng tr\u00ean xe h\u01a1i, nh\u1eefng ph\u00f2ng c\u00f3 di\u1ec7n t\u00edch nh\u1ecf nh\u01b0 ph\u00f2ng l\u00e0m vi\u1ec7c.<br \/>\n<img src=\"http:\/\/maylockhi.com.vn\/profiles\/maylockhicomvn\/uploads\/attach\/post\/images\/cac-buoc-loc-khong-khi-tren-may-loc-va-tiet-trung-khong-khi-puresys.png\" alt=\"\" \/><img src=\"http:\/\/maylockhi.com.vn\/profiles\/maylockhicomvn\/uploads\/attach\/post\/images\/may-loc-khong-khi-all-in-one-mobile.jpg\" alt=\"m\u00e1y l\u1ecdc kh\u00f4ng kh\u00ed xe h\u01a1i puresys all in one mobile\" \/><\/div>\n<\/section>\n<p>&nbsp;<\/p>\n","protected":false},"excerpt":{"rendered":"<ul>\n<li><b>H\u00e3ng S\u1ea3n xu\u1ea5t<\/b>: PureSys<\/li>\n<li><b>B\u1ea3o h\u00e0nh<\/b>: 1 n\u0103m ch\u00ednh h\u00e3ng<\/li>\n<li><b>K\u00edch th\u01b0\u1edbc<\/b>: 114(W)x114(D)x260(H)mm<\/li>\n<li><b>C\u00f4ng su\u1ea5t <\/b>: 6W<\/li>\n<li><b>Di\u1ec7n t\u00edch ho\u1ea1t \u0111\u1ed9ng<\/b>: 15m2<\/li>\n<li><b>C\u00f4ng ngh\u1ec7<\/b>: Magic Air<\/li>\n<li><b>Ph\u00e1t tinh d\u1ea7u th\u01a1m (c\u00f3 khay ch\u1ee9a tinh d\u1ea7u th\u01a1m)<\/b><\/li>\n<\/ul>\n","protected":false},"featured_media":404,"comment_status":"open","ping_status":"closed","template":"","meta":[],"product_cat":[19,31],"product_tag":[],"_links":{"self":[{"href":"https:\/\/demo.bmconnect.vn\/maylockhi2\/wp-json\/wp\/v2\/product\/402"}],"collection":[{"href":"https:\/\/demo.bmconnect.vn\/maylockhi2\/wp-json\/wp\/v2\/product"}],"about":[{"href":"https:\/\/demo.bmconnect.vn\/maylockhi2\/wp-json\/wp\/v2\/types\/product"}],"replies":[{"embeddable":true,"href":"https:\/\/demo.bmconnect.vn\/maylockhi2\/wp-json\/wp\/v2\/comments?post=402"}],"wp:featuredmedia":[{"embeddable":true,"href":"https:\/\/demo.bmconnect.vn\/maylockhi2\/wp-json\/wp\/v2\/media\/404"}],"wp:attachment":[{"href":"https:\/\/demo.bmconnect.vn\/maylockhi2\/wp-json\/wp\/v2\/media?parent=402"}],"wp:term":[{"taxonomy":"product_cat","embeddable":true,"href":"https:\/\/demo.bmconnect.vn\/maylockhi2\/wp-json\/wp\/v2\/product_cat?post=402"},{"taxonomy":"product_tag","embeddable":true,"href":"https:\/\/demo.bmconnect.vn\/maylockhi2\/wp-json\/wp\/v2\/product_tag?post=402"}],"curies":[{"name":"wp","href":"https:\/\/api.w.org\/{rel}","templated":true}]}}