{"id":383,"date":"2018-09-28T20:38:45","date_gmt":"2018-09-28T13:38:45","guid":{"rendered":"https:\/\/demo.bmconnect.vn\/maylockhi2\/?post_type=product&#038;p=383"},"modified":"2018-09-28T20:59:11","modified_gmt":"2018-09-28T13:59:11","slug":"may-loc-khong-khi-va-hut-am-sharp-dw-d12a","status":"publish","type":"product","link":"https:\/\/demo.bmconnect.vn\/maylockhi2\/may-loc-khong-khi-va-hut-am-sharp-dw-d12a\/","title":{"rendered":"M\u00e1y l\u1ecdc kh\u00f4ng kh\u00ed v\u00e0 h\u00fat \u1ea9m Sharp DW-D12A"},"content":{"rendered":"<h2><strong>M\u00e1y l\u1ecdc kh\u00f4ng kh\u00ed v\u00e0 h\u00fat \u1ea9m Sharp DW-D12A<\/strong><\/h2>\n<ul class=\"tab\">\n<li style=\"list-style-type: none\">\n<ul class=\"tab\"><\/ul>\n<\/li>\n<\/ul>\n<div>\n<div>=== \u00a0KHUY\u1ec4N M\u00c3I H\u1ea4P D\u1eaaN \u00a0===\n<\/div>\n<div>* Gi\u1ea3m ngay\u00a0100.000\u0111\u00a0cho c\u00e1c \u0111\u01a1n \u0111\u1eb7t h\u00e0ng Online. (Xem h\u01b0\u1edbng d\u1eabn \u0111\u1eb7t\u00a0t\u1ea1i \u0111\u00e2y)<\/div>\n<div>* D\u00f9ng th\u1eed\u00a003 ng\u00e0y, \u0111\u1ed5i tr\u1ea3 s\u1ea3n ph\u1ea9m trong v\u00f2ng\u00a090 ng\u00e0y\u00a0n\u1ebfu ph\u00e1t sinh l\u1ed7i k\u1ef9 thu\u1eadt.<\/div>\n<div>* T\u1eb7ng g\u00f3i b\u1ea3o d\u01b0\u1ee1ng mi\u1ec5n ph\u00ed t\u1ea1i gia \u0111\u00ecnh trong v\u00f2ng\u00a003 n\u0103m.<\/div>\n<div>* Gi\u1ea3m th\u00eam\u00a050.000\u0111\u00a0khi mua m\u00e0ng l\u1ecdc \u0111\u1ed1i kh\u00e1ch h\u00e0ng mua m\u00e1y l\u1ecdc kh\u00f4ng\u00a0kh\u00ed t\u1ea1i\u00a0http:\/\/maylockhi.com.vn\/<\/div>\n<div>* Mi\u1ec5n ph\u00ed \u0111o ch\u1ea5t l\u01b0\u1ee3ng kh\u00f4ng kh\u00ed trong nh\u00e0<\/div>\n<div>* Gi\u1ea3m \u0111\u1ebfn\u00a0200.000\u0111\u00a0cho m\u1ecdi kh\u00e1ch h\u00e0ng t\u1eeb l\u1ea7n mua th\u1ee9 hai.<\/div>\n<div>* Mi\u1ec5n ph\u00ed ph\u00ed ship h\u00e0ng n\u1ed9i th\u00e0nh H\u00e0 N\u1ed9i v\u00e0 H\u1ed3 Ch\u00ed Minh. M\u1ecdi chi ti\u1ebft xin vui l\u00f2ng li\u00ean h\u1ec7 t\u1edbi Hotline:\u00a0<strong>0907 635 222 &#8211; 0912 034 122 &#8211; 098 653 6698<\/strong>\u00a0\u0111\u1ec3 nh\u1eadn \u0111\u01b0\u1ee3c nh\u1eefng ph\u1ea7n qu\u00e0 gi\u00e1 tr\u1ecb nh\u1ea5t.\n<\/div>\n<div>&#8212;&#8212;&#8212;&#8212;&#8212;&#8212;&#8212;&#8212;&#8212;&#8212;&#8212;&#8212;&#8212;&#8212;&#8212;&#8212;&#8212;&#8212;&#8212;&#8212;&#8212;&#8212;&#8212;&#8212;&#8212;&#8212;&#8212;&#8212;&#8212;&#8212;&#8212;&#8212;-<\/div>\n<\/div>\n<table border=\"10\" cellspacing=\"10\" cellpadding=\"10\" align=\"left\">\n<tbody>\n<tr>\n<td colspan=\"2\"><strong>Th\u00f4ng s\u1ed1 k\u1ef9 thu\u1eadt<\/strong><\/td>\n<\/tr>\n<tr>\n<td>H\u00e3ng s\u1ea3n xu\u1ea5t<\/td>\n<td>Sharp<\/td>\n<\/tr>\n<tr>\n<td>Xu\u1ea5t x\u1ee9<\/td>\n<td>Trung Qu\u1ed1c<\/td>\n<\/tr>\n<tr>\n<td>Model<\/td>\n<td>DW-D12A<\/td>\n<\/tr>\n<tr>\n<td><strong>B\u1ea3o h\u00e0nh<\/strong><\/td>\n<td><strong>Ch\u00ednh h\u00e3ng 1 n\u0103m<\/strong><\/td>\n<\/tr>\n<tr>\n<td><strong>K\u00edch th\u01b0\u1edbc<\/strong><\/td>\n<td>31.1 x 52.7 x 22 cm<\/td>\n<\/tr>\n<tr>\n<td>C\u00f4ng su\u1ea5t h\u00fat \u1ea9m<\/td>\n<td>12L\/ng\u00e0y<\/td>\n<\/tr>\n<tr>\n<td>Dung t\u00edch th\u00f9ng<\/td>\n<td>4L<\/td>\n<\/tr>\n<tr>\n<td>C\u1ea3m bi\u1ebfn<\/td>\n<td>C\u1ea3m bi\u1ebfn \u0111\u1ed9 \u1ea9m<\/td>\n<\/tr>\n<tr>\n<td>M\u00e1y n\u00e9n<\/td>\n<td>C\u00f3<\/td>\n<\/tr>\n<tr>\n<td><b>T\u00ednh n\u0103ng<\/b><\/td>\n<td><strong>Hong kh\u00f4, Comfort, ti\u1ebfp t\u1ee5c, t\u1ef1 \u0111\u1ed9ng<\/strong><\/td>\n<\/tr>\n<tr>\n<td>M\u00e0u<\/td>\n<td>Tr\u1eafng<\/td>\n<\/tr>\n<tr>\n<td>B\u00e1nh xe<\/td>\n<td>C\u00f3<\/td>\n<\/tr>\n<tr>\n<td>H\u1eb9n gi\u1edd<\/td>\n<td>C\u00f3<\/td>\n<\/tr>\n<tr>\n<td>C\u00f4ng su\u1ea5t<\/td>\n<td>160W<\/td>\n<\/tr>\n<tr>\n<td><strong>Di\u1ec7n t\u00edch ph\u00f2ng<\/strong><\/td>\n<td><strong>25m2<\/strong><\/td>\n<\/tr>\n<tr>\n<td>C\u00f4ng ngh\u1ec7<\/td>\n<td>plasma cluster ion<\/td>\n<\/tr>\n<tr>\n<td>Tr\u1ecdng l\u01b0\u1ee3ng<\/td>\n<td>5.8kg<\/td>\n<\/tr>\n<tr>\n<td>\u0110\u00e8n b\u00e1o ch\u1ea5t l\u01b0\u1ee3ng kh\u00f4ng kh\u00ed<\/td>\n<td>C\u00f3<\/td>\n<\/tr>\n<tr>\n<td><strong>T\u00ednh n\u0103ng \u0111u\u1ed5i mu\u1ed7i<\/strong><\/td>\n<td><strong>C\u00f3<\/strong><\/td>\n<\/tr>\n<tr>\n<td>HEPA(Tu\u1ed5i th\u1ecd)<\/td>\n<td>2 n\u0103m<\/td>\n<\/tr>\n<tr>\n<td>carbon<\/td>\n<td>2 n\u0103m<\/td>\n<\/tr>\n<tr>\n<td colspan=\"2\"><strong>H\u1ec7 th\u1ed1ng Plasmapluster Ion<\/strong><\/td>\n<\/tr>\n<tr>\n<td>M\u1eadt \u0111\u1ed9 Ion<\/td>\n<td>7000 Ion\/cm3<\/td>\n<\/tr>\n<tr>\n<td>Tu\u1ed5i th\u1ecd<\/td>\n<td>19.000 gi\u1edd<\/td>\n<\/tr>\n<\/tbody>\n<\/table>\n<ul class=\"tab\">\n<li style=\"list-style-type: none\">\n<ul class=\"tab\"><\/ul>\n<\/li>\n<\/ul>\n<h2><strong>Nguy\u00ean l\u00fd ho\u1ea1t \u0111\u1ed9ng c\u1ee7a m\u00e1y l\u1ecdc kh\u00f4ng kh\u00ed Sharp DW-D12A<\/strong><\/h2>\n<p>Lu\u1ed3ng kh\u00f4ng kh\u00ed \u00f4 nhi\u1ec5m \u0111i v\u00e0o 3 c\u1eeda h\u00fat theo kh\u00f4ng gian 3 chi\u1ec1u nh\u1edd m\u1ed9t qu\u1ea1t h\u00fat \u0111\u01b0\u1ee3c g\u1eafn trong m\u00e1y l\u1ecdc kh\u00f4ng kh\u00ed, t\u1ea1i bu\u1ed3ng x\u1eed l\u00fd kh\u00f4ng kh\u00ed bao g\u1ed3m\u00a0m\u00e0ng l\u1ecdc\u00a0th\u00f4 c\u00f3 t\u00e1c d\u1ee5ng ng\u0103n ch\u1eb7n c\u00e1c v\u1eadt th\u1ec3 c\u00f3 k\u00edch th\u01b0\u1edbc l\u1edbn nh\u01b0 l\u00f4ng, t\u00f3c, kim lo\u1ea1i\u2026, ti\u1ebfp theo kh\u00f4ng \u0111i qua\u00a0\u00a0b\u1ed9 ph\u1eadn\u00a0h\u00fat \u1ea9m kh\u00f4ng kh\u00ed, h\u1ec7 th\u1ed1ng bao g\u1ed3m 1 m\u00e1y n\u00e9n l\u00e0m l\u1ea1nh, kh\u00f4ng kh\u00ed \u1ea9m \u0111i qua gi\u00e0n l\u1ea1nh s\u1ebd ng\u01b0ng t\u1ee5 h\u01a1i n\u01b0\u1edbc v\u00e0 n\u01b0\u1edbc \u0111\u01b0\u1ee3c gi\u1eef l\u1ea1i t\u1ea1i 1 khay, \u0111\u1ed9 \u1ea9m kh\u00f4ng kh\u00ed \u0111\u01b0\u1ee3c hi\u1ec7n th\u1ecb nh\u1edd c\u1ea3m bi\u1ebfn \u1ea9m v\u00e0 \u0111\u00e8n b\u00e1o \u1ea9m. T\u00ednh n\u0103ng h\u00fat \u1ea9m gi\u1eef cho \u0111\u1ed9 \u1ea9m lu\u00f4n ph\u00f9 h\u1ee3p trong kh\u00f4ng kh\u00ed\u00a0 gi\u00fap b\u1ea3o v\u1ec7 s\u1ee9c kh\u1ecfe.\u00a0Sau khi qua h\u1ec7 th\u1ed1ng m\u00e0ng l\u1ecdc \u0111\u01b0\u1ee3c kh\u00f4ng kh\u00ed s\u1ea1ch s\u1ebd\u00a0 \u0111i ra ngo\u00e0i theo c\u1eeda \u0111\u1ea9y, c\u00e1c ch\u1ea5t g\u00e2y \u00f4 nhi\u1ec5m b\u1ecb gi\u1eef l\u1ea1i n\u01a1i b\u1ec1 m\u0103t tr\u01b0\u1edbc c\u1ee7a m\u00e0ng l\u1ecdc, \u0111\u1ecbnh k\u1ef3 kho\u1ea3ng 1 th\u00e1ng\/l\u1ea7n ch\u00fang ta v\u1ec7 sinh kh\u00f4 m\u00e0ng l\u1ecdc t\u00f9y thu\u1ed9c v\u00e0o m\u1ee9c \u0111\u1ed9 \u00f4 nhi\u1ec5m c\u1ee7a kh\u00f4ng kh\u00ed.<\/p>\n<p>Ngo\u00e0i ra m\u00e1y l\u1ecdc kh\u00f4ng kh\u00ed Sharp DW-D12A\u00a0c\u00f2n \u0111\u01b0\u1ee3c t\u00edch h\u1ee3p 1 b\u1ed9 ph\u00e1t ion \u00e2m , c\u00e1c h\u1ea1t ion \u00e2m c\u00f3 k\u00edch th\u01b0\u1edbc plasma (plasma cluster ion) s\u1ebd \u0111\u01b0\u1ee3c qu\u1ea1t \u0111\u1ea9y ph\u00e1t t\u00e1n \u0111\u1ec1u v\u00e0o trong kh\u00f4ng kh\u00ed ti\u00eau di\u1ec7t n\u1ed1t nh\u1eefng ch\u1ea5t g\u00e2y \u00f4 nhi\u1ec5m m\u00e0 h\u1ec7 th\u1ed1ng m\u00e0ng l\u1ecdc b\u1ecf s\u00f3t, ngo\u00e0i ra c\u00e1c h\u1ea1t plasma c\u00f2n c\u00f3 t\u00e1c d\u1ee5ng ch\u1ed1ng l\u1ea1i s\u1ef1 tho\u00e1t h\u01a1i n\u01b0\u1edbc trong kh\u00f4ng kh\u00ed do th\u1eddi ti\u1ebft ho\u1eb7c qu\u00e1 tr\u00ecnh s\u1eed d\u1ee5ng m\u00e1y l\u1ea1nh g\u00e2y ra qua \u0111\u00f3 t\u1ea1o ra \u0111\u1ed9 \u1ea9m th\u00edch h\u1ee3p \u0111\u1ec3 lu\u00f4n gi\u1eef cho l\u00e0n da ch\u00fang ta kh\u00f4ng b\u1ecb kh\u00f4, gi\u00fap tr\u00e1nh c\u00e1c b\u1ec7nh v\u1ec1 \u0111\u01b0\u1eddng h\u00f4 h\u1ea5p.<\/p>\n<p><strong>Li\u00ean h\u1ec7 hotline \u0111\u1ec3 nh\u1eadn th\u00eam t\u01b0 v\u1ea5n:\u00a0<\/strong><strong>0907 635 222 &#8211; 0912 034 122 &#8211; 098 653 6698<\/strong><strong>.<\/strong><\/p>\n","protected":false},"excerpt":{"rendered":"<ul>\n<li><b>H\u00e3ng S\u1ea3n xu\u1ea5t<\/b>: Sharp<\/li>\n<li><b>B\u1ea3o h\u00e0nh<\/b>: 1 n\u0103m ch\u00ednh h\u00e3ng<\/li>\n<li><b>Di\u1ec7n t\u00edch ph\u00f2ng<\/b>: 25m2<\/li>\n<li><b>C\u00f4ng ngh\u1ec7<\/b>: plasma cluster ion<\/li>\n<li><b>\u0110\u00e8n b\u00e1o v\u00e0 c\u1ea3m bi\u1ebfn \u0111\u1ed9 \u1ea9m<\/b>: c\u00f3<\/li>\n<li><b>Tu\u1ed5i th\u1ecd b\u1ed9 l\u1ecdc<\/b>: 2 n\u0103m<\/li>\n<\/ul>\n","protected":false},"featured_media":384,"comment_status":"open","ping_status":"closed","template":"","meta":[],"product_cat":[15,26,28],"product_tag":[],"_links":{"self":[{"href":"https:\/\/demo.bmconnect.vn\/maylockhi2\/wp-json\/wp\/v2\/product\/383"}],"collection":[{"href":"https:\/\/demo.bmconnect.vn\/maylockhi2\/wp-json\/wp\/v2\/product"}],"about":[{"href":"https:\/\/demo.bmconnect.vn\/maylockhi2\/wp-json\/wp\/v2\/types\/product"}],"replies":[{"embeddable":true,"href":"https:\/\/demo.bmconnect.vn\/maylockhi2\/wp-json\/wp\/v2\/comments?post=383"}],"wp:featuredmedia":[{"embeddable":true,"href":"https:\/\/demo.bmconnect.vn\/maylockhi2\/wp-json\/wp\/v2\/media\/384"}],"wp:attachment":[{"href":"https:\/\/demo.bmconnect.vn\/maylockhi2\/wp-json\/wp\/v2\/media?parent=383"}],"wp:term":[{"taxonomy":"product_cat","embeddable":true,"href":"https:\/\/demo.bmconnect.vn\/maylockhi2\/wp-json\/wp\/v2\/product_cat?post=383"},{"taxonomy":"product_tag","embeddable":true,"href":"https:\/\/demo.bmconnect.vn\/maylockhi2\/wp-json\/wp\/v2\/product_tag?post=383"}],"curies":[{"name":"wp","href":"https:\/\/api.w.org\/{rel}","templated":true}]}}