{"id":380,"date":"2018-09-28T20:37:40","date_gmt":"2018-09-28T13:37:40","guid":{"rendered":"https:\/\/demo.bmconnect.vn\/maylockhi2\/?post_type=product&#038;p=380"},"modified":"2018-09-28T20:58:44","modified_gmt":"2018-09-28T13:58:44","slug":"may-loc-khong-khi-o-to-sharp-ig-dc2e","status":"publish","type":"product","link":"https:\/\/demo.bmconnect.vn\/maylockhi2\/may-loc-khong-khi-o-to-sharp-ig-dc2e\/","title":{"rendered":"M\u00e1y l\u1ecdc kh\u00f4ng kh\u00ed \u00f4 t\u00f4 Sharp IG-DC2E"},"content":{"rendered":"<p>S\u1ea3n ph\u1ea9m <strong>m\u00e1y l\u1ecdc kh\u00f4ng kh\u00ed oto<\/strong> Sharp\u00a0IG-DC2E l\u00e0 thi\u1ebft b\u1ecb l\u1ecdc s\u1ea1ch kh\u00f4ng kh\u00ed tr\u00ean xe h\u01a1i v\u1edbi c\u00f4ng ngh\u1ec7\u00a0Plasmacluster v\u1edbi m\u1eadt \u0111\u1ed9 cao (2.500 ion\/cm3) v\u1edbi b\u1ea3ng \u0111i\u1ec1u khi\u1ec3n hi\u1ec7n \u0111\u1ea1i<\/p>\n<div><img src=\"http:\/\/maylockhi.com.vn\/profiles\/maylockhicomvn\/uploads\/attach\/post\/images\/bang-dieu-khien.jpg\" alt=\"\" \/><\/p>\n<\/div>\n<div>\u0110\u01a1n gi\u1ea3n v\u1edbi hai b\u01b0\u1edbc l\u00e0 b\u1ea1n \u0111\u00e3 c\u00f3 th\u1ec3 s\u1eed d\u1ee5ng ho\u00e0n to\u00e0n s\u1ea3n ph\u1ea9m <strong>m\u00e1y l\u1ecdc kh\u00f4ng kh\u00ed<\/strong> n\u00e0y.<\/p>\n<p>Thi\u1ebft k\u1ebf sang tr\u1ecdng, g\u1ecdn g\u00e0ng, \u0111\u01a1n gi\u1ea3n ph\u00f9 h\u1ee3p v\u1edbi c\u00e1c d\u00f2ng xe t\u1eeb b\u00ecnh d\u00e2n t\u1edbi\u00a0cao c\u1ea5p<\/p><\/div>\n<div><img src=\"http:\/\/maylockhi.com.vn\/profiles\/maylockhicomvn\/uploads\/attach\/post\/images\/lap-dat-may-loc-khong-khi-xe-hoi.jpg\" alt=\"\" \/><\/div>\n<div><\/div>\n<div><strong>TH\u00d4NG S\u1ed0 K\u1ef8 THU\u1eacT<\/strong>\n<\/div>\n<table border=\"10\" cellspacing=\"10\" cellpadding=\"10\" align=\"center\">\n<tbody>\n<tr>\n<td colspan=\"2\"><strong>C\u00e1c ti\u00eau ch\u00ed<\/strong><\/td>\n<\/tr>\n<tr>\n<td>H\u00e3ng s\u1ea3n xu\u1ea5t<\/td>\n<td>Sharp<\/td>\n<\/tr>\n<tr>\n<td>Xu\u1ea5t x\u1ee9<\/td>\n<td>Th\u00e1i Lan<\/td>\n<\/tr>\n<tr>\n<td>Model<\/td>\n<td>IG-DC2E<\/td>\n<\/tr>\n<tr>\n<td>K\u00edch th\u01b0\u1edbc<\/td>\n<td>H\u00ecnh tr\u1ee5, v\u00f2ng tr\u00ean 7,6 x v\u00f2ng d\u01b0\u1edbi 6,5 x cao 15cm cm<\/td>\n<\/tr>\n<tr>\n<td>L\u01b0u l\u01b0\u1ee3ng kh\u00ed<\/td>\n<td>~3.6m3\/h<\/td>\n<\/tr>\n<tr>\n<td>C\u1ea3m bi\u1ebfn<\/td>\n<td>Kh\u00f4ng<\/td>\n<\/tr>\n<tr>\n<td>M\u00e0u<\/td>\n<td>Tr\u1eafng, \u0110en, \u0110\u1ecf<\/td>\n<\/tr>\n<tr>\n<td>B\u00e1nh xe<\/td>\n<td>Kh\u00f4ng<\/td>\n<\/tr>\n<tr>\n<td>\u1ea8m k\u1ebf<\/td>\n<td>Kh\u00f4ng<\/td>\n<\/tr>\n<tr>\n<td>H\u1eb9n gi\u1edd<\/td>\n<td>Kh\u00f4ng<\/td>\n<\/tr>\n<tr>\n<td><strong>C\u00f4ng su\u1ea5t<\/strong><\/td>\n<td><strong>1,1 &#8211; 2,7W<\/strong><\/td>\n<\/tr>\n<tr>\n<td><strong>Ph\u1ea1m v\u1ecb ho\u1ea1t \u0111\u1ed9ng<\/strong><\/td>\n<td><strong>Xe t\u1eeb 4-9 ch\u1ed7 ng\u1ed3i<\/strong><\/td>\n<\/tr>\n<tr>\n<td>Tr\u1ecdng l\u01b0\u1ee3ng<\/td>\n<td>0.27kg<\/td>\n<\/tr>\n<tr>\n<td>Ngu\u1ed3n \u0111i\u1ec7n<\/td>\n<td>Ch\u1ea1y li\u00ean t\u1ee5c trong 6 n\u0103m<\/td>\n<\/tr>\n<tr>\n<td>\u0110\u1ed9 \u1ed3n<\/td>\n<td>23-33 DB<\/td>\n<\/tr>\n<tr>\n<td>Qu\u00e0 t\u1eb7ng<\/td>\n<td>D\u1eady x\u1ea1c d\u00e0i 1m8<\/td>\n<\/tr>\n<tr>\n<td><strong>B\u1ea3o h\u00e0nh<\/strong><\/td>\n<td><strong>12 th\u00e1ng<\/strong><\/td>\n<\/tr>\n<\/tbody>\n<\/table>\n<ul class=\"tab\">\n<li style=\"list-style-type: none\">\n<ul class=\"tab\"><\/ul>\n<\/li>\n<\/ul>\n<p><strong>Li\u00ean h\u1ec7 hotline \u0111\u1ec3 nh\u1eadn th\u00eam t\u01b0 v\u1ea5n:\u00a00936 88 5805\u00a0&#8211;\u00a0<\/strong><strong>094 616 4386.<\/strong><\/p>\n","protected":false},"excerpt":{"rendered":"<ul>\n<li><b>H\u00e3ng S\u1ea3n xu\u1ea5t<\/b>: Sharp<\/li>\n<li><b>B\u1ea3o h\u00e0nh<\/b>: 1 n\u0103m ch\u00ednh h\u00e3ng<\/li>\n<li><b>K\u00edch th\u01b0\u1edbc<\/b>:H\u00ecnh tr\u1ee5, v\u00f2ng tr\u00ean 7,6 x v\u00f2ng d\u01b0\u1edbi 6,5 x cao 15 cm<\/li>\n<li><b>C\u00f4ng ngh\u1ec7<\/b>: Plasmacluster m\u1eadt \u0111\u1ed9 c\u1ef1c cao<\/li>\n<li><b>C\u00f4ng su\u1ea5t<\/b>:1,1 &#8211; 2,7 W<\/li>\n<li><b>Th\u1ec3 t\u00edch s\u1eed d\u1ee5ng<\/b>:3.6m3<\/li>\n<\/ul>\n","protected":false},"featured_media":381,"comment_status":"open","ping_status":"closed","template":"","meta":[],"product_cat":[15,26,28],"product_tag":[],"_links":{"self":[{"href":"https:\/\/demo.bmconnect.vn\/maylockhi2\/wp-json\/wp\/v2\/product\/380"}],"collection":[{"href":"https:\/\/demo.bmconnect.vn\/maylockhi2\/wp-json\/wp\/v2\/product"}],"about":[{"href":"https:\/\/demo.bmconnect.vn\/maylockhi2\/wp-json\/wp\/v2\/types\/product"}],"replies":[{"embeddable":true,"href":"https:\/\/demo.bmconnect.vn\/maylockhi2\/wp-json\/wp\/v2\/comments?post=380"}],"wp:featuredmedia":[{"embeddable":true,"href":"https:\/\/demo.bmconnect.vn\/maylockhi2\/wp-json\/wp\/v2\/media\/381"}],"wp:attachment":[{"href":"https:\/\/demo.bmconnect.vn\/maylockhi2\/wp-json\/wp\/v2\/media?parent=380"}],"wp:term":[{"taxonomy":"product_cat","embeddable":true,"href":"https:\/\/demo.bmconnect.vn\/maylockhi2\/wp-json\/wp\/v2\/product_cat?post=380"},{"taxonomy":"product_tag","embeddable":true,"href":"https:\/\/demo.bmconnect.vn\/maylockhi2\/wp-json\/wp\/v2\/product_tag?post=380"}],"curies":[{"name":"wp","href":"https:\/\/api.w.org\/{rel}","templated":true}]}}