{"id":374,"date":"2018-09-28T20:34:43","date_gmt":"2018-09-28T13:34:43","guid":{"rendered":"https:\/\/demo.bmconnect.vn\/maylockhi2\/?post_type=product&#038;p=374"},"modified":"2018-09-28T20:58:53","modified_gmt":"2018-09-28T13:58:53","slug":"may-loc-khong-khi-va-bat-muoi-sharp-gm-30e-b","status":"publish","type":"product","link":"https:\/\/demo.bmconnect.vn\/maylockhi2\/may-loc-khong-khi-va-bat-muoi-sharp-gm-30e-b\/","title":{"rendered":"M\u00e1y l\u1ecdc kh\u00f4ng kh\u00ed v\u00e0 b\u1eaft mu\u1ed7i Sharp GM-30E-B"},"content":{"rendered":"<h2><strong>M\u00e1y l\u1ecdc kh\u00f4ng kh\u00ed v\u00e0 b\u1eaft mu\u1ed7i Sharp GM-30E-B ch\u00ednh h\u00e3ng<\/strong><\/h2>\n<div>\n* Gi\u1ea3m ngay\u00a0100.000\u0111\u00a0cho c\u00e1c \u0111\u01a1n \u0111\u1eb7t h\u00e0ng Online. (Xem h\u01b0\u1edbng d\u1eabn \u0111\u1eb7t\u00a0t\u1ea1i \u0111\u00e2y)<\/div>\n<div>* D\u00f9ng th\u1eed\u00a003 ng\u00e0y, \u0111\u1ed5i tr\u1ea3 s\u1ea3n ph\u1ea9m trong v\u00f2ng\u00a090 ng\u00e0y\u00a0n\u1ebfu ph\u00e1t sinh l\u1ed7i k\u1ef9 thu\u1eadt.<\/div>\n<div>* T\u1eb7ng g\u00f3i b\u1ea3o d\u01b0\u1ee1ng mi\u1ec5n ph\u00ed t\u1ea1i gia \u0111\u00ecnh trong v\u00f2ng\u00a003 n\u0103m.<\/div>\n<div>* Gi\u1ea3m th\u00eam\u00a050.000\u0111\u00a0khi mua m\u00e0ng l\u1ecdc \u0111\u1ed1i kh\u00e1ch h\u00e0ng mua m\u00e1y l\u1ecdc kh\u00f4ng\u00a0kh\u00ed t\u1ea1i\u00a0http:\/\/maylockhi.com.vn\/<\/div>\n<div>* Mi\u1ec5n ph\u00ed \u0111o ch\u1ea5t l\u01b0\u1ee3ng kh\u00f4ng kh\u00ed trong nh\u00e0<\/div>\n<div>* Gi\u1ea3m \u0111\u1ebfn\u00a0200.000\u0111\u00a0cho m\u1ecdi kh\u00e1ch h\u00e0ng t\u1eeb l\u1ea7n mua th\u1ee9 hai.<\/div>\n<div>* Mi\u1ec5n ph\u00ed ph\u00ed ship h\u00e0ng n\u1ed9i th\u00e0nh H\u00e0 N\u1ed9i v\u00e0 H\u1ed3 Ch\u00ed Minh. M\u1ecdi chi ti\u1ebft xin vui l\u00f2ng li\u00ean h\u1ec7 t\u1edbi Hotline:\u00a0<strong>0907 635 222 &#8211; 0912 034 122 &#8211; 098 653 6698<\/strong>\u00a0\u0111\u1ec3 nh\u1eadn \u0111\u01b0\u1ee3c nh\u1eefng ph\u1ea7n qu\u00e0 gi\u00e1 tr\u1ecb nh\u1ea5t<\/p>\n<table border=\"1\" cellspacing=\"1\" cellpadding=\"1\">\n<tbody>\n<tr>\n<td colspan=\"2\"><strong>Th\u00f4ng s\u1ed1 k\u1ef9 thu\u1eadt<\/strong><\/td>\n<\/tr>\n<tr>\n<td>H\u00e3ng s\u1ea3n xu\u1ea5t<\/td>\n<td>Sharp<\/td>\n<\/tr>\n<tr>\n<td>Xu\u1ea5t x\u1ee9<\/td>\n<td>Th\u00e1i Lan<\/td>\n<\/tr>\n<tr>\n<td>Model<\/td>\n<td>Sharp GM-30E<\/td>\n<\/tr>\n<tr>\n<td><strong>B\u1ea3o h\u00e0nh<\/strong><\/td>\n<td>12 th\u00e1ng ch\u00ednh h\u00e3ng<\/td>\n<\/tr>\n<tr>\n<td>K\u00edch th\u01b0\u1edbc<\/td>\n<td>46.6 x 40.9 x 25.9 cm<\/td>\n<\/tr>\n<tr>\n<td>L\u01b0u l\u01b0\u1ee3ng kh\u00ed<\/td>\n<td>78|120|180 m3\/h<\/td>\n<\/tr>\n<tr>\n<td>C\u1ea3m bi\u1ebfn<\/td>\n<td>Kh\u00f4ng<\/td>\n<\/tr>\n<tr>\n<td>\u0110\u1ed9 \u1ed3n<\/td>\n<td>33|40|47<\/td>\n<\/tr>\n<tr>\n<td><strong>T\u00ednh n\u0103ng \u0111\u1eb7c bi\u1ec7t<\/strong><\/td>\n<td><strong>Haze, b\u1eaft mu\u1ed3i<\/strong><\/td>\n<\/tr>\n<tr>\n<td>M\u00e0u<\/td>\n<td>\u0110en<\/td>\n<\/tr>\n<tr>\n<td>C\u00f4ng su\u1ea5t (Min-max)<\/td>\n<td>19|33|53<\/td>\n<\/tr>\n<tr>\n<td>C\u00f4ng ngh\u1ec7<\/td>\n<td>Plasmacluster Ion<\/td>\n<\/tr>\n<tr>\n<td>Tr\u1ecdng l\u01b0\u1ee3ng<\/td>\n<td>5.0 kg<\/td>\n<\/tr>\n<tr>\n<td colspan=\"2\"><strong>Tu\u1ed5i th\u1ecd b\u1ed9 l\u1ecdc<\/strong><\/td>\n<\/tr>\n<tr>\n<td>HEPA(Tu\u1ed5i th\u1ecd)<\/td>\n<td>2 n\u0103m<\/td>\n<\/tr>\n<tr>\n<td>Carbon<\/td>\n<td>2 n\u0103m<\/td>\n<\/tr>\n<tr>\n<td colspan=\"2\"><strong>H\u1ec7 th\u1ed1ng Plasmapluster Ion<\/strong><\/td>\n<\/tr>\n<tr>\n<td>M\u1eadt \u0111\u1ed9 Ion<\/td>\n<td>7.000 ion\/cm3<\/td>\n<\/tr>\n<tr>\n<td>Tu\u1ed5i th\u1ecd<\/td>\n<td>19.000h<\/td>\n<\/tr>\n<\/tbody>\n<\/table>\n<h2><strong>Nguy\u00ean l\u00fd ho\u1ea1t \u0111\u1ed9ng c\u1ee7a model m\u00e1y l\u1ecdc kh\u00f4ng kh\u00ed v\u00e0 b\u1eaft mu\u1ed7i Sharp\u00a0Sharp GM-30E<\/strong><\/h2>\n<p>M\u00e1y l\u1ecdc kh\u00f4ng kh\u00ed v\u00e0 b\u1eaft mu\u1ed7i Sharp GM-30E ho\u1ea1t \u0111\u1ed9ng d\u01b0\u1edbi c\u01a1 ch\u1ebf s\u1eed d\u1ee5ng h\u1ec7 th\u1ed1ng qu\u1ea1t h\u00fat kh\u00f4ng kh\u00ed \u0111\u1ec3 h\u00fat kh\u00f4ng kh\u00ed trong ph\u00f2ng. Kh\u00f4ng kh\u00ed khi \u0111i qua h\u1ec7 th\u1ed1ng b\u1ed9 l\u1ecdc kh\u00f4ng kh\u00ed s\u1ebd b\u1ecb gi\u1eef l\u1ea1i b\u1ee5i b\u1ea9n, vi khu\u1ea9n, n\u1ea5m m\u1ed1c&#8230; v\u00e0 lu\u1ed3ng kh\u00ed \u0111i ra s\u1ebd tr\u1edf n\u00ean trong l\u00e0nh. V\u1edbi trang b\u1ecb m\u00e0ng l\u1ecdc HEPA, m\u00e1y c\u00f3 th\u1ec3 l\u1ecdc nh\u1eefng b\u1ee5i b\u1ea9n, vi khu\u1ea9n c\u00f3 k\u00edch th\u01b0\u1edbc nh\u1ecf t\u1edbi 2.5 micromet.<\/p>\n<p>Thi\u1ebft b\u1ecb s\u1ebd thu h\u00fat mu\u1ed7i v\u1edbi \u0111\u00e8n UV v\u00e0 d\u1eabn d\u1ee5 mu\u1ed7i bay v\u00e0o c\u00e1c khe h\u1eb9p v\u00e0 \u0111en tr\u00ean th\u00e2n m\u00e1y*. Sau \u0111\u00f3 m\u00e1y s\u1ebd b\u1eaft mu\u1ed7i b\u1eb1ng d\u00f2ng h\u00ed th\u1ed5i \u0111\u1ed9c \u0111\u00e1o v\u00e0 m\u1ea1nh m\u1ebd v\u1edbi g\u00f3c nghi\u00eang 200 nh\u1eb1m h\u00fat mu\u1ed7i v\u00e0o b\u00ean trong v\u00e0 gi\u1eef l\u1ea1i b\u1eb1ng t\u1ea5m keo. V\u1edbi c\u00e1c y\u1ebfu t\u1ed1 tr\u00ean, b\u1ea1n c\u00f3 th\u1ec3 b\u1eaft mu\u1ed7i hi\u1ec7u qu\u1ea3 m\u00e0 kh\u00f4ng c\u1ea7n d\u00f9ng h\u00f3a ch\u1ea5t.<\/p>\n<p>Hi\u1ec7n model Sharp GM 30E \u0111ang \u0111\u01b0\u1ee3c \u0110\u1ea1i H\u1ea3i Th\u1ee7y ph\u00e2n ph\u1ed1i v\u1edbi m\u1ee9c gi\u00e1 c\u1ef1c t\u1ed1t, c\u00e1c b\u1ea1n c\u00f3 th\u1ec3 tham kh\u1ea3o kh\u1ea3o th\u00eam chi ti\u1ebft t\u1ea1i:\u00a0https:\/\/daihaithuy.vn\/ \u0111\u1ec3 nh\u1eadn th\u00eam nhi\u1ec1u \u01b0u \u0111\u00e3i m\u1edbi nh\u1ea5t.<br \/>\nXem th\u00eam c\u00e1c s\u1ea3n ph\u1ea9m m\u00e1y l\u1ecdc kh\u00f4ng kh\u00ed Sharp kh\u00e1c t\u1ea1i \u0111\u00e2y<\/p><\/div>\n","protected":false},"excerpt":{"rendered":"<ul>\n<li>B\u1eaft mu\u1ed7i hi\u1ec7u qu\u1ea3<\/li>\n<li>Ch\u1ea5t l\u01b0\u1ee3ng kh\u00f4ng kh\u00ed cao<\/li>\n<li>Ch\u1ebf \u0111\u1ed9 HAZE<\/li>\n<li>T\u1ef1 kh\u1edfi \u0111\u1ed9ng l\u1ea1i<\/li>\n<li>C\u00f4ng ngh\u1ec7 PlasmaCluster Ion ti\u00ean ti\u1ebfn<\/li>\n<\/ul>\n","protected":false},"featured_media":375,"comment_status":"open","ping_status":"closed","template":"","meta":[],"product_cat":[15,26,28],"product_tag":[],"_links":{"self":[{"href":"https:\/\/demo.bmconnect.vn\/maylockhi2\/wp-json\/wp\/v2\/product\/374"}],"collection":[{"href":"https:\/\/demo.bmconnect.vn\/maylockhi2\/wp-json\/wp\/v2\/product"}],"about":[{"href":"https:\/\/demo.bmconnect.vn\/maylockhi2\/wp-json\/wp\/v2\/types\/product"}],"replies":[{"embeddable":true,"href":"https:\/\/demo.bmconnect.vn\/maylockhi2\/wp-json\/wp\/v2\/comments?post=374"}],"wp:featuredmedia":[{"embeddable":true,"href":"https:\/\/demo.bmconnect.vn\/maylockhi2\/wp-json\/wp\/v2\/media\/375"}],"wp:attachment":[{"href":"https:\/\/demo.bmconnect.vn\/maylockhi2\/wp-json\/wp\/v2\/media?parent=374"}],"wp:term":[{"taxonomy":"product_cat","embeddable":true,"href":"https:\/\/demo.bmconnect.vn\/maylockhi2\/wp-json\/wp\/v2\/product_cat?post=374"},{"taxonomy":"product_tag","embeddable":true,"href":"https:\/\/demo.bmconnect.vn\/maylockhi2\/wp-json\/wp\/v2\/product_tag?post=374"}],"curies":[{"name":"wp","href":"https:\/\/api.w.org\/{rel}","templated":true}]}}