{"id":817,"date":"2018-09-30T18:53:08","date_gmt":"2018-09-30T11:53:08","guid":{"rendered":"https:\/\/demo.bmconnect.vn\/maylockhi2\/?page_id=817"},"modified":"2018-09-30T19:01:28","modified_gmt":"2018-09-30T12:01:28","slug":"huong-dan-thanh-toan","status":"publish","type":"page","link":"https:\/\/demo.bmconnect.vn\/maylockhi2\/huong-dan-thanh-toan\/","title":{"rendered":"H\u01b0\u1edbng d\u1eabn thanh to\u00e1n"},"content":{"rendered":"<table>\n<tbody>\n<tr>\n<td style=\"padding-right:30px\">\n<p>\n    <b>1. Vietcombank<\/b><br \/>\n    &#8211; Ch\u1ee7 t\u00e0i kho\u1ea3n: L\u00ea V\u0103n Thi\u1ec7n<br \/>\n    &#8211; S\u1ed1 t\u00e0i kho\u1ea3n: 0691000374599<br \/>\n    &#8211; Chi nh\u00e1nh: H\u00e0 T\u00e2y<\/p>\n<p><b>2. ACB<\/b><br \/>\n    &#8211; Ch\u1ee7 t\u00e0i kho\u1ea3n: L\u00ea V\u0103n Thi\u1ec7n<br \/>\n    &#8211; S\u1ed1 t\u00e0i kho\u1ea3n: 221262879<br \/>\n    &#8211; Chi nh\u00e1nh: H\u00e0 Th\u00e0nh<\/p>\n<\/td>\n<td style=\"padding-right:30px\">\n<p><b>3. Viettinbank<\/b><br \/>\n    &#8211; Ch\u1ee7 t\u00e0i kho\u1ea3n: L\u00ea V\u0103n Thi\u1ec7n<br \/>\n    &#8211; S\u1ed1 t\u00e0i kho\u1ea3n: 104867788579<br \/>\n    &#8211; Chi nh\u00e1nh: Nam Th\u0103ng Long<\/p>\n<p><b>4. BIDV<\/b><br \/>\n    &#8211; Ch\u1ee7 t\u00e0i kho\u1ea3n: L\u00ea Th\u1ecb Thanh T\u00e2m<br \/>\n    &#8211; S\u1ed1 t\u00e0i kho\u1ea3n: 45010006074049<br \/>\n    &#8211; Chi nh\u00e1nh: H\u00e0 T\u00e2y<\/p>\n<\/td>\n<td style=\"padding-right:30px\">\n<p><b>5. Agribank<\/b><br \/>\n    &#8211; Ch\u1ee7 t\u00e0i kho\u1ea3n: L\u00ea V\u0103n Thi\u1ec7n<br \/>\n    &#8211; S\u1ed1 t\u00e0i kho\u1ea3n: 2000206180703<br \/>\n    &#8211; Chi nh\u00e1nh: \u0110\u00e0 N\u1eb5ng<\/p>\n<p><b>6. VPBANK<\/b><br \/>\n    &#8211; Ch\u1ee7 t\u00e0i kho\u1ea3n: Tr\u1ecbnh Th\u1ecb H\u1eb1ng<br \/>\n    &#8211; S\u1ed1 t\u00e0i kho\u1ea3n: xxxxxxxxxx<br \/>\n    &#8211; Chi nh\u00e1nh: xxxxxx<\/p>\n<\/td>\n<\/tr>\n<\/tbody>\n<\/table>\n","protected":false},"excerpt":{"rendered":"<p>1. Vietcombank &#8211; Ch\u1ee7 t\u00e0i kho\u1ea3n: L\u00ea V\u0103n Thi\u1ec7n &#8211; S\u1ed1 t\u00e0i kho\u1ea3n: 0691000374599 &#8211; Chi nh\u00e1nh: H\u00e0 T\u00e2y 2. ACB &#8211; Ch\u1ee7 t\u00e0i kho\u1ea3n: L\u00ea V\u0103n Thi\u1ec7n &#8211; S\u1ed1 t\u00e0i kho\u1ea3n: 221262879 &#8211; Chi nh\u00e1nh: H\u00e0 Th\u00e0nh 3. Viettinbank &#8211; Ch\u1ee7 t\u00e0i kho\u1ea3n: L\u00ea V\u0103n Thi\u1ec7n &#8211; S\u1ed1 t\u00e0i kho\u1ea3n: 104867788579 &#8211; Chi nh\u00e1nh:&#8230;<\/p>\n","protected":false},"author":1,"featured_media":0,"parent":0,"menu_order":0,"comment_status":"closed","ping_status":"closed","template":"page-right-sidebar.php","meta":[],"_links":{"self":[{"href":"https:\/\/demo.bmconnect.vn\/maylockhi2\/wp-json\/wp\/v2\/pages\/817"}],"collection":[{"href":"https:\/\/demo.bmconnect.vn\/maylockhi2\/wp-json\/wp\/v2\/pages"}],"about":[{"href":"https:\/\/demo.bmconnect.vn\/maylockhi2\/wp-json\/wp\/v2\/types\/page"}],"author":[{"embeddable":true,"href":"https:\/\/demo.bmconnect.vn\/maylockhi2\/wp-json\/wp\/v2\/users\/1"}],"replies":[{"embeddable":true,"href":"https:\/\/demo.bmconnect.vn\/maylockhi2\/wp-json\/wp\/v2\/comments?post=817"}],"version-history":[{"count":2,"href":"https:\/\/demo.bmconnect.vn\/maylockhi2\/wp-json\/wp\/v2\/pages\/817\/revisions"}],"predecessor-version":[{"id":819,"href":"https:\/\/demo.bmconnect.vn\/maylockhi2\/wp-json\/wp\/v2\/pages\/817\/revisions\/819"}],"wp:attachment":[{"href":"https:\/\/demo.bmconnect.vn\/maylockhi2\/wp-json\/wp\/v2\/media?parent=817"}],"curies":[{"name":"wp","href":"https:\/\/api.w.org\/{rel}","templated":true}]}}