{"id":201,"date":"2019-01-15T23:55:02","date_gmt":"2019-01-15T16:55:02","guid":{"rendered":"http:\/\/demo.bmconnect.vn\/matong\/?post_type=product&#038;p=201"},"modified":"2019-01-15T23:55:18","modified_gmt":"2019-01-15T16:55:18","slug":"mat-ong-hoa-nhan-tieu-chuan-chau-au","status":"publish","type":"product","link":"https:\/\/demo.bmconnect.vn\/matong\/san-pham\/mat-ong-hoa-nhan-tieu-chuan-chau-au\/","title":{"rendered":"M\u1eadt Ong Hoa Nh\u00e3n lo\u1ea1i 1 lit"},"content":{"rendered":"<div><span style=\"font-family: Helvetica;\">V\u00e0o th\u00e1ng 03 h\u00e0ng n\u0103m t\u1ea1i c\u00e1c khu v\u1ef1c mi\u1ec1n t\u00e2y v\u00e0 mi\u1ec1n b\u1eafc n\u01b0\u1edbc ta l\u00e0 th\u1eddi \u0111i\u1ec3m nh\u1eefng trang tr\u1ea1i nh\u00e3n b\u1eaft \u0111\u1ea7u n\u1edf hoa \u0111\u00e2y c\u0169ng l\u00e0 th\u1eddi \u0111i\u1ec1m nh\u1eefng nh\u00e0 nu\u00f4i ong \u1edf c\u00e1c n\u01a1i s\u1ebd ti\u1ebfn h\u00e0nh di chuy\u1ec3n \u0111\u00e0n ong \u0111\u1ebfn thu ho\u1ea1ch m\u1eadt ong hoa nh\u00e3n. C\u00e1c ch\u00fa ong khi \u0111\u01b0\u1ee3c \u0111\u01b0a \u0111\u1ebfn \u0111\u00e2y s\u1ebd l\u00e0m vi\u1ec7c ch\u0103m ch\u1ec9 ng\u00e0y \u0111\u00eam. Ban ng\u00e0y \u0111i h\u00fat m\u1eadt \u0111\u01b0a v\u1ec1 t\u1ed5, ban \u0111\u00eam ti\u1ebfn h\u00e0nh luy\u1ec7n m\u1eadt qua m\u1ed9t qu\u00e1 tr\u00ecnh d\u00e0i. Khi m\u1eadt \u0111\u1ee7 ch\u00edn, ch\u1ee7 tr\u1ea1i nu\u00f4i ong c\u1ee7a Hilobee m\u1edbi ti\u1ebfn h\u00e0nh quay l\u1ea5y m\u1eadt. \u0110\u1eb7c th\u00f9 hoa nh\u00e3n c\u00f3 h\u01b0\u01a1ng v\u1ecb r\u1ea5t \u0111\u1eb7c tr\u01b0ng v\u00e0 d\u1ec5 nh\u1eadn bi\u1ebft.<\/span><\/div>\n<div><img src=\"https:\/\/hilobee.vn\/medias\/uploads\/0\/570-mua-mat-ong-hoa-nhan-nguyen-chat-tieu-chuan-xuat-khau-chau-au-hilobee.jpg\" alt=\"M\u1eadt Ong Hoa Nh\u00e3n - Ti\u00eau Chu\u1ea9n Ch\u00e2u \u00c2u\" \/><span style=\"font-family: Helvetica;\"><br \/>\n<\/span><\/div>\n<h2><b><span style=\"color: #000000; font-family: Helvetica;\">2. \u0110\u1eb7c \u0111i\u1ec3m nh\u1eadn bi\u1ebft m\u1eadt ong hoa nh\u00e3n c\u1ee7a Hilobee<\/span><\/b><\/h2>\n<div><span style=\"font-family: Helvetica;\">M\u1eadt ong hoa nh\u00e3n Hilobee ch\u1ec9 \u0111\u01b0\u1ee3c thu ho\u1ea1ch khi \u0111\u00e3 tr\u1ea3i qua qu\u00e1 tr\u00ecnh luy\u1ec7n \u0111\u1ee7 ch\u00edn c\u1ee7a c\u00e1c ch\u00fa ong th\u1ee3 v\u00e0 cho ra ch\u1ea5t l\u01b0\u1ee3ng m\u1eadt t\u1ed1t v\u00e0 \u0111\u1eadm \u0111\u1eb7c nh\u1ea5t ho\u00e0n to\u00e0n kh\u00e1c bi\u1ec7t so v\u1edbi c\u00e1c lo\u1ea1i m\u1eadt ong kh\u00e1c tr\u00ean th\u1ecb tr\u01b0\u1eddng hi\u1ec7n nay.<\/span><\/div>\n<div><span style=\"font-family: Helvetica;\">H\u00e0m l\u01b0\u1ee3ng n\u01b0\u1edbc trong m\u1eadt ong &lt;=19% &#8211; \u0111\u00e2y l\u00e0 ti\u00eau chu\u1ea9n qu\u1ed1c t\u1ebf \u0111\u1ee7 \u0111i\u1ec1u ki\u1ec7n xu\u1ea5t kh\u1ea9u sang c\u00e1c n\u01b0\u1edbc Ch\u00e2u \u00c2u, M\u1ef9, Trung \u0110\u00f4ng, Nh\u1eadt B\u1ea3n, H\u00e0n Qu\u1ed1c&#8230;<\/span><\/div>\n<div><span style=\"font-family: Helvetica;\">M\u1eadt ong hoa nh\u00e3n Hilobee c\u00f3 v\u1ecb ng\u1ecdt d\u1ecbu v\u00e0 m\u00f9i h\u01b0\u01a1ng \u0111\u1eb7c tr\u01b0ng c\u1ee7a hoa nh\u00e3n. C\u00f3 m\u00e0u v\u00e0ng s\u00e1nh \u0111\u1eb7c tr\u01b0ng.<\/span><\/div>\n<div><img src=\"https:\/\/hilobee.vn\/medias\/uploads\/0\/571-mat-ong-hoa-nhan-nguyen-chat-tieu-chuan-xuat-khau-chau-au-hilobee.jpg\" alt=\"M\u1eadt Ong Hoa Nh\u00e3n - Ti\u00eau Chu\u1ea9n Ch\u00e2u \u00c2u\" \/><span style=\"font-family: Helvetica;\"><br \/>\n<\/span><\/div>\n<h2><b><span style=\"color: #000000; font-family: Helvetica;\">3. C\u00f4ng d\u1ee5ng c\u1ee7a m\u1eadt ong hoa nh\u00e3n Hilobee<\/span><\/b><\/h2>\n<div><span style=\"font-family: Helvetica;\">Th\u00e0nh ph\u1ea7n trong m\u1eadt ong hoa nh\u00e3n Hilobee c\u00f3 r\u1ea5t nhi\u1ec1u lo\u1ea1i Vitamin v\u00e0 axit amin quan tr\u1ecdng nh\u01b0 A, B1, B2, ti\u1ec1n t\u1ed1 Acid Folic&#8230; Vi\u1ec7c s\u1eed d\u1ee5ng m\u1eadt ong h\u00e0ng ng\u00e0y gi\u00fap cho ch\u00fang ta c\u00f3 m\u1ed9t c\u01a1 th\u1ec3 kho\u1ebb m\u1ea1nh, t\u0103ng c\u01b0\u1eddng s\u1ee9c \u0111\u1ec1 kh\u00e1ng. Gi\u00fap \u0103n ngon mi\u1ec7ng, ng\u1ee7 s\u00e2u gi\u1ea5c, c\u00f3 m\u1ed9t l\u00e0n da h\u1ed3ng h\u00e0o, t\u01b0\u01a1i s\u00e1ng.<\/span><\/div>\n<div><span style=\"font-family: Helvetica;\">Ngo\u00e0i ra, vi\u1ec7c s\u1eed d\u1ee5ng m\u1eadt ong hoa nh\u00e3n Hilobee gi\u00fap tr\u1ecb c\u00e1c lo\u1ea1i b\u1ec7nh li\u00ean quan \u0111\u1ebfn \u0111\u01b0\u1eddng ru\u1ed9t, ti\u00eau ho\u00e1, \u0111\u1eb7c bi\u1ec7t l\u00e0 d\u1ea1 d\u00e0y khi k\u1ebft h\u1ee3p c\u00f9ng v\u1edbi tinh b\u1ed9t ngh\u1ec7.<\/span><\/div>\n","protected":false},"excerpt":{"rendered":"<p>M\u1eadt ong hoa nh\u00e3n Hilobee \u0111\u01b0\u1ee3c thu ho\u1ea1ch tr\u1ef1c ti\u1ebfp t\u1ea1i c\u00e1c trang tr\u1ea1i nh\u00e3n thu\u1ed9c khu v\u1ef1c mi\u1ec1n B\u1eafc v\u00e0 mi\u1ec1n T\u00e2y. M\u1eadt hoa nh\u00e3n khi thu ho\u1ea1ch ph\u1ea3i \u0111\u1ea1t \u0111\u1ee7 \u0111\u1ed9 ch\u00edn. H\u00e0m l\u01b0\u1ee3ng n\u01b0\u1edbc &lt;=19% \u0111\u1ee7 ti\u00eau chu\u1ea9n xu\u1ea5t kh\u1ea9u sang c\u00e1c n\u01b0\u1edbc Ch\u00e2u \u00c2u, M\u1ef9, H\u00e0n Qu\u1ed1c, Nh\u1eadt B\u1ea3n, Trung \u0110\u00f4ng&#8230; 100% nguy\u00ean ch\u1ea5t t\u1ef1 nhi\u00ean v\u1edbi h\u01b0\u01a1ng v\u1ecb \u0111\u1eb7c tr\u01b0ng c\u1ee7a hoa nh\u00e3n<\/p>\n","protected":false},"featured_media":202,"comment_status":"open","ping_status":"closed","template":"","meta":[],"product_cat":[19,17,18],"product_tag":[],"_links":{"self":[{"href":"https:\/\/demo.bmconnect.vn\/matong\/wp-json\/wp\/v2\/product\/201"}],"collection":[{"href":"https:\/\/demo.bmconnect.vn\/matong\/wp-json\/wp\/v2\/product"}],"about":[{"href":"https:\/\/demo.bmconnect.vn\/matong\/wp-json\/wp\/v2\/types\/product"}],"replies":[{"embeddable":true,"href":"https:\/\/demo.bmconnect.vn\/matong\/wp-json\/wp\/v2\/comments?post=201"}],"wp:featuredmedia":[{"embeddable":true,"href":"https:\/\/demo.bmconnect.vn\/matong\/wp-json\/wp\/v2\/media\/202"}],"wp:attachment":[{"href":"https:\/\/demo.bmconnect.vn\/matong\/wp-json\/wp\/v2\/media?parent=201"}],"wp:term":[{"taxonomy":"product_cat","embeddable":true,"href":"https:\/\/demo.bmconnect.vn\/matong\/wp-json\/wp\/v2\/product_cat?post=201"},{"taxonomy":"product_tag","embeddable":true,"href":"https:\/\/demo.bmconnect.vn\/matong\/wp-json\/wp\/v2\/product_tag?post=201"}],"curies":[{"name":"wp","href":"https:\/\/api.w.org\/{rel}","templated":true}]}}