{"id":198,"date":"2019-01-15T23:53:41","date_gmt":"2019-01-15T16:53:41","guid":{"rendered":"http:\/\/demo.bmconnect.vn\/matong\/?post_type=product&#038;p=198"},"modified":"2019-01-15T23:54:10","modified_gmt":"2019-01-15T16:54:10","slug":"qua-tang-mat-ong-hilobee-2019","status":"publish","type":"product","link":"https:\/\/demo.bmconnect.vn\/matong\/san-pham\/qua-tang-mat-ong-hilobee-2019\/","title":{"rendered":"Qu\u00e0 t\u1eb7ng m\u1eadt ong Hilobee 2019"},"content":{"rendered":"<p><span style=\"font-family: Helvetica;\">V\u00e0o nh\u1eefng d\u1ecbp l\u1ec5 t\u1ebft c\u0169ng l\u00e0 d\u1ecbp \u0111\u1ec3 ch\u00fang ta th\u1ec3 hi\u1ec7n s\u1ef1 quan t\u00e2m \u0111\u1ebfn nh\u1eefng ng\u01b0\u1eddi th\u00e2n, \u0111\u1ed1i t\u00e1c, nh\u00e2n vi\u00ean, \u0111\u1ed3ng nghi\u1ec7p&#8230;nh\u1eefng ng\u01b0\u1eddi \u0111\u00e3 c\u00f9ng nhau g\u1eafn b\u00f3 v\u00e0 n\u1ed5 l\u1ef1c kh\u00f4ng ng\u1eebng trong 1 n\u0103m qua.<\/span><\/p>\n<p><span style=\"font-family: Helvetica;\">Nh\u01b0ng \u0111\u1ec3 ch\u1ecdn l\u1ef1a \u0111\u01b0\u1ee3c cho m\u00ecnh m\u00f3n qu\u00e0 \u0111\u1ee7 sang tr\u1ecdng, v\u1eeba th\u1ec3 hi\u1ec7n \u0111\u01b0\u1ee3c s\u1ef1 quan t\u00e2m, v\u1eeba th\u1ec3 hi\u1ec7n \u0111\u01b0\u1ee3c l\u00f2ng y\u00eau m\u1ebfn c\u1ee7a m\u00ecnh \u0111\u1ed1i v\u1edbi ng\u01b0\u1eddi t\u1eb7ng l\u00e0 m\u1ed9t \u0111i\u1ec1u kh\u00f4ng ph\u1ea3i ai c\u0169ng \u0111\u1ee7 tinh t\u1ebf v\u00e0 c\u00f3 \u0111\u01b0\u1ee3c s\u1ef1 l\u1ef1a ch\u1ecdn t\u1ed1t nh\u1ea5t.<\/span><\/p>\n<p><span style=\"font-family: Helvetica;\">Th\u1ea5u hi\u1ec7u \u0111\u01b0\u1ee3c kh\u00f3 kh\u0103n \u0111\u00f3, Hilobee xin gi\u1edbi thi\u1ec7u c\u00e1c combo qu\u00e0 t\u1eb7ng \u0111\u00e3 \u0111\u01b0\u1ee3c r\u1ea5t nhi\u1ec1u \u0111\u1ed1i t\u00e1c l\u1ef1a ch\u1ecdn:<\/span><\/p>\n<p><span style=\"font-family: Helvetica;\">&#8211; V\u1edbi s\u1ef1 \u0111\u1ea3m b\u1ea3o v\u1ec1 ch\u1ea5t l\u01b0\u1ee3ng s\u1ea3n ph\u1ea9m gi\u00fap cho ng\u01b0\u1eddi \u0111\u01b0\u1ee3c nh\u1eadn ho\u00e0n to\u00e0n y\u00ean t\u00e2m s\u1eed d\u1ee5ng<\/span><\/p>\n<p><span style=\"font-family: Helvetica;\">&#8211; Thi\u1ebft k\u1ebf sang tr\u1ecdng v\u00e0 b\u1eaft m\u1eaft nh\u1eefng ng\u01b0\u1eddi \u0111\u01b0\u1ee3c nh\u1eadn qu\u00e0 s\u1ebd c\u1ea3m th\u1ea5y v\u00f4 c\u00f9ng th\u00edch th\u00fa v\u00e0 y\u00eau qu\u00fd.<\/span><\/p>\n<p><span style=\"font-family: Helvetica;\">&#8211; V\u00e0 \u0111\u1eb7c bi\u1ec7t c\u00e1c g\u00f3i Combo k\u1ebft h\u1ee3p v\u1edbi nhau c\u00f3 gi\u00e1 c\u1ea3 h\u1ee3p l\u00fd v\u00e0 r\u1ea5t d\u1ec5 d\u00e0ng \u0111\u1ec3 l\u1ef1a ch\u1ecdn.<\/span><\/p>\n<p><span style=\"font-family: Helvetica;\">&#8211; Tin ch\u1eafc r\u1eb1ng nh\u1eefng ai nh\u1eadn \u0111\u01b0\u1ee3c m\u00f3n qu\u00e0 n\u00e0y t\u1eeb b\u1ea1n h\u1ecd s\u1ebd c\u1ea3m nh\u1eadn \u0111\u01b0\u1ee3c s\u1ef1 quan t\u00e2m th\u1ef1c s\u1ef1 \u0111\u1ebfn t\u1eeb ng\u01b0\u1eddi t\u1eb7ng.<\/span><\/p>\n<p><span style=\"font-family: Helvetica;\">Xin h\u00e3y k\u00e9o xu\u1ed1ng d\u01b0\u1edbi \u0111\u1ec3 c\u00f9ng xem v\u00e0 l\u1ef1a ch\u1ecdn cho m\u00ecnh nh\u00e9!<\/span><\/p>\n","protected":false},"excerpt":{"rendered":"<p><span style=\"font-family: Helvetica;\">&#8211; V\u00e0 \u0111\u1eb7c bi\u1ec7t c\u00e1c g\u00f3i Combo k\u1ebft h\u1ee3p v\u1edbi nhau c\u00f3 gi\u00e1 c\u1ea3 h\u1ee3p l\u00fd v\u00e0 r\u1ea5t d\u1ec5 d\u00e0ng \u0111\u1ec3 l\u1ef1a ch\u1ecdn.<\/span><\/p>\n<p><span style=\"font-family: Helvetica;\">&#8211; Tin ch\u1eafc r\u1eb1ng nh\u1eefng ai nh\u1eadn \u0111\u01b0\u1ee3c m\u00f3n qu\u00e0 n\u00e0y t\u1eeb b\u1ea1n h\u1ecd s\u1ebd c\u1ea3m nh\u1eadn \u0111\u01b0\u1ee3c s\u1ef1 quan t\u00e2m th\u1ef1c s\u1ef1 \u0111\u1ebfn t\u1eeb ng\u01b0\u1eddi t\u1eb7ng.<\/span><\/p>\n<p><span style=\"font-family: Helvetica;\">Xin h\u00e3y k\u00e9o xu\u1ed1ng d\u01b0\u1edbi \u0111\u1ec3 c\u00f9ng xem v\u00e0 l\u1ef1a ch\u1ecdn cho m\u00ecnh nh\u00e9!<\/span><\/p>\n","protected":false},"featured_media":200,"comment_status":"open","ping_status":"closed","template":"","meta":[],"product_cat":[20,19],"product_tag":[],"_links":{"self":[{"href":"https:\/\/demo.bmconnect.vn\/matong\/wp-json\/wp\/v2\/product\/198"}],"collection":[{"href":"https:\/\/demo.bmconnect.vn\/matong\/wp-json\/wp\/v2\/product"}],"about":[{"href":"https:\/\/demo.bmconnect.vn\/matong\/wp-json\/wp\/v2\/types\/product"}],"replies":[{"embeddable":true,"href":"https:\/\/demo.bmconnect.vn\/matong\/wp-json\/wp\/v2\/comments?post=198"}],"wp:featuredmedia":[{"embeddable":true,"href":"https:\/\/demo.bmconnect.vn\/matong\/wp-json\/wp\/v2\/media\/200"}],"wp:attachment":[{"href":"https:\/\/demo.bmconnect.vn\/matong\/wp-json\/wp\/v2\/media?parent=198"}],"wp:term":[{"taxonomy":"product_cat","embeddable":true,"href":"https:\/\/demo.bmconnect.vn\/matong\/wp-json\/wp\/v2\/product_cat?post=198"},{"taxonomy":"product_tag","embeddable":true,"href":"https:\/\/demo.bmconnect.vn\/matong\/wp-json\/wp\/v2\/product_tag?post=198"}],"curies":[{"name":"wp","href":"https:\/\/api.w.org\/{rel}","templated":true}]}}