{"id":195,"date":"2019-01-15T23:52:10","date_gmt":"2019-01-15T16:52:10","guid":{"rendered":"http:\/\/demo.bmconnect.vn\/matong\/?post_type=product&#038;p=195"},"modified":"2019-01-15T23:52:10","modified_gmt":"2019-01-15T16:52:10","slug":"sap-ong-thien-nhien-nguyen-chat","status":"publish","type":"product","link":"https:\/\/demo.bmconnect.vn\/matong\/san-pham\/sap-ong-thien-nhien-nguyen-chat\/","title":{"rendered":"S\u00e1p ong thi\u00ean nhi\u00ean nguy\u00ean ch\u1ea5t"},"content":{"rendered":"<h2><span style=\"font-family: Helvetica;\">1. S\u00e1p Ong L\u00e0 G\u00ec?<\/span><\/h2>\n<p><span style=\"font-family: Helvetica;\">S\u00e1p ong l\u00e0 ch\u1ea5t do ong m\u1eadt thu l\u01b0\u1ee3m t\u1eeb r\u1ea5t nhi\u1ec1u lo\u1ea1i th\u1ef1c v\u1eadt \u1eeb thi\u00ean nhi\u00ean mang v\u1ec1 h\u00f2a tr\u1ed9n, k\u1ebft h\u1ee3p l\u1ea1i v\u1edbi nhau th\u00e0nh m\u1ed9t d\u1ea1ng ch\u1ea5t keo t\u1ea1o n\u00ean s\u1ef1 k\u1ebft d\u00ednh \u0111\u1ec3 ti\u1ebfn h\u00e0nh x\u00e2y t\u1ed5 c\u1ee7a ch\u00fang.<\/span><\/p>\n<p><span style=\"font-family: Helvetica;\">B\u00ean c\u1ea1nh \u0111\u00f3, trong qu\u00e1 tr\u00ecnh h\u00f2a tr\u1ed9n ch\u00fang s\u1ebd ti\u1ebft ra m\u1ed9t s\u1ed1 lo\u1ea1i ch\u1ea5t gi\u00fap ng\u0103n ch\u1eb7n c\u00f4n tr\u00f9ng b\u00ean ngo\u00e0i x\u00e2m nh\u1eadp t\u1ed5 ong v\u00e0 \u0111\u1eb7c bi\u1ec7t n\u00f3 c\u00f2n \u0111\u00f3ng vai tr\u00f2 nh\u01b0 m\u1ed9t kh\u00e1ng sinh t\u1ef1 nhi\u1ebfn gi\u00fap ng\u0103n ch\u0103n c\u00e1c lo\u1ea1i n\u1ea5m m\u1ed1c, vi khu\u1ea9n c\u00f3 th\u1ec3 h\u00ecnh th\u00e0nh.<\/span><\/p>\n<h2><span style=\"font-family: Helvetica;\">2. C\u00e1ch Nh\u1eadn Bi\u1ebft S\u00e1p Ong Nguy\u00ean Ch\u1ea5t<\/span><\/h2>\n<p><span style=\"font-family: Helvetica;\">S\u00e1p ong nguy\u00ean ch\u1ea5t th\u01b0\u1eddng c\u00f3 m\u00e0u v\u00e0ng ho\u1eb7c m\u00e0u tr\u1eafng \u0111\u1ee5c t\u00f9y thu\u1ed9c v\u00e0o v\u00f9ng hoa v\u00e0 th\u1eddi \u0111i\u1ec3m x\u00e2y d\u1ef1ng t\u1ed5 c\u1ee7a lo\u00e0i ong.<\/span><\/p>\n<h2><span style=\"font-family: Helvetica;\">3.\u00a0 C\u00f3 M\u1ea5y Lo\u1ea1i S\u00e1p Ong Thi\u00ean Nhi\u00ean Nguy\u00ean Ch\u1ea5t.<br \/>\n<\/span><\/h2>\n<p><span style=\"font-family: Helvetica;\">Hi\u1ec7n nay, c\u00f3 2 lo\u1ea1i s\u00e1p ong thi\u00ean nhi\u00ean nguy\u00ean ch\u1ea5t nh\u01b0 sau:<\/span><\/p>\n<ul>\n<li><span style=\"font-family: Helvetica;\">S\u00e1p ong th\u00f4:<\/span><\/li>\n<\/ul>\n<p><span style=\"font-family: Helvetica;\">L\u00e0 lo\u1ea1i s\u00e1p sau khi quay m\u1eadt xong ti\u1ebfn h\u00e0nh l\u1ea5y s\u00e1p mang \u0111i n\u1ea5u v\u00e0 c\u00f4 \u0111\u1eb7c l\u1ea1i. Lo\u1ea1i s\u00e1p n\u00e0y th\u01b0\u1eddng c\u00f2n nhi\u1ec1u lo\u1ea1i t\u1ea1p ch\u1ea5t kh\u00e1c trong qu\u00e1 tr\u00ecnh quay m\u1eadt ch\u01b0a \u0111\u01b0\u1ee3c l\u00e0m s\u1ea1ch nh\u01b0: x\u00e1c ong, nh\u1ed9ng ong, l\u00e1 c\u00e2y,&#8230;<\/span><\/p>\n<h2><span style=\"font-family: Helvetica;\">4. S\u00e1p Ong Thi\u00ean Nhi\u00ean Nguy\u00ean Ch\u1ea5t B\u00e1n \u1ede \u0110\u00e2u?<\/span><\/h2>\n<p><span style=\"font-family: Helvetica;\">Hi\u1ec7n nay, C\u00f4ng ty Hilobee cung c\u1ea5p c\u1ea3 2 lo\u1ea1i s\u00e1p ong v\u1edbi s\u1ed1 l\u01b0\u1ee3ng l\u1edbn tr\u00ean to\u00e0n qu\u1ed1c v\u00e0 xu\u1ea5t kh\u1ea9u \u0111i c\u00e1c n\u01b0\u1edbc.\u00a0<\/span><\/p>\n<p><span style=\"font-family: Helvetica;\">\u0110\u1eb7c bi\u1ec7t, Hilobee s\u1ebd mi\u1ec5n ph\u00ed giao h\u00e0ng cho c\u00e1c Kh\u00e1ch h\u00e0ng t\u1ea1i khu v\u1ef1c TP H\u1ed3 Ch\u00ed Minh, c\u00e1c t\u1ec9nh th\u00e0nh kh\u00e1c h\u1ed7 tr\u1ee3 50% chi ph\u00ed giao h\u00e0ng t\u1eadn n\u01a1i.<\/span><\/p>\n","protected":false},"excerpt":{"rendered":"<p><span style=\"font-family: Helvetica;\">S\u00e1p ong l\u00e0 ch\u1ea5t do ong m\u1eadt thu l\u01b0\u1ee3m t\u1eeb r\u1ea5t nhi\u1ec1u lo\u1ea1i th\u1ef1c v\u1eadt \u1eeb thi\u00ean nhi\u00ean mang v\u1ec1 h\u00f2a tr\u1ed9n, k\u1ebft h\u1ee3p l\u1ea1i v\u1edbi nhau th\u00e0nh m\u1ed9t d\u1ea1ng ch\u1ea5t keo t\u1ea1o n\u00ean s\u1ef1 k\u1ebft d\u00ednh \u0111\u1ec3 ti\u1ebfn h\u00e0nh x\u00e2y t\u1ed5 c\u1ee7a ch\u00fang.<\/span><\/p>\n<p><span style=\"font-family: Helvetica;\">B\u00ean c\u1ea1nh \u0111\u00f3, trong qu\u00e1 tr\u00ecnh h\u00f2a tr\u1ed9n ch\u00fang s\u1ebd ti\u1ebft ra m\u1ed9t s\u1ed1 lo\u1ea1i ch\u1ea5t gi\u00fap ng\u0103n ch\u1eb7n c\u00f4n tr\u00f9ng b\u00ean ngo\u00e0i x\u00e2m nh\u1eadp t\u1ed5 ong v\u00e0 \u0111\u1eb7c bi\u1ec7t n\u00f3 c\u00f2n \u0111\u00f3ng vai tr\u00f2 nh\u01b0 m\u1ed9t kh\u00e1ng sinh t\u1ef1 nhi\u1ebfn gi\u00fap ng\u0103n ch\u0103n c\u00e1c lo\u1ea1i n\u1ea5m m\u1ed1c, vi khu\u1ea9n c\u00f3 th\u1ec3 h\u00ecnh th\u00e0nh.<\/span><\/p>\n","protected":false},"featured_media":197,"comment_status":"open","ping_status":"closed","template":"","meta":[],"product_cat":[19,18],"product_tag":[],"_links":{"self":[{"href":"https:\/\/demo.bmconnect.vn\/matong\/wp-json\/wp\/v2\/product\/195"}],"collection":[{"href":"https:\/\/demo.bmconnect.vn\/matong\/wp-json\/wp\/v2\/product"}],"about":[{"href":"https:\/\/demo.bmconnect.vn\/matong\/wp-json\/wp\/v2\/types\/product"}],"replies":[{"embeddable":true,"href":"https:\/\/demo.bmconnect.vn\/matong\/wp-json\/wp\/v2\/comments?post=195"}],"wp:featuredmedia":[{"embeddable":true,"href":"https:\/\/demo.bmconnect.vn\/matong\/wp-json\/wp\/v2\/media\/197"}],"wp:attachment":[{"href":"https:\/\/demo.bmconnect.vn\/matong\/wp-json\/wp\/v2\/media?parent=195"}],"wp:term":[{"taxonomy":"product_cat","embeddable":true,"href":"https:\/\/demo.bmconnect.vn\/matong\/wp-json\/wp\/v2\/product_cat?post=195"},{"taxonomy":"product_tag","embeddable":true,"href":"https:\/\/demo.bmconnect.vn\/matong\/wp-json\/wp\/v2\/product_tag?post=195"}],"curies":[{"name":"wp","href":"https:\/\/api.w.org\/{rel}","templated":true}]}}