{"id":531,"date":"2018-02-28T20:56:53","date_gmt":"2018-02-28T13:56:53","guid":{"rendered":"https:\/\/demo.bmconnect.vn\/marketing\/?page_id=531"},"modified":"2018-02-28T23:39:45","modified_gmt":"2018-02-28T16:39:45","slug":"bao-gia","status":"publish","type":"page","link":"https:\/\/demo.bmconnect.vn\/marketing\/bao-gia\/","title":{"rendered":"B\u00e1o gi\u00e1"},"content":{"rendered":"\n  <div class=\"banner has-hover\" id=\"banner-918758135\">\n          <div class=\"banner-inner fill\">\n        <div class=\"banner-bg fill\" >\n            <div class=\"bg fill bg-fill \"><\/div>\n                                    \n                    <\/div><!-- bg-layers -->\n        <div class=\"banner-layers container\">\n            <div class=\"fill banner-link\"><\/div>            \n\t<div class=\"img has-hover x90 md-x90 lg-x90 y50 md-y50 lg-y50\" id=\"image_251711529\">\n\t\t\t\t\t\t<div data-animate=\"fadeInRight\">\t\t<div class=\"img-inner dark\" >\n\t\t\t<img width=\"553\" height=\"283\" src=\"https:\/\/demo.bmconnect.vn\/marketing\/wp-content\/uploads\/2018\/02\/quang-cao-facebook-2.png\" class=\"attachment-original size-original\" alt=\"\" loading=\"lazy\" srcset=\"https:\/\/demo.bmconnect.vn\/marketing\/wp-content\/uploads\/2018\/02\/quang-cao-facebook-2.png 553w, https:\/\/demo.bmconnect.vn\/marketing\/wp-content\/uploads\/2018\/02\/quang-cao-facebook-2-300x154.png 300w\" sizes=\"(max-width: 553px) 100vw, 553px\" \/>\t\t\t\t\t\t\n\t\t\t\t\t<\/div>\n\t\t<\/div>\t\t\t\t\t\t\n<style scope=\"scope\">\n\n#image_251711529 {\n  width: 30%;\n}\n<\/style>\n\t<\/div>\n\t\n\t<div class=\"img has-hover x10 md-x10 lg-x10 y50 md-y50 lg-y50\" id=\"image_2056465038\">\n\t\t\t\t\t\t<div data-animate=\"fadeInLeft\">\t\t<div class=\"img-inner dark\" >\n\t\t\t<img width=\"523\" height=\"319\" src=\"https:\/\/demo.bmconnect.vn\/marketing\/wp-content\/uploads\/2018\/02\/quang-cao-facebook-1.png\" class=\"attachment-original size-original\" alt=\"\" loading=\"lazy\" srcset=\"https:\/\/demo.bmconnect.vn\/marketing\/wp-content\/uploads\/2018\/02\/quang-cao-facebook-1.png 523w, https:\/\/demo.bmconnect.vn\/marketing\/wp-content\/uploads\/2018\/02\/quang-cao-facebook-1-300x183.png 300w\" sizes=\"(max-width: 523px) 100vw, 523px\" \/>\t\t\t\t\t\t\n\t\t\t\t\t<\/div>\n\t\t<\/div>\t\t\t\t\t\t\n<style scope=\"scope\">\n\n#image_2056465038 {\n  width: 30%;\n}\n<\/style>\n\t<\/div>\n\t\n        <\/div><!-- .banner-layers -->\n      <\/div><!-- .banner-inner -->\n\n            \n<style scope=\"scope\">\n\n#banner-918758135 {\n  padding-top: 30%;\n}\n#banner-918758135 .bg.bg-loaded {\n  background-image: url(https:\/\/demo.bmconnect.vn\/marketing\/wp-content\/uploads\/2018\/02\/quang-cao-facebook.jpg);\n}\n<\/style>\n  <\/div><!-- .banner -->\n\n\n\t<section class=\"section\" id=\"section_31098067\">\n\t\t<div class=\"bg section-bg fill bg-fill  bg-loaded\" >\n\n\t\t\t\n\t\t\t\n\t\t\t\n\n\t\t<\/div><!-- .section-bg -->\n\n\t\t<div class=\"section-content relative\">\n\t\t\t\n<div class=\"row\"  id=\"row-1555097586\">\n<div class=\"col small-12 large-12\"  ><div class=\"col-inner\"  >\n<h3 style=\"text-align: center;\"><span style=\"font-size: 150%;\">B\u00e1o gi\u00e1 c\u00e1c d\u1ecbch v\u1ee5 Marketing Online<\/span><\/h3>\n<p style=\"text-align: center;\"><span style=\"font-size: 95%; color: #333333;\">B\u1ea3ng b\u00e1o gi\u00e1 d\u01b0\u1edbi \u0111\u00e2y th\u1ec3 hi\u1ec7n m\u1ee9c chi ph\u00ed t\u01b0\u01a1ng \u0111\u1ed1i cho m\u1ed7i d\u1ecbch v\u1ee5. T\u00f9y t\u1eebng s\u1ea3n ph\u1ea9m v\u00e0 d\u1ecbch v\u1ee5 c\u1ee7a m\u1ed7i doanh nghi\u1ec7p, ch\u00fang t\u00f4i s\u1ebd c\u00f3 b\u1ea3n b\u00e1o gi\u00e1 chi ti\u1ebft nh\u1ea5t cho kh\u00e1ch h\u00e0ng sau khi th\u1ea3o lu\u1eadn tr\u1ef1c ti\u1ebfp.<\/span><\/p>\n<\/div><\/div>\n<div class=\"col medium-4 small-12 large-4\"  ><div class=\"col-inner\"  >\n<div class=\"pricing-table-wrapper\">\n  <div class=\"pricing-table ux_price_table text-center box-shadow-3-hover\"style=\"border-radius:4px;background-color:rgb(243, 243, 243);\">\n    <div class=\"pricing-table-header\">\n      <div class=\"title uppercase strong\">Marketing Online - G\u00f3i 1<\/div>\n      <div class=\"price is-xxlarge\">5 tri\u1ec7u\/th\u00e1ng<\/div>\n          <\/div>\n    <div class=\"pricing-table-items items\">\n      \n<div class=\"bullet-item\" title=\"\"><span class=\"text\">Thi\u1ebft k\u1ebf website mi\u1ec5n ph\u00ed<\/span><\/div>\n<div class=\"bullet-item\" title=\"\"><span class=\"text\">Qu\u1ea3ng c\u00e1o Google Adword<\/span><\/div>\n<div class=\"bullet-item is-disabled\" title=\"\"><span class=\"text\">Qu\u1ea3ng c\u00e1o Facebook \u0111\u00fang \u0111\u1ed1i t\u01b0\u1ee3ng<\/span><\/div>\n<div class=\"bullet-item\" title=\"\"><span class=\"text\">100 email marketing\/ng\u00e0y<\/span><\/div>\n<div class=\"bullet-item\" title=\"\"><span class=\"text\">100 SMS marketing\/ng\u00e0y<\/span><\/div>\n<div class=\"bullet-item\" title=\"\"><span class=\"text\">100 tin di\u1ec5n \u0111\u00e0n\/ng\u00e0y<\/span><\/div>\n<div class=\"bullet-item\" title=\"\"><span class=\"text\">Ph\u1ea7n m\u1ec1m t\u01b0\u01a1ng t\u00e1c kh\u00e1ch h\u00e0ng (nh\u1eafn tin, CSKH)<\/span><\/div>\n<div class=\"bullet-item\" title=\"\"><span class=\"text\">01 b\u00e0i vi\u1ebft PA\/ng\u00e0y<\/span><\/div>\n<div class=\"bullet-item\" title=\"\"><span class=\"text\">Bi\u00ean t\u1eadp n\u1ed9i dung chu\u1ea9n SEO<\/span><\/div>\n<div class=\"bullet-item\" title=\"\"><span class=\"text\">H\u1ee3p \u0111\u1ed3ng t\u1ed1i thi\u1ec3u 3 th\u00e1ng<\/span><\/div>\n    <\/div>\n      <\/div>\n<\/div>\n\n\n<\/div><\/div>\n<div class=\"col medium-4 small-12 large-4\"  ><div class=\"col-inner\"  >\n<div class=\"pricing-table-wrapper\">\n  <div class=\"pricing-table ux_price_table text-center box-shadow-3-hover\"style=\"border-radius:4px;background-color:rgb(235, 249, 251);\">\n    <div class=\"pricing-table-header\">\n      <div class=\"title uppercase strong\">Marketing Online - G\u00f3i 2<\/div>\n      <div class=\"price is-xxlarge\">10 tri\u1ec7u\/th\u00e1ng<\/div>\n          <\/div>\n    <div class=\"pricing-table-items items\">\n      \n<div class=\"bullet-item\" title=\"\"><span class=\"text\">Thi\u1ebft k\u1ebf website mi\u1ec5n ph\u00ed<\/span><\/div>\n<div class=\"bullet-item\" title=\"\"><span class=\"text\">Qu\u1ea3ng c\u00e1o Google Adword<\/span><\/div>\n<div class=\"bullet-item\" title=\"\"><span class=\"text\">Qu\u1ea3ng c\u00e1o Facebook \u0111\u00fang \u0111\u1ed1i t\u01b0\u1ee3ng<\/span><\/div>\n<div class=\"bullet-item\" title=\"\"><span class=\"text\">200 email marketing\/ng\u00e0y<\/span><\/div>\n<div class=\"bullet-item\" title=\"\"><span class=\"text\">200 SMS marketing\/ng\u00e0y<\/span><\/div>\n<div class=\"bullet-item\" title=\"\"><span class=\"text\">200 tin di\u1ec5n \u0111\u00e0n\/ng\u00e0y<\/span><\/div>\n<div class=\"bullet-item\" title=\"\"><span class=\"text\">Ph\u1ea7n m\u1ec1m t\u01b0\u01a1ng t\u00e1c kh\u00e1ch h\u00e0ng (nh\u1eafn tin, CSKH)<\/span><\/div>\n<div class=\"bullet-item\" title=\"\"><span class=\"text\">03 b\u00e0i vi\u1ebft PA\/ng\u00e0y<\/span><\/div>\n<div class=\"bullet-item\" title=\"\"><span class=\"text\">Bi\u00ean t\u1eadp n\u1ed9i dung chu\u1ea9n SEO<\/span><\/div>\n<div class=\"bullet-item\" title=\"\"><span class=\"text\">H\u1ee3p \u0111\u1ed3ng t\u1ed1i thi\u1ec3u 3 th\u00e1ng<\/span><\/div>\n    <\/div>\n      <\/div>\n<\/div>\n\n\n<\/div><\/div>\n<div class=\"col medium-4 small-12 large-4\"  ><div class=\"col-inner\"  >\n<div class=\"pricing-table-wrapper\">\n  <div class=\"pricing-table ux_price_table text-center box-shadow-3-hover\"style=\"border-radius:4px;background-color:rgb(255, 253, 249);\">\n    <div class=\"pricing-table-header\">\n      <div class=\"title uppercase strong\">Marketing Online - G\u00f3i 3<\/div>\n      <div class=\"price is-xxlarge\">15 tri\u1ec7u\/th\u00e1ng<\/div>\n          <\/div>\n    <div class=\"pricing-table-items items\">\n      \n<div class=\"bullet-item\" title=\"\"><span class=\"text\">Thi\u1ebft k\u1ebf website mi\u1ec5n ph\u00ed<\/span><\/div>\n<div class=\"bullet-item\" title=\"\"><span class=\"text\">Qu\u1ea3ng c\u00e1o Google Adword<\/span><\/div>\n<div class=\"bullet-item\" title=\"\"><span class=\"text\">Qu\u1ea3ng c\u00e1o Facebook \u0111\u00fang \u0111\u1ed1i t\u01b0\u1ee3ng<\/span><\/div>\n<div class=\"bullet-item\" title=\"\"><span class=\"text\">400 email marketing\/ng\u00e0y<\/span><\/div>\n<div class=\"bullet-item\" title=\"\"><span class=\"text\">400 SMS marketing\/ng\u00e0y<\/span><\/div>\n<div class=\"bullet-item\" title=\"\"><span class=\"text\">400 tin di\u1ec5n \u0111\u00e0n\/ng\u00e0y<\/span><\/div>\n<div class=\"bullet-item\" title=\"\"><span class=\"text\">Ph\u1ea7n m\u1ec1m t\u01b0\u01a1ng t\u00e1c kh\u00e1ch h\u00e0ng (nh\u1eafn tin, CSKH)<\/span><\/div>\n<div class=\"bullet-item\" title=\"\"><span class=\"text\">06 b\u00e0i vi\u1ebft PA\/ng\u00e0y<\/span><\/div>\n<div class=\"bullet-item\" title=\"\"><span class=\"text\">Bi\u00ean t\u1eadp n\u1ed9i dung chu\u1ea9n SEO<\/span><\/div>\n<div class=\"bullet-item\" title=\"\"><span class=\"text\">H\u1ee3p \u0111\u1ed3ng t\u1ed1i thi\u1ec3u 3 th\u00e1ng<\/span><\/div>\n    <\/div>\n      <\/div>\n<\/div>\n\n\n<\/div><\/div>\n<div class=\"col small-12 large-12\"  ><div class=\"col-inner\"  >\n<p style=\"text-align: center;\"><span style=\"font-size: 95%; color: #333333;\">* Gi\u00e1 tr\u00ean ch\u01b0a bao g\u1ed3m VAT.\u00a0<\/span><span style=\"font-size: 95%; color: #333333;\">* Thanh to\u00e1n t\u1ea1i th\u1eddi \u0111i\u1ec3m k\u00fd h\u1ee3p \u0111\u1ed3ng.\u00a0<\/span><span style=\"font-size: 95%; color: #333333;\">* M\u1ecdi th\u00f4ng tin chi ti\u1ebft li\u00ean h\u1ec7:  (MR. Thi\u1ec7n)<\/span><\/p>\n<\/div><\/div>\n<\/div>\n\t\t<\/div><!-- .section-content -->\n\n\t\t\n<style scope=\"scope\">\n\n#section_31098067 {\n  padding-top: 30px;\n  padding-bottom: 30px;\n}\n<\/style>\n\t<\/section>\n\t\n","protected":false},"excerpt":{"rendered":"","protected":false},"author":1,"featured_media":0,"parent":0,"menu_order":0,"comment_status":"closed","ping_status":"closed","template":"page-blank.php","meta":[],"_links":{"self":[{"href":"https:\/\/demo.bmconnect.vn\/marketing\/wp-json\/wp\/v2\/pages\/531"}],"collection":[{"href":"https:\/\/demo.bmconnect.vn\/marketing\/wp-json\/wp\/v2\/pages"}],"about":[{"href":"https:\/\/demo.bmconnect.vn\/marketing\/wp-json\/wp\/v2\/types\/page"}],"author":[{"embeddable":true,"href":"https:\/\/demo.bmconnect.vn\/marketing\/wp-json\/wp\/v2\/users\/1"}],"replies":[{"embeddable":true,"href":"https:\/\/demo.bmconnect.vn\/marketing\/wp-json\/wp\/v2\/comments?post=531"}],"version-history":[{"count":29,"href":"https:\/\/demo.bmconnect.vn\/marketing\/wp-json\/wp\/v2\/pages\/531\/revisions"}],"predecessor-version":[{"id":594,"href":"https:\/\/demo.bmconnect.vn\/marketing\/wp-json\/wp\/v2\/pages\/531\/revisions\/594"}],"wp:attachment":[{"href":"https:\/\/demo.bmconnect.vn\/marketing\/wp-json\/wp\/v2\/media?parent=531"}],"curies":[{"name":"wp","href":"https:\/\/api.w.org\/{rel}","templated":true}]}}