{"id":457,"date":"2018-02-28T17:09:11","date_gmt":"2018-02-28T10:09:11","guid":{"rendered":"https:\/\/demo.bmconnect.vn\/marketing\/?page_id=457"},"modified":"2018-02-28T22:31:07","modified_gmt":"2018-02-28T15:31:07","slug":"lien-he","status":"publish","type":"page","link":"https:\/\/demo.bmconnect.vn\/marketing\/lien-he\/","title":{"rendered":"Li\u00ean h\u1ec7"},"content":{"rendered":"\n  <div class=\"banner has-hover\" id=\"banner-1697801961\">\n          <div class=\"banner-inner fill\">\n        <div class=\"banner-bg fill\" >\n            <div class=\"bg fill bg-fill \"><\/div>\n                                    \n                    <\/div><!-- bg-layers -->\n        <div class=\"banner-layers container\">\n            <div class=\"fill banner-link\"><\/div>            \n\t<div class=\"img has-hover x10 md-x10 lg-x10 y50 md-y50 lg-y50\" id=\"image_312454818\">\n\t\t\t\t\t\t<div data-animate=\"fadeInDown\">\t\t<div class=\"img-inner dark\" >\n\t\t\t<img width=\"516\" height=\"311\" src=\"https:\/\/demo.bmconnect.vn\/marketing\/wp-content\/uploads\/2018\/02\/thiet-ke-web-1.png\" class=\"attachment-original size-original\" alt=\"\" loading=\"lazy\" srcset=\"https:\/\/demo.bmconnect.vn\/marketing\/wp-content\/uploads\/2018\/02\/thiet-ke-web-1.png 516w, https:\/\/demo.bmconnect.vn\/marketing\/wp-content\/uploads\/2018\/02\/thiet-ke-web-1-300x181.png 300w\" sizes=\"(max-width: 516px) 100vw, 516px\" \/>\t\t\t\t\t\t\n\t\t\t\t\t<\/div>\n\t\t<\/div>\t\t\t\t\t\t\n<style scope=\"scope\">\n\n#image_312454818 {\n  width: 30%;\n}\n<\/style>\n\t<\/div>\n\t\n\t<div class=\"img has-hover x90 md-x90 lg-x90 y50 md-y50 lg-y50\" id=\"image_563320946\">\n\t\t\t\t\t\t<div data-animate=\"fadeInUp\">\t\t<div class=\"img-inner dark\" >\n\t\t\t<img width=\"555\" height=\"324\" src=\"https:\/\/demo.bmconnect.vn\/marketing\/wp-content\/uploads\/2018\/02\/thiet-ke-web-2.png\" class=\"attachment-original size-original\" alt=\"\" loading=\"lazy\" srcset=\"https:\/\/demo.bmconnect.vn\/marketing\/wp-content\/uploads\/2018\/02\/thiet-ke-web-2.png 555w, https:\/\/demo.bmconnect.vn\/marketing\/wp-content\/uploads\/2018\/02\/thiet-ke-web-2-300x175.png 300w\" sizes=\"(max-width: 555px) 100vw, 555px\" \/>\t\t\t\t\t\t\n\t\t\t\t\t<\/div>\n\t\t<\/div>\t\t\t\t\t\t\n<style scope=\"scope\">\n\n#image_563320946 {\n  width: 33%;\n}\n<\/style>\n\t<\/div>\n\t\n        <\/div><!-- .banner-layers -->\n      <\/div><!-- .banner-inner -->\n\n            \n<style scope=\"scope\">\n\n#banner-1697801961 {\n  padding-top: 30%;\n}\n#banner-1697801961 .bg.bg-loaded {\n  background-image: url(https:\/\/demo.bmconnect.vn\/marketing\/wp-content\/uploads\/2018\/02\/online-marketing-a-z.jpg);\n}\n<\/style>\n  <\/div><!-- .banner -->\n\n\n\t<section class=\"section\" id=\"section_884226437\">\n\t\t<div class=\"bg section-bg fill bg-fill  bg-loaded\" >\n\n\t\t\t\n\t\t\t\n\t\t\t\n\n\t\t<\/div><!-- .section-bg -->\n\n\t\t<div class=\"section-content relative\">\n\t\t\t\n<div class=\"row\"  id=\"row-538767721\">\n<div class=\"col medium-7 small-12 large-7\"  ><div class=\"col-inner\"  >\n<h3>Li\u00ean h\u1ec7 v\u1edbi ch\u00fang t\u00f4i\u00a0<\/h3>\n<p><span style=\"font-size: 95%; color: #333333;\">Ch\u00fang t\u00f4i cung c\u1ea5p c\u00e1c d\u1ecbch v\u1ee5 digital marketing a-z, gi\u00fap c\u00e1c doanh nghi\u1ec7p ti\u1ebfp c\u1eadn l\u01b0\u1ee3ng kh\u00e1ch h\u00e0ng ti\u1ec1m n\u0103ng nh\u1ea5t \u0111\u1ec3 b\u00e1n h\u00e0ng t\u1ed1t v\u00e0 sinh l\u1ee3i nhu\u1eadn. M\u1ecdi nhu c\u1ea7u xin b\u00e1o gi\u00e1, vui l\u00f2ng g\u1eedi th\u00f4ng tin c\u00e1 nh\u00e2n v\u1ec1 cho ch\u00fang t\u00f4i theo form sau:<\/span><\/p>\n<div role=\"form\" class=\"wpcf7\" id=\"wpcf7-f464-o1\" lang=\"vi\" dir=\"ltr\">\n<div class=\"screen-reader-response\"><p role=\"status\" aria-live=\"polite\" aria-atomic=\"true\"><\/p> <ul><\/ul><\/div>\n<form action=\"\/marketing\/wp-json\/wp\/v2\/pages\/457#wpcf7-f464-o1\" method=\"post\" class=\"wpcf7-form init\" novalidate=\"novalidate\" data-status=\"init\">\n<div style=\"display: none;\">\n<input type=\"hidden\" name=\"_wpcf7\" value=\"464\" \/>\n<input type=\"hidden\" name=\"_wpcf7_version\" value=\"5.4.2\" \/>\n<input type=\"hidden\" name=\"_wpcf7_locale\" value=\"vi\" \/>\n<input type=\"hidden\" name=\"_wpcf7_unit_tag\" value=\"wpcf7-f464-o1\" \/>\n<input type=\"hidden\" name=\"_wpcf7_container_post\" value=\"0\" \/>\n<input type=\"hidden\" name=\"_wpcf7_posted_data_hash\" value=\"\" \/>\n<\/div>\n<p><span class=\"wpcf7-form-control-wrap text-755\"><input type=\"text\" name=\"text-755\" value=\"\" size=\"40\" class=\"wpcf7-form-control wpcf7-text wpcf7-validates-as-required\" aria-required=\"true\" aria-invalid=\"false\" placeholder=\"H\u1ecd t\u00ean c\u1ee7a b\u1ea1n...\" \/><\/span><br \/>\n<span class=\"wpcf7-form-control-wrap tel-237\"><input type=\"tel\" name=\"tel-237\" value=\"\" size=\"40\" class=\"wpcf7-form-control wpcf7-text wpcf7-tel wpcf7-validates-as-required wpcf7-validates-as-tel\" aria-required=\"true\" aria-invalid=\"false\" placeholder=\"S\u1ed1 \u0111i\u1ec7n tho\u1ea1i c\u1ee7a b\u1ea1n...\" \/><\/span><br \/>\n<span class=\"wpcf7-form-control-wrap email-242\"><input type=\"email\" name=\"email-242\" value=\"\" size=\"40\" class=\"wpcf7-form-control wpcf7-text wpcf7-email wpcf7-validates-as-required wpcf7-validates-as-email\" aria-required=\"true\" aria-invalid=\"false\" placeholder=\"\u0110\u1ecba ch\u1ec9 email c\u1ee7a b\u1ea1n...\" \/><\/span><br \/>\n<input type=\"submit\" value=\"G\u1eedi y\u00eau c\u1ea7u\" class=\"wpcf7-form-control wpcf7-submit\" \/><\/p>\n<div class=\"wpcf7-response-output\" aria-hidden=\"true\"><\/div><\/form><\/div>\n<\/div><\/div>\n<div class=\"col medium-5 small-12 large-5\"  ><div class=\"col-inner\"  >\n<h3>Th\u00f4ng tin li\u00ean h\u1ec7<\/h3>\n<p><span style=\"font-size: 95%; color: #333333;\">Vui l\u00f2ng li\u00ean h\u1ec7 v\u1edbi ch\u00fang t\u00f4i qua c\u00e1c th\u00f4ng tin c\u01a1 b\u1ea3n sau:<\/span><\/p>\n<p><span style=\"font-size: 95%; color: #333333;\">&#8211; \u0110\u1ecba ch\u1ec9: S\u1ed1 29 ng\u00f5 18 L\u01b0\u01a1ng Ng\u1ecdc Quy\u1ebfn, H\u00e0 \u0110\u00f4ng, H\u00e0 N\u1ed9i.<\/span><br \/><span style=\"font-size: 95%; color: #333333;\">&#8211; \u0110i\u1ec7n tho\u1ea1i:  &#8211; 0909.009.009\u00a0<\/span><br \/><span style=\"font-size: 95%; color: #333333;\">&#8211; Email: webdesign@gmail.com<\/span><br \/><span style=\"font-size: 95%; color: #333333;\">&#8211; Website: www.webdesign.com &#8211; www.webdemo.com<\/span><\/p>\n<div class=\"social-icons follow-icons \" ><a href=\"#\" target=\"_blank\" data-label=\"Facebook\"  rel=\"noopener noreferrer nofollow\" class=\"icon primary button circle facebook tooltip\" title=\"Follow on Facebook\"><i class=\"icon-facebook\" ><\/i><\/a><a href=\"mailto:webdesign@gmail.com\" data-label=\"E-mail\"  rel=\"nofollow\" class=\"icon primary button circle  email tooltip\" title=\"Send us an email\"><i class=\"icon-envelop\" ><\/i><\/a><a href=\"tel:0972939830\" target=\"_blank\"  data-label=\"Phone\"  rel=\"noopener noreferrer nofollow\" class=\"icon primary button circle  phone tooltip\" title=\"Call us\"><i class=\"icon-phone\" ><\/i><\/a><a href=\"#\" target=\"_blank\" rel=\"noopener noreferrer nofollow\"  data-label=\"Pinterest\"  class=\"icon primary button circle  pinterest tooltip\" title=\"Follow on Pinterest\"><i class=\"icon-pinterest\" ><\/i><\/a><a href=\"#\" target=\"_blank\" rel=\"noopener noreferrer nofollow\" data-label=\"YouTube\" class=\"icon primary button circle  youtube tooltip\" title=\"Follow on YouTube\"><i class=\"icon-youtube\" ><\/i><\/a><\/div>\n<\/div><\/div>\n<div class=\"col small-12 large-12\"  ><div class=\"col-inner\"  >\n<h3>V\u1ecb tr\u00ed tr\u00ean b\u1ea3n \u0111\u1ed3<\/h3>\n<p><iframe loading=\"lazy\" src=\"https:\/\/www.google.com\/maps\/embed?pb=!1m14!1m8!1m3!1d14900.931775031808!2d105.79967699999999!3d20.9832975!3m2!1i1024!2i768!4f13.1!3m3!1m2!1s0x0%3A0x4fc1c256d7cdb4d!2zR2l1c2VBcnQgLSBUaGnhur90IGvhur8gxJHhu5MgaOG7jWEgdsOgIHdlYnNpdGUgY2h1ecOqbiBuZ2hp4buHcA!5e0!3m2!1svi!2s!4v1519812482030\" width=\"100%\" height=\"300\" frameborder=\"0\" style=\"border:0\" allowfullscreen><\/iframe><\/p>\n<\/div><\/div>\n<\/div>\n\t\t<\/div><!-- .section-content -->\n\n\t\t\n<style scope=\"scope\">\n\n#section_884226437 {\n  padding-top: 30px;\n  padding-bottom: 30px;\n}\n<\/style>\n\t<\/section>\n\t\n","protected":false},"excerpt":{"rendered":"","protected":false},"author":1,"featured_media":0,"parent":0,"menu_order":0,"comment_status":"closed","ping_status":"closed","template":"page-blank.php","meta":[],"_links":{"self":[{"href":"https:\/\/demo.bmconnect.vn\/marketing\/wp-json\/wp\/v2\/pages\/457"}],"collection":[{"href":"https:\/\/demo.bmconnect.vn\/marketing\/wp-json\/wp\/v2\/pages"}],"about":[{"href":"https:\/\/demo.bmconnect.vn\/marketing\/wp-json\/wp\/v2\/types\/page"}],"author":[{"embeddable":true,"href":"https:\/\/demo.bmconnect.vn\/marketing\/wp-json\/wp\/v2\/users\/1"}],"replies":[{"embeddable":true,"href":"https:\/\/demo.bmconnect.vn\/marketing\/wp-json\/wp\/v2\/comments?post=457"}],"version-history":[{"count":13,"href":"https:\/\/demo.bmconnect.vn\/marketing\/wp-json\/wp\/v2\/pages\/457\/revisions"}],"predecessor-version":[{"id":582,"href":"https:\/\/demo.bmconnect.vn\/marketing\/wp-json\/wp\/v2\/pages\/457\/revisions\/582"}],"wp:attachment":[{"href":"https:\/\/demo.bmconnect.vn\/marketing\/wp-json\/wp\/v2\/media?parent=457"}],"curies":[{"name":"wp","href":"https:\/\/api.w.org\/{rel}","templated":true}]}}