{"id":429,"date":"2018-02-28T16:50:44","date_gmt":"2018-02-28T09:50:44","guid":{"rendered":"https:\/\/demo.bmconnect.vn\/marketing\/?page_id=429"},"modified":"2018-02-28T17:08:30","modified_gmt":"2018-02-28T10:08:30","slug":"gioi-thieu","status":"publish","type":"page","link":"https:\/\/demo.bmconnect.vn\/marketing\/gioi-thieu\/","title":{"rendered":"Gi\u1edbi thi\u1ec7u"},"content":{"rendered":"\n  <div class=\"banner has-hover\" id=\"banner-366783316\">\n          <div class=\"banner-inner fill\">\n        <div class=\"banner-bg fill\" >\n            <div class=\"bg fill bg-fill \"><\/div>\n                                    \n                    <\/div><!-- bg-layers -->\n        <div class=\"banner-layers container\">\n            <div class=\"fill banner-link\"><\/div>            \n\t<div class=\"img has-hover x10 md-x10 lg-x10 y50 md-y50 lg-y50\" id=\"image_1644633286\">\n\t\t\t\t\t\t<div data-animate=\"fadeInLeft\">\t\t<div class=\"img-inner dark\" >\n\t\t\t<img width=\"489\" height=\"306\" src=\"https:\/\/demo.bmconnect.vn\/marketing\/wp-content\/uploads\/2018\/02\/marketing-online-1.png\" class=\"attachment-original size-original\" alt=\"\" loading=\"lazy\" srcset=\"https:\/\/demo.bmconnect.vn\/marketing\/wp-content\/uploads\/2018\/02\/marketing-online-1.png 489w, https:\/\/demo.bmconnect.vn\/marketing\/wp-content\/uploads\/2018\/02\/marketing-online-1-300x188.png 300w\" sizes=\"(max-width: 489px) 100vw, 489px\" \/>\t\t\t\t\t\t\n\t\t\t\t\t<\/div>\n\t\t<\/div>\t\t\t\t\t\t\n<style scope=\"scope\">\n\n#image_1644633286 {\n  width: 30%;\n}\n<\/style>\n\t<\/div>\n\t\n\t<div class=\"img has-hover x90 md-x90 lg-x90 y50 md-y50 lg-y50\" id=\"image_2093265960\">\n\t\t\t\t\t\t<div data-animate=\"fadeInRight\">\t\t<div class=\"img-inner dark\" >\n\t\t\t<img width=\"501\" height=\"303\" src=\"https:\/\/demo.bmconnect.vn\/marketing\/wp-content\/uploads\/2018\/02\/google-adwords-2.png\" class=\"attachment-original size-original\" alt=\"\" loading=\"lazy\" srcset=\"https:\/\/demo.bmconnect.vn\/marketing\/wp-content\/uploads\/2018\/02\/google-adwords-2.png 501w, https:\/\/demo.bmconnect.vn\/marketing\/wp-content\/uploads\/2018\/02\/google-adwords-2-300x181.png 300w\" sizes=\"(max-width: 501px) 100vw, 501px\" \/>\t\t\t\t\t\t\n\t\t\t\t\t<\/div>\n\t\t<\/div>\t\t\t\t\t\t\n<style scope=\"scope\">\n\n#image_2093265960 {\n  width: 32%;\n}\n<\/style>\n\t<\/div>\n\t\n        <\/div><!-- .banner-layers -->\n      <\/div><!-- .banner-inner -->\n\n            \n<style scope=\"scope\">\n\n#banner-366783316 {\n  padding-top: 24%;\n}\n#banner-366783316 .bg.bg-loaded {\n  background-image: url(https:\/\/demo.bmconnect.vn\/marketing\/wp-content\/uploads\/2018\/02\/678.jpg);\n}\n<\/style>\n  <\/div><!-- .banner -->\n\n\n\t<section class=\"section\" id=\"section_1501739767\">\n\t\t<div class=\"bg section-bg fill bg-fill  bg-loaded\" >\n\n\t\t\t\n\t\t\t\n\t\t\t\n\n\t\t<\/div><!-- .section-bg -->\n\n\t\t<div class=\"section-content relative\">\n\t\t\t\n<div class=\"row\"  id=\"row-1592479530\">\n<div class=\"col medium-6 small-12 large-6\"  ><div class=\"col-inner\"  >\n<h3><span style=\"font-size: 150%;\">Gi\u1edbi thi\u1ec7u v\u1ec1 ch\u00fang t\u00f4i<\/span><\/h3>\n<p><span style=\"color: #333333; font-size: 95%;\">Ch\u00fang t\u00f4i l\u00e0 m\u1ed9t t\u1eadp h\u1ee3p c\u1ee7a nh\u1eefng con ng\u01b0\u1eddi \u0111a m\u00e0u s\u1eafc \u0111\u00e3 t\u1eebng chinh chi\u1ebfn cho nhi\u1ec1u c\u00f4ng ty l\u1edbn v\u1ec1 digital marketing v\u00e0 c\u00e1c c\u00f4ng ty s\u1eed d\u1ee5ng h\u1ea1 t\u1ea7ng internet \u0111\u1ec3 kinh doanh t\u1ea1i Vi\u1ec7t Nam.<\/span><\/p>\n<p><span style=\"color: #333333; font-size: 95%;\">Ph\u1ea7n l\u1edbn trong ch\u00fang t\u00f4i \u0111\u1ec1u l\u00e0 d\u00e2n Marketing v\u00e0 b\u00e1n h\u00e0ng n\u00ean ch\u00fang t\u00f4i th\u1ea5u hi\u1ec3u kh\u00e1ch h\u00e0ng c\u1ee7a m\u00ecnh mu\u1ed1n g\u00ec v\u00e0 l\u00e0m sao \u0111\u1ec3 \u0111\u01b0a s\u1ea3n ph\u1ea9m c\u1ee7a m\u00ecnh \u0111\u1ebfn cho kh\u00e1ch h\u00e0ng t\u1ed1t nh\u1ea5t.<\/span><\/p>\n<p><span style=\"color: #333333; font-size: 95%;\">Ch\u00ednh v\u00ec v\u1eady h\u1ec7 th\u1ed1ng kinh doanh online ch\u00fang t\u00f4i thi\u1ebft l\u1eadp cho b\u1ea1n, ngo\u00e0i v\u1ea5n \u0111\u1ec1 v\u1ec1 k\u1ef9 thu\u1eadt th\u00ec ch\u00fang t\u00f4i thi\u00ean v\u1ec1 v\u1ea5n \u0111\u1ec1 l\u00e0m sao \u0111\u1ec3 b\u00e1n \u0111\u01b0\u1ee3c h\u00e0ng nh\u1eb1m m\u1ee5c \u0111\u00edch t\u0103ng l\u1ee3i nhu\u1eadn cho b\u1ea1n.<\/span><\/p>\n<p><span style=\"color: #333333; font-size: 95%;\">Tr\u00e2n tr\u1ecdng.\/.<\/span><\/p>\n<\/div><\/div>\n<div class=\"col medium-6 small-12 large-6\"  ><div class=\"col-inner\"  >\n<h3><strong>Th\u00f4ng tin li\u00ean h\u1ec7:<\/strong><\/h3>\n<p><span style=\"font-size: 95%; color: #333333;\">&#8211; \u0110\u1ecba ch\u1ec9: S\u1ed1 29 ng\u00f5 18 L\u01b0\u01a1ng Ng\u1ecdc Quy\u1ebfn, H\u00e0 \u0110\u00f4ng, H\u00e0 N\u1ed9i.<br \/><\/span><span style=\"font-size: 95%; color: #333333;\">&#8211; \u0110i\u1ec7n tho\u1ea1i: . &#8211; 0909.009.009<br \/><\/span><span style=\"font-size: 95%; color: #333333;\">&#8211; Email: webdesign@gmail.com<br \/><\/span><span style=\"font-size: 95%; color: #333333;\">&#8211; Website: www.webdesign.com | www.webdemo.com<\/span><\/p>\n<div class=\"social-icons share-icons share-row relative icon-style-fill \" ><a href=\"whatsapp:\/\/send?text=Gi%E1%BB%9Bi%20thi%E1%BB%87u - https:\/\/demo.bmconnect.vn\/marketing\/gioi-thieu\/\" data-action=\"share\/whatsapp\/share\" class=\"icon primary button circle tooltip whatsapp show-for-medium\" title=\"Share on WhatsApp\"><i class=\"icon-phone\"><\/i><\/a><a href=\"\/\/www.facebook.com\/sharer.php?u=https:\/\/demo.bmconnect.vn\/marketing\/gioi-thieu\/\" data-label=\"Facebook\" onclick=\"window.open(this.href,this.title,'width=500,height=500,top=300px,left=300px');  return false;\" rel=\"noopener noreferrer nofollow\" target=\"_blank\" class=\"icon primary button circle tooltip facebook\" title=\"Share on Facebook\"><i class=\"icon-facebook\" ><\/i><\/a><a href=\"\/\/twitter.com\/share?url=https:\/\/demo.bmconnect.vn\/marketing\/gioi-thieu\/\" onclick=\"window.open(this.href,this.title,'width=500,height=500,top=300px,left=300px');  return false;\" rel=\"noopener noreferrer nofollow\" target=\"_blank\" class=\"icon primary button circle tooltip twitter\" title=\"Share on Twitter\"><i class=\"icon-twitter\" ><\/i><\/a><a href=\"mailto:enteryour@addresshere.com?subject=Gi%E1%BB%9Bi%20thi%E1%BB%87u&amp;body=Check%20this%20out:%20https:\/\/demo.bmconnect.vn\/marketing\/gioi-thieu\/\" rel=\"nofollow\" class=\"icon primary button circle tooltip email\" title=\"Email to a Friend\"><i class=\"icon-envelop\" ><\/i><\/a><a href=\"\/\/pinterest.com\/pin\/create\/button\/?url=https:\/\/demo.bmconnect.vn\/marketing\/gioi-thieu\/&amp;media=&amp;description=Gi%E1%BB%9Bi%20thi%E1%BB%87u\" onclick=\"window.open(this.href,this.title,'width=500,height=500,top=300px,left=300px');  return false;\" rel=\"noopener noreferrer nofollow\" target=\"_blank\" class=\"icon primary button circle tooltip pinterest\" title=\"Pin on Pinterest\"><i class=\"icon-pinterest\" ><\/i><\/a><a href=\"\/\/plus.google.com\/share?url=https:\/\/demo.bmconnect.vn\/marketing\/gioi-thieu\/\" target=\"_blank\" class=\"icon primary button circle tooltip google-plus\" onclick=\"window.open(this.href,this.title,'width=500,height=500,top=300px,left=300px');  return false;\" rel=\"noopener noreferrer nofollow\" title=\"Share on Google+\"><i class=\"icon-google-plus\" ><\/i><\/a><a href=\"\/\/www.linkedin.com\/shareArticle?mini=true&url=https:\/\/demo.bmconnect.vn\/marketing\/gioi-thieu\/&title=Gi%E1%BB%9Bi%20thi%E1%BB%87u\" onclick=\"window.open(this.href,this.title,'width=500,height=500,top=300px,left=300px');  return false;\"  rel=\"noopener noreferrer nofollow\" target=\"_blank\" class=\"icon primary button circle tooltip linkedin\" title=\"Share on LinkedIn\"><i class=\"icon-linkedin\" ><\/i><\/a><\/div>\n<p><iframe loading=\"lazy\" src=\"https:\/\/www.google.com\/maps\/embed?pb=!1m14!1m8!1m3!1d14900.931775031808!2d105.79967699999999!3d20.9832975!3m2!1i1024!2i768!4f13.1!3m3!1m2!1s0x0%3A0x4fc1c256d7cdb4d!2zR2l1c2VBcnQgLSBUaGnhur90IGvhur8gxJHhu5MgaOG7jWEgdsOgIHdlYnNpdGUgY2h1ecOqbiBuZ2hp4buHcA!5e0!3m2!1svi!2s!4v1519812482030\" width=\"100%\" height=\"180\" frameborder=\"0\" style=\"border:0\" allowfullscreen><\/iframe><\/p>\n<\/div><\/div>\n<div class=\"col small-12 large-12\"  ><div class=\"col-inner\"  >\n\t<div class=\"img has-hover x md-x lg-x y md-y lg-y\" id=\"image_1448023268\">\n\t\t\t\t\t\t\t\t<div class=\"img-inner image-cover dark\" style=\"padding-top:25%;\">\n\t\t\t<img width=\"1200\" height=\"509\" src=\"https:\/\/demo.bmconnect.vn\/marketing\/wp-content\/uploads\/2018\/02\/3123442.jpg\" class=\"attachment-original size-original\" alt=\"\" loading=\"lazy\" srcset=\"https:\/\/demo.bmconnect.vn\/marketing\/wp-content\/uploads\/2018\/02\/3123442.jpg 1200w, https:\/\/demo.bmconnect.vn\/marketing\/wp-content\/uploads\/2018\/02\/3123442-300x127.jpg 300w, https:\/\/demo.bmconnect.vn\/marketing\/wp-content\/uploads\/2018\/02\/3123442-768x326.jpg 768w, https:\/\/demo.bmconnect.vn\/marketing\/wp-content\/uploads\/2018\/02\/3123442-1024x434.jpg 1024w\" sizes=\"(max-width: 1200px) 100vw, 1200px\" \/>\t\t\t\t\t\t\n\t\t\t\t\t<\/div>\n\t\t\t\t\t\t\t\t\n<style scope=\"scope\">\n\n#image_1448023268 {\n  width: 100%;\n}\n<\/style>\n\t<\/div>\n\t\n<\/div><\/div>\n<\/div>\n\t\t<\/div><!-- .section-content -->\n\n\t\t\n<style scope=\"scope\">\n\n#section_1501739767 {\n  padding-top: 30px;\n  padding-bottom: 30px;\n}\n<\/style>\n\t<\/section>\n\t\n\t<section class=\"section\" id=\"section_1480072887\">\n\t\t<div class=\"bg section-bg fill bg-fill  bg-loaded\" >\n\n\t\t\t\n\t\t\t\n\t\t\t\n\n\t\t<\/div><!-- .section-bg -->\n\n\t\t<div class=\"section-content relative\">\n\t\t\t\n<div class=\"row row-small\"  id=\"row-481058005\">\n<div class=\"col small-12 large-12\"  data-animate=\"bounceIn\"><div class=\"col-inner\"  >\n<h3 style=\"text-align: center;\"><span style=\"font-size: 150%;\">Ch\u00fang t\u00f4i cam k\u1ebft v\u1edbi b\u1ea1n<\/span><\/h3>\n<p style=\"text-align: center;\"><span style=\"font-size: 95%; color: #333333;\">M\u1ed9t khi c\u1ed9ng t\u00e1c v\u1edbi nhau trong c\u00f4ng vi\u1ec7c, ch\u00fang t\u00f4i lu\u00f4n mong mong mu\u1ed1n cam k\u1ebft v\u1edbi kh\u00e1ch h\u00e0ng nh\u1eefng l\u1ee3i \u00edch v\u00e0 \u01b0u \u0111\u00e3i t\u1ed1t nh\u1ea5t.<\/span><\/p>\n<\/div><\/div>\n<div class=\"col medium-4 small-12 large-4\"  data-animate=\"fadeInLeft\"><div class=\"col-inner\"  >\n\t<div class=\"img has-hover x md-x lg-x y md-y lg-y\" id=\"image_1414536653\">\n\t\t\t\t\t\t\t\t<div class=\"img-inner dark\" >\n\t\t\t<img width=\"361\" height=\"151\" src=\"https:\/\/demo.bmconnect.vn\/marketing\/wp-content\/uploads\/2018\/02\/tao-ra-loi-nhuan.jpg\" class=\"attachment-original size-original\" alt=\"\" loading=\"lazy\" srcset=\"https:\/\/demo.bmconnect.vn\/marketing\/wp-content\/uploads\/2018\/02\/tao-ra-loi-nhuan.jpg 361w, https:\/\/demo.bmconnect.vn\/marketing\/wp-content\/uploads\/2018\/02\/tao-ra-loi-nhuan-300x125.jpg 300w\" sizes=\"(max-width: 361px) 100vw, 361px\" \/>\t\t\t\t\t\t\n\t\t\t\t\t<\/div>\n\t\t\t\t\t\t\t\t\n<style scope=\"scope\">\n\n#image_1414536653 {\n  width: 100%;\n}\n<\/style>\n\t<\/div>\n\t\n<h3 style=\"text-align: center;\">T\u1ea1o ra l\u1ee3i nhu\u1eadn<\/h3>\n<p style=\"text-align: center;\"><span style=\"font-size: 95%; color: #333333;\">V\u1edbi t\u00f4n ch\u1ec9 ho\u1ea1t \u0111\u1ed9ng c\u1ee7a ch\u00fang t\u00f4i \u201c\u00a0 T\u1ea1o ra l\u1ee3i nhu\u1eadn cho kh\u00e1ch h\u00e0ng \u201d Cho n\u00ean l\u1ee3i nhu\u1eadn c\u1ee7a kh\u00e1ch h\u00e0ng ch\u00ednh l\u00e0 s\u1ef1 s\u1ed1ng c\u00f2n c\u1ee7a ch\u00fang t\u00f4i. Ch\u00fang t\u00f4i nghi\u00ean c\u1ee9u, v\u1eadn h\u00e0nh l\u00e0m sao cho c\u00e1c b\u1ea1n mang l\u1ea1i c\u00e0ng nhi\u1ec1u l\u1ee3i nhu\u1eadn c\u00e0ng t\u1ed1t.<\/span><\/p>\n<\/div><\/div>\n<div class=\"col medium-4 small-12 large-4\"  data-animate=\"bounceInUp\"><div class=\"col-inner\"  >\n\t<div class=\"img has-hover x md-x lg-x y md-y lg-y\" id=\"image_311776680\">\n\t\t\t\t\t\t\t\t<div class=\"img-inner dark\" >\n\t\t\t<img width=\"361\" height=\"151\" src=\"https:\/\/demo.bmconnect.vn\/marketing\/wp-content\/uploads\/2018\/02\/moi-quan-he-hop-tac.jpg\" class=\"attachment-original size-original\" alt=\"\" loading=\"lazy\" srcset=\"https:\/\/demo.bmconnect.vn\/marketing\/wp-content\/uploads\/2018\/02\/moi-quan-he-hop-tac.jpg 361w, https:\/\/demo.bmconnect.vn\/marketing\/wp-content\/uploads\/2018\/02\/moi-quan-he-hop-tac-300x125.jpg 300w\" sizes=\"(max-width: 361px) 100vw, 361px\" \/>\t\t\t\t\t\t\n\t\t\t\t\t<\/div>\n\t\t\t\t\t\t\t\t\n<style scope=\"scope\">\n\n#image_311776680 {\n  width: 100%;\n}\n<\/style>\n\t<\/div>\n\t\n<h3 style=\"text-align: center;\">M\u1ed1i quan h\u1ec7 v\u00e0 h\u1ee3p t\u00e1c<\/h3>\n<p style=\"text-align: center;\"><span style=\"font-size: 95%; color: #333333;\">V\u1edbi 5 n\u0103m ho\u1ea1t \u0111\u1ed9ng trong l\u0129nh v\u1ef1c digital Marketing, ch\u00fang t\u00f4i \u0111\u00e3 thi\u1ebft l\u1eadp h\u1ec7 th\u1ed1ng kinh doanh cho r\u1ea5t nhi\u1ec1u kh\u00e1ch h\u00e0ng v\u1edbi r\u1ea5t nhi\u1ec1u s\u1ea3n ph\u1ea9m. B\u1ea1n c\u00f3 c\u01a1 h\u1ed9i \u0111\u01b0\u1ee3c gi\u1edbi thi\u1ec7u s\u1ea3n ph\u1ea9m \u0111\u1ebfn nh\u1eefng \u0111\u1ed1i t\u00e1c ph\u00f9 h\u1ee3p v\u1edbi b\u1ea1n<\/span><\/p>\n<\/div><\/div>\n<div class=\"col medium-4 small-12 large-4\"  data-animate=\"bounceInRight\"><div class=\"col-inner\"  >\n\t<div class=\"img has-hover x md-x lg-x y md-y lg-y\" id=\"image_1119867422\">\n\t\t\t\t\t\t\t\t<div class=\"img-inner dark\" >\n\t\t\t<img width=\"361\" height=\"151\" src=\"https:\/\/demo.bmconnect.vn\/marketing\/wp-content\/uploads\/2018\/02\/ho-tro-tron-doi.jpg\" class=\"attachment-original size-original\" alt=\"\" loading=\"lazy\" srcset=\"https:\/\/demo.bmconnect.vn\/marketing\/wp-content\/uploads\/2018\/02\/ho-tro-tron-doi.jpg 361w, https:\/\/demo.bmconnect.vn\/marketing\/wp-content\/uploads\/2018\/02\/ho-tro-tron-doi-300x125.jpg 300w\" sizes=\"(max-width: 361px) 100vw, 361px\" \/>\t\t\t\t\t\t\n\t\t\t\t\t<\/div>\n\t\t\t\t\t\t\t\t\n<style scope=\"scope\">\n\n#image_1119867422 {\n  width: 100%;\n}\n<\/style>\n\t<\/div>\n\t\n<h3 style=\"text-align: center;\">S\u1ef1 h\u1ed7 tr\u1ee3 tr\u1ecdn \u0111\u1eddi<\/h3>\n<p style=\"text-align: center;\"><span style=\"color: #333333; font-size: 95%;\">Ch\u00fang t\u00f4i s\u1ebd lu\u00f4n c\u00f9ng \u0111\u1ed3ng h\u00e0nh v\u1edbi s\u1ef1 ph\u00e1t tri\u1ec3n c\u1ee7a b\u1ea1n cho \u0111\u1ebfn khi b\u1ea1n kh\u00f4ng c\u00f2n c\u1ea7n ch\u00fang t\u00f4i n\u1eefa. S\u1ef1 cam k\u1ebft n\u00e0y th\u1ec3 hi\u1ec7n s\u1ef1 t\u1eadn t\u00e2m c\u1ee7a ch\u00fang t\u00f4i \u0111\u1ed1i v\u1edbi kh\u00e1ch h\u00e0ng \u0111\u00fang theo ti\u00eau ch\u00ed \u201cm\u1ed9t ng\u00e0y c\u1ed9ng t\u00e1c, tr\u1ecdn \u0111\u1eddi l\u00e0m b\u1ea1n\u201d!<\/span><\/p>\n<\/div><\/div>\n\n<style scope=\"scope\">\n\n<\/style>\n<\/div>\n\t\t<\/div><!-- .section-content -->\n\n\t\t\n<style scope=\"scope\">\n\n#section_1480072887 {\n  padding-top: 30px;\n  padding-bottom: 30px;\n}\n<\/style>\n\t<\/section>\n\t\n","protected":false},"excerpt":{"rendered":"","protected":false},"author":1,"featured_media":0,"parent":0,"menu_order":0,"comment_status":"closed","ping_status":"closed","template":"page-blank.php","meta":[],"_links":{"self":[{"href":"https:\/\/demo.bmconnect.vn\/marketing\/wp-json\/wp\/v2\/pages\/429"}],"collection":[{"href":"https:\/\/demo.bmconnect.vn\/marketing\/wp-json\/wp\/v2\/pages"}],"about":[{"href":"https:\/\/demo.bmconnect.vn\/marketing\/wp-json\/wp\/v2\/types\/page"}],"author":[{"embeddable":true,"href":"https:\/\/demo.bmconnect.vn\/marketing\/wp-json\/wp\/v2\/users\/1"}],"replies":[{"embeddable":true,"href":"https:\/\/demo.bmconnect.vn\/marketing\/wp-json\/wp\/v2\/comments?post=429"}],"version-history":[{"count":24,"href":"https:\/\/demo.bmconnect.vn\/marketing\/wp-json\/wp\/v2\/pages\/429\/revisions"}],"predecessor-version":[{"id":454,"href":"https:\/\/demo.bmconnect.vn\/marketing\/wp-json\/wp\/v2\/pages\/429\/revisions\/454"}],"wp:attachment":[{"href":"https:\/\/demo.bmconnect.vn\/marketing\/wp-json\/wp\/v2\/media?parent=429"}],"curies":[{"name":"wp","href":"https:\/\/api.w.org\/{rel}","templated":true}]}}