

{"id":427,"date":"2018-04-03T16:26:51","date_gmt":"2018-04-03T09:26:51","guid":{"rendered":"https:\/\/demo.bmconnect.vn\/manhrem\/?post_type=product&#038;p=427"},"modified":"2018-04-03T16:26:51","modified_gmt":"2018-04-03T09:26:51","slug":"tranh-binh-hoa-th-47-nhap-khau-han-quoc","status":"publish","type":"product","link":"https:\/\/demo.bmconnect.vn\/manrem\/san-pham\/tranh-binh-hoa-th-47-nhap-khau-han-quoc\/","title":{"rendered":"Tranh b\u00ecnh hoa TH 47 nh\u1eadp kh\u1ea9u H\u00e0n Qu\u1ed1c"},"content":{"rendered":"<p>L\u00e0 ng\u01b0\u1eddi \u0111\u00e3 t\u1eebng c\u1ed9ng t\u00e1c v\u00e0 t\u1ed5 ch\u1ee9c nhi\u1ec1u L\u1ec5 Trung Thu cho c\u00e1c em trong Gi\u00e1o x\u1ee9, m\u00ecnh hi\u1ec3u r\u1ea5t r\u00f5 c\u00e1c c\u00f4ng t\u00e1c t\u1ed5 ch\u1ee9c s\u1ef1 ki\u1ec7n T\u1ebft Trung Thu cho c\u00e1c em, t\u1eeb k\u1ecbch b\u1ea3n ch\u01b0\u01a1ng tr\u00ecnh t\u1edbi nh\u1eefng y\u1ebfu t\u1ed1 c\u1ea7n thi\u1ebft \u0111\u1ec3 trang ho\u00e0ng s\u00e2n kh\u1ea5u th\u1eadt r\u1ef1c r\u1ee1 cho c\u00e1c em!<\/p>\n<p>V\u00e0 nh\u01b0 th\u01b0\u1eddng l\u1ec7, m\u00ecnh mong mu\u1ed1n \u0111\u01b0\u1ee3c \u0111\u00f3ng g\u00f3p m\u1ed9t ch\u00fat g\u00ec \u0111\u00f3 h\u1eefu \u00edch cho c\u00e1c b\u1ea1n, \u0111\u1eb7c bi\u1ec7t l\u00e0 nh\u1eefng b\u1ea1n thu\u1ed9c ban t\u1ed5 ch\u1ee9c ch\u01b0\u01a1ng tr\u00ecnh! Do \u0111\u00f3, th\u00f4ng qua b\u00e0i vi\u1ebft n\u00e0y, m\u00ecnh s\u1ebd chia s\u1ebb mi\u1ec5n ph\u00ed\u00a0<strong>K\u1ecbch b\u1ea3n ch\u01b0\u01a1ng tr\u00ecnh T\u1ebft Trung Thu<\/strong> v\u00e0 gi\u1edbi thi\u1ec7u\u00a0<strong>M\u1eabu Ph\u00f4ng s\u00e2n kh\u1ea5u Trung thu \u2013 V\u1ea7ng tr\u0103ng Ch\u00faa th\u01b0\u01a1ng ban <\/strong>cho nh\u1eefng b\u1ea1n n\u00e0o c\u1ea7n!<\/p>\n<h2>K\u1ecbch b\u1ea3n ch\u01b0\u01a1ng tr\u00ecnh T\u1ebft Trung Thu<\/h2>\n<p>K\u1ecbch b\u1ea3n m\u00ecnh s\u1eafp gi\u1edbi thi\u1ec7u \u0111\u00e2y \u0111\u00e3 \u0111\u01b0\u1ee3c m\u00ecnh th\u1ef1c hi\u1ec7n kh\u00e1 nghi\u00eam t\u00fac \u0111\u1ec3 h\u1ed7 tr\u1ee3 cho vi\u1ec7c t\u1ed5 ch\u1ee9c L\u1ec5 Trung Thu cho c\u00e1c em thi\u1ebfu nhi Gi\u00e1o x\u1ee9 Uy T\u1ebf (Ph\u00e1t Di\u1ec7m) n\u0103m 2015.<\/p>\n<p>Ph\u1ea7n k\u1ecbch b\u1ea3n g\u1ed3m c\u00f3: ch\u01b0\u01a1ng tr\u00ecnh t\u1ed5ng qu\u00e1t + ch\u01b0\u01a1ng tr\u00ecnh chi ti\u1ebft + c\u00e2u \u0111\u1ed1 kh\u00e1n gi\u1ea3 + video tr\u00ecnh chi\u1ebfu.<\/p>\n<p>M\u1eddi c\u00e1c b\u1ea1n \u0111\u00f3n xem <a href=\"https:\/\/webdesign.com\/kich-ban-chuong-trinh\/kich-ban-chuong-trinh-tet-trung-thu-giao-xu-uy-duc-2013\/\">t\u1ea1i \u0111\u00e2y<\/a>.<\/p>\n<h2>Ph\u00f4ng s\u00e2n kh\u1ea5u T\u1ebft Trung Thu<\/h2>\n<p>M\u00ecnh \u0111\u00e3 t\u1eebng chia s\u1ebb m\u1ed9t v\u00e0i Ph\u00f4ng s\u00e2n kh\u1ea5u T\u1ebft Trung Thu r\u1ed3i. C\u00e1c b\u1ea1n c\u00f3 th\u1ec3 t\u00ecm xem l\u1ea1i t\u1ea1i \u0111\u00e2y:<\/p>\n<p><a href=\"https:\/\/webdesign.com\/file-thiet-ke-phong-san-khau-trung-thu-vang-trang-yeu-thuong\/\">Ph\u00f4ng s\u00e2n kh\u1ea5u V\u1ea7ng tr\u0103ng Y\u00eau th\u01b0\u01a1ng<\/a><\/p>\n<p><a href=\"https:\/\/webdesign.com\/phong-san-khau-trung-thu-vang-trang-chua-thuong-ban\/\">Ph\u00f4ng s\u00e2n kh\u1ea5u V\u1ea7ng tr\u0103ng Ch\u00faa th\u01b0\u01a1ng ban<\/a><\/p>\n<p>Ph\u00f4ng s\u00e2n kh\u1ea5u n\u00e0y m\u00ecnh m\u1edbi l\u00e0m v\u1eefa n\u00e3y lu\u00f4n, s\u1eed d\u1ee5ng t\u00f4ng m\u00e0u xanh t\u1ed1i + v\u00e0ng chanh + tr\u1eafng l\u00e0m ch\u1ee7 \u0111\u1ea1o. Ph\u00f4ng n\u00e0y mu\u1ed1n l\u00e0m n\u1ed5i b\u1eadt h\u00ecnh \u1ea3nh Ch\u00faa Gi\u00easu y\u00eau th\u01b0\u01a1ng v\u00e0 ch\u01a1i \u0111\u00f9a v\u1edbi c\u00e1c em thi\u1ebfu nhi.<\/p>\n<p>Ph\u00eda sau h\u00ecnh \u1ea3nh Ch\u00faa Gi\u00easu v\u00e0 tr\u1ebb em l\u00e0 h\u00ecnh m\u1eb7t tr\u0103ng r\u1ecdi s\u00e1ng xung quanh. C\u1ee5m ch\u1eef ch\u1ee7 \u0111\u1ec1 m\u00e0u \u0111\u1ecf, vi\u1ec1n v\u00e0ng cho c\u1ea3m gi\u00e1c kh\u00e1 n\u1ed5i b\u1eadt v\u00e0 \u1ea5n t\u01b0\u1ee3ng. Cu\u1ed1i c\u00f9ng, c\u00e2u L\u1eddi Ch\u00faa ch\u1ee7 \u0111\u1ec1 \u0111\u01b0\u1ee3c thi\u1ebft k\u1ebf kh\u00e1 \u1ea5n t\u01b0\u1ee3ng ngay ph\u00eda d\u01b0\u1edbi c\u1ee5m ch\u1eef ch\u1ee7 \u0111\u1ec1.<\/p>\n<p><strong>Th\u00f4ng tin file thi\u1ebft k\u1ebf:<\/strong><\/p>\n<ul>\n<li><strong>Ph\u1ea7n m\u1ec1m:<\/strong> Adobe Photoshop<\/li>\n<li><strong>H\u1ec7 m\u00e0u:<\/strong> CMYK<\/li>\n<li><strong>K\u00edch th\u01b0\u1edbc:<\/strong> 700x400cm (ngang)<\/li>\n<li><strong>\u0110\u1ed9 ph\u00e2n gi\u1ea3i:<\/strong> 72dpi<\/li>\n<li><strong>C\u00f4ng ngh\u1ec7 in ph\u00f9 h\u1ee3p:<\/strong> In b\u1ea1t hiflex<\/li>\n<\/ul>\n<figure id=\"attachment_4107\" class=\"wp-caption aligncenter\"><img loading=\"lazy\" class=\"size-full wp-image-4107 lazy-load-active\" src=\"https:\/\/webdesign.com\/wp-content\/uploads\/2017\/09\/Ph%C3%B4ng-s%C3%A2n-kh%E1%BA%A5u-Trung-Thu-V%E1%BA%A7ng-Tr%C4%83ng-Ch%C3%BAa-th%C6%B0%C6%A1ng-ban.jpg\" sizes=\"(max-width: 800px) 100vw, 800px\" srcset=\"https:\/\/webdesign.com\/wp-content\/uploads\/2017\/09\/Ph\u00f4ng-s\u00e2n-kh\u1ea5u-Trung-Thu-V\u1ea7ng-Tr\u0103ng-Ch\u00faa-th\u01b0\u01a1ng-ban.jpg 800w, https:\/\/webdesign.com\/wp-content\/uploads\/2017\/09\/Ph\u00f4ng-s\u00e2n-kh\u1ea5u-Trung-Thu-V\u1ea7ng-Tr\u0103ng-Ch\u00faa-th\u01b0\u01a1ng-ban-300x171.jpg 300w, https:\/\/webdesign.com\/wp-content\/uploads\/2017\/09\/Ph\u00f4ng-s\u00e2n-kh\u1ea5u-Trung-Thu-V\u1ea7ng-Tr\u0103ng-Ch\u00faa-th\u01b0\u01a1ng-ban-768x439.jpg 768w\" alt=\"Ph\u00f4ng s\u00e2n kh\u1ea5u Trung Thu - V\u1ea7ng Tr\u0103ng Ch\u00faa th\u01b0\u01a1ng ban\" width=\"800\" height=\"457\" data-src=\"https:\/\/webdesign.com\/wp-content\/uploads\/2017\/09\/Ph\u00f4ng-s\u00e2n-kh\u1ea5u-Trung-Thu-V\u1ea7ng-Tr\u0103ng-Ch\u00faa-th\u01b0\u01a1ng-ban.jpg\" data-srcset=\"https:\/\/webdesign.com\/wp-content\/uploads\/2017\/09\/Ph\u00f4ng-s\u00e2n-kh\u1ea5u-Trung-Thu-V\u1ea7ng-Tr\u0103ng-Ch\u00faa-th\u01b0\u01a1ng-ban.jpg 800w, https:\/\/webdesign.com\/wp-content\/uploads\/2017\/09\/Ph\u00f4ng-s\u00e2n-kh\u1ea5u-Trung-Thu-V\u1ea7ng-Tr\u0103ng-Ch\u00faa-th\u01b0\u01a1ng-ban-300x171.jpg 300w, https:\/\/webdesign.com\/wp-content\/uploads\/2017\/09\/Ph\u00f4ng-s\u00e2n-kh\u1ea5u-Trung-Thu-V\u1ea7ng-Tr\u0103ng-Ch\u00faa-th\u01b0\u01a1ng-ban-768x439.jpg 768w\" \/><figcaption class=\"wp-caption-text\">Ph\u00f4ng s\u00e2n kh\u1ea5u Trung Thu \u2013 V\u1ea7ng Tr\u0103ng Ch\u00faa th\u01b0\u01a1ng ban<\/figcaption><\/figure>\n<p>Xem \u1ea3nh \u0111\u1ed9 ph\u00e2n gi\u1ea3i cao: <a href=\"https:\/\/www.flickr.com\/photos\/77493237@N07\/?\">t\u1ea1i \u0111\u00e2y<\/a><\/p>\n<p>H\u00ecnh \u1ea3nh th\u1ef1c t\u1ebf:<\/p>\n<figure id=\"attachment_4113\" class=\"wp-caption aligncenter\"><img loading=\"lazy\" class=\"size-full wp-image-4113 lazy-load-active\" src=\"https:\/\/webdesign.com\/wp-content\/uploads\/2017\/09\/22221812_1545057322219823_3381044061532400526_n.jpg\" sizes=\"(max-width: 960px) 100vw, 960px\" srcset=\"https:\/\/webdesign.com\/wp-content\/uploads\/2017\/09\/22221812_1545057322219823_3381044061532400526_n.jpg 960w, https:\/\/webdesign.com\/wp-content\/uploads\/2017\/09\/22221812_1545057322219823_3381044061532400526_n-300x184.jpg 300w, https:\/\/webdesign.com\/wp-content\/uploads\/2017\/09\/22221812_1545057322219823_3381044061532400526_n-768x470.jpg 768w\" alt=\"Ph\u00f4ng s\u00e2n kh\u1ea5u Trung Thu - V\u1ea7ng tr\u0103ng Ch\u00faa th\u01b0\u01a1ng ban\" width=\"960\" height=\"588\" data-src=\"https:\/\/webdesign.com\/wp-content\/uploads\/2017\/09\/22221812_1545057322219823_3381044061532400526_n.jpg\" data-srcset=\"https:\/\/webdesign.com\/wp-content\/uploads\/2017\/09\/22221812_1545057322219823_3381044061532400526_n.jpg 960w, https:\/\/webdesign.com\/wp-content\/uploads\/2017\/09\/22221812_1545057322219823_3381044061532400526_n-300x184.jpg 300w, https:\/\/webdesign.com\/wp-content\/uploads\/2017\/09\/22221812_1545057322219823_3381044061532400526_n-768x470.jpg 768w\" \/><figcaption class=\"wp-caption-text\">Ph\u00f4ng s\u00e2n kh\u1ea5u Trung Thu \u2013 V\u1ea7ng tr\u0103ng Ch\u00faa th\u01b0\u01a1ng ban<\/figcaption><\/figure>\n<p><strong>Gi\u00e1 b\u00e1n file thi\u1ebft k\u1ebf: 20.000\u0111\/file (th\u1ebb n\u1ea1p Viettel 20.000\u0111)<\/strong><\/p>\n<h2><span id=\"Loi-ket\">L\u1eddi k\u1ebft<\/span><\/h2>\n<p>C\u00e1m \u01a1n c\u00e1c b\u1ea1n \u0111\u00e3 quan t\u00e2m theo d\u00f5i v\u00e0 \u1ee7ng h\u1ed9 WEBDESIGN trong su\u1ed1t th\u1eddi gian v\u1eeba qua. C\u00e1c b\u1ea1n c\u00f3 nhu c\u1ea7u l\u1ea5y file thi\u1ebft k\u1ebf PSD c\u1ee7a ph\u00f4ng s\u00e2n kh\u1ea5u n\u00e0y, vui l\u00f2ng mua th\u1ebb n\u1ea1p Viettel 20.000\u0111 v\u00e0 g\u1eedi cho m\u00ecnh \u0111\u1ec3 nh\u1eadn link download nh\u00e9!<\/p>\n<p><strong>Th\u00f4ng tin li\u00ean h\u1ec7:<\/strong><\/p>\n<p><strong>+ Li\u00ean h\u1ec7:<\/strong>\u00a0LeNam<\/p>\n<p><strong>+ Phone:<\/strong>\u00a00972939830<\/p>\n<p><strong>+ Email:<\/strong>\u00a0webdesign@gmail.com<\/p>\n<p><strong>+ Website:<\/strong>\u00a0www.webdesign.com<\/p>\n<p><strong>+ Flickr:<\/strong><a href=\"http:\/\/www.WEBDESIGN\">\u00a0www.WEBDESIGN<\/a><\/p>\n<p><strong>+ Behance:<\/strong>\u00a0<a href=\"https:\/\/www.behance.net\/WEBDESIGN\">https:\/\/www.behance.net\/WEBDESIGN<\/a><\/p>\n<p><strong>+ Pintesest:<\/strong><a href=\"https:\/\/www.pinterest.com\/WEBDESIGN\/pins\/\">\u00a0https:\/\/www.pinterest.com\/WEBDESIGN\/pins\/<\/a><\/p>\n","protected":false},"excerpt":{"rendered":"<p>L\u1eddi \u0111\u1ea7u ti\u00ean, cho ph\u00e9p WEBDESIGN \u0111\u01b0\u1ee3c g\u1eedi t\u1edbi qu\u00fd kh\u00e1ch, qu\u00fd th\u00e2n nh\u00e2n v\u00e0 b\u1ea1n b\u00e8 l\u1eddi ch\u00fac s\u1ee9c kh\u1ecfe, th\u00e0nh \u0111\u1ea1t v\u00e0 h\u1ea1nh ph\u00fac.\u00a0Webdesign.com \u0111\u01b0\u1ee3c th\u00e0nh l\u1eadp th\u00e1ng 11\/2016 d\u01b0\u1edbi d\u1ea1ng Blog c\u00e1 nh\u00e2n, v\u1edbi m\u1ee5c \u0111\u00edch ban \u0111\u1ea7u l\u00e0 n\u01a1i\u00a0l\u01b0u tr\u1eef nh\u1eefng <strong>b\u00e0i vi\u1ebft ki\u1ebfn th\u1ee9c<\/strong> ho\u1eb7c nh\u1eefng<strong> s\u1ea3n ph\u1ea9m s\u00e1ng t\u1ea1o<\/strong> trong qu\u00e1 tr\u00ecnh h\u1ecdc t\u1eadp,\u00a0l\u00e0m vi\u1ec7c.<\/p>\n","protected":false},"featured_media":428,"comment_status":"open","ping_status":"closed","template":"","meta":[],"product_cat":[34,35,36,37,38,33],"product_tag":[],"_links":{"self":[{"href":"https:\/\/demo.bmconnect.vn\/manrem\/wp-json\/wp\/v2\/product\/427"}],"collection":[{"href":"https:\/\/demo.bmconnect.vn\/manrem\/wp-json\/wp\/v2\/product"}],"about":[{"href":"https:\/\/demo.bmconnect.vn\/manrem\/wp-json\/wp\/v2\/types\/product"}],"replies":[{"embeddable":true,"href":"https:\/\/demo.bmconnect.vn\/manrem\/wp-json\/wp\/v2\/comments?post=427"}],"wp:featuredmedia":[{"embeddable":true,"href":"https:\/\/demo.bmconnect.vn\/manrem\/wp-json\/wp\/v2\/media\/428"}],"wp:attachment":[{"href":"https:\/\/demo.bmconnect.vn\/manrem\/wp-json\/wp\/v2\/media?parent=427"}],"wp:term":[{"taxonomy":"product_cat","embeddable":true,"href":"https:\/\/demo.bmconnect.vn\/manrem\/wp-json\/wp\/v2\/product_cat?post=427"},{"taxonomy":"product_tag","embeddable":true,"href":"https:\/\/demo.bmconnect.vn\/manrem\/wp-json\/wp\/v2\/product_tag?post=427"}],"curies":[{"name":"wp","href":"https:\/\/api.w.org\/{rel}","templated":true}]}}