

{"id":388,"date":"2018-04-03T15:48:38","date_gmt":"2018-04-03T08:48:38","guid":{"rendered":"https:\/\/demo.bmconnect.vn\/manhrem\/?post_type=product&#038;p=388"},"modified":"2018-04-03T15:48:38","modified_gmt":"2018-04-03T08:48:38","slug":"rem-vai-cao-cap-e-696-11-nhap-khau-hang-dep","status":"publish","type":"product","link":"https:\/\/demo.bmconnect.vn\/manrem\/san-pham\/rem-vai-cao-cap-e-696-11-nhap-khau-hang-dep\/","title":{"rendered":"R\u00e8m v\u1ea3i cao c\u1ea5p E 696-11 nh\u1eadp kh\u1ea9u h\u00e0ng \u0111\u1eb9p"},"content":{"rendered":"<ul>\n<li><strong>Khuy\u1ebfn m\u1ea1i<\/strong>: \u0111\u01b0a m\u1eabu t\u1eadn n\u01a1i ,ph\u1ee5 ki\u1ec7n v\u00e0 l\u1eafp \u0111\u1eb7t,<\/li>\n<li><strong>C\u00f4ng d\u1ee5ng:\u00a0<\/strong>c\u1ea3n n\u1eafng, c\u1ea3n nhi\u1ec7t<\/li>\n<li><strong>Gi\u00e1 bao g\u1ed3m VAT<\/strong>: Ch\u01b0a bao g\u1ed3m VAT<\/li>\n<li><strong>Kh\u1ed5 s\u1ea3n ph\u1ea9m<\/strong>: 2,75 m<\/li>\n<li><strong>Gi\u00e1 t\u00ednh theo<\/strong>: M\u00e9t ngang\u00a0ho\u00e0n thi\u1ec7n<\/li>\n<li><strong>H\u00ecnh th\u1ee9c mua h\u00e0ng<\/strong>: T\u1ea1i c\u1eeda h\u00e0ng, \u0111\u1eb7t h\u00e0ng online\u00a0ho\u1eb7c t\u01b0 v\u1ea5n mi\u1ec5n ph\u00ed t\u1ea1i c\u00f4ng tr\u00ecnh<\/li>\n<li><strong>T\u00ecnh tr\u1ea1ng h\u00e0ng<\/strong>: C\u00f3 h\u00e0ng<\/li>\n<li><strong>B\u1ea3o h\u00e0nh<\/strong>: 5\u00a0n\u0103m<\/li>\n<li><strong>B\u1ea3o tr\u00ec<\/strong>: tr\u1ecdn \u0111\u1eddi.<\/li>\n<li><strong>L\u01b0u \u00fd<\/strong>: Th\u1ecb tr\u01b0\u1eddng c\u00f3 h\u00e0ng nh\u00e1i<\/li>\n<li><strong>Khuy\u1ebfn m\u1ea1i<\/strong>: \u0111\u01b0a m\u1eabu t\u1eadn n\u01a1i ,ph\u1ee5 ki\u1ec7n v\u00e0 l\u1eafp \u0111\u1eb7t,<\/li>\n<li><strong>C\u00f4ng d\u1ee5ng:\u00a0<\/strong>c\u1ea3n n\u1eafng, c\u1ea3n nhi\u1ec7t<\/li>\n<li><strong>Gi\u00e1 bao g\u1ed3m VAT<\/strong>: Ch\u01b0a bao g\u1ed3m VAT<\/li>\n<li><strong>Kh\u1ed5 s\u1ea3n ph\u1ea9m<\/strong>: 2,75 m<\/li>\n<li><strong>Gi\u00e1 t\u00ednh theo<\/strong>: M\u00e9t ngang\u00a0ho\u00e0n thi\u1ec7n<\/li>\n<li><strong>H\u00ecnh th\u1ee9c mua h\u00e0ng<\/strong>: T\u1ea1i c\u1eeda h\u00e0ng, \u0111\u1eb7t h\u00e0ng online\u00a0ho\u1eb7c t\u01b0 v\u1ea5n mi\u1ec5n ph\u00ed t\u1ea1i c\u00f4ng tr\u00ecnh<\/li>\n<li><strong>T\u00ecnh tr\u1ea1ng h\u00e0ng<\/strong>: C\u00f3 h\u00e0ng<\/li>\n<li><strong>B\u1ea3o h\u00e0nh<\/strong>: 5\u00a0n\u0103m<\/li>\n<li><strong>B\u1ea3o tr\u00ec<\/strong>: tr\u1ecdn \u0111\u1eddi.<\/li>\n<li><strong>L\u01b0u \u00fd<\/strong>: Th\u1ecb tr\u01b0\u1eddng c\u00f3 h\u00e0ng nh\u00e1i<\/li>\n<li><\/li>\n<\/ul>\n","protected":false},"excerpt":{"rendered":"<p>Khuy\u1ebfn m\u1ea1i : \u0111\u01b0a m\u1eabu t\u1eadn n\u01a1i ,ph\u1ee5 ki\u1ec7n v\u00e0 l\u1eafp \u0111\u1eb7t, C\u00f4ng d\u1ee5ng: c\u1ea3n n\u1eafng, c\u1ea3n nhi\u1ec7t Gi\u00e1 bao g\u1ed3m VAT : Ch\u01b0a bao g\u1ed3m VAT Kh\u1ed5 s\u1ea3n ph\u1ea9m&#8230;<\/p>\n","protected":false},"featured_media":389,"comment_status":"open","ping_status":"closed","template":"","meta":[],"product_cat":[16,20,26,21,24,23,19,22,18,25],"product_tag":[],"_links":{"self":[{"href":"https:\/\/demo.bmconnect.vn\/manrem\/wp-json\/wp\/v2\/product\/388"}],"collection":[{"href":"https:\/\/demo.bmconnect.vn\/manrem\/wp-json\/wp\/v2\/product"}],"about":[{"href":"https:\/\/demo.bmconnect.vn\/manrem\/wp-json\/wp\/v2\/types\/product"}],"replies":[{"embeddable":true,"href":"https:\/\/demo.bmconnect.vn\/manrem\/wp-json\/wp\/v2\/comments?post=388"}],"wp:featuredmedia":[{"embeddable":true,"href":"https:\/\/demo.bmconnect.vn\/manrem\/wp-json\/wp\/v2\/media\/389"}],"wp:attachment":[{"href":"https:\/\/demo.bmconnect.vn\/manrem\/wp-json\/wp\/v2\/media?parent=388"}],"wp:term":[{"taxonomy":"product_cat","embeddable":true,"href":"https:\/\/demo.bmconnect.vn\/manrem\/wp-json\/wp\/v2\/product_cat?post=388"},{"taxonomy":"product_tag","embeddable":true,"href":"https:\/\/demo.bmconnect.vn\/manrem\/wp-json\/wp\/v2\/product_tag?post=388"}],"curies":[{"name":"wp","href":"https:\/\/api.w.org\/{rel}","templated":true}]}}