

{"id":7,"date":"2018-04-03T01:08:00","date_gmt":"2018-04-02T18:08:00","guid":{"rendered":"https:\/\/demo.bmconnect.vn\/manhrem\/?page_id=7"},"modified":"2018-04-04T11:48:01","modified_gmt":"2018-04-04T04:48:01","slug":"lien-he","status":"publish","type":"page","link":"https:\/\/demo.bmconnect.vn\/manrem\/lien-he\/","title":{"rendered":"Li\u00ean h\u1ec7"},"content":{"rendered":"\t<section class=\"section\" id=\"section_1299693174\">\n\t\t<div class=\"bg section-bg fill bg-fill  bg-loaded\" >\n\n\t\t\t\n\t\t\t\n\t\t\t\n\n\t\t<\/div><!-- .section-bg -->\n\n\t\t<div class=\"section-content relative\">\n\t\t\t\n<p><iframe loading=\"lazy\" style=\"border: 0;\" src=\"https:\/\/www.google.com\/maps\/embed?pb=!1m14!1m8!1m3!1d14900.931775031808!2d105.79967699999999!3d20.9832975!3m2!1i1024!2i768!4f13.1!3m3!1m2!1s0x0%3A0x4fc1c256d7cdb4d!2zR2l1c2VBcnQgLSBUaGnhur90IGvhur8gxJHhu5MgaOG7jWEgdsOgIHdlYnNpdGUgY2h1ecOqbiBuZ2hp4buHcA!5e0!3m2!1svi!2s!4v1522690335003\" width=\"100%\" height=\"300\" frameborder=\"0\" allowfullscreen=\"allowfullscreen\"><\/iframe><\/p>\n\t\t<\/div><!-- .section-content -->\n\n\t\t\n<style scope=\"scope\">\n\n#section_1299693174 {\n  padding-top: 0px;\n  padding-bottom: 0px;\n  background-color: rgb(255, 255, 255);\n}\n<\/style>\n\t<\/section>\n\t\n\t<section class=\"section\" id=\"section_578221272\">\n\t\t<div class=\"bg section-bg fill bg-fill  bg-loaded\" >\n\n\t\t\t\n\t\t\t\n\t\t\t\n\n\t\t<\/div><!-- .section-bg -->\n\n\t\t<div class=\"section-content relative\">\n\t\t\t\n<div class=\"row\"  id=\"row-1712698056\">\n<div class=\"col medium-6 small-12 large-6\"  ><div class=\"col-inner\"  >\n<h3>Li\u00ean h\u1ec7 v\u1edbi ch\u00fang t\u00f4i<\/h3>\n<p>WEBDESIGN Funiture cung c\u1ea5p c\u00e1c s\u1ea3n ph\u1ea9m n\u1ed9i th\u1ea5t phong ph\u00fa v\u00e0 c\u00e1c d\u1ecbch v\u1ee5 s\u1eeda ch\u1eefa, x\u00e2y d\u1ef1ng c\u00f4ng tr\u00ecnh b\u1ea3o \u0111\u1ea3m an to\u00e0n, \u0111\u00fang ti\u1ebfn \u0111\u1ed9 v\u00e0 k\u1ef9 thu\u1eadt y\u00eau c\u1ea7u.<\/p>\n<p>WEBDESIGN Funiture cung c\u1ea5p c\u00e1c s\u1ea3n ph\u1ea9m n\u1ed9i th\u1ea5t phong ph\u00fa v\u00e0 c\u00e1c d\u1ecbch v\u1ee5 s\u1eeda ch\u1eefa, x\u00e2y d\u1ef1ng c\u00f4ng tr\u00ecnh b\u1ea3o \u0111\u1ea3m an to\u00e0n, \u0111\u00fang ti\u1ebfn \u0111\u1ed9 v\u00e0 k\u1ef9 thu\u1eadt y\u00eau c\u1ea7u.<\/p>\n<div class=\"row row-small\"  id=\"row-1991406278\">\n<div class=\"col medium-4 small-12 large-4\"  ><div class=\"col-inner\"  >\n<a href=\"tel:0972939830\" target=\"_self\" class=\"button primary lowercase expand\"  style=\"border-radius:3px;\">\n    <span>0909.009.009<\/span>\n  <\/a>\n\n<\/div><\/div>\n<div class=\"col medium-4 small-12 large-4\"  ><div class=\"col-inner\"  >\n<a href=\"\/lien-he\/\" target=\"_self\" class=\"button secondary lowercase\"  style=\"border-radius:4px;\">\n    <span>Li\u00ean h\u1ec7 t\u01b0 v\u1ea5n<\/span>\n  <\/a>\n\n<\/div><\/div>\n<div class=\"col medium-4 small-12 large-4\"  ><div class=\"col-inner\"  >\n<\/div><\/div>\n\n<style scope=\"scope\">\n\n<\/style>\n<\/div>\n<div class=\"social-icons follow-icons full-width text-left\" ><a href=\"#\" target=\"_blank\" data-label=\"Facebook\"  rel=\"noopener noreferrer nofollow\" class=\"icon primary button circle facebook tooltip\" title=\"Follow on Facebook\"><i class=\"icon-facebook\" ><\/i><\/a><a href=\"mailto:webdesign@gmail.com\" data-label=\"E-mail\"  rel=\"nofollow\" class=\"icon primary button circle  email tooltip\" title=\"Send us an email\"><i class=\"icon-envelop\" ><\/i><\/a><a href=\"tel:0972939830\" target=\"_blank\"  data-label=\"Phone\"  rel=\"noopener noreferrer nofollow\" class=\"icon primary button circle  phone tooltip\" title=\"Call us\"><i class=\"icon-phone\" ><\/i><\/a><a href=\"#\" target=\"_blank\" rel=\"noopener noreferrer nofollow\"  data-label=\"Google+\"  class=\"icon primary button circle  google-plus tooltip\" title=\"Follow on Google+\"><i class=\"icon-google-plus\" ><\/i><\/a><a href=\"#\" target=\"_blank\" rel=\"noopener noreferrer nofollow\" data-label=\"YouTube\" class=\"icon primary button circle  youtube tooltip\" title=\"Follow on YouTube\"><i class=\"icon-youtube\" ><\/i><\/a><\/div>\n<\/div><\/div>\n<div class=\"col medium-6 small-12 large-6\"  ><div class=\"col-inner\"  >\n<h3>Th\u00f4ng tin li\u00ean h\u1ec7<\/h3>\n<p>Lorem ipsum dolor sit amet, consectetuer adipiscing elit, sed diam nonummy nibh euismod tincidunt ut laoreet dolore magna aliquam erat volutpat.<\/p>\n<p>\u2013<strong> \u0110\u1ecba ch\u1ec9:<\/strong> S\u1ed1 29 ng\u00f5 18 L\u01b0\u01a1ng Ng\u1ecdc Quy\u1ebfn, H\u00e0 \u0110\u00f4ng, H\u00e0 N\u1ed9i<br \/> \u2013 <strong>S\u0110T:<\/strong> 0909.009.009<br \/> \u2013 <strong>Email:<\/strong> webdesign@gmail.com<br \/> \u2013 <strong>Website:<\/strong> www.webdemo.com<\/p>\n<\/div><\/div>\n\n<style scope=\"scope\">\n\n#row-1712698056 > .col > .col-inner {\n  background-color: rgb(255, 255, 255);\n}\n<\/style>\n<\/div>\n\t\t<\/div><!-- .section-content -->\n\n\t\t\n<style scope=\"scope\">\n\n#section_578221272 {\n  padding-top: 30px;\n  padding-bottom: 30px;\n  background-color: rgb(255, 255, 255);\n}\n<\/style>\n\t<\/section>\n\t\n","protected":false},"excerpt":{"rendered":"","protected":false},"author":1,"featured_media":0,"parent":0,"menu_order":0,"comment_status":"closed","ping_status":"closed","template":"page-blank.php","meta":[],"_links":{"self":[{"href":"https:\/\/demo.bmconnect.vn\/manrem\/wp-json\/wp\/v2\/pages\/7"}],"collection":[{"href":"https:\/\/demo.bmconnect.vn\/manrem\/wp-json\/wp\/v2\/pages"}],"about":[{"href":"https:\/\/demo.bmconnect.vn\/manrem\/wp-json\/wp\/v2\/types\/page"}],"author":[{"embeddable":true,"href":"https:\/\/demo.bmconnect.vn\/manrem\/wp-json\/wp\/v2\/users\/1"}],"replies":[{"embeddable":true,"href":"https:\/\/demo.bmconnect.vn\/manrem\/wp-json\/wp\/v2\/comments?post=7"}],"version-history":[{"count":0,"href":"https:\/\/demo.bmconnect.vn\/manrem\/wp-json\/wp\/v2\/pages\/7\/revisions"}],"wp:attachment":[{"href":"https:\/\/demo.bmconnect.vn\/manrem\/wp-json\/wp\/v2\/media?parent=7"}],"curies":[{"name":"wp","href":"https:\/\/api.w.org\/{rel}","templated":true}]}}