{"id":6,"date":"2017-04-24T17:53:16","date_gmt":"2017-04-24T10:53:16","guid":{"rendered":"http:\/\/luxury.fonicweb.com\/?page_id=6"},"modified":"2017-04-26T14:39:20","modified_gmt":"2017-04-26T07:39:20","slug":"gioi-thieu","status":"publish","type":"page","link":"https:\/\/demo.bmconnect.vn\/luxury\/gioi-thieu\/","title":{"rendered":"GI\u1edaI THI\u1ec6U"},"content":{"rendered":"<div class=\"row\"  id=\"row-517572899\">\n\n\t<div id=\"col-1260740634\" class=\"col small-12 large-12\"  >\n\t\t\t\t<div class=\"col-inner\"  >\n\t\t\t\n\t\t\t\n<p><em><strong>K\u00ednh th\u01b0a Q\u00fay kh\u00e1ch h\u00e0ng!<\/strong><\/em><\/p>\n<p><em>\u00a0 \u00a0 \u00a0L\u00e0 nh\u1eefng Ki\u1ebfn Tr\u00fac S\u01b0 t\u1ed1t nghi\u1ec7p t\u1eeb tr\u01b0\u1eddng \u0110\u1ea1i H\u1ecdc Ki\u1ebfn Tr\u00fac H\u00e0 N\u1ed9i, ch\u00fang t\u00f4i lu\u00f4n khao kh\u00e1t \u0111\u01b0\u1ee3c ki\u1ebfn t\u1ea1o ra nh\u1eefng c\u00f4ng tr\u00ecnh v\u1edbi c\u1ea5u tr\u00fac m\u1edbi l\u1ea1 \u2013 \u0111\u1eb9p m\u1eaft, nh\u1eafm \u0111\u00e1p \u1ee9ng t\u1ed1i \u0111a nhu c\u1ea7u c\u00f4ng n\u0103ng s\u1eed d\u1ee5ng v\u00e0 nhu c\u1ea7u th\u01b0\u1eddng th\u1ee9c th\u1ea9m m\u1ef9 gi\u1eefa ng\u01b0\u1eddi s\u1eed d\u1ee5ng v\u1edbi c\u00f4ng tr\u00ecnh ki\u1ebfn tr\u00fac. Ch\u00fang t\u00f4i x\u00e2y d\u1ef1ng n\u00ean h\u1ec7 th\u1ed1ng nh\u00e2n s\u1ef1 ho\u1ea1t \u0111\u1ed9ng hi\u1ec7u qu\u1ea3 v\u00e0 t\u00e2m huy\u1ebft v\u1edbi ngh\u1ec1 \u0111\u1ec3 th\u1ef1c hi\u1ec7n l\u00fd t\u01b0\u1edfng mang l\u1ea1i ch\u1ea5t l\u01b0\u1ee3ng v\u00e0 h\u1ec7u qu\u1ea3 th\u1eadt t\u1ed1t cho c\u00f4ng tr\u00ecnh nh\u00e0 \u1edf ph\u1ee5c v\u1ee5 c\u1ed9ng \u0111\u1ed3ng.<\/em><\/p>\n<p>H\u01a1n ai h\u1ebft, ch\u00fang t\u00f4i hi\u1ec3u r\u00f5 nh\u1eefng t\u00e2m t\u01b0 v\u00e0 lo l\u1eafng c\u1ee7a nh\u1eefng kh\u00e1ch h\u00e0ng khi ph\u1ea3i \u0111\u1ee9ng tr\u01b0\u1edbc s\u1ef1 l\u1ef1a ch\u1ecdn m\u1ed9t \u0111\u01a1n v\u1ecb trong h\u00e0ng tr\u0103m ng\u00e0n \u0111\u01a1n v\u1ecb thi\u1ebft k\u1ebf n\u1ed9i th\u1ea5t \u0111\u1ec3 c\u00f3 th\u1ec3 \u0111\u1eb7t ni\u1ec1m tin. \u0110i\u1ec1u \u0111\u00f3 khi\u1ebfn ch\u00fang t\u00f4i ph\u1ea3i tr\u0103n tr\u1edf suy ngh\u0129: L\u00e0m sao? L\u00e0m nh\u01b0 th\u1ebf n\u00e0o \u0111\u1ec3 ph\u1ee5c v\u1ee5 t\u1ed1t h\u01a1n n\u1eefa.<\/p>\n<p>Ch\u00fang t\u00f4i lu\u00f4n \u0111\u1eb7t ra quy\u1ebft t\u00e2m \u0111\u1ec3 t\u1eeb quy tr\u00ecnh t\u01b0 v\u1ea5n kh\u00e1ch h\u00e0ng 1 c\u00e1ch r\u00f5 r\u00e0ng, chi ti\u1ebft nh\u1ea5t. \u0110\u00ea m\u1ed9t ng\u01b0\u1eddi ch\u01b0a t\u1eebng x\u00e2y nh\u00e0 c\u0169ng c\u00f3 th\u1ec3 hi\u1ec3u c\u1eb7n k\u1ebd v\u00e0 c\u00f3 th\u1ec3 ki\u1ec3m so\u00e1t ch\u00fang toi m\u1ed9t c\u00e1ch t\u1ed1t nh\u1ea5t. V\u00e0 \u0111\u1ec3 nh\u1eefng ng\u01b0\u1eddi c\u00f3 hi\u1ec3u vi\u1ebft v\u1ec1 l\u0129nh v\u1ef1c x\u00e2y d\u1ef1ng, \u0111\u00e3 t\u1eebng x\u00e2y nh\u00e0\u2026nh\u1eadn ra \u0111\u01b0\u1ee3c \u0111ay l\u00e0 m\u1ed9t nh\u00e0 th\u1ea7u \u0111\u00e1ng tin c\u1eady. \u0110\u00f3 l\u00e0 s\u1ef1 <strong>TINH T\u1ebe \u2013 KH\u00c1C BI\u1ec6T \u2013 H\u1ee2P L\u00dd<\/strong>, c\u00e1c ti\u00eau ch\u00ed n\u00e0y lu\u00f4n \u0111\u01b0\u1ee3c <strong>Kh\u00f4ng gian \u0111\u1eb9p<\/strong>\u00a0l\u1ea5y l\u00e0m n\u1ec1n t\u1ea3ng \u0111\u1ec3 kh\u00f4ng ng\u1eebng ph\u00e1t tri\u1ec3n.<\/p>\n<p>Tr\u00ean n\u1ec1n t\u1ea3ng \u0111\u00f3, <strong>Kh\u00f4ng gian \u0111\u1eb9p<\/strong>\u00a0\u0111\u01b0\u1ee3c t\u1ea1o n\u00ean v\u00e0 ng\u00e0y c\u00e0ng ph\u00e1t tri\u1ec3n. \u0110\u1ec3 t\u1ea1o m\u1ed9t kh\u00f4ng gian s\u1ed1ng ti\u1ec7n nghi cho b\u1ea1n v\u00e0 \u0111\u1ea3m b\u1ea3o ch\u1ea5t l\u01b0\u1ee3ng c\u1ee7a\u00a0c\u0103n nh\u00e0,ch\u00fang t\u00f4i thi\u1ebft l\u1eadp nh\u1eefng b\u1ed9 ph\u1eadn sau:<br \/>\n1.\u00a0<strong>Ki\u1ebfn Tr\u00fac S\u01b0 ch\u1ee7 tr\u00ec:<\/strong>\u00a0ng\u01b0\u1eddi l\u00ean \u00fd t\u01b0\u1edfng (d\u1ef1a tr\u00ean nhu c\u1ea7u c\u1ee7a b\u1ea1n v\u00e0 sau khi \u0111i kh\u1ea3o s\u00e1t hi\u1ec7n tr\u1ea1ng c\u0103n nh\u00e0 c\u1ee7a b\u1ea1n) qu\u1ea3n l\u00fd h\u1ed3 s\u01a1 thi\u1ebft k\u1ebf v\u00e0 li\u00ean h\u1ec7 b\u1ed9 ph\u1eadn thi c\u00f4ng \u0111\u1ec3 ch\u1eafc ch\u1eafn r\u1eb1ng nh\u00e0 b\u1ea1n \u0111\u01b0\u1ee3c thi c\u00f4ng \u0111\u00fang b\u1ea3n v\u1ebd.<\/p>\n<p><strong>2. Thi\u1ebft k\u1ebf N\u1ed9i Th\u1ea5t:<\/strong> ng\u01b0\u1eddi s\u1ebd design \u00fd t\u01b0\u1edfng v\u00e0 l\u00ean 3D h\u00ecnh \u1ea3nh n\u1ed9i th\u1ea5t b\u00ean trong cho t\u1eebng kh\u00f4ng gian nh\u00e0 b\u1ea1n.<\/p>\n<p><strong>3. B\u1ed9 ph\u1eadn Tri\u1ec3n khai b\u1ea3n v\u1ebd k\u0129 thu\u1eadt<\/strong>:ng\u01b0\u1eddi s\u1ebd b\u00f3c t\u00e1ch b\u1ea3n v\u1ebd, tri\u1ec3n khai b\u1ea3n v\u1ebd k\u0129 thu\u1eadt \u0111\u1ebfn theo t\u1eebng b\u1ea3n v\u1ebd 3D, gi\u00fap b\u1ed9 ph\u1eadn thi c\u00f4ng s\u1ebd n\u1eafm b\u1eaft t\u1eebng chi ti\u1ebft \u0111\u1ec3 X\u01b0\u1edfng g\u1ed7 c\u00f3 th\u1ec3 s\u1ea3n xu\u1ea5t \u0111\u1ed3 n\u1ed9i th\u1ea5t theo \u0111\u00fang b\u1ea3n v\u1ebd ph\u1ed1i c\u1ea3nh 3D.<br \/>\n<strong>4. B\u1ed9 ph\u1eadn thi c\u00f4ng:<\/strong> \u0111\u1ed9i thi c\u00f4ng s\u1ebd thi c\u00f4ng n\u1ed9i th\u1ea5t nh\u00e0 b\u1ea1n theo \u0111\u00fang b\u1ea3n v\u1ebd \u0111\u01b0\u1ee3c duy\u1ec7t.<\/p>\n<p><strong>5. B\u1ed9 ph\u1eadn v\u1eadt t\u01b0:<\/strong> b\u1ed9 ph\u1eadn s\u1ebd cung c\u1ea5p to\u00e0n b\u1ed9 v\u1eadt li\u1ec7u \u0111\u1ec3 x\u00e2y nh\u00e0 cho b\u1ea1n.<\/p>\n<p><strong>6. B\u1ed9 ph\u1eadn ch\u0103m s\u00f3c kh\u00e1ch h\u00e0ng:<\/strong> ng\u01b0\u1eddi s\u1ebd lu\u00f4n theo s\u00e1t ch\u0103m s\u00f3c b\u1ea1n khi b\u1ea1n c\u00f3 v\u01b0\u1edbng m\u1eafc g\u00ec kh\u00f4ng hi\u1ec3u c\u1ea7n gi\u1ea3i \u0111\u00e1p.<\/p>\n<p><em><strong>\u00a0H\u00c3Y \u0110\u1ec2 CH\u00daNG T\u00d4I MANG \u0110\u1ebeN N\u00c9T KH\u00c1C BI\u1ec6T TINH T\u1ebe CHO KH\u00d4NG GIAN C\u1ee6A B\u1ea0N<\/strong><\/em><\/p>\n\t\t<\/div>\n\t\t\t\t\t<\/div>\n\n\t\n\n<style>\n#row-517572899 > .col > .col-inner {\n  padding: 70px 0px 90px 0px;\n}\n<\/style>\n<\/div>\n","protected":false},"excerpt":{"rendered":"","protected":false},"author":1,"featured_media":54,"parent":0,"menu_order":0,"comment_status":"closed","ping_status":"closed","template":"page-transparent-header.php","meta":[],"yoast_head":"<!-- This site is optimized with the Yoast SEO plugin v17.0 - https:\/\/yoast.com\/wordpress\/plugins\/seo\/ -->\n<title>GI\u1edaI THI\u1ec6U - N\u1ed9i Th\u1ea5t Luxury<\/title>\n<meta name=\"robots\" content=\"index, follow, max-snippet:-1, max-image-preview:large, max-video-preview:-1\" \/>\n<link rel=\"canonical\" href=\"https:\/\/demo.bmconnect.vn\/luxury\/gioi-thieu\/\" \/>\n<meta property=\"og:locale\" content=\"vi_VN\" \/>\n<meta property=\"og:type\" content=\"article\" \/>\n<meta property=\"og:title\" content=\"GI\u1edaI THI\u1ec6U - N\u1ed9i Th\u1ea5t Luxury\" \/>\n<meta property=\"og:url\" content=\"https:\/\/demo.bmconnect.vn\/luxury\/gioi-thieu\/\" \/>\n<meta property=\"og:site_name\" content=\"N\u1ed9i Th\u1ea5t Luxury\" \/>\n<meta property=\"article:modified_time\" content=\"2017-04-26T07:39:20+00:00\" \/>\n<meta property=\"og:image\" content=\"https:\/\/demo.bmconnect.vn\/luxury\/wp-content\/uploads\/2017\/04\/slide2.jpg\" \/>\n\t<meta property=\"og:image:width\" content=\"1600\" \/>\n\t<meta property=\"og:image:height\" content=\"1000\" \/>\n<meta name=\"twitter:card\" content=\"summary\" \/>\n<meta name=\"twitter:label1\" content=\"\u01af\u1edbc t\u00ednh th\u1eddi gian \u0111\u1ecdc\" \/>\n\t<meta name=\"twitter:data1\" content=\"4 ph\u00fat\" \/>\n<script type=\"application\/ld+json\" class=\"yoast-schema-graph\">{\"@context\":\"https:\/\/schema.org\",\"@graph\":[{\"@type\":\"WebSite\",\"@id\":\"https:\/\/demo.bmconnect.vn\/luxury\/#website\",\"url\":\"https:\/\/demo.bmconnect.vn\/luxury\/\",\"name\":\"N\\u1ed9i Th\\u1ea5t Luxury\",\"description\":\"\",\"potentialAction\":[{\"@type\":\"SearchAction\",\"target\":{\"@type\":\"EntryPoint\",\"urlTemplate\":\"https:\/\/demo.bmconnect.vn\/luxury\/?s={search_term_string}\"},\"query-input\":\"required name=search_term_string\"}],\"inLanguage\":\"vi\"},{\"@type\":\"ImageObject\",\"@id\":\"https:\/\/demo.bmconnect.vn\/luxury\/gioi-thieu\/#primaryimage\",\"inLanguage\":\"vi\",\"url\":\"https:\/\/demo.bmconnect.vn\/luxury\/wp-content\/uploads\/2017\/04\/slide2.jpg\",\"contentUrl\":\"https:\/\/demo.bmconnect.vn\/luxury\/wp-content\/uploads\/2017\/04\/slide2.jpg\",\"width\":1600,\"height\":1000},{\"@type\":\"WebPage\",\"@id\":\"https:\/\/demo.bmconnect.vn\/luxury\/gioi-thieu\/#webpage\",\"url\":\"https:\/\/demo.bmconnect.vn\/luxury\/gioi-thieu\/\",\"name\":\"GI\\u1edaI THI\\u1ec6U - N\\u1ed9i Th\\u1ea5t Luxury\",\"isPartOf\":{\"@id\":\"https:\/\/demo.bmconnect.vn\/luxury\/#website\"},\"primaryImageOfPage\":{\"@id\":\"https:\/\/demo.bmconnect.vn\/luxury\/gioi-thieu\/#primaryimage\"},\"datePublished\":\"2017-04-24T10:53:16+00:00\",\"dateModified\":\"2017-04-26T07:39:20+00:00\",\"breadcrumb\":{\"@id\":\"https:\/\/demo.bmconnect.vn\/luxury\/gioi-thieu\/#breadcrumb\"},\"inLanguage\":\"vi\",\"potentialAction\":[{\"@type\":\"ReadAction\",\"target\":[\"https:\/\/demo.bmconnect.vn\/luxury\/gioi-thieu\/\"]}]},{\"@type\":\"BreadcrumbList\",\"@id\":\"https:\/\/demo.bmconnect.vn\/luxury\/gioi-thieu\/#breadcrumb\",\"itemListElement\":[{\"@type\":\"ListItem\",\"position\":1,\"name\":\"Trang ch\\u1ee7\",\"item\":\"https:\/\/demo.bmconnect.vn\/luxury\/\"},{\"@type\":\"ListItem\",\"position\":2,\"name\":\"GI\\u1edaI THI\\u1ec6U\"}]}]}<\/script>\n<!-- \/ Yoast SEO plugin. -->","yoast_head_json":{"title":"GI\u1edaI THI\u1ec6U - N\u1ed9i Th\u1ea5t Luxury","robots":{"index":"index","follow":"follow","max-snippet":"max-snippet:-1","max-image-preview":"max-image-preview:large","max-video-preview":"max-video-preview:-1"},"canonical":"https:\/\/demo.bmconnect.vn\/luxury\/gioi-thieu\/","og_locale":"vi_VN","og_type":"article","og_title":"GI\u1edaI THI\u1ec6U - N\u1ed9i Th\u1ea5t Luxury","og_url":"https:\/\/demo.bmconnect.vn\/luxury\/gioi-thieu\/","og_site_name":"N\u1ed9i Th\u1ea5t Luxury","article_modified_time":"2017-04-26T07:39:20+00:00","og_image":[{"width":1600,"height":1000,"url":"https:\/\/demo.bmconnect.vn\/luxury\/wp-content\/uploads\/2017\/04\/slide2.jpg","path":"\/home\/demobmcv\/public_html\/luxury\/wp-content\/uploads\/2017\/04\/slide2.jpg","size":"full","id":54,"alt":"","pixels":1600000,"type":"image\/jpeg"}],"twitter_card":"summary","twitter_misc":{"\u01af\u1edbc t\u00ednh th\u1eddi gian \u0111\u1ecdc":"4 ph\u00fat"},"schema":{"@context":"https:\/\/schema.org","@graph":[{"@type":"WebSite","@id":"https:\/\/demo.bmconnect.vn\/luxury\/#website","url":"https:\/\/demo.bmconnect.vn\/luxury\/","name":"N\u1ed9i Th\u1ea5t Luxury","description":"","potentialAction":[{"@type":"SearchAction","target":{"@type":"EntryPoint","urlTemplate":"https:\/\/demo.bmconnect.vn\/luxury\/?s={search_term_string}"},"query-input":"required name=search_term_string"}],"inLanguage":"vi"},{"@type":"ImageObject","@id":"https:\/\/demo.bmconnect.vn\/luxury\/gioi-thieu\/#primaryimage","inLanguage":"vi","url":"https:\/\/demo.bmconnect.vn\/luxury\/wp-content\/uploads\/2017\/04\/slide2.jpg","contentUrl":"https:\/\/demo.bmconnect.vn\/luxury\/wp-content\/uploads\/2017\/04\/slide2.jpg","width":1600,"height":1000},{"@type":"WebPage","@id":"https:\/\/demo.bmconnect.vn\/luxury\/gioi-thieu\/#webpage","url":"https:\/\/demo.bmconnect.vn\/luxury\/gioi-thieu\/","name":"GI\u1edaI THI\u1ec6U - N\u1ed9i Th\u1ea5t Luxury","isPartOf":{"@id":"https:\/\/demo.bmconnect.vn\/luxury\/#website"},"primaryImageOfPage":{"@id":"https:\/\/demo.bmconnect.vn\/luxury\/gioi-thieu\/#primaryimage"},"datePublished":"2017-04-24T10:53:16+00:00","dateModified":"2017-04-26T07:39:20+00:00","breadcrumb":{"@id":"https:\/\/demo.bmconnect.vn\/luxury\/gioi-thieu\/#breadcrumb"},"inLanguage":"vi","potentialAction":[{"@type":"ReadAction","target":["https:\/\/demo.bmconnect.vn\/luxury\/gioi-thieu\/"]}]},{"@type":"BreadcrumbList","@id":"https:\/\/demo.bmconnect.vn\/luxury\/gioi-thieu\/#breadcrumb","itemListElement":[{"@type":"ListItem","position":1,"name":"Trang ch\u1ee7","item":"https:\/\/demo.bmconnect.vn\/luxury\/"},{"@type":"ListItem","position":2,"name":"GI\u1edaI THI\u1ec6U"}]}]}},"_links":{"self":[{"href":"https:\/\/demo.bmconnect.vn\/luxury\/wp-json\/wp\/v2\/pages\/6"}],"collection":[{"href":"https:\/\/demo.bmconnect.vn\/luxury\/wp-json\/wp\/v2\/pages"}],"about":[{"href":"https:\/\/demo.bmconnect.vn\/luxury\/wp-json\/wp\/v2\/types\/page"}],"author":[{"embeddable":true,"href":"https:\/\/demo.bmconnect.vn\/luxury\/wp-json\/wp\/v2\/users\/1"}],"replies":[{"embeddable":true,"href":"https:\/\/demo.bmconnect.vn\/luxury\/wp-json\/wp\/v2\/comments?post=6"}],"version-history":[{"count":4,"href":"https:\/\/demo.bmconnect.vn\/luxury\/wp-json\/wp\/v2\/pages\/6\/revisions"}],"predecessor-version":[{"id":201,"href":"https:\/\/demo.bmconnect.vn\/luxury\/wp-json\/wp\/v2\/pages\/6\/revisions\/201"}],"wp:featuredmedia":[{"embeddable":true,"href":"https:\/\/demo.bmconnect.vn\/luxury\/wp-json\/wp\/v2\/media\/54"}],"wp:attachment":[{"href":"https:\/\/demo.bmconnect.vn\/luxury\/wp-json\/wp\/v2\/media?parent=6"}],"curies":[{"name":"wp","href":"https:\/\/api.w.org\/{rel}","templated":true}]}}