{"id":25,"date":"2017-04-24T17:59:41","date_gmt":"2017-04-24T10:59:41","guid":{"rendered":"http:\/\/luxury.fonicweb.com\/?page_id=25"},"modified":"2017-04-26T11:43:09","modified_gmt":"2017-04-26T04:43:09","slug":"lien-he","status":"publish","type":"page","link":"https:\/\/demo.bmconnect.vn\/luxury\/lien-he\/","title":{"rendered":"LI\u00caN H\u1ec6"},"content":{"rendered":"\t<section class=\"section\" id=\"section_1560171673\">\n\t\t<div class=\"bg section-bg fill bg-fill  bg-loaded\" >\n\n\t\t\t\n\t\t\t\n\t\t\t\n\n\t\t<\/div>\n\n\t\t<div class=\"section-content relative\">\n\t\t\t\n\n\t<script type=\"text\/javascript\">\n  jQuery( document ).ready(function() {\n    function initialize() {\n        var styles = {\n            'flatsome':  [{\n            \"featureType\": \"administrative\",\n            \"stylers\": [\n              { \"visibility\": \"on\" }\n            ]\n          },\n          {\n            \"featureType\": \"road\",\n            \"stylers\": [\n              { \"visibility\": \"on\" },\n              { \"hue\": \"\" }\n            ]\n          },\n          {\n            \"stylers\": [\n\t\t\t  { \"visibility\": \"on\" },\n\t\t\t  { \"hue\": \"\" },\n\t\t\t  { \"saturation\": -30 }\n            ]\n          }\n        ]};\n\n        var myLatlng = new google.maps.LatLng(21.005601, 105.7763478);\n        var myOptions = {\n            zoom: 20,\n            center: myLatlng,\n            mapTypeId: google.maps.MapTypeId.ROADMAP,\n            disableDefaultUI: true,\n            mapTypeId: 'flatsome',\n            draggable: true,\n            zoomControl: true,\n            zoomControlOptions: {\n              position: google.maps.ControlPosition.TOP_LEFT\n            },\n      \t\t\t\/\/ panControl: true,\n            \/\/ panControlOptions: {\n            \/\/   position: google.maps.ControlPosition.TOP_LEFT\n            \/\/ },\n      \t\t\tmapTypeControl: true,\n            mapTypeControlOptions: {\n              position: google.maps.ControlPosition.TOP_LEFT\n            },\n      \t\t\t\/\/ scaleControl: true,\n            \/\/ scaleControlOptions: {\n            \/\/   position: google.maps.ControlPosition.TOP_LEFT\n            \/\/ },\n      \t\t\tstreetViewControl: true,\n            streetViewControlOptions: {\n              position: google.maps.ControlPosition.TOP_LEFT\n            },\n      \t\t\t\/\/ overviewMapControl: true,\n            \/\/ overviewMapControlOptions: {\n            \/\/   position: google.maps.ControlPosition.TOP_LEFT\n            \/\/ },\n            scrollwheel: false,\n            disableDoubleClickZoom: true\n        }\n        var map = new google.maps.Map(document.getElementById(\"map-1867149012-inner\"), myOptions);\n        var styledMapType = new google.maps.StyledMapType(styles['flatsome'], {name: 'flatsome'});\n        map.mapTypes.set('flatsome', styledMapType);\n\n        var marker = new google.maps.Marker({\n            position: myLatlng,\n            map: map,\n            title:\"\"\n        });\n    }\n\n    \/\/ Required to proceed\n    if (!(typeof google === 'object' && typeof google.maps === 'object')) {\n      return\n    }\n\n    initialize()\n    google.maps.event.addDomListener(window, 'resize', initialize);\n    });\n    <\/script>\n\n    <div class=\"google-map relative mb\" id=\"map-1867149012\">\n        <div class=\"map-height\" id=\"map-1867149012-inner\"><\/div>\n        <div id=\"map_overlay_top\"><\/div>\n        <div id=\"map_overlay_bottom\"><\/div>\n                  <div class=\"map_inner map-inner last-reset absolute x100 md-x95 lg-x95 y100 md-y95 lg-y95\">\n              \n         <\/div>\n       \n       \n<style>\n#map-1867149012 .map-inner {\n  background-color: #fff;\n  max-width: 100%;\n}\n#map-1867149012 .map-height {\n  height: 400px;\n}\n@media (min-width:550px) {\n  #map-1867149012 .map-inner {\n    max-width: 40%;\n  }\n}\n@media (min-width:850px) {\n  #map-1867149012 .map-inner {\n    max-width: 30%;\n  }\n}\n<\/style>\n    <\/div>\n\n\t\n\t\t<\/div>\n\n\t\t\n<style>\n#section_1560171673 {\n  padding-top: 0px;\n  padding-bottom: 0px;\n}\n<\/style>\n\t<\/section>\n\t\n<div class=\"row\"  id=\"row-1129939393\">\n\n\t<div id=\"col-1214302954\" class=\"col medium-8 small-12 large-8\"  >\n\t\t\t\t<div class=\"col-inner\"  >\n\t\t\t\n\t\t\t\n<div role=\"form\" class=\"wpcf7\" id=\"wpcf7-f4-o1\" lang=\"vi\" dir=\"ltr\">\n<div class=\"screen-reader-response\"><p role=\"status\" aria-live=\"polite\" aria-atomic=\"true\"><\/p> <ul><\/ul><\/div>\n<form action=\"\/luxury\/wp-json\/wp\/v2\/pages\/25#wpcf7-f4-o1\" method=\"post\" class=\"wpcf7-form init\" novalidate=\"novalidate\" data-status=\"init\">\n<div style=\"display: none;\">\n<input type=\"hidden\" name=\"_wpcf7\" value=\"4\" \/>\n<input type=\"hidden\" name=\"_wpcf7_version\" value=\"5.4.2\" \/>\n<input type=\"hidden\" name=\"_wpcf7_locale\" value=\"vi\" \/>\n<input type=\"hidden\" name=\"_wpcf7_unit_tag\" value=\"wpcf7-f4-o1\" \/>\n<input type=\"hidden\" name=\"_wpcf7_container_post\" value=\"0\" \/>\n<input type=\"hidden\" name=\"_wpcf7_posted_data_hash\" value=\"\" \/>\n<\/div>\n<p>\n\t<label for=\"name\">H\u1ecd v\u00e0 T\u00ean<\/label><br \/>\n\t<span class=\"wpcf7-form-control-wrap mc4wp-LUX_NAME\"><input type=\"text\" name=\"mc4wp-LUX_NAME\" value=\"\" size=\"40\" class=\"wpcf7-form-control wpcf7-text wpcf7-validates-as-required\" aria-required=\"true\" aria-invalid=\"false\" \/><\/span>\n<\/p>\n<p>\n\t<label for=\"email\">Email<\/label><br \/>\n\t<span class=\"wpcf7-form-control-wrap mc4wp-EMAIL\"><input type=\"email\" name=\"mc4wp-EMAIL\" value=\"\" size=\"40\" class=\"wpcf7-form-control wpcf7-text wpcf7-email wpcf7-validates-as-required wpcf7-validates-as-email\" aria-required=\"true\" aria-invalid=\"false\" \/><\/span>\n<\/p>\n<p>\n\t<label for=\"website\">S\u1ed1 \u0111i\u1ec7n tho\u1ea1i<\/label><br \/>\n\t<span class=\"wpcf7-form-control-wrap mc4wp-LUX_PHONE\"><input type=\"tel\" name=\"mc4wp-LUX_PHONE\" value=\"\" size=\"40\" class=\"wpcf7-form-control wpcf7-text wpcf7-tel wpcf7-validates-as-required wpcf7-validates-as-tel\" aria-required=\"true\" aria-invalid=\"false\" \/><\/span>\n<\/p>\n<p>\n\t<label for=\"message\">Tin nh\u1eafn<\/label><br \/>\n\t<span class=\"wpcf7-form-control-wrap mc4wp-LUX_MSG\"><textarea name=\"mc4wp-LUX_MSG\" cols=\"40\" rows=\"10\" class=\"wpcf7-form-control wpcf7-textarea wpcf7-validates-as-required\" aria-required=\"true\" aria-invalid=\"false\"><\/textarea><\/span>\n<\/p>\n<p>\t<!-- Mailchimp for WordPress v4.8.6 - https:\/\/www.mc4wp.com\/ --><input type=\"hidden\" name=\"_mc4wp_subscribe_contact-form-7\" value=\"0\" \/><span class=\" mc4wp-checkbox mc4wp-checkbox-contact-form-7\" ><label><input type=\"checkbox\" name=\"_mc4wp_subscribe_contact-form-7\" value=\"1\" checked=\"checked\" \/><span>Sign me up for the newsletter!<\/span><\/label><\/span><!-- \/ Mailchimp for WordPress --> <\/p>\n<p>\n\t<input type=\"submit\" value=\"\u0110\u0102NG K\u00dd\" class=\"wpcf7-form-control wpcf7-submit\" \/><\/p>\n<div class=\"wpcf7-response-output\" aria-hidden=\"true\"><\/div><\/form><\/div>\n\t\t<\/div>\n\t\t\t\t\t<\/div>\n\n\t\n\n\t<div id=\"col-410551644\" class=\"col medium-4 small-12 large-4\"  >\n\t\t\t\t<div class=\"col-inner\"  >\n\t\t\t\n\t\t\t\n<h3>TH\u00d4NG TIN LI\u00caN H\u1ec6<\/h3>\n<div class=\"wpb_text_column wpb_content_element \">\n<div class=\"wpb_wrapper\">\n<address>\n<div>T\u00f2a 103 Usilk City, khu \u0111\u00f4 th\u1ecb V\u0103n Kh\u00ea, H\u00e0 \u0110\u00f4ng, H\u00e0 N\u1ed9i<\/div>\n<div><span style=\"color: #fab207;\"><strong>Hotline:\u00a0<\/strong><\/span>098.453.1234<\/div>\n<div><strong><span style=\"color: #fab207;\">Fax:<\/span>\u00a0<\/strong>(208) 333 9298<\/div>\n<div><strong><span style=\"color: #fab207;\">Email:<\/span>\u00a0<\/strong><a href=\"http:\/\/khonggiandepluxury.com\/lien-he\/ngocnb@khonggiandep.vn\">ngocnb@khongiandep.vn<\/a><\/div>\n<div><strong><span style=\"color: #fab207;\">Th\u1eddi gian:<\/span>\u00a0<\/strong>T2 \u2013 CN 08:00 \u2013 18:00<\/div>\n<\/address>\n<\/div>\n<\/div>\n\t\t<\/div>\n\t\t\t\t\t<\/div>\n\n\t\n<\/div>\n","protected":false},"excerpt":{"rendered":"","protected":false},"author":1,"featured_media":0,"parent":0,"menu_order":0,"comment_status":"closed","ping_status":"closed","template":"page-blank.php","meta":[],"yoast_head":"<!-- This site is optimized with the Yoast SEO plugin v17.0 - https:\/\/yoast.com\/wordpress\/plugins\/seo\/ -->\n<title>LI\u00caN H\u1ec6 - N\u1ed9i Th\u1ea5t Luxury<\/title>\n<meta name=\"robots\" content=\"index, follow, max-snippet:-1, max-image-preview:large, max-video-preview:-1\" \/>\n<link rel=\"canonical\" href=\"https:\/\/demo.bmconnect.vn\/luxury\/lien-he\/\" \/>\n<meta property=\"og:locale\" content=\"vi_VN\" \/>\n<meta property=\"og:type\" content=\"article\" \/>\n<meta property=\"og:title\" content=\"LI\u00caN H\u1ec6 - N\u1ed9i Th\u1ea5t Luxury\" \/>\n<meta property=\"og:url\" content=\"https:\/\/demo.bmconnect.vn\/luxury\/lien-he\/\" \/>\n<meta property=\"og:site_name\" content=\"N\u1ed9i Th\u1ea5t Luxury\" \/>\n<meta property=\"article:modified_time\" content=\"2017-04-26T04:43:09+00:00\" \/>\n<meta name=\"twitter:card\" content=\"summary\" \/>\n<script type=\"application\/ld+json\" class=\"yoast-schema-graph\">{\"@context\":\"https:\/\/schema.org\",\"@graph\":[{\"@type\":\"WebSite\",\"@id\":\"https:\/\/demo.bmconnect.vn\/luxury\/#website\",\"url\":\"https:\/\/demo.bmconnect.vn\/luxury\/\",\"name\":\"N\\u1ed9i Th\\u1ea5t Luxury\",\"description\":\"\",\"potentialAction\":[{\"@type\":\"SearchAction\",\"target\":{\"@type\":\"EntryPoint\",\"urlTemplate\":\"https:\/\/demo.bmconnect.vn\/luxury\/?s={search_term_string}\"},\"query-input\":\"required name=search_term_string\"}],\"inLanguage\":\"vi\"},{\"@type\":\"WebPage\",\"@id\":\"https:\/\/demo.bmconnect.vn\/luxury\/lien-he\/#webpage\",\"url\":\"https:\/\/demo.bmconnect.vn\/luxury\/lien-he\/\",\"name\":\"LI\\u00caN H\\u1ec6 - N\\u1ed9i Th\\u1ea5t Luxury\",\"isPartOf\":{\"@id\":\"https:\/\/demo.bmconnect.vn\/luxury\/#website\"},\"datePublished\":\"2017-04-24T10:59:41+00:00\",\"dateModified\":\"2017-04-26T04:43:09+00:00\",\"breadcrumb\":{\"@id\":\"https:\/\/demo.bmconnect.vn\/luxury\/lien-he\/#breadcrumb\"},\"inLanguage\":\"vi\",\"potentialAction\":[{\"@type\":\"ReadAction\",\"target\":[\"https:\/\/demo.bmconnect.vn\/luxury\/lien-he\/\"]}]},{\"@type\":\"BreadcrumbList\",\"@id\":\"https:\/\/demo.bmconnect.vn\/luxury\/lien-he\/#breadcrumb\",\"itemListElement\":[{\"@type\":\"ListItem\",\"position\":1,\"name\":\"Trang ch\\u1ee7\",\"item\":\"https:\/\/demo.bmconnect.vn\/luxury\/\"},{\"@type\":\"ListItem\",\"position\":2,\"name\":\"LI\\u00caN H\\u1ec6\"}]}]}<\/script>\n<!-- \/ Yoast SEO plugin. -->","yoast_head_json":{"title":"LI\u00caN H\u1ec6 - N\u1ed9i Th\u1ea5t Luxury","robots":{"index":"index","follow":"follow","max-snippet":"max-snippet:-1","max-image-preview":"max-image-preview:large","max-video-preview":"max-video-preview:-1"},"canonical":"https:\/\/demo.bmconnect.vn\/luxury\/lien-he\/","og_locale":"vi_VN","og_type":"article","og_title":"LI\u00caN H\u1ec6 - N\u1ed9i Th\u1ea5t Luxury","og_url":"https:\/\/demo.bmconnect.vn\/luxury\/lien-he\/","og_site_name":"N\u1ed9i Th\u1ea5t Luxury","article_modified_time":"2017-04-26T04:43:09+00:00","twitter_card":"summary","schema":{"@context":"https:\/\/schema.org","@graph":[{"@type":"WebSite","@id":"https:\/\/demo.bmconnect.vn\/luxury\/#website","url":"https:\/\/demo.bmconnect.vn\/luxury\/","name":"N\u1ed9i Th\u1ea5t Luxury","description":"","potentialAction":[{"@type":"SearchAction","target":{"@type":"EntryPoint","urlTemplate":"https:\/\/demo.bmconnect.vn\/luxury\/?s={search_term_string}"},"query-input":"required name=search_term_string"}],"inLanguage":"vi"},{"@type":"WebPage","@id":"https:\/\/demo.bmconnect.vn\/luxury\/lien-he\/#webpage","url":"https:\/\/demo.bmconnect.vn\/luxury\/lien-he\/","name":"LI\u00caN H\u1ec6 - N\u1ed9i Th\u1ea5t Luxury","isPartOf":{"@id":"https:\/\/demo.bmconnect.vn\/luxury\/#website"},"datePublished":"2017-04-24T10:59:41+00:00","dateModified":"2017-04-26T04:43:09+00:00","breadcrumb":{"@id":"https:\/\/demo.bmconnect.vn\/luxury\/lien-he\/#breadcrumb"},"inLanguage":"vi","potentialAction":[{"@type":"ReadAction","target":["https:\/\/demo.bmconnect.vn\/luxury\/lien-he\/"]}]},{"@type":"BreadcrumbList","@id":"https:\/\/demo.bmconnect.vn\/luxury\/lien-he\/#breadcrumb","itemListElement":[{"@type":"ListItem","position":1,"name":"Trang ch\u1ee7","item":"https:\/\/demo.bmconnect.vn\/luxury\/"},{"@type":"ListItem","position":2,"name":"LI\u00caN H\u1ec6"}]}]}},"_links":{"self":[{"href":"https:\/\/demo.bmconnect.vn\/luxury\/wp-json\/wp\/v2\/pages\/25"}],"collection":[{"href":"https:\/\/demo.bmconnect.vn\/luxury\/wp-json\/wp\/v2\/pages"}],"about":[{"href":"https:\/\/demo.bmconnect.vn\/luxury\/wp-json\/wp\/v2\/types\/page"}],"author":[{"embeddable":true,"href":"https:\/\/demo.bmconnect.vn\/luxury\/wp-json\/wp\/v2\/users\/1"}],"replies":[{"embeddable":true,"href":"https:\/\/demo.bmconnect.vn\/luxury\/wp-json\/wp\/v2\/comments?post=25"}],"version-history":[{"count":9,"href":"https:\/\/demo.bmconnect.vn\/luxury\/wp-json\/wp\/v2\/pages\/25\/revisions"}],"predecessor-version":[{"id":193,"href":"https:\/\/demo.bmconnect.vn\/luxury\/wp-json\/wp\/v2\/pages\/25\/revisions\/193"}],"wp:attachment":[{"href":"https:\/\/demo.bmconnect.vn\/luxury\/wp-json\/wp\/v2\/media?parent=25"}],"curies":[{"name":"wp","href":"https:\/\/api.w.org\/{rel}","templated":true}]}}