{"id":15,"date":"2017-04-24T17:57:31","date_gmt":"2017-04-24T10:57:31","guid":{"rendered":"http:\/\/luxury.fonicweb.com\/?page_id=15"},"modified":"2017-04-27T09:09:19","modified_gmt":"2017-04-27T02:09:19","slug":"thiet-ke-chung-cu","status":"publish","type":"page","link":"https:\/\/demo.bmconnect.vn\/luxury\/thiet-ke-chung-cu\/","title":{"rendered":"THI\u1ebeT K\u1ebe CHUNG C\u01af"},"content":{"rendered":"\t<section class=\"section\" id=\"section_1200363011\">\n\t\t<div class=\"bg section-bg fill bg-fill  bg-loaded\" >\n\n\t\t\t\n\t\t\t\n\t\t\t\n\n\t\t<\/div>\n\n\t\t<div class=\"section-content relative\">\n\t\t\t\n<div id=\"portfolio-1184969697\" class=\"portfolio-element-wrapper has-filtering\">\n  \n    <div class=\"row large-columns-4 medium-columns-3 small-columns-2 row-small row-full-width\">\n              <div class=\"col\" data-terms=\"[&quot;D\u1ef0 \u00c1N THI C\u00d4NG&quot;,&quot;D\u1ef0 \u00c1N THI\u1ebeT K\u1ebe&quot;,&quot;THI\u1ebeT K\u1ebe CHUNG C\u01af&quot;]\" >\n          <div class=\"col-inner\" >\n          <a href=\"https:\/\/demo.bmconnect.vn\/luxury\/portfolio\/du-an-thi-cong,du-an-thiet-ke,thiet-ke-chung-cu\/thiet-ke-chung-cu-mandarin-garden-anh-hai\/\" class=\"plain \">\n          <div class=\"portfolio-box box has-hover\">\n            <div class=\"box-image\" >\n                <div class=\"image-zoom image-cover\" style=\"padding-top:100%;\">\n                <img width=\"960\" height=\"933\" src=\"https:\/\/demo.bmconnect.vn\/luxury\/wp-content\/uploads\/2017\/04\/IMG_2521.jpg\" class=\"attachment-original size-original\" alt=\"\" loading=\"lazy\" srcset=\"https:\/\/demo.bmconnect.vn\/luxury\/wp-content\/uploads\/2017\/04\/IMG_2521.jpg 960w, https:\/\/demo.bmconnect.vn\/luxury\/wp-content\/uploads\/2017\/04\/IMG_2521-300x292.jpg 300w, https:\/\/demo.bmconnect.vn\/luxury\/wp-content\/uploads\/2017\/04\/IMG_2521-768x746.jpg 768w\" sizes=\"(max-width: 960px) 100vw, 960px\" \/>                                                <\/div>\n            <\/div>\n            <div class=\"box-text text-center\" >\n                  <div class=\"box-text-inner\">\n                      <h6 class=\"uppercase portfolio-box-title\">Thi\u1ebft k\u1ebf chung c\u01b0 Mandarin Garden \u2013 Anh H\u1ea3i<\/h6>\n                      <p class=\"uppercase portfolio-box-category is-xsmall op-6\">\n                        <span class=\"show-on-hover\">\n                         D\u1ef0 \u00c1N THI C\u00d4NG, D\u1ef0 \u00c1N THI\u1ebeT K\u1ebe, THI\u1ebeT K\u1ebe CHUNG C\u01af                        <\/span>\n                      <\/p>\n                  <\/div>\n            <\/div>\n           <\/div>\n           <\/a>\n           <\/div>\n           <\/div>\n                    <div class=\"col\" data-terms=\"[&quot;D\u1ef0 \u00c1N THI C\u00d4NG&quot;,&quot;D\u1ef0 \u00c1N THI\u1ebeT K\u1ebe&quot;,&quot;N\u1ed8I TH\u1ea4T HI\u1ec6N \u0110\u1ea0I&quot;,&quot;THI\u1ebeT K\u1ebe CHUNG C\u01af&quot;]\" >\n          <div class=\"col-inner\" >\n          <a href=\"https:\/\/demo.bmconnect.vn\/luxury\/portfolio\/du-an-thi-cong,du-an-thiet-ke,noi-that-hien-dai,thiet-ke-chung-cu\/thiet-ke-noi-that-chung-cu-times-city-anh-duc\/\" class=\"plain \">\n          <div class=\"portfolio-box box has-hover\">\n            <div class=\"box-image\" >\n                <div class=\"image-zoom image-cover\" style=\"padding-top:100%;\">\n                <img width=\"400\" height=\"573\" src=\"https:\/\/demo.bmconnect.vn\/luxury\/wp-content\/uploads\/2017\/04\/thiet-ke-noi-that-chung-cu-parkhill-timescity.jpg\" class=\"attachment-original size-original\" alt=\"\" loading=\"lazy\" srcset=\"https:\/\/demo.bmconnect.vn\/luxury\/wp-content\/uploads\/2017\/04\/thiet-ke-noi-that-chung-cu-parkhill-timescity.jpg 400w, https:\/\/demo.bmconnect.vn\/luxury\/wp-content\/uploads\/2017\/04\/thiet-ke-noi-that-chung-cu-parkhill-timescity-209x300.jpg 209w\" sizes=\"(max-width: 400px) 100vw, 400px\" \/>                                                <\/div>\n            <\/div>\n            <div class=\"box-text text-center\" >\n                  <div class=\"box-text-inner\">\n                      <h6 class=\"uppercase portfolio-box-title\">Thi\u1ebft k\u1ebf n\u1ed9i th\u1ea5t chung c\u01b0 Times City \u2013 Anh \u0110\u1ee9c<\/h6>\n                      <p class=\"uppercase portfolio-box-category is-xsmall op-6\">\n                        <span class=\"show-on-hover\">\n                         D\u1ef0 \u00c1N THI C\u00d4NG, D\u1ef0 \u00c1N THI\u1ebeT K\u1ebe, N\u1ed8I TH\u1ea4T HI\u1ec6N \u0110\u1ea0I, THI\u1ebeT K\u1ebe CHUNG C\u01af                        <\/span>\n                      <\/p>\n                  <\/div>\n            <\/div>\n           <\/div>\n           <\/a>\n           <\/div>\n           <\/div>\n                    <div class=\"col\" data-terms=\"[&quot;D\u1ef0 \u00c1N THI C\u00d4NG&quot;,&quot;D\u1ef0 \u00c1N THI\u1ebeT K\u1ebe&quot;,&quot;THI\u1ebeT K\u1ebe CHUNG C\u01af&quot;]\" >\n          <div class=\"col-inner\" >\n          <a href=\"https:\/\/demo.bmconnect.vn\/luxury\/portfolio\/du-an-thi-cong,du-an-thiet-ke,thiet-ke-chung-cu\/thiet-ke-noi-that-chung-cu-imperia-garden\/\" class=\"plain \">\n          <div class=\"portfolio-box box has-hover\">\n            <div class=\"box-image\" >\n                <div class=\"image-zoom image-cover\" style=\"padding-top:100%;\">\n                <img width=\"400\" height=\"573\" src=\"https:\/\/demo.bmconnect.vn\/luxury\/wp-content\/uploads\/2017\/04\/thiet-ke-chung-cu-imperia-garden_1.jpg\" class=\"attachment-original size-original\" alt=\"\" loading=\"lazy\" srcset=\"https:\/\/demo.bmconnect.vn\/luxury\/wp-content\/uploads\/2017\/04\/thiet-ke-chung-cu-imperia-garden_1.jpg 400w, https:\/\/demo.bmconnect.vn\/luxury\/wp-content\/uploads\/2017\/04\/thiet-ke-chung-cu-imperia-garden_1-209x300.jpg 209w\" sizes=\"(max-width: 400px) 100vw, 400px\" \/>                                                <\/div>\n            <\/div>\n            <div class=\"box-text text-center\" >\n                  <div class=\"box-text-inner\">\n                      <h6 class=\"uppercase portfolio-box-title\">Thi\u1ebft k\u1ebf n\u1ed9i th\u1ea5t chung c\u01b0 Imperia Garden<\/h6>\n                      <p class=\"uppercase portfolio-box-category is-xsmall op-6\">\n                        <span class=\"show-on-hover\">\n                         D\u1ef0 \u00c1N THI C\u00d4NG, D\u1ef0 \u00c1N THI\u1ebeT K\u1ebe, THI\u1ebeT K\u1ebe CHUNG C\u01af                        <\/span>\n                      <\/p>\n                  <\/div>\n            <\/div>\n           <\/div>\n           <\/a>\n           <\/div>\n           <\/div>\n                    <div class=\"col\" data-terms=\"[&quot;D\u1ef0 \u00c1N THI C\u00d4NG&quot;,&quot;D\u1ef0 \u00c1N THI\u1ebeT K\u1ebe&quot;,&quot;THI\u1ebeT K\u1ebe CHUNG C\u01af&quot;]\" >\n          <div class=\"col-inner\" >\n          <a href=\"https:\/\/demo.bmconnect.vn\/luxury\/portfolio\/du-an-thi-cong,du-an-thiet-ke,thiet-ke-chung-cu\/thiet-ke-noi-that-chung-cu-trang-an\/\" class=\"plain \">\n          <div class=\"portfolio-box box has-hover\">\n            <div class=\"box-image\" >\n                <div class=\"image-zoom image-cover\" style=\"padding-top:100%;\">\n                <img width=\"400\" height=\"573\" src=\"https:\/\/demo.bmconnect.vn\/luxury\/wp-content\/uploads\/2017\/04\/THIET-KE-BIET-THU-CAO-CAP.jpg\" class=\"attachment-original size-original\" alt=\"\" loading=\"lazy\" srcset=\"https:\/\/demo.bmconnect.vn\/luxury\/wp-content\/uploads\/2017\/04\/THIET-KE-BIET-THU-CAO-CAP.jpg 400w, https:\/\/demo.bmconnect.vn\/luxury\/wp-content\/uploads\/2017\/04\/THIET-KE-BIET-THU-CAO-CAP-209x300.jpg 209w\" sizes=\"(max-width: 400px) 100vw, 400px\" \/>                                                <\/div>\n            <\/div>\n            <div class=\"box-text text-center\" >\n                  <div class=\"box-text-inner\">\n                      <h6 class=\"uppercase portfolio-box-title\">Thi\u1ebft k\u1ebf n\u1ed9i th\u1ea5t chung c\u01b0 Tr\u00e0ng An<\/h6>\n                      <p class=\"uppercase portfolio-box-category is-xsmall op-6\">\n                        <span class=\"show-on-hover\">\n                         D\u1ef0 \u00c1N THI C\u00d4NG, D\u1ef0 \u00c1N THI\u1ebeT K\u1ebe, THI\u1ebeT K\u1ebe CHUNG C\u01af                        <\/span>\n                      <\/p>\n                  <\/div>\n            <\/div>\n           <\/div>\n           <\/a>\n           <\/div>\n           <\/div>\n                    <div class=\"col\" data-terms=\"[&quot;D\u1ef0 \u00c1N THI C\u00d4NG&quot;,&quot;D\u1ef0 \u00c1N THI\u1ebeT K\u1ebe&quot;,&quot;N\u1ed8I TH\u1ea4T HI\u1ec6N \u0110\u1ea0I&quot;,&quot;THI\u1ebeT K\u1ebe CHUNG C\u01af&quot;]\" >\n          <div class=\"col-inner\" >\n          <a href=\"https:\/\/demo.bmconnect.vn\/luxury\/portfolio\/du-an-thi-cong,du-an-thiet-ke,noi-that-hien-dai,thiet-ke-chung-cu\/thiet-ke-noi-that-chung-cu-thang-long-numberone\/\" class=\"plain \">\n          <div class=\"portfolio-box box has-hover\">\n            <div class=\"box-image\" >\n                <div class=\"image-zoom image-cover\" style=\"padding-top:100%;\">\n                <img width=\"400\" height=\"573\" src=\"https:\/\/demo.bmconnect.vn\/luxury\/wp-content\/uploads\/2017\/04\/thiet-ke-chung-cu-madarin-anh-nam.png\" class=\"attachment-original size-original\" alt=\"\" loading=\"lazy\" srcset=\"https:\/\/demo.bmconnect.vn\/luxury\/wp-content\/uploads\/2017\/04\/thiet-ke-chung-cu-madarin-anh-nam.png 400w, https:\/\/demo.bmconnect.vn\/luxury\/wp-content\/uploads\/2017\/04\/thiet-ke-chung-cu-madarin-anh-nam-209x300.png 209w\" sizes=\"(max-width: 400px) 100vw, 400px\" \/>                                                <\/div>\n            <\/div>\n            <div class=\"box-text text-center\" >\n                  <div class=\"box-text-inner\">\n                      <h6 class=\"uppercase portfolio-box-title\">Thi\u1ebft k\u1ebf n\u1ed9i th\u1ea5t chung c\u01b0 Th\u0103ng Long Numberone<\/h6>\n                      <p class=\"uppercase portfolio-box-category is-xsmall op-6\">\n                        <span class=\"show-on-hover\">\n                         D\u1ef0 \u00c1N THI C\u00d4NG, D\u1ef0 \u00c1N THI\u1ebeT K\u1ebe, N\u1ed8I TH\u1ea4T HI\u1ec6N \u0110\u1ea0I, THI\u1ebeT K\u1ebe CHUNG C\u01af                        <\/span>\n                      <\/p>\n                  <\/div>\n            <\/div>\n           <\/div>\n           <\/a>\n           <\/div>\n           <\/div>\n                    <div class=\"col\" data-terms=\"[&quot;D\u1ef0 \u00c1N THI C\u00d4NG&quot;,&quot;D\u1ef0 \u00c1N THI\u1ebeT K\u1ebe&quot;,&quot;N\u1ed8I TH\u1ea4T HI\u1ec6N \u0110\u1ea0I&quot;,&quot;THI\u1ebeT K\u1ebe CHUNG C\u01af&quot;]\" >\n          <div class=\"col-inner\" >\n          <a href=\"https:\/\/demo.bmconnect.vn\/luxury\/portfolio\/du-an-thi-cong,du-an-thiet-ke,noi-that-hien-dai,thiet-ke-chung-cu\/thiet-ke-noi-that-chung-cu-ha-do-anh-thao\/\" class=\"plain \">\n          <div class=\"portfolio-box box has-hover\">\n            <div class=\"box-image\" >\n                <div class=\"image-zoom image-cover\" style=\"padding-top:100%;\">\n                <img width=\"400\" height=\"573\" src=\"https:\/\/demo.bmconnect.vn\/luxury\/wp-content\/uploads\/2017\/04\/thiet-ke-chung-cu-imperia-garden_1.jpg\" class=\"attachment-original size-original\" alt=\"\" loading=\"lazy\" srcset=\"https:\/\/demo.bmconnect.vn\/luxury\/wp-content\/uploads\/2017\/04\/thiet-ke-chung-cu-imperia-garden_1.jpg 400w, https:\/\/demo.bmconnect.vn\/luxury\/wp-content\/uploads\/2017\/04\/thiet-ke-chung-cu-imperia-garden_1-209x300.jpg 209w\" sizes=\"(max-width: 400px) 100vw, 400px\" \/>                                                <\/div>\n            <\/div>\n            <div class=\"box-text text-center\" >\n                  <div class=\"box-text-inner\">\n                      <h6 class=\"uppercase portfolio-box-title\">Thi\u1ebft k\u1ebf n\u1ed9i th\u1ea5t chung c\u01b0 H\u00e0 \u0110\u00f4 \u2013 Anh Th\u1ea3o<\/h6>\n                      <p class=\"uppercase portfolio-box-category is-xsmall op-6\">\n                        <span class=\"show-on-hover\">\n                         D\u1ef0 \u00c1N THI C\u00d4NG, D\u1ef0 \u00c1N THI\u1ebeT K\u1ebe, N\u1ed8I TH\u1ea4T HI\u1ec6N \u0110\u1ea0I, THI\u1ebeT K\u1ebe CHUNG C\u01af                        <\/span>\n                      <\/p>\n                  <\/div>\n            <\/div>\n           <\/div>\n           <\/a>\n           <\/div>\n           <\/div>\n                    <div class=\"col\" data-terms=\"[&quot;D\u1ef0 \u00c1N THI C\u00d4NG&quot;,&quot;D\u1ef0 \u00c1N THI\u1ebeT K\u1ebe&quot;,&quot;THI\u1ebeT K\u1ebe CHUNG C\u01af&quot;]\" >\n          <div class=\"col-inner\" >\n          <a href=\"https:\/\/demo.bmconnect.vn\/luxury\/portfolio\/du-an-thi-cong,du-an-thiet-ke,thiet-ke-chung-cu\/thiet-ke-noi-that-chung-cu-times-city-anh-son\/\" class=\"plain \">\n          <div class=\"portfolio-box box has-hover\">\n            <div class=\"box-image\" >\n                <div class=\"image-zoom image-cover\" style=\"padding-top:100%;\">\n                <img width=\"1600\" height=\"1000\" src=\"https:\/\/demo.bmconnect.vn\/luxury\/wp-content\/uploads\/2017\/04\/slide2.jpg\" class=\"attachment-original size-original\" alt=\"\" loading=\"lazy\" srcset=\"https:\/\/demo.bmconnect.vn\/luxury\/wp-content\/uploads\/2017\/04\/slide2.jpg 1600w, https:\/\/demo.bmconnect.vn\/luxury\/wp-content\/uploads\/2017\/04\/slide2-300x188.jpg 300w, https:\/\/demo.bmconnect.vn\/luxury\/wp-content\/uploads\/2017\/04\/slide2-768x480.jpg 768w, https:\/\/demo.bmconnect.vn\/luxury\/wp-content\/uploads\/2017\/04\/slide2-1024x640.jpg 1024w\" sizes=\"(max-width: 1600px) 100vw, 1600px\" \/>                                                <\/div>\n            <\/div>\n            <div class=\"box-text text-center\" >\n                  <div class=\"box-text-inner\">\n                      <h6 class=\"uppercase portfolio-box-title\">Thi\u1ebft k\u1ebf n\u1ed9i th\u1ea5t chung c\u01b0 Times City \u2013 Anh S\u01a1n<\/h6>\n                      <p class=\"uppercase portfolio-box-category is-xsmall op-6\">\n                        <span class=\"show-on-hover\">\n                         D\u1ef0 \u00c1N THI C\u00d4NG, D\u1ef0 \u00c1N THI\u1ebeT K\u1ebe, THI\u1ebeT K\u1ebe CHUNG C\u01af                        <\/span>\n                      <\/p>\n                  <\/div>\n            <\/div>\n           <\/div>\n           <\/a>\n           <\/div>\n           <\/div>\n                    <div class=\"col\" data-terms=\"[&quot;D\u1ef0 \u00c1N THI C\u00d4NG&quot;,&quot;D\u1ef0 \u00c1N THI\u1ebeT K\u1ebe&quot;,&quot;N\u1ed8I TH\u1ea4T C\u1ed4 \u0110I\u1ec2N&quot;,&quot;THI\u1ebeT K\u1ebe CHUNG C\u01af&quot;]\" >\n          <div class=\"col-inner\" >\n          <a href=\"https:\/\/demo.bmconnect.vn\/luxury\/portfolio\/du-an-thi-cong,du-an-thiet-ke,noi-that-co-dien,thiet-ke-chung-cu\/thiet-ke-chung-cu-times-city-parkhill-10\/\" class=\"plain \">\n          <div class=\"portfolio-box box has-hover\">\n            <div class=\"box-image\" >\n                <div class=\"image-zoom image-cover\" style=\"padding-top:100%;\">\n                <img width=\"960\" height=\"933\" src=\"https:\/\/demo.bmconnect.vn\/luxury\/wp-content\/uploads\/2017\/04\/IMG_2521.jpg\" class=\"attachment-original size-original\" alt=\"\" loading=\"lazy\" srcset=\"https:\/\/demo.bmconnect.vn\/luxury\/wp-content\/uploads\/2017\/04\/IMG_2521.jpg 960w, https:\/\/demo.bmconnect.vn\/luxury\/wp-content\/uploads\/2017\/04\/IMG_2521-300x292.jpg 300w, https:\/\/demo.bmconnect.vn\/luxury\/wp-content\/uploads\/2017\/04\/IMG_2521-768x746.jpg 768w\" sizes=\"(max-width: 960px) 100vw, 960px\" \/>                                                <\/div>\n            <\/div>\n            <div class=\"box-text text-center\" >\n                  <div class=\"box-text-inner\">\n                      <h6 class=\"uppercase portfolio-box-title\">Thi\u1ebft k\u1ebf chung c\u01b0 Times City Parkhill 10<\/h6>\n                      <p class=\"uppercase portfolio-box-category is-xsmall op-6\">\n                        <span class=\"show-on-hover\">\n                         D\u1ef0 \u00c1N THI C\u00d4NG, D\u1ef0 \u00c1N THI\u1ebeT K\u1ebe, N\u1ed8I TH\u1ea4T C\u1ed4 \u0110I\u1ec2N, THI\u1ebeT K\u1ebe CHUNG C\u01af                        <\/span>\n                      <\/p>\n                  <\/div>\n            <\/div>\n           <\/div>\n           <\/a>\n           <\/div>\n           <\/div>\n          <\/div><\/div>\n\t\t<\/div>\n\n\t\t\n<style>\n#section_1200363011 {\n  padding-top: 15px;\n  padding-bottom: 15px;\n}\n<\/style>\n\t<\/section>\n\t\n","protected":false},"excerpt":{"rendered":"","protected":false},"author":1,"featured_media":0,"parent":0,"menu_order":0,"comment_status":"closed","ping_status":"closed","template":"page-transparent-header.php","meta":[],"yoast_head":"<!-- This site is optimized with the Yoast SEO plugin v17.0 - https:\/\/yoast.com\/wordpress\/plugins\/seo\/ -->\n<title>THI\u1ebeT K\u1ebe CHUNG C\u01af - N\u1ed9i Th\u1ea5t Luxury<\/title>\n<meta name=\"robots\" content=\"index, follow, max-snippet:-1, max-image-preview:large, max-video-preview:-1\" \/>\n<link rel=\"canonical\" href=\"https:\/\/demo.bmconnect.vn\/luxury\/thiet-ke-chung-cu\/\" \/>\n<meta property=\"og:locale\" content=\"vi_VN\" \/>\n<meta property=\"og:type\" content=\"article\" \/>\n<meta property=\"og:title\" content=\"THI\u1ebeT K\u1ebe CHUNG C\u01af - N\u1ed9i Th\u1ea5t Luxury\" \/>\n<meta property=\"og:url\" content=\"https:\/\/demo.bmconnect.vn\/luxury\/thiet-ke-chung-cu\/\" \/>\n<meta property=\"og:site_name\" content=\"N\u1ed9i Th\u1ea5t Luxury\" \/>\n<meta property=\"article:modified_time\" content=\"2017-04-27T02:09:19+00:00\" \/>\n<meta name=\"twitter:card\" content=\"summary\" \/>\n<script type=\"application\/ld+json\" class=\"yoast-schema-graph\">{\"@context\":\"https:\/\/schema.org\",\"@graph\":[{\"@type\":\"WebSite\",\"@id\":\"https:\/\/demo.bmconnect.vn\/luxury\/#website\",\"url\":\"https:\/\/demo.bmconnect.vn\/luxury\/\",\"name\":\"N\\u1ed9i Th\\u1ea5t Luxury\",\"description\":\"\",\"potentialAction\":[{\"@type\":\"SearchAction\",\"target\":{\"@type\":\"EntryPoint\",\"urlTemplate\":\"https:\/\/demo.bmconnect.vn\/luxury\/?s={search_term_string}\"},\"query-input\":\"required name=search_term_string\"}],\"inLanguage\":\"vi\"},{\"@type\":\"WebPage\",\"@id\":\"https:\/\/demo.bmconnect.vn\/luxury\/thiet-ke-chung-cu\/#webpage\",\"url\":\"https:\/\/demo.bmconnect.vn\/luxury\/thiet-ke-chung-cu\/\",\"name\":\"THI\\u1ebeT K\\u1ebe CHUNG C\\u01af - N\\u1ed9i Th\\u1ea5t Luxury\",\"isPartOf\":{\"@id\":\"https:\/\/demo.bmconnect.vn\/luxury\/#website\"},\"datePublished\":\"2017-04-24T10:57:31+00:00\",\"dateModified\":\"2017-04-27T02:09:19+00:00\",\"breadcrumb\":{\"@id\":\"https:\/\/demo.bmconnect.vn\/luxury\/thiet-ke-chung-cu\/#breadcrumb\"},\"inLanguage\":\"vi\",\"potentialAction\":[{\"@type\":\"ReadAction\",\"target\":[\"https:\/\/demo.bmconnect.vn\/luxury\/thiet-ke-chung-cu\/\"]}]},{\"@type\":\"BreadcrumbList\",\"@id\":\"https:\/\/demo.bmconnect.vn\/luxury\/thiet-ke-chung-cu\/#breadcrumb\",\"itemListElement\":[{\"@type\":\"ListItem\",\"position\":1,\"name\":\"Trang ch\\u1ee7\",\"item\":\"https:\/\/demo.bmconnect.vn\/luxury\/\"},{\"@type\":\"ListItem\",\"position\":2,\"name\":\"THI\\u1ebeT K\\u1ebe CHUNG C\\u01af\"}]}]}<\/script>\n<!-- \/ Yoast SEO plugin. -->","yoast_head_json":{"title":"THI\u1ebeT K\u1ebe CHUNG C\u01af - N\u1ed9i Th\u1ea5t Luxury","robots":{"index":"index","follow":"follow","max-snippet":"max-snippet:-1","max-image-preview":"max-image-preview:large","max-video-preview":"max-video-preview:-1"},"canonical":"https:\/\/demo.bmconnect.vn\/luxury\/thiet-ke-chung-cu\/","og_locale":"vi_VN","og_type":"article","og_title":"THI\u1ebeT K\u1ebe CHUNG C\u01af - N\u1ed9i Th\u1ea5t Luxury","og_url":"https:\/\/demo.bmconnect.vn\/luxury\/thiet-ke-chung-cu\/","og_site_name":"N\u1ed9i Th\u1ea5t Luxury","article_modified_time":"2017-04-27T02:09:19+00:00","twitter_card":"summary","schema":{"@context":"https:\/\/schema.org","@graph":[{"@type":"WebSite","@id":"https:\/\/demo.bmconnect.vn\/luxury\/#website","url":"https:\/\/demo.bmconnect.vn\/luxury\/","name":"N\u1ed9i Th\u1ea5t Luxury","description":"","potentialAction":[{"@type":"SearchAction","target":{"@type":"EntryPoint","urlTemplate":"https:\/\/demo.bmconnect.vn\/luxury\/?s={search_term_string}"},"query-input":"required name=search_term_string"}],"inLanguage":"vi"},{"@type":"WebPage","@id":"https:\/\/demo.bmconnect.vn\/luxury\/thiet-ke-chung-cu\/#webpage","url":"https:\/\/demo.bmconnect.vn\/luxury\/thiet-ke-chung-cu\/","name":"THI\u1ebeT K\u1ebe CHUNG C\u01af - N\u1ed9i Th\u1ea5t Luxury","isPartOf":{"@id":"https:\/\/demo.bmconnect.vn\/luxury\/#website"},"datePublished":"2017-04-24T10:57:31+00:00","dateModified":"2017-04-27T02:09:19+00:00","breadcrumb":{"@id":"https:\/\/demo.bmconnect.vn\/luxury\/thiet-ke-chung-cu\/#breadcrumb"},"inLanguage":"vi","potentialAction":[{"@type":"ReadAction","target":["https:\/\/demo.bmconnect.vn\/luxury\/thiet-ke-chung-cu\/"]}]},{"@type":"BreadcrumbList","@id":"https:\/\/demo.bmconnect.vn\/luxury\/thiet-ke-chung-cu\/#breadcrumb","itemListElement":[{"@type":"ListItem","position":1,"name":"Trang ch\u1ee7","item":"https:\/\/demo.bmconnect.vn\/luxury\/"},{"@type":"ListItem","position":2,"name":"THI\u1ebeT K\u1ebe CHUNG C\u01af"}]}]}},"_links":{"self":[{"href":"https:\/\/demo.bmconnect.vn\/luxury\/wp-json\/wp\/v2\/pages\/15"}],"collection":[{"href":"https:\/\/demo.bmconnect.vn\/luxury\/wp-json\/wp\/v2\/pages"}],"about":[{"href":"https:\/\/demo.bmconnect.vn\/luxury\/wp-json\/wp\/v2\/types\/page"}],"author":[{"embeddable":true,"href":"https:\/\/demo.bmconnect.vn\/luxury\/wp-json\/wp\/v2\/users\/1"}],"replies":[{"embeddable":true,"href":"https:\/\/demo.bmconnect.vn\/luxury\/wp-json\/wp\/v2\/comments?post=15"}],"version-history":[{"count":4,"href":"https:\/\/demo.bmconnect.vn\/luxury\/wp-json\/wp\/v2\/pages\/15\/revisions"}],"predecessor-version":[{"id":225,"href":"https:\/\/demo.bmconnect.vn\/luxury\/wp-json\/wp\/v2\/pages\/15\/revisions\/225"}],"wp:attachment":[{"href":"https:\/\/demo.bmconnect.vn\/luxury\/wp-json\/wp\/v2\/media?parent=15"}],"curies":[{"name":"wp","href":"https:\/\/api.w.org\/{rel}","templated":true}]}}