{"id":904,"date":"2017-10-27T21:50:01","date_gmt":"2017-10-27T14:50:01","guid":{"rendered":"https:\/\/demo.bmconnect.vn\/inbat\/?page_id=904"},"modified":"2017-10-27T21:50:01","modified_gmt":"2017-10-27T14:50:01","slug":"in-phong-cuoi","status":"publish","type":"page","link":"https:\/\/demo.bmconnect.vn\/inbat\/in-phong-cuoi\/","title":{"rendered":"In ph\u00f4ng c\u01b0\u1edbi"},"content":{"rendered":"<p>&#8211; C\u00f3 1 ph\u00f4ng c\u01b0\u1edbi l\u1ea1 m\u1eaft, \u0111\u1ed9c \u0111\u00e1o, c\u00f3 th\u1ec3 \u0111\u01b0a \u1ea3nh c\u01b0\u1edbi c\u1ee7a m\u00ecnh l\u00ean ph\u00f4ng<\/p>\n<p>&#8211; Kh\u00f4ng m\u1ea5t c\u00f4ng thu\u00ea, tr\u1ea3, \u0111\u1eb7t c\u1ecdc v\u00e0 c\u1ea3 nguy c\u01a1 b\u1ed3i th\u01b0\u1eddng n\u1ebfu ch\u1eb3ng may l\u00e0m h\u1ecfng<\/p>\n<p>&#8211; Kh\u00f4ng m\u1ea5t th\u1eddi gian t\u00ecm ch\u1ecdn mua ch\u1eef, ho\u1ea1 ti\u1ebft trang tr\u00ed, kh\u00f4ng m\u1ea5t c\u00f4ng h\u00ec h\u1ee5c d\u00e1n v\u00e0 nguy c\u01a1 bong tr\u00f3c th\u1eadm ch\u00ed bay ch\u1eef ngay trong l\u00fac quan tr\u1ecdng<\/p>\n<p>&#8211; Gi\u00e1 th\u00e0nh t\u01b0\u01a1ng \u0111\u01b0\u01a1ng, th\u1eadm ch\u00ed r\u1ebb h\u01a1n ph\u00f4ng c\u01b0\u1edbi truy\u1ec1n th\u1ed1ng<\/p>\n<p>&#8211; K\u00edch th\u01b0\u1edbc tu\u1ef3 \u00fd, b\u1ea1n c\u00f3 th\u1ec3 \u0111\u1eb7t l\u00e0m b\u1ea5t k\u1ef3 k\u00edch th\u01b0\u1edbc n\u00e0o \u0111\u1ec3 ph\u00f9 h\u1ee3p v\u1edbi kh\u00f4ng gian n\u01a1i t\u1ed5 ch\u1ee9c.<\/p>\n<p><strong><\/strong><\/p>\n<p><strong>T\u1ea5t c\u1ea3 nh\u1eefng vi\u1ec7c b\u1ea1n c\u1ea7n l\u00e0m l\u00e0 g\u1eedi \u1ea3nh v\u00e0 m\u1ed9t s\u1ed1 th\u00f4ng tin c\u1ea7n thi\u1ebft cho m\u00ecnh.<\/strong><\/p>\n<p>&#8211; K\u00edch th\u01b0\u1edbc ph\u00f4ng (chi\u1ec1u ngang x chi\u1ec1u cao)<\/p>\n<p>&#8211; T\u00ean ph\u00f4ng: L\u1ec5 \u0103n h\u1ecfi, l\u1ec5 th\u00e0nh h\u00f4n (nh\u00e0 trai), l\u1ec5 vu quy (nh\u00e0 g\u00e1i)&#8230;<\/p>\n<p>&#8211; G\u1eedi \u1ea3nh c\u01b0\u1edbi c\u1ee7a 2 b\u1ea1n, kho\u1ea3ng t\u1eeb 2-4 \u1ea3nh cho 1 ph\u00f4ng \u0111\u1ec3 l\u1ef1a ch\u1ecdn \u1ea3nh ph\u00f9 h\u1ee3p nh\u1ea5t, g\u1eedi v\u00e0o <strong>Email: inbatkholon@gmail.com<\/strong><\/p>\n<p>&#8211; Ch\u1ecdn m\u1eabu ph\u00f4ng c\u01b0\u1edbi<\/p>\n<p>&#8211; T\u00ean c\u00f4 d\u00e2u ch\u00fa r\u1ec3<\/p>\n<p>&#8211; Ng\u00e0y th\u00e1ng n\u0103m t\u1ed5 ch\u1ee9c l\u1ec5 c\u01b0\u1edbi, \u0103n h\u1ecfi (c\u1ea3 ng\u00e0y \u00e2m n\u1ebfu mu\u1ed1n \u0111\u01b0a v\u00e0o)<\/p>\n<p>Do kh\u00f4ng ng\u1eebng t\u00ecm t\u00f2i s\u00e1ng t\u1ea1o \u0111\u1ec3 \u0111\u00e1p \u1ee9ng y\u00eau c\u1ea7u c\u1ee7a kh\u00e1ch h\u00e0ng, hi\u1ec7n s\u1ed1 m\u1eabu b\u00ean m\u00ecnh \u0111\u00e3 l\u00ean \u0111\u1ebfn h\u01a1n 100 m\u1eabu v\u1edbi c\u00e1c h\u1ecda ti\u1ebft t\u1eeb c\u1ed5 truy\u1ec1n \u0111\u1ebfn hi\u1ec7n \u0111\u1ea1i, nhi\u1ec1u m\u1eabu ph\u00f9 h\u1ee3p v\u1edbi nhi\u1ec1u k\u00edch th\u01b0\u1edbc kh\u00e1c nhau, t\u1eeb nh\u00e0 d\u00e2n \u0111\u1ebfn c\u00e1c h\u1ed9i tr\u01b0\u1eddng, kh\u00e1ch s\u1ea1n, ph\u00f4ng ch\u1ee5p \u1ea3nh d\u1ea1ng event, gi\u00fap kh\u00e1ch h\u00e0ng c\u00f3 th\u1ec3 th\u1ecfa s\u1ee9c l\u1ef1a ch\u1ecdn, m\u1eabu m\u1edbi c\u1eadp nh\u1eadt h\u00e0ng th\u00e1ng<\/p>\n","protected":false},"excerpt":{"rendered":"<p>&#8211; C\u00f3 1 ph\u00f4ng c\u01b0\u1edbi l\u1ea1 m\u1eaft, \u0111\u1ed9c \u0111\u00e1o, c\u00f3 th\u1ec3 \u0111\u01b0a \u1ea3nh c\u01b0\u1edbi c\u1ee7a m\u00ecnh l\u00ean ph\u00f4ng &#8211; Kh\u00f4ng m\u1ea5t c\u00f4ng thu\u00ea, tr\u1ea3, \u0111\u1eb7t c\u1ecdc v\u00e0 c\u1ea3 nguy c\u01a1 b\u1ed3i th\u01b0\u1eddng n\u1ebfu ch\u1eb3ng may l\u00e0m h\u1ecfng &#8211; Kh\u00f4ng m\u1ea5t th\u1eddi gian t\u00ecm ch\u1ecdn mua ch\u1eef, ho\u1ea1 ti\u1ebft trang tr\u00ed, kh\u00f4ng m\u1ea5t c\u00f4ng h\u00ec h\u1ee5c [&#8230;]\n","protected":false},"author":1,"featured_media":0,"parent":0,"menu_order":0,"comment_status":"closed","ping_status":"closed","template":"page-left-sidebar.php","meta":[],"_links":{"self":[{"href":"https:\/\/demo.bmconnect.vn\/inbat\/wp-json\/wp\/v2\/pages\/904"}],"collection":[{"href":"https:\/\/demo.bmconnect.vn\/inbat\/wp-json\/wp\/v2\/pages"}],"about":[{"href":"https:\/\/demo.bmconnect.vn\/inbat\/wp-json\/wp\/v2\/types\/page"}],"author":[{"embeddable":true,"href":"https:\/\/demo.bmconnect.vn\/inbat\/wp-json\/wp\/v2\/users\/1"}],"replies":[{"embeddable":true,"href":"https:\/\/demo.bmconnect.vn\/inbat\/wp-json\/wp\/v2\/comments?post=904"}],"version-history":[{"count":1,"href":"https:\/\/demo.bmconnect.vn\/inbat\/wp-json\/wp\/v2\/pages\/904\/revisions"}],"predecessor-version":[{"id":905,"href":"https:\/\/demo.bmconnect.vn\/inbat\/wp-json\/wp\/v2\/pages\/904\/revisions\/905"}],"wp:attachment":[{"href":"https:\/\/demo.bmconnect.vn\/inbat\/wp-json\/wp\/v2\/media?parent=904"}],"curies":[{"name":"wp","href":"https:\/\/api.w.org\/{rel}","templated":true}]}}