{"id":898,"date":"2017-10-27T21:48:07","date_gmt":"2017-10-27T14:48:07","guid":{"rendered":"https:\/\/demo.bmconnect.vn\/inbat\/?page_id=898"},"modified":"2017-10-27T21:48:20","modified_gmt":"2017-10-27T14:48:20","slug":"in-poster-quang-cao","status":"publish","type":"page","link":"https:\/\/demo.bmconnect.vn\/inbat\/in-poster-quang-cao\/","title":{"rendered":"In poster qu\u1ea3ng c\u00e1o"},"content":{"rendered":"<h2><strong>In Poster qu\u1ea3ng c\u00e1o<\/strong><\/h2>\n<p>Do nhu c\u1ea7u m\u1edf r\u1ed9ng nh\u1eefng chi\u1ebfn l\u01b0\u1ee3c qu\u1ea3ng c\u00e1o, poster qu\u1ea3ng c\u00e1o ng\u00e0y c\u00e0ng \u0111\u00f3ng vai tr\u00f2 quan tr\u1ecdng. Gi\u00e1 in poster qu\u1ea3ng c\u00e1o gi\u1ea3m v\u00e0 thay \u0111\u1ed5i t\u00f9y theo nhu c\u1ea7u in poster qu\u1ea3ng c\u00e1o.<\/p>\n<p>In poster qu\u1ea3ng c\u00e1o v\u1edbi nhi\u1ec1u d\u1ecbch v\u1ee5 nhanh ch\u00f3ng v\u00e0 ti\u1ec7n l\u1ee3i, t\u1ea1o \u0111i\u1ec1u ki\u1ec7n cho c\u00e1c c\u00f4ng ty, doanh nghi\u1ec7p t\u1ed5 ch\u1ee9c s\u1ef1 ki\u1ec7n , ch\u01b0\u01a1ng tr\u00ecnh k\u1ecbp th\u1eddi v\u00e0 t\u1ed1t nh\u1ea5t. B\u00ean c\u1ea1nh \u0111\u00f3, do in poster qu\u1ea3ng c\u00e1o l\u00e0 ng\u00e0nh c\u00f3 nhi\u1ec1u c\u01a1 h\u1ed9i ph\u00e1t tri\u1ec3n n\u00ean c\u00e1c doanh nghi\u1ec7p in \u1ea5n \u0111\u1ea7u t\u01b0 r\u1ea5t nhi\u1ec1u v\u00e0o l\u0129nh v\u1ef1c n\u00e0y.<\/p>\n","protected":false},"excerpt":{"rendered":"<p>In Poster qu\u1ea3ng c\u00e1o Do nhu c\u1ea7u m\u1edf r\u1ed9ng nh\u1eefng chi\u1ebfn l\u01b0\u1ee3c qu\u1ea3ng c\u00e1o, poster qu\u1ea3ng c\u00e1o ng\u00e0y c\u00e0ng \u0111\u00f3ng vai tr\u00f2 quan tr\u1ecdng. Gi\u00e1 in poster qu\u1ea3ng c\u00e1o gi\u1ea3m v\u00e0 thay \u0111\u1ed5i t\u00f9y theo nhu c\u1ea7u in poster qu\u1ea3ng c\u00e1o. In poster qu\u1ea3ng c\u00e1o v\u1edbi nhi\u1ec1u d\u1ecbch v\u1ee5 nhanh ch\u00f3ng v\u00e0 ti\u1ec7n l\u1ee3i, t\u1ea1o [&#8230;]\n","protected":false},"author":1,"featured_media":0,"parent":0,"menu_order":0,"comment_status":"closed","ping_status":"closed","template":"page-left-sidebar.php","meta":[],"_links":{"self":[{"href":"https:\/\/demo.bmconnect.vn\/inbat\/wp-json\/wp\/v2\/pages\/898"}],"collection":[{"href":"https:\/\/demo.bmconnect.vn\/inbat\/wp-json\/wp\/v2\/pages"}],"about":[{"href":"https:\/\/demo.bmconnect.vn\/inbat\/wp-json\/wp\/v2\/types\/page"}],"author":[{"embeddable":true,"href":"https:\/\/demo.bmconnect.vn\/inbat\/wp-json\/wp\/v2\/users\/1"}],"replies":[{"embeddable":true,"href":"https:\/\/demo.bmconnect.vn\/inbat\/wp-json\/wp\/v2\/comments?post=898"}],"version-history":[{"count":3,"href":"https:\/\/demo.bmconnect.vn\/inbat\/wp-json\/wp\/v2\/pages\/898\/revisions"}],"predecessor-version":[{"id":901,"href":"https:\/\/demo.bmconnect.vn\/inbat\/wp-json\/wp\/v2\/pages\/898\/revisions\/901"}],"wp:attachment":[{"href":"https:\/\/demo.bmconnect.vn\/inbat\/wp-json\/wp\/v2\/media?parent=898"}],"curies":[{"name":"wp","href":"https:\/\/api.w.org\/{rel}","templated":true}]}}