{"id":896,"date":"2017-10-27T21:47:08","date_gmt":"2017-10-27T14:47:08","guid":{"rendered":"https:\/\/demo.bmconnect.vn\/inbat\/?page_id=896"},"modified":"2017-10-27T21:47:08","modified_gmt":"2017-10-27T14:47:08","slug":"in-phong-hop-lop","status":"publish","type":"page","link":"https:\/\/demo.bmconnect.vn\/inbat\/in-phong-hop-lop\/","title":{"rendered":"In ph\u00f4ng h\u1ecdp l\u1edbp"},"content":{"rendered":"<h1><strong>Chuy\u00ean thi\u1ebft k\u1ebf v\u00e0 In ph\u00f4ng h\u1ecdp b\u00e1o, in ph\u00f4ng h\u1ecdp l\u1edbp t\u1ea1i H\u00e0 N\u1ed9i\u00a0<\/strong><img loading=\"lazy\" src=\"http:\/\/inbat.com.vn\/images\/in-phong-hop-bao-hop-lop\/in-phong-hop-bao-hop-lop-01.jpg\" alt=\"in-phong-hop-bao-hop-lop-01\" width=\"480\" height=\"315\" \/><\/h1>\n<p>In ph\u00f4ng h\u1ecdp b\u00e1o &#8220;Cu\u1ed9c thi hoa h\u1eadu Vi\u1ec7t Nam&#8221;<img loading=\"lazy\" src=\"http:\/\/inbat.com.vn\/images\/in-phong-hop-bao-hop-lop\/in-phong-hop-bao-hop-lop-02.jpg\" alt=\"in-phong-hop-bao-hop-lop-02\" width=\"478\" height=\"275\" \/><\/p>\n<p><img loading=\"lazy\" src=\"http:\/\/inbat.com.vn\/images\/in-phong-hop-bao-hop-lop\/in-phong-hop-bao-hop-lop-03.jpg\" alt=\"in-phong-hop-bao-hop-lop-03\" width=\"479\" height=\"319\" \/><\/p>\n<p><img loading=\"lazy\" src=\"http:\/\/inbat.com.vn\/images\/in-phong-hop-bao-hop-lop\/in-phong-hop-bao-hop-lop-04.JPG\" alt=\"in-phong-hop-bao-hop-lop-04\" width=\"480\" height=\"320\" \/><\/p>\n<h2>In ph\u00f4ng h\u1ecdp b\u00e1o n\u0103m du l\u1ecbch qu\u1ed1c gia<\/h2>\n<p><img loading=\"lazy\" src=\"http:\/\/inbat.com.vn\/images\/in-phong-hop-bao-hop-lop\/in-phong-hop-bao-hop-lop-05.jpg\" alt=\"in-phong-hop-bao-hop-lop-05\" width=\"480\" height=\"320\" \/><\/p>\n<p>H\u1ecdp b\u00e1o l\u00e0 m\u1ed9t trong nh\u1ee9ng ho\u1ea1t \u0111\u1ed9ng di\u1ec5n ra th\u01b0\u1eddng xuy\u00ean, nh\u1eb1m m\u1ee5c ti\u00eau loan b\u00e1o c\u00e1c th\u00f4ng tin c\u1ea7n thi\u1ebft t\u1eeb m\u1ed9t ho\u1eb7c m\u1ed9t s\u1ed1 ch\u1ee7 th\u1ec3 (c\u00e1 nh\u00e2n ho\u1eb7c t\u1ed5 ch\u1ee9c) v\u1edbi c\u00e1c ph\u01b0\u01a1ng ti\u1ec7n truy\u1ec1n th\u00f4ng \u0111\u1ea1i ch\u00fang \u0111\u1ec3 th\u00f4ng tin \u0111\u00f3 \u0111\u1ebfn \u0111\u01b0\u1ee3c v\u1edbi c\u00f4ng ch\u00fang.<\/p>\n","protected":false},"excerpt":{"rendered":"<p>Chuy\u00ean thi\u1ebft k\u1ebf v\u00e0 In ph\u00f4ng h\u1ecdp b\u00e1o, in ph\u00f4ng h\u1ecdp l\u1edbp t\u1ea1i H\u00e0 N\u1ed9i\u00a0 In ph\u00f4ng h\u1ecdp b\u00e1o &#8220;Cu\u1ed9c thi hoa h\u1eadu Vi\u1ec7t Nam&#8221; In ph\u00f4ng h\u1ecdp b\u00e1o n\u0103m du l\u1ecbch qu\u1ed1c gia H\u1ecdp b\u00e1o l\u00e0 m\u1ed9t trong nh\u1ee9ng ho\u1ea1t \u0111\u1ed9ng di\u1ec5n ra th\u01b0\u1eddng xuy\u00ean, nh\u1eb1m m\u1ee5c ti\u00eau loan b\u00e1o c\u00e1c th\u00f4ng tin c\u1ea7n [&#8230;]\n","protected":false},"author":1,"featured_media":0,"parent":0,"menu_order":0,"comment_status":"closed","ping_status":"closed","template":"page-left-sidebar.php","meta":[],"_links":{"self":[{"href":"https:\/\/demo.bmconnect.vn\/inbat\/wp-json\/wp\/v2\/pages\/896"}],"collection":[{"href":"https:\/\/demo.bmconnect.vn\/inbat\/wp-json\/wp\/v2\/pages"}],"about":[{"href":"https:\/\/demo.bmconnect.vn\/inbat\/wp-json\/wp\/v2\/types\/page"}],"author":[{"embeddable":true,"href":"https:\/\/demo.bmconnect.vn\/inbat\/wp-json\/wp\/v2\/users\/1"}],"replies":[{"embeddable":true,"href":"https:\/\/demo.bmconnect.vn\/inbat\/wp-json\/wp\/v2\/comments?post=896"}],"version-history":[{"count":1,"href":"https:\/\/demo.bmconnect.vn\/inbat\/wp-json\/wp\/v2\/pages\/896\/revisions"}],"predecessor-version":[{"id":897,"href":"https:\/\/demo.bmconnect.vn\/inbat\/wp-json\/wp\/v2\/pages\/896\/revisions\/897"}],"wp:attachment":[{"href":"https:\/\/demo.bmconnect.vn\/inbat\/wp-json\/wp\/v2\/media?parent=896"}],"curies":[{"name":"wp","href":"https:\/\/api.w.org\/{rel}","templated":true}]}}