{"id":894,"date":"2017-10-27T21:46:20","date_gmt":"2017-10-27T14:46:20","guid":{"rendered":"https:\/\/demo.bmconnect.vn\/inbat\/?page_id=894"},"modified":"2017-10-27T21:46:20","modified_gmt":"2017-10-27T14:46:20","slug":"in-phong-hoi-thao-su-kien","status":"publish","type":"page","link":"https:\/\/demo.bmconnect.vn\/inbat\/in-phong-hoi-thao-su-kien\/","title":{"rendered":"In ph\u00f4ng h\u1ed9i th\u1ea3o, s\u1ef1 ki\u1ec7n"},"content":{"rendered":"<h2><strong>Vai tr\u00f2 c\u1ee7a ph\u00f4ng h\u1ed9i th\u1ea3o, h\u1ed9i ngh\u1ecb<\/strong><\/h2>\n<p>H\u1ed9i th\u1ea3o, h\u1ed9i ngh\u1ecb l\u00e0 c\u00e1c ch\u01b0\u01a1ng tr\u00ecnh th\u01b0\u1eddng xuy\u00ean \u0111\u01b0\u1ee3c c\u00e1c doanh nghi\u1ec7p, c\u00f4ng ty t\u1ed5 ch\u1ee9c nh\u1eb1m truy\u1ec1n \u0111\u1ea1t nh\u1eefng th\u00f4ng tin b\u1ed5 \u00edch \u0111\u1ebfn m\u1ecdi ng\u01b0\u1eddi m\u1ed9t c\u00e1ch tr\u1ef1c ti\u1ebfp. Ch\u00ednh v\u00ec v\u1eady, kh\u00f4ng gian c\u1ee7a ph\u00f2ng h\u1ed9i th\u1ea3o, h\u1ed9i ngh\u1ecb ph\u1ea3i \u0111\u1ea3m b\u1ea3o \u0111\u01b0\u1ee3c s\u1ef1 sang tr\u1ecdng, chuy\u00ean nghi\u1ec7p v\u00e0 c\u00f3 t\u00ednh th\u00e2n thi\u1ec7n gi\u00fap cho ng\u01b0\u1eddi tham gia c\u00f3 \u0111\u01b0\u1ee3c t\u00e2m tr\u1ea1ng tho\u1ea3i m\u00e1i nh\u1ea5t.<\/p>\n<p>M\u1ed7i m\u1ed9t \u0111\u01a1n v\u1ecb s\u1ebd c\u00f3 m\u1ed9t phong c\u00e1ch t\u1ed5 ch\u1ee9c ri\u00eang c\u00f9ng v\u1edbi c\u00e1c n\u1ed9i dung ch\u01b0\u01a1ng tr\u00ecnh kh\u00e1c bi\u1ec7t n\u00ean vi\u1ec7c thi\u1ebft k\u1ebf ra nh\u1eefng m\u1eabu ph\u00f4ng h\u1ed9i th\u1ea3o, h\u1ed9i ngh\u1ecb cho c\u00e1c \u0111\u1ed1i t\u00e1c c\u0169ng th\u1ec3 nh\u1ea5t nh\u1ea5t \u00e1p \u0111\u1eb7t theo m\u1ed9t m\u1eabu file \u1ea5n \u0111\u1ecbnh. Do v\u1eady Thi\u00ean H\u00e0 lu\u00f4n b\u1ed1 tr\u00ed m\u1ed9t \u0111\u1ed9i ng\u0169 k\u1ef9 thu\u1eadt vi\u00ean tay ngh\u1ec1 gi\u1ecfi s\u1eb5n s\u00e0ng h\u1ed7 tr\u1ee3 qu\u00fd kh\u00e1ch b\u1ea5t c\u1ee9 khi n\u00e0o c\u00f3 nhu c\u1ea7u.<\/p>\n<h2><strong>V\u00ec sao n\u00ean ch\u1ecdn in ph\u00f4ng h\u1ed9i ngh\u1ecb, h\u1ed9i th\u1ea3o \u1edf Thi\u00ean H\u00e0?<\/strong><\/h2>\n<p>V\u00ec in \u1ea5n ch\u1ea5t l\u01b0\u1ee3ng cao l\u00e0 m\u1ed9t th\u1ebf m\u1ea1nh c\u1ee7a Thi\u00ean H\u00e0. C\u00f4ng ty c\u00f3 h\u1ec7 th\u1ed1ng m\u00e1y in hi\u1ec7n \u0111\u1ea1i cho t\u1ed1c \u0111\u1ed9 in nhanh, h\u00ecnh \u1ea3nh s\u1eafc n\u00e9t, m\u00e0u s\u1eafc t\u01b0\u01a1i m\u1edbi. Ngu\u1ed3n nguy\u00ean v\u1eadt li\u1ec7u \u0111\u01b0\u1ee3c nh\u1eadp t\u1eadn g\u1ed1c v\u1edbi s\u1ed1 l\u01b0\u1ee3ng l\u1edbn c\u00f9ng v\u1edbi \u0111\u1ed9i ng\u0169 k\u1ef9 thu\u1eadt gi\u00e0u kinh nghi\u1ec7m c\u00f3 kh\u1ea3 n\u0103ng t\u1ef1 thi\u1ebft k\u1ebf v\u00e0 tr\u1ef1c ti\u1ebfp in \u1ea5n th\u00e0nh ph\u1ea9m m\u00e0 kh\u00f4ng c\u1ea7n t\u1edbi s\u1ef1 h\u1ed7 tr\u1ee3 c\u1ee7a kh\u00e2u trung gian. T\u1ea5t c\u1ea3 \u0111\u00e3 g\u00f3p ph\u1ea7n kh\u00f4ng nh\u1ecf l\u00e0m gi\u00e1 th\u00e0nh in \u1ea5n c\u1ee7a Thi\u00ean H\u00e0. L\u00e0 m\u1ed9t \u0111\u01a1n v\u1ecb in \u1ea5n l\u00e2u n\u0103m, Thi\u00ean H\u00e0 th\u1ea5t hi\u1ec3u \u0111\u01b0\u1ee3c m\u1ed9t th\u00e0nh ph\u1ea9m ph\u00f4ng h\u1ed9i th\u1ea3o, h\u1ed9i ngh\u1ecb t\u1ed1t c\u1ea7n ph\u1ea3i \u0111\u1ea3m b\u1ea3o \u0111\u01b0\u1ee3c s\u1ef1 h\u00e0i h\u00f2a v\u1ec1 n\u1ed9i dung, b\u1ed1 c\u1ee5c, h\u00ecnh \u1ea3nh, th\u00f4ng \u0111i\u1ec7p. Do v\u1eady, \u0111\u1ed9i ng\u0169 k\u1ef9 thu\u1eadt c\u1ee7a Thi\u00ean H\u00e0 lu\u00f4n n\u1ed7 l\u1ef1c h\u1ebft m\u00ecnh trong t\u1eebng quy tr\u00ecnh in \u1ea5n ph\u00f4ng h\u1ed9i th\u1ea3o, h\u1ed9i h\u1ecdp. C\u00f3 th\u1ec3 n\u00f3i, l\u1ef1a ch\u1ecdn d\u1ecbch v\u1ee5 in ph\u00f4ng h\u1ed9i th\u1ea3o, h\u1ed9i h\u1ecdp c\u1ee7a Thi\u00ean H\u00e0 l\u00e0 m\u1ed9t l\u1ef1a ch\u1ecdn th\u00f4ng minh v\u1eeba gi\u00fap gi\u1ea3i quy\u1ebft \u0111\u01b0\u1ee3c v\u1ea5n \u0111\u1ec1 v\u1ec1 th\u1eddi gian, ti\u1ebft ki\u1ec7m chi ph\u00ed l\u1ea1i c\u00f3 \u0111\u01b0\u1ee3c s\u1ef1 h\u00e0i l\u00f2ng cao v\u1ec1 ch\u1ea5t l\u01b0\u1ee3ng th\u00e0nh ph\u1ea9m.<\/p>\n<p><img loading=\"lazy\" title=\"\u0110\u01a1n v\u1ecb in ph\u00f4ng h\u1ed9i th\u1ea3o, h\u1ed9i ngh\u1ecb t\u1ed1t nh\u1ea5t H\u00e0 N\u1ed9i\" src=\"http:\/\/inbat.com.vn\/images\/don-vi-in-phong-hoi-thao-hoi-nghi-tot-nhat-ha-noi-02.JPG\" alt=\"don-vi-in-phong-hoi-thao-hoi-nghi-tot-nhat-ha-noi-02\" width=\"650\" height=\"433\" \/><\/p>\n<p><strong><em>\u0110\u01a1n v\u1ecb in ph\u00f4ng h\u1ed9i th\u1ea3o, h\u1ed9i ngh\u1ecb t\u1ed1t nh\u1ea5t H\u00e0 N\u1ed9i<\/em><\/strong><\/p>\n<p>Qu\u00fd kh\u00e1ch c\u00f3 nhu c\u1ea7u s\u1eed d\u1ee5ng d\u1ecbch v\u1ee5 in ph\u00f4ng h\u1ed9i th\u1ea3o, h\u1ed9i ngh\u1ecb t\u1ed1t c\u1ee7a c\u00f4ng ty TNHH \u0111\u1ea7u t\u01b0 qu\u1ea3ng c\u00e1o Thi\u00ean H\u00e0 vui l\u00f2ng li\u00ean h\u1ec7 tr\u1ef1c ti\u1ebfp t\u1edbi s\u1ed1 hotline <strong>0929.66.2222<\/strong> \u0111\u1ec3 \u0111\u01b0\u1ee3c t\u01b0 v\u1ea5n v\u00e0 h\u1ed7 tr\u1ee3 t\u1ed1t nh\u1ea5t.<\/p>\n","protected":false},"excerpt":{"rendered":"<p>Vai tr\u00f2 c\u1ee7a ph\u00f4ng h\u1ed9i th\u1ea3o, h\u1ed9i ngh\u1ecb H\u1ed9i th\u1ea3o, h\u1ed9i ngh\u1ecb l\u00e0 c\u00e1c ch\u01b0\u01a1ng tr\u00ecnh th\u01b0\u1eddng xuy\u00ean \u0111\u01b0\u1ee3c c\u00e1c doanh nghi\u1ec7p, c\u00f4ng ty t\u1ed5 ch\u1ee9c nh\u1eb1m truy\u1ec1n \u0111\u1ea1t nh\u1eefng th\u00f4ng tin b\u1ed5 \u00edch \u0111\u1ebfn m\u1ecdi ng\u01b0\u1eddi m\u1ed9t c\u00e1ch tr\u1ef1c ti\u1ebfp. Ch\u00ednh v\u00ec v\u1eady, kh\u00f4ng gian c\u1ee7a ph\u00f2ng h\u1ed9i th\u1ea3o, h\u1ed9i ngh\u1ecb ph\u1ea3i \u0111\u1ea3m b\u1ea3o [&#8230;]\n","protected":false},"author":1,"featured_media":0,"parent":0,"menu_order":0,"comment_status":"closed","ping_status":"closed","template":"page-left-sidebar.php","meta":[],"_links":{"self":[{"href":"https:\/\/demo.bmconnect.vn\/inbat\/wp-json\/wp\/v2\/pages\/894"}],"collection":[{"href":"https:\/\/demo.bmconnect.vn\/inbat\/wp-json\/wp\/v2\/pages"}],"about":[{"href":"https:\/\/demo.bmconnect.vn\/inbat\/wp-json\/wp\/v2\/types\/page"}],"author":[{"embeddable":true,"href":"https:\/\/demo.bmconnect.vn\/inbat\/wp-json\/wp\/v2\/users\/1"}],"replies":[{"embeddable":true,"href":"https:\/\/demo.bmconnect.vn\/inbat\/wp-json\/wp\/v2\/comments?post=894"}],"version-history":[{"count":1,"href":"https:\/\/demo.bmconnect.vn\/inbat\/wp-json\/wp\/v2\/pages\/894\/revisions"}],"predecessor-version":[{"id":895,"href":"https:\/\/demo.bmconnect.vn\/inbat\/wp-json\/wp\/v2\/pages\/894\/revisions\/895"}],"wp:attachment":[{"href":"https:\/\/demo.bmconnect.vn\/inbat\/wp-json\/wp\/v2\/media?parent=894"}],"curies":[{"name":"wp","href":"https:\/\/api.w.org\/{rel}","templated":true}]}}