{"id":891,"date":"2017-10-27T21:45:18","date_gmt":"2017-10-27T14:45:18","guid":{"rendered":"https:\/\/demo.bmconnect.vn\/inbat\/?page_id=891"},"modified":"2017-10-27T21:45:27","modified_gmt":"2017-10-27T14:45:27","slug":"in-lua-gia-re","status":"publish","type":"page","link":"https:\/\/demo.bmconnect.vn\/inbat\/in-lua-gia-re\/","title":{"rendered":"In l\u1ee5a gi\u00e1 r\u1ebb"},"content":{"rendered":"<h2>In l\u1ee5a gi\u00e1 r\u1ebb<\/h2>\n<p>D\u1ecbch v\u1ee5 in d\u1ea3i b\u0103ng cho s\u1ef1 ki\u1ec7n t\u1eeb v\u1ea3i silk t\u1eeb m\u00e1y in k\u1ef9 thu\u1eadt s\u1ed1 gi\u00e1 r\u1ebb, ch\u1ea5t l\u01b0\u1ee3ng t\u1ed1t c\u1ee7a c\u00f4ng ty TNHH \u0111\u1ea7u t\u01b0 qu\u1ea3ng c\u00e1o Thi\u00ean H\u00e0 lu\u00f4n mang l\u1ea1i s\u1ef1 h\u00e0i l\u00f2ng cho m\u1ecdi kh\u00e1ch h\u00e0ng. B\u1edfi in d\u1ea3i b\u0103ng cho s\u1ef1 ki\u1ec7n t\u1eeb v\u1ea3i silk t\u1ea1i Thi\u00ean H\u00e0 c\u00f3 th\u1ec3 l\u1ea5y ngay v\u1edbi s\u1ed1 l\u01b0\u1ee3ng l\u1edbn. H\u01a1n h\u1ebft,\u2026<\/p>\n<p>C\u00f4ng ty TNHH \u0111\u1ea7u t\u01b0 qu\u1ea3ng c\u00e1o Thi\u00ean H\u00e0 lu\u00f4n t\u1ef1 h\u00e0o l\u00e0 \u0111\u01a1n v\u1ecb cung c\u1ea5p d\u1ecbch v\u1ee5 in v\u1ea3i silk, in l\u1ee5a c\u00f3 gi\u00e1 t\u1ed1t nh\u1ea5t, ch\u1ea5t l\u01b0\u1ee3ng \u0111\u1ea3m b\u1ea3o nh\u1ea5t khu v\u1ef1c H\u00e0 N\u1ed9i. B\u1edfi Thi\u00ean H\u00e0 s\u1eed d\u1ee5ng h\u1ec7 th\u1ed1ng m\u00e1y in ti\u00ean ti\u1ebfn b\u1eadc nh\u1ea5t \u0111\u01b0\u1ee3c nh\u1eadp kh\u1ea9u nguy\u00ean chi\u1ebfc t\u1eeb th\u1ecb tr\u01b0\u1eddng Nh\u1eadt B\u1ea3n cho t\u1ed1c \u0111\u1ed9 in nhanh,\u2026<\/p>\n<p><em><strong>In v\u1ea3i silk gi\u00e1 r\u1ebb, ch\u1ea5t l\u01b0\u1ee3ng cao t\u1ea1i TP. H\u00e0 N\u1ed9i cho \u0111\u1ed9 r\u0169 t\u1ed1t, m\u1ec1m m\u1ea1i v\u00e0 c\u00f3 kh\u1ea3 n\u0103ng kh\u00e1ng n\u01b0\u1edbc, do \u0111\u00f3 b\u1ea3n in s\u1ebd c\u00f3 \u0111\u01b0\u1ee3c ch\u1ea5t l\u01b0\u1ee3ng t\u1ed1t nh\u1ea5t v\u00e0 \u0111\u1eb9p nh\u1ea5t. V\u1eady in v\u1ea3i silk ch\u1ee7 y\u1ebfu d\u00f9ng \u0111\u1ec3 l\u00e0m g\u00ec v\u00e0 \u1edf \u0111\u00e2u c\u00f3 d\u1ecbch v\u1ee5 in v\u1ea3i silk gi\u00e1 r\u1ebb, ch\u1ea5t l\u01b0\u1ee3ng cao? Ch\u00fang ta h\u00e3y \u0111\u1ebfn v\u1edbi th\u00f4ng tin h\u1eefu \u00edch qua b\u00e0i vi\u1ebft d\u01b0\u1edbi \u0111\u00e2y.<\/strong><\/em><\/p>\n<p><em><strong><img loading=\"lazy\" title=\"In v\u1ea3i silk gi\u00e1 r\u1ebb, ch\u1ea5t l\u01b0\u1ee3ng cao t\u1ea1i TP. H\u00e0 N\u1ed9i\" src=\"http:\/\/inbat.com.vn\/images\/in-vai-silk-gia-re-chat-luong-cao-tai-ha-noi-01.JPG\" alt=\"in-vai-silk-gia-re-chat-luong-cao-tai-ha-noi-01\" width=\"650\" height=\"406\" \/><\/strong><\/em><\/p>\n<p><strong><em>In v\u1ea3i silk gi\u00e1 r\u1ebb, ch\u1ea5t l\u01b0\u1ee3ng cao t\u1ea1i TP. H\u00e0 N\u1ed9i<\/em><\/strong><\/p>\n<h2><strong>In v\u1ea3i silk gi\u00e1 r\u1ebb, ch\u1ea5t l\u01b0\u1ee3ng cao l\u00e0m tranh trang tr\u00ed<\/strong><\/h2>\n<p>V\u1ea3i silk \u0111\u01b0\u1ee3c l\u00e0m t\u1eeb ch\u1ea5t li\u1ec7u nh\u1ef1a polyester m\u1ec1m, m\u1ecfng c\u00f3 kh\u1ea3 n\u0103ng b\u00e1m m\u1ef1c cao. V\u1ea3i silk c\u00f3 hai m\u1eb7t, m\u1ed9t m\u1eb7t tr\u01a1n b\u00f3ng v\u00e0 m\u1ed9t m\u1eb7t h\u01a1i nh\u00e1m d\u00f9ng \u0111\u1ec3 in gi\u00fap cho qu\u00e1 tr\u00ecnh in \u1ea5n d\u1ec5 d\u00e0ng h\u01a1n. \u01afu \u0111i\u1ec3m c\u1ee7a v\u1ea3i silk l\u00e0 c\u00f3 \u0111\u1ed9 tr\u1eafng cao, kh\u00e1ng n\u01b0\u1edbc t\u1ed1t n\u00ean r\u1ea5t th\u00edch h\u1ee3p trong vi\u1ec7c in \u1ea3nh ngh\u1ec7 thu\u1eadt. \u1ea2nh \u0111\u1ec3 in v\u00e0o v\u1ea3i silk ph\u1ea3i l\u00e0 \u1ea3nh c\u00f3 ch\u1ea5t l\u01b0\u1ee3ng cao, k\u00edch th\u01b0\u1edbc chu\u1ea9n, t\u1ed1i thi\u1ec3u l\u00e0 200dpi \u0111\u1ebfn 300dpi. B\u1ea1n mu\u1ed1n in v\u1ea3i silk gi\u00e1 r\u1ebb, ch\u1ea5t l\u01b0\u1ee3ng cao l\u00e0m tranh trang tr\u00ed th\u00ec c\u00f4ng ty TNHH \u0111\u1ea7u t\u01b0 qu\u1ea3ng c\u00e1o Thi\u00ean H\u00e0 s\u1ebd cung c\u1ea5p d\u1ecbch v\u1ee5 n\u00e0y cho b\u1ea1n.<\/p>\n<h2><strong>V\u00ec sao n\u00ean ch\u1ecdn in v\u1ea3i silk t\u1ea1i c\u00f4ng ty TNHH \u0111\u1ea7u t\u01b0 qu\u1ea3ng c\u00e1o Thi\u00ean H\u00e0?<\/strong><\/h2>\n<p>X\u01b0\u1edfng in c\u1ee7a c\u00f4ng ty \u0111\u01b0\u1ee3c trang b\u1ecb \u0111\u1ea7y \u0111\u1ee7 h\u1ec7 th\u1ed1ng m\u00e1y in k\u1ef9 thu\u1eadt s\u1ed1 kh\u1ed5 l\u1edbn ho\u00e0n to\u00e0n \u0111\u00e1p \u1ee9ng \u0111\u01b0\u1ee3c c\u00e1c y\u00eau c\u1ea7u v\u1ec1 in \u1ea5n c\u1ee7a qu\u00fd kh\u00e1ch. Qu\u00fd kh\u00e1ch c\u00f3 th\u1ec3 ch\u1ecdn m\u1ef1c n\u01b0\u1edbc ho\u1eb7c m\u1ef1c d\u1ea7u \u0111\u1ec3 in s\u1ea3n ph\u1ea9m sao cho ph\u00f9 h\u1ee3p nh\u1ea5t v\u1edbi m\u00f4i tr\u01b0\u1eddng, \u0111i\u1ec1u ki\u1ec7n s\u1eed d\u1ee5ng. D\u1ecbch v\u1ee5 in v\u1ec9 silk gi\u00e1 r\u1ebb \u0111\u01b0\u1ee3c th\u1ef1c hi\u1ec7n tr\u00ean m\u00e1y in k\u1ef9 thu\u1eadt s\u1ed1 cao \u0111\u1ea3m b\u1ea3o \u0111\u01b0\u1ee3c c\u1ea3 th\u1eddi gian v\u00e0 ch\u1ea5t l\u01b0\u1ee3ng s\u1ea3n ph\u1ea9m. C\u00f4ng ty nh\u1eadn in v\u1ea3i silk v\u1edbi gi\u00e1 r\u1ebb tr\u00ean m\u1ecdi kh\u1ed5 in, m\u1ecdi s\u1ed1 l\u01b0\u1ee3ng. Nh\u1eadn \u0111\u1eb7t in g\u1ea5p, in l\u1ea5y ngay, n\u1ebfu b\u1ea1n ch\u01b0a c\u00f3 file thi\u1ebft k\u1ebf ch\u00fang t\u00f4i s\u1ebd c\u00f3 \u0111\u1ed9i ng\u0169 thi\u1ebft k\u1ebf file cho b\u1ea1n. V\u1edbi \u0111\u1ed9i ng\u0169 chuy\u00ean vi\u00ean k\u1ef9 thu\u1eadt, c\u00f4ng v\u00e2n vi\u00ean tay ngh\u1ec1 cao v\u00e0o h\u1ec7 th\u1ed1ng m\u00e1y m\u00f3c hi\u1ec7n \u0111\u1ea1i. B\u00ean c\u1ea1nh \u0111\u00f3, ngu\u1ed3n nguy\u00ean v\u1eadt li\u1ec7u c\u00f2n \u0111\u01b0\u1ee3c c\u00f4ng ty nh\u1eadp tr\u1ef1c ti\u1ebfp v\u1edbi kh\u1ed1i l\u01b0\u1ee3ng l\u1edbn t\u1eadn g\u1ed1c. Ch\u00ednh v\u00ec v\u1eady m\u00e0 m\u1ecdi s\u1ea3n ph\u1ea9m c\u1ee7a c\u00f4ng ty n\u00f3i chung v\u00e0 th\u00e0nh ph\u1ea9m in v\u1ea3i silk n\u00f3i ri\u00eang khi \u0111\u1ebfn tay kh\u00e1ch h\u00e0ng \u0111\u1ec1u \u0111\u1ea3m b\u1ea3o ch\u1ea5t l\u01b0\u1ee3ng t\u1ed1t nh\u1ea5t v\u1edbi gi\u00e1 th\u00e0nh c\u1ea1nh tranh nh\u1ea5t.<\/p>\n<p><img loading=\"lazy\" title=\"In v\u1ea3i silk gi\u00e1 r\u1ebb, ch\u1ea5t l\u01b0\u1ee3ng cao t\u1ea1i TP. H\u00e0 N\u1ed9i\" src=\"http:\/\/inbat.com.vn\/images\/in-vai-silk-gia-re-chat-luong-cao-tai-ha-noi-02.JPG\" alt=\"in-vai-silk-gia-re-chat-luong-cao-tai-ha-noi-02\" width=\"650\" height=\"406\" \/><\/p>\n<p><strong><em>In v\u1ea3i silk gi\u00e1 r\u1ebb, ch\u1ea5t l\u01b0\u1ee3ng cao t\u1ea1i TP. H\u00e0 N\u1ed9i<\/em><\/strong><\/p>\n<p>Qu\u00fd kh\u00e1ch c\u00f3 nhu c\u1ea7u s\u1eed d\u1ee5ng d\u1ecbch v\u1ee5 in v\u1ea3i silk gi\u00e1 r\u1ebb, ch\u1ea5t l\u01b0\u1ee3ng cao vui l\u00f2ng li\u00ean h\u1ec7 v\u1edbi ch\u00fang t\u00f4i qua s\u1ed1 hotline<strong> 0929.66.2222<\/strong> \u0111\u1ec3 \u0111\u01b0\u1ee3c t\u01b0 v\u1ea5n v\u00e0 h\u1ed7 tr\u1ee3 t\u1ed1t nh\u1ea5t. Ngo\u00e0i d\u1ecbch v\u1ee5 in v\u1ea3i silk, c\u00f4ng ty TNHH \u0111\u1ea7u t\u01b0 qu\u1ea3ng c\u00e1o Thi\u00ean H\u00e0 c\u00f2n h\u00e2n h\u1ea1nh ph\u1ee5c v\u1ee5 m\u1ecdi nhu c\u1ea7u in \u1ea5n tr\u00ean m\u1ecdi ch\u1ea5t li\u1ec7u cho qu\u00fd kh\u00e1ch nh\u01b0 in b\u1ea1t, in hiflex, in decal, in b\u0103ng r\u00f4n, in pp, in uv, in backlist film\u2026<\/p>\n","protected":false},"excerpt":{"rendered":"<p>In l\u1ee5a gi\u00e1 r\u1ebb D\u1ecbch v\u1ee5 in d\u1ea3i b\u0103ng cho s\u1ef1 ki\u1ec7n t\u1eeb v\u1ea3i silk t\u1eeb m\u00e1y in k\u1ef9 thu\u1eadt s\u1ed1 gi\u00e1 r\u1ebb, ch\u1ea5t l\u01b0\u1ee3ng t\u1ed1t c\u1ee7a c\u00f4ng ty TNHH \u0111\u1ea7u t\u01b0 qu\u1ea3ng c\u00e1o Thi\u00ean H\u00e0 lu\u00f4n mang l\u1ea1i s\u1ef1 h\u00e0i l\u00f2ng cho m\u1ecdi kh\u00e1ch h\u00e0ng. B\u1edfi in d\u1ea3i b\u0103ng cho s\u1ef1 ki\u1ec7n t\u1eeb v\u1ea3i [&#8230;]\n","protected":false},"author":1,"featured_media":0,"parent":0,"menu_order":0,"comment_status":"closed","ping_status":"closed","template":"page-left-sidebar.php","meta":[],"_links":{"self":[{"href":"https:\/\/demo.bmconnect.vn\/inbat\/wp-json\/wp\/v2\/pages\/891"}],"collection":[{"href":"https:\/\/demo.bmconnect.vn\/inbat\/wp-json\/wp\/v2\/pages"}],"about":[{"href":"https:\/\/demo.bmconnect.vn\/inbat\/wp-json\/wp\/v2\/types\/page"}],"author":[{"embeddable":true,"href":"https:\/\/demo.bmconnect.vn\/inbat\/wp-json\/wp\/v2\/users\/1"}],"replies":[{"embeddable":true,"href":"https:\/\/demo.bmconnect.vn\/inbat\/wp-json\/wp\/v2\/comments?post=891"}],"version-history":[{"count":2,"href":"https:\/\/demo.bmconnect.vn\/inbat\/wp-json\/wp\/v2\/pages\/891\/revisions"}],"predecessor-version":[{"id":893,"href":"https:\/\/demo.bmconnect.vn\/inbat\/wp-json\/wp\/v2\/pages\/891\/revisions\/893"}],"wp:attachment":[{"href":"https:\/\/demo.bmconnect.vn\/inbat\/wp-json\/wp\/v2\/media?parent=891"}],"curies":[{"name":"wp","href":"https:\/\/api.w.org\/{rel}","templated":true}]}}