{"id":889,"date":"2017-10-27T21:44:10","date_gmt":"2017-10-27T14:44:10","guid":{"rendered":"https:\/\/demo.bmconnect.vn\/inbat\/?page_id=889"},"modified":"2017-10-27T21:44:10","modified_gmt":"2017-10-27T14:44:10","slug":"in-decal-lay-ngay","status":"publish","type":"page","link":"https:\/\/demo.bmconnect.vn\/inbat\/in-decal-lay-ngay\/","title":{"rendered":"In decal l\u1ea5y ngay"},"content":{"rendered":"<h2>In decal l\u1ea5y ngay<\/h2>\n<p>Ng\u00e0y nay, th\u1ecb tr\u01b0\u1eddng in decal trong kh\u00e1 \u0111a d\u1ea1ng v\u1edbi nhi\u1ec1u lo\u1ea1i decal d\u00e0nh cho t\u1eebng m\u1ee5c \u0111\u00edch s\u1eed d\u1ee5ng kh\u00e1c nhau nh\u01b0: in decal d\u00e1n xe, decal d\u00e1n b\u00ecnh \u0111\u1ef1ng n\u01b0\u1edbc, logo d\u00e1n n\u00f3n b\u1ea3o hi\u1ec3m, logo d\u00e1n m\u00e1y ATM, nh\u00e3n d\u00e1n m\u1ef9 ph\u1ea9m\u2026<\/p>\n<p>\u0110a ph\u1ea7n nh\u1eefng ch\u1ee7ng lo\u1ea1i decal n\u00e0y thu\u1ed9c lo\u1ea1i decal trong v\u1edbi c\u00f4ng ngh\u1ec7 in hi\u1ec7n \u0111\u1ea1i. C\u00f3 hai lo\u1ea1i decal trong ph\u1ed5 bi\u1ebfn : decal nh\u1ef1a tr\u1eafng trong v\u00e0 tr\u1eafng \u0111\u1ee5c. B\u00ean c\u1ea1nh vi\u1ec7c c\u1ea3i ti\u1ebfn ch\u1ea5t l\u01b0\u1ee3ng s\u1ea3n ph\u1ea9m in, c\u00e1c c\u00f4ng ty in \u1ea5n c\u00f2n ch\u00fa tr\u1ecdng n\u00e2ng cao ch\u1ea5t l\u01b0\u1ee3ng d\u1ecbch v\u1ee5. V\u00e0 m\u1ed9t trong nh\u1eefng b\u01b0\u1edbc ph\u00e1t tri\u1ec3n \u0111\u00f3 l\u00e0 d\u1ecbch v\u1ee5 in decal l\u1ea5y ngay.<\/p>\n<p><img loading=\"lazy\" class=\"aligncenter\" src=\"http:\/\/inbat.com.vn\/images\/in-decal-lay-ngay-ha-noi.jpg\" alt=\"in-decal-lay-ngay-ha-noi\" width=\"518\" height=\"356\" \/><\/p>\n<p>In decal l\u1ea5y ngay ti\u1ebft ki\u1ec7m t\u1ed1i \u0111a th\u1eddi gian cho kh\u00e1ch h\u00e0ng v\u00e0 g\u00f3p ph\u1ea7n gi\u1ea3i quy\u1ebft nhu c\u1ea7u in c\u1ea5p t\u1ed1c cho k\u1ecbp ti\u1ebfn \u0111\u1ed9 c\u00f4ng vi\u1ec7c. C\u00f9ng v\u1edbi \u0111\u00f3, ch\u1ea5t l\u01b0\u1ee3ng b\u1ea3n in c\u0169ng \u0111\u01b0\u1ee3c \u0111\u1ea3m b\u1ea3o t\u1ed1t nh\u01b0 b\u1ea3n in offset.<\/p>\n<h2><strong>Nh\u1edd ch\u1ea5t l\u01b0\u1ee3ng s\u1ea3n ph\u1ea9m v\u00e0 d\u1ecbch v\u1ee5 t\u1ed1t, in decal l\u1ea5y ngay \u0111\u01b0\u1ee3c c\u00e1c c\u00f4ng ty, doanh nghi\u1ec7p tin t\u01b0\u1edfng v\u00e0 ch\u1ecdn l\u1ef1a \u0111\u1ec3 n\u00e2ng cao n\u0103ng su\u1ea5t l\u00e0m vi\u1ec7c.<\/strong><\/h2>\n","protected":false},"excerpt":{"rendered":"<p>In decal l\u1ea5y ngay Ng\u00e0y nay, th\u1ecb tr\u01b0\u1eddng in decal trong kh\u00e1 \u0111a d\u1ea1ng v\u1edbi nhi\u1ec1u lo\u1ea1i decal d\u00e0nh cho t\u1eebng m\u1ee5c \u0111\u00edch s\u1eed d\u1ee5ng kh\u00e1c nhau nh\u01b0: in decal d\u00e1n xe, decal d\u00e1n b\u00ecnh \u0111\u1ef1ng n\u01b0\u1edbc, logo d\u00e1n n\u00f3n b\u1ea3o hi\u1ec3m, logo d\u00e1n m\u00e1y ATM, nh\u00e3n d\u00e1n m\u1ef9 ph\u1ea9m\u2026 \u0110a ph\u1ea7n nh\u1eefng ch\u1ee7ng lo\u1ea1i [&#8230;]\n","protected":false},"author":1,"featured_media":705,"parent":0,"menu_order":0,"comment_status":"closed","ping_status":"closed","template":"page-left-sidebar.php","meta":[],"_links":{"self":[{"href":"https:\/\/demo.bmconnect.vn\/inbat\/wp-json\/wp\/v2\/pages\/889"}],"collection":[{"href":"https:\/\/demo.bmconnect.vn\/inbat\/wp-json\/wp\/v2\/pages"}],"about":[{"href":"https:\/\/demo.bmconnect.vn\/inbat\/wp-json\/wp\/v2\/types\/page"}],"author":[{"embeddable":true,"href":"https:\/\/demo.bmconnect.vn\/inbat\/wp-json\/wp\/v2\/users\/1"}],"replies":[{"embeddable":true,"href":"https:\/\/demo.bmconnect.vn\/inbat\/wp-json\/wp\/v2\/comments?post=889"}],"version-history":[{"count":1,"href":"https:\/\/demo.bmconnect.vn\/inbat\/wp-json\/wp\/v2\/pages\/889\/revisions"}],"predecessor-version":[{"id":890,"href":"https:\/\/demo.bmconnect.vn\/inbat\/wp-json\/wp\/v2\/pages\/889\/revisions\/890"}],"wp:featuredmedia":[{"embeddable":true,"href":"https:\/\/demo.bmconnect.vn\/inbat\/wp-json\/wp\/v2\/media\/705"}],"wp:attachment":[{"href":"https:\/\/demo.bmconnect.vn\/inbat\/wp-json\/wp\/v2\/media?parent=889"}],"curies":[{"name":"wp","href":"https:\/\/api.w.org\/{rel}","templated":true}]}}