{"id":887,"date":"2017-10-27T21:43:08","date_gmt":"2017-10-27T14:43:08","guid":{"rendered":"https:\/\/demo.bmconnect.vn\/inbat\/?page_id=887"},"modified":"2017-10-27T21:43:08","modified_gmt":"2017-10-27T14:43:08","slug":"in-decal-chat-luong-cao","status":"publish","type":"page","link":"https:\/\/demo.bmconnect.vn\/inbat\/in-decal-chat-luong-cao\/","title":{"rendered":"In decal ch\u1ea5t l\u01b0\u1ee3ng cao"},"content":{"rendered":"<h2>In decal ch\u1ea5t l\u01b0\u1ee3ng cao<\/h2>\n<p>In \u1ea5n decal c\u00e1c lo\u1ea1i ch\u1ea5t l\u01b0\u1ee3ng cao: in decal ph\u1ea3n quang, in decal pp, in decal trong pvc, in decal \u00f4t\u00f4, in decal l\u01b0\u1edbi, in decal gi\u1ea5y, in decal nh\u1ef1a c\u00e1c lo\u1ea1i&#8230;<\/p>\n<p>Decal th\u01b0\u1eddng \u0111\u01b0\u1ee3c d\u00f9ng \u0111\u1ec3 c\u1eaft ch\u1eef v\u00e0 hoa v\u0103n \u0111\u1ec3 trang tr\u00ed. Ng\u00e0y nay, v\u1edbi c\u00f4ng ngh\u1ec7 ti\u00ean ti\u1ebfn, ch\u00fang ta c\u00f3 th\u1ec3 in tr\u00ean decal t\u1ea5t c\u1ea3 nh\u1eefng h\u00ecnh \u1ea3nh, hoa v\u0103n, h\u1ecda ti\u1ebft m\u00e0 ch\u00fang ta mu\u1ed1n c\u00f3. Decal sau khi in c\u00f3 th\u1ec3 trang tr\u00ed cho Laptop, t\u01b0\u1eddng nh\u00e0, ph\u01b0\u01a1ng ti\u1ec7n giao th\u00f4ng, tr\u00ean m\u1ecdi v\u1eadt li\u1ec7u v\u1edbi \u0111\u1ed9 b\u1ec1n cao v\u00e0 m\u00e0u s\u1eafc trung th\u1ef1c. Thi\u00ean H\u00e0 Decal chuy\u00ean thi\u1ebft k\u1ebf in \u1ea5n v\u00e0 d\u00e1n decal c\u00e1c lo\u1ea1i, v\u1edbi h\u1ec7 th\u1ed1ng m\u00e1y in decal chuy\u00ean d\u1ee5ng d\u1ec5 d\u00e0ng \u0111\u00e1p \u1ee9ng \u0111\u1ea7y \u0111\u1ee7 nhu c\u1ea7u c\u1ee7a Qu\u00fd kh\u00e1ch<\/p>\n<p><img loading=\"lazy\" src=\"http:\/\/inbat.com.vn\/images\/in-decal-chat-luong-cao-16082013.jpg\" alt=\"in-decal-chat-luong-cao-16082013\" width=\"550\" height=\"458\" \/><\/p>\n<p><strong>In decal nh\u1ef1a c\u00e1c lo\u1ea1i<\/strong><\/p>\n<p>\u0110\u01b0\u1ee3c l\u00e0m b\u1eb1ng nguy\u00ean li\u00eau plastic ( PVC,PET,PE&#8230; ) l\u00e0m nh\u00e3n hi\u1ec7u h\u00e0ng h\u00f3a ho\u1eb7c nh\u1eefng \u1ee9ng d\u1ee5ng kh\u00e1c t\u00f9y theo nhu c\u1ea7u c\u1ee7a ng\u01b0\u1eddi s\u1eed d\u1ee5ng: decal d\u00e1n xe, decal d\u00e1n b\u00ecnh \u0111\u1ef1ng n\u01b0\u1edbc u\u1ed1ng, nh\u00e3n, logo decal d\u00e1n n\u00f3n b\u1ea3o hi\u1ec3m, logo decal d\u00e1n m\u00e1y ATM, nh\u00e3n decal d\u00e1n m\u1ef9 ph\u1ea9m&#8230;<\/p>\n<p>Decal nh\u1ef1a c\u00f3 \u01b0u \u0111i\u1ec3m l\u00e0 nguy\u00ean li\u1ec7u l\u00e0m \u0111a d\u1ea1ng, phong ph\u00fa c\u00f3 c\u00e1c lo\u1ea1i decal trong su\u1ed1t, decal ch\u1ecbu n\u01b0\u1edbc, decal ngo\u00e0i tr\u1eddi, \u0111\u1ec1 can 7 m\u00e0u, decal tr\u1eafng g\u01b0\u01a1ng, decal thi\u1ebft&#8230; \u1ee9ng d\u1ee5ng cho nhi\u1ec1u ng\u00e0nh, nhi\u1ec1u y\u00eau c\u1ea7u kh\u00e1c nhau c\u1ee7a s\u1ea3n ph\u1ea9m, t\u1eeb \u0111\u00f3 t\u0103ng hi\u1ec7u qu\u1ea3 trong kinh doanh v\u00e0 marketing trong vi\u1ec7c \u0111\u1ea9y m\u1ea1nh h\u00e0ng ho\u00e1.<\/p>\n<p><strong>In decal gi\u1ea5y c\u00e1c lo\u1ea1i<\/strong><\/p>\n<p>Decal \u0111\u01b0\u1ee3c l\u00e0m b\u1eb1ng nguy\u00ean li\u00eau gi\u1ea5y ( b\u00f3ng ho\u1eb7c nh\u00e1m ). Kh\u00f4ng gi\u1ed1ng nh\u01b0 decal in tem v\u1ee1 b\u1ea3o h\u00e0nh, decal gi\u1ea5y th\u01b0\u1eddng d\u00f9ng \u0111\u1ec3 in nh\u00e3n logo, nh\u00e3n d\u00e1n h\u00e0ng h\u00f3a th\u00f4ng d\u1ee5ng ho\u1eb7c nh\u1eefng \u1ee9ng d\u1ee5ng kh\u00e1c t\u00f9y theo nhu c\u1ea7u c\u1ee7a ng\u01b0\u1eddi s\u1eed d\u1ee5ng. C\u00f3 \u01b0u \u0111i\u1ec3m d\u1ec5 in \u1ea5n, m\u00e0u s\u1eafc \u0111\u1eb9p. gi\u00e1 th\u00e0nh r\u1ebb.<\/p>\n<p><strong>In decal trong<\/strong><\/p>\n<p>c\u0169ng gi\u1ed1ng nh\u01b0 nh\u1eefng lo\u1ea1i decal kh\u00e1c nh\u01b0ng ch\u1ea5t li\u1ec7u n\u00e0y gi\u1ed1ng nh\u01b0 m\u1ed9t l\u1edbp m\u00e0ng nil\u00f4ng trong su\u1ed1t. \u01afu \u0111i\u1ec3m c\u1ee7a lo\u1ea1i Decal n\u00e0y \u0111\u01b0\u1ee3c t\u1eadn d\u1ee5ng \u0111\u1ec3 s\u1eed d\u1ee5ng cho nh\u1eefng m\u1eb7t h\u00e0ng cao c\u1ea5p, ho\u1eb7c nh\u1eefng m\u1eb7t h\u00e0ng c\u1ea7n c\u00f3 nh\u1eefng t\u00ednh ch\u1ea5t nghi\u00eam t\u00fac, kh\u00f4ng c\u1ea7n m\u00e0u n\u1ec1n. T\u00ednh ch\u1ea5t c\u01a1 b\u1ea3n c\u0169ng nh\u01b0 nh\u1eefng lo\u1ea1i decal nh\u1ef1a v\u00e0 c\u0169ng \u0111\u01b0\u1ee3c s\u1eed d\u1ee5ng r\u1ea5t th\u00f4ng d\u1ee5ng.<\/p>\n<p><strong>In decal ph\u1ea3n quang<\/strong><\/p>\n<p>L\u00e0 lo\u1ea1i decal \u0111\u01b0\u1ee3c m\u1ea1 m\u1ed9t l\u1edbp k\u1ebdm kim lo\u1ea1i c\u00f3 t\u00ednh ch\u1ea5t ph\u1ea3n quang, \u0111\u00e1p \u1ee9ng cho nh\u1eefng d\u00f2ng s\u1ea3n ph\u1ea9m \u0111\u1eb7c th\u00f9 nh\u01b0 tem xe, tem m\u00e1y m\u00f3c, tem h\u00e0ng \u0111i\u1ec7n t\u1eed, hay c\u00e1c lo\u1ea1i nh\u00e3n c\u1ea3nh b\u00e1o\u2026<\/p>\n<p>V\u1edbi d\u00f2ng m\u00e1y in decal chuy\u00ean d\u1ee5ng, Thi\u00ean H\u00e0 Decal c\u00f3 th\u1ec3 \u0111\u00e1p \u1ee9ng m\u1ecdi nhu c\u1ea7u c\u1ee7a t\u1ea5t c\u1ea3 Qu\u00fd kh\u00e1ch h\u00e0ng t\u1eeb nh\u1eefng d\u00f2ng s\u1ea3n ph\u1ea9m tem ph\u1ea3n quang, nh\u00e3n ph\u1ea3n quang th\u00f4ng d\u1ee5ng cho \u0111\u1ebfn d\u00f2ng s\u1ea3n ph\u1ea9m ph\u1ea3n quang cao c\u1ea5p.<\/p>\n","protected":false},"excerpt":{"rendered":"<p>In decal ch\u1ea5t l\u01b0\u1ee3ng cao In \u1ea5n decal c\u00e1c lo\u1ea1i ch\u1ea5t l\u01b0\u1ee3ng cao: in decal ph\u1ea3n quang, in decal pp, in decal trong pvc, in decal \u00f4t\u00f4, in decal l\u01b0\u1edbi, in decal gi\u1ea5y, in decal nh\u1ef1a c\u00e1c lo\u1ea1i&#8230; Decal th\u01b0\u1eddng \u0111\u01b0\u1ee3c d\u00f9ng \u0111\u1ec3 c\u1eaft ch\u1eef v\u00e0 hoa v\u0103n \u0111\u1ec3 trang tr\u00ed. Ng\u00e0y nay, v\u1edbi c\u00f4ng [&#8230;]\n","protected":false},"author":1,"featured_media":0,"parent":0,"menu_order":0,"comment_status":"closed","ping_status":"closed","template":"page-left-sidebar.php","meta":[],"_links":{"self":[{"href":"https:\/\/demo.bmconnect.vn\/inbat\/wp-json\/wp\/v2\/pages\/887"}],"collection":[{"href":"https:\/\/demo.bmconnect.vn\/inbat\/wp-json\/wp\/v2\/pages"}],"about":[{"href":"https:\/\/demo.bmconnect.vn\/inbat\/wp-json\/wp\/v2\/types\/page"}],"author":[{"embeddable":true,"href":"https:\/\/demo.bmconnect.vn\/inbat\/wp-json\/wp\/v2\/users\/1"}],"replies":[{"embeddable":true,"href":"https:\/\/demo.bmconnect.vn\/inbat\/wp-json\/wp\/v2\/comments?post=887"}],"version-history":[{"count":1,"href":"https:\/\/demo.bmconnect.vn\/inbat\/wp-json\/wp\/v2\/pages\/887\/revisions"}],"predecessor-version":[{"id":888,"href":"https:\/\/demo.bmconnect.vn\/inbat\/wp-json\/wp\/v2\/pages\/887\/revisions\/888"}],"wp:attachment":[{"href":"https:\/\/demo.bmconnect.vn\/inbat\/wp-json\/wp\/v2\/media?parent=887"}],"curies":[{"name":"wp","href":"https:\/\/api.w.org\/{rel}","templated":true}]}}