{"id":873,"date":"2017-10-27T21:39:07","date_gmt":"2017-10-27T14:39:07","guid":{"rendered":"https:\/\/demo.bmconnect.vn\/inbat\/?page_id=873"},"modified":"2017-10-27T21:41:28","modified_gmt":"2017-10-27T14:41:28","slug":"in-giay-dan-tuong","status":"publish","type":"page","link":"https:\/\/demo.bmconnect.vn\/inbat\/in-giay-dan-tuong\/","title":{"rendered":"In gi\u1ea5y d\u00e1n t\u01b0\u1eddng"},"content":{"rendered":"<p>V\u1edbi c\u00f4ng ngh\u1ec7 in tr\u00ean m\u00e1y Nh\u1eadt, kh\u1ed5 l\u1edbn, ch\u1ea5t l\u01b0\u1ee3ng cao, ch\u1ea5t li\u1ec7u t\u1ed1t, ch\u00fang t\u00f4i s\u1ebd \u0111em l\u1ea1i s\u1ef1 h\u00e0i l\u00f2ng cho kh\u00f4ng gian trang tr\u00ed n\u1ed9i th\u1ea5t c\u1ee7a qu\u00fd v\u1ecb&#8230;..<\/p>\n<p>C\u00f4ng ty TNHH \u0110\u1ea7u t\u01b0 Qu\u1ea3ng c\u00e1o Thi\u00ean H\u00e0 chuy\u00ean cung c\u1ea5p v\u00e0 thi c\u00f4ng m\u1ecdi lo\u1ea1i gi\u1ea5y d\u00e1n t\u01b0\u1eddng ngo\u1ea1i nh\u1eadp.<br \/>\nK\u1ec3 t\u1eeb th\u00e1ng 9\/2012 ch\u00fang t\u00f4i nh\u1eadn in gi\u1ea5y d\u00e1n t\u01b0\u1eddng cho qu\u00fd kh\u00e1ch h\u00e0ng n\u00e0o c\u00f3 nhu c\u1ea7u, in theo ch\u1ee7 \u0111\u1ec1 v\u00e0 ch\u1ea5t li\u1ec7u qu\u00fd v\u1ecb t\u1ef1 ch\u1ecdn, m\u1eabu c\u1ee7a qu\u00fd kh\u00e1ch ho\u1eb7c ch\u1ecdn m\u1eabu m\u00e0 Cty ch\u00fang t\u00f4i cung c\u1ea5p, v\u1edbi h\u00e0ng ng\u00e0n m\u1eabu v\u00e0 r\u1ea5t nhi\u1ec1u \u0111\u1ec1 t\u00e0i hy v\u1ecdng \u0111\u00e1p \u1ee9ng \u0111\u1ea7y \u0111\u1ee7 m\u1ecdi nhu c\u1ea7u c\u1ee7a qu\u00fd v\u1ecb.<br \/>\nV\u1edbi c\u00f4ng ngh\u1ec7 in tr\u00ean m\u00e1y Nh\u1eadt, kh\u1ed5 l\u1edbn, ch\u1ea5t l\u01b0\u1ee3ng cao, ch\u1ea5t li\u1ec7u t\u1ed1t, ch\u00fang t\u00f4i s\u1ebd \u0111em l\u1ea1i s\u1ef1 h\u00e0i l\u00f2ng cho kh\u00f4ng gian trang tr\u00ed n\u1ed9i th\u1ea5t c\u1ee7a qu\u00fd v\u1ecb.<\/p>\n<h2><\/h2>\n\n  \n    <div class=\"row large-columns-3 medium-columns-1 small-columns-1\">\n  \t\t<div class=\"col post-item\" >\n\t\t\t<div class=\"col-inner\">\n\t\t\t<a href=\"https:\/\/demo.bmconnect.vn\/inbat\/in-giay-dan-tuong-theo-yeu-cau-gia-re-tai-ha-noi\/\" class=\"plain\">\n\t\t\t\t<div class=\"box box-normal box-text-bottom box-blog-post has-hover\">\n            \t\t\t\t\t<div class=\"box-image\" >\n  \t\t\t\t\t\t<div class=\"image-cover\" style=\"padding-top:56.25%;\">\n  \t\t\t\t\t\t\t<img width=\"300\" height=\"198\" src=\"https:\/\/demo.bmconnect.vn\/inbat\/wp-content\/uploads\/2017\/10\/in-giay-dan-tuong-theo-yeu-cau-gia-re-tai-ha-noi-02-300x198.jpg\" class=\"attachment-medium size-medium wp-post-image\" alt=\"\" loading=\"lazy\" srcset=\"https:\/\/demo.bmconnect.vn\/inbat\/wp-content\/uploads\/2017\/10\/in-giay-dan-tuong-theo-yeu-cau-gia-re-tai-ha-noi-02-300x198.jpg 300w, https:\/\/demo.bmconnect.vn\/inbat\/wp-content\/uploads\/2017\/10\/in-giay-dan-tuong-theo-yeu-cau-gia-re-tai-ha-noi-02-768x508.jpg 768w, https:\/\/demo.bmconnect.vn\/inbat\/wp-content\/uploads\/2017\/10\/in-giay-dan-tuong-theo-yeu-cau-gia-re-tai-ha-noi-02.jpg 800w\" sizes=\"(max-width: 300px) 100vw, 300px\" \/>  \t\t\t\t\t\t\t  \t\t\t\t\t\t\t  \t\t\t\t\t\t<\/div>\n  \t\t\t\t\t\t  \t\t\t\t\t<\/div><!-- .box-image -->\n          \t\t\t\t\t<div class=\"box-text text-center\" >\n\t\t\t\t\t<div class=\"box-text-inner blog-post-inner\">\n\n\t\t\t\t\t\n\t\t\t\t\t\t\t\t\t\t<h5 class=\"post-title is-large \">In gi\u1ea5y d\u00e1n t\u01b0\u1eddng theo y\u00eau c\u1ea7u gi\u00e1 r\u1ebb t\u1ea1i H\u00e0 N\u1ed9i<\/h5>\n\t\t\t\t\t\t\t\t\t\t<div class=\"is-divider\"><\/div>\n\t\t\t\t\t\t\t\t\t\t<p class=\"from_the_blog_excerpt \">Nhu c\u1ea7u l\u00e0m \u0111\u1eb9p cho kh\u00f4ng gian n\u1ed9i th\u1ea5t b\u1eb1ng gi\u1ea5y d\u00e1n t\u01b0\u1eddng ch\u1ea5t l\u01b0\u1ee3ng [...]\t\t\t\t\t<\/p>\n\t\t\t\t\t                    \n\t\t\t\t\t\n\t\t\t\t\t\n\t\t\t\t\t<\/div><!-- .box-text-inner -->\n\t\t\t\t\t<\/div><!-- .box-text -->\n\t\t\t\t\t\t\t\t\t<\/div><!-- .box -->\n\t\t\t\t<\/a><!-- .link -->\n\t\t\t<\/div><!-- .col-inner -->\n\t\t<\/div><!-- .col -->\n\t\t<div class=\"col post-item\" >\n\t\t\t<div class=\"col-inner\">\n\t\t\t<a href=\"https:\/\/demo.bmconnect.vn\/inbat\/in-giay-dan-tuong-chuyen-nghiep-gia-re-tai-ha-noi\/\" class=\"plain\">\n\t\t\t\t<div class=\"box box-normal box-text-bottom box-blog-post has-hover\">\n            \t\t\t\t\t<div class=\"box-image\" >\n  \t\t\t\t\t\t<div class=\"image-cover\" style=\"padding-top:56.25%;\">\n  \t\t\t\t\t\t\t<img width=\"300\" height=\"188\" src=\"https:\/\/demo.bmconnect.vn\/inbat\/wp-content\/uploads\/2017\/10\/in-giay-dan-tuong-chuyen-nghie-gia-re-tai-ha-noi-02-300x188.jpg\" class=\"attachment-medium size-medium wp-post-image\" alt=\"\" loading=\"lazy\" srcset=\"https:\/\/demo.bmconnect.vn\/inbat\/wp-content\/uploads\/2017\/10\/in-giay-dan-tuong-chuyen-nghie-gia-re-tai-ha-noi-02-300x188.jpg 300w, https:\/\/demo.bmconnect.vn\/inbat\/wp-content\/uploads\/2017\/10\/in-giay-dan-tuong-chuyen-nghie-gia-re-tai-ha-noi-02-768x480.jpg 768w, https:\/\/demo.bmconnect.vn\/inbat\/wp-content\/uploads\/2017\/10\/in-giay-dan-tuong-chuyen-nghie-gia-re-tai-ha-noi-02.jpg 800w\" sizes=\"(max-width: 300px) 100vw, 300px\" \/>  \t\t\t\t\t\t\t  \t\t\t\t\t\t\t  \t\t\t\t\t\t<\/div>\n  \t\t\t\t\t\t  \t\t\t\t\t<\/div><!-- .box-image -->\n          \t\t\t\t\t<div class=\"box-text text-center\" >\n\t\t\t\t\t<div class=\"box-text-inner blog-post-inner\">\n\n\t\t\t\t\t\n\t\t\t\t\t\t\t\t\t\t<h5 class=\"post-title is-large \">In gi\u1ea5y d\u00e1n t\u01b0\u1eddng chuy\u00ean nghi\u1ec7p, gi\u00e1 r\u1ebb t\u1ea1i H\u00e0 N\u1ed9i<\/h5>\n\t\t\t\t\t\t\t\t\t\t<div class=\"is-divider\"><\/div>\n\t\t\t\t\t\t\t\t\t\t<p class=\"from_the_blog_excerpt \">B\u1ea1n mu\u1ed1n thay \u0111\u1ed5i kh\u00f4ng gian s\u1ed1ng c\u1ee7a m\u00ecnh, h\u00e3y \u0111\u1ebfn v\u1edbi d\u1ecbch v\u1ee5 in [...]\t\t\t\t\t<\/p>\n\t\t\t\t\t                    \n\t\t\t\t\t\n\t\t\t\t\t\n\t\t\t\t\t<\/div><!-- .box-text-inner -->\n\t\t\t\t\t<\/div><!-- .box-text -->\n\t\t\t\t\t\t\t\t\t<\/div><!-- .box -->\n\t\t\t\t<\/a><!-- .link -->\n\t\t\t<\/div><!-- .col-inner -->\n\t\t<\/div><!-- .col -->\n\t\t<div class=\"col post-item\" >\n\t\t\t<div class=\"col-inner\">\n\t\t\t<a href=\"https:\/\/demo.bmconnect.vn\/inbat\/in-giay-dan-tuong-bang-may-in-kho-lon-chat-luong-cao\/\" class=\"plain\">\n\t\t\t\t<div class=\"box box-normal box-text-bottom box-blog-post has-hover\">\n            \t\t\t\t\t<div class=\"box-image\" >\n  \t\t\t\t\t\t<div class=\"image-cover\" style=\"padding-top:56.25%;\">\n  \t\t\t\t\t\t\t<img width=\"300\" height=\"198\" src=\"https:\/\/demo.bmconnect.vn\/inbat\/wp-content\/uploads\/2017\/10\/in-giay-dan-tuong-bang-may-in-kho-lon-chat-luong-cao-02-300x198.jpg\" class=\"attachment-medium size-medium wp-post-image\" alt=\"\" loading=\"lazy\" srcset=\"https:\/\/demo.bmconnect.vn\/inbat\/wp-content\/uploads\/2017\/10\/in-giay-dan-tuong-bang-may-in-kho-lon-chat-luong-cao-02-300x198.jpg 300w, https:\/\/demo.bmconnect.vn\/inbat\/wp-content\/uploads\/2017\/10\/in-giay-dan-tuong-bang-may-in-kho-lon-chat-luong-cao-02-768x508.jpg 768w, https:\/\/demo.bmconnect.vn\/inbat\/wp-content\/uploads\/2017\/10\/in-giay-dan-tuong-bang-may-in-kho-lon-chat-luong-cao-02.jpg 800w\" sizes=\"(max-width: 300px) 100vw, 300px\" \/>  \t\t\t\t\t\t\t  \t\t\t\t\t\t\t  \t\t\t\t\t\t<\/div>\n  \t\t\t\t\t\t  \t\t\t\t\t<\/div><!-- .box-image -->\n          \t\t\t\t\t<div class=\"box-text text-center\" >\n\t\t\t\t\t<div class=\"box-text-inner blog-post-inner\">\n\n\t\t\t\t\t\n\t\t\t\t\t\t\t\t\t\t<h5 class=\"post-title is-large \">In gi\u1ea5y d\u00e1n t\u01b0\u1eddng b\u1eb1ng m\u00e1y in kh\u1ed5 l\u1edbn ch\u1ea5t l\u01b0\u1ee3ng cao<\/h5>\n\t\t\t\t\t\t\t\t\t\t<div class=\"is-divider\"><\/div>\n\t\t\t\t\t\t\t\t\t\t<p class=\"from_the_blog_excerpt \">Nhu c\u1ea7u l\u00e0m \u0111\u1eb9p cho kh\u00f4ng gian ph\u00f2ng b\u1eb1ng gi\u1ea5y d\u00e1n t\u01b0\u1eddng v\u1eeba nhanh ch\u00f3ng [...]\t\t\t\t\t<\/p>\n\t\t\t\t\t                    \n\t\t\t\t\t\n\t\t\t\t\t\n\t\t\t\t\t<\/div><!-- .box-text-inner -->\n\t\t\t\t\t<\/div><!-- .box-text -->\n\t\t\t\t\t\t\t\t\t<\/div><!-- .box -->\n\t\t\t\t<\/a><!-- .link -->\n\t\t\t<\/div><!-- .col-inner -->\n\t\t<\/div><!-- .col -->\n<\/div>\n","protected":false},"excerpt":{"rendered":"<p>V\u1edbi c\u00f4ng ngh\u1ec7 in tr\u00ean m\u00e1y Nh\u1eadt, kh\u1ed5 l\u1edbn, ch\u1ea5t l\u01b0\u1ee3ng cao, ch\u1ea5t li\u1ec7u t\u1ed1t, ch\u00fang t\u00f4i s\u1ebd \u0111em l\u1ea1i s\u1ef1 h\u00e0i l\u00f2ng cho kh\u00f4ng gian trang tr\u00ed n\u1ed9i th\u1ea5t c\u1ee7a qu\u00fd v\u1ecb&#8230;.. C\u00f4ng ty TNHH \u0110\u1ea7u t\u01b0 Qu\u1ea3ng c\u00e1o Thi\u00ean H\u00e0 chuy\u00ean cung c\u1ea5p v\u00e0 thi c\u00f4ng m\u1ecdi lo\u1ea1i gi\u1ea5y d\u00e1n t\u01b0\u1eddng ngo\u1ea1i nh\u1eadp. [&#8230;]\n","protected":false},"author":1,"featured_media":0,"parent":0,"menu_order":0,"comment_status":"closed","ping_status":"closed","template":"page-left-sidebar.php","meta":[],"_links":{"self":[{"href":"https:\/\/demo.bmconnect.vn\/inbat\/wp-json\/wp\/v2\/pages\/873"}],"collection":[{"href":"https:\/\/demo.bmconnect.vn\/inbat\/wp-json\/wp\/v2\/pages"}],"about":[{"href":"https:\/\/demo.bmconnect.vn\/inbat\/wp-json\/wp\/v2\/types\/page"}],"author":[{"embeddable":true,"href":"https:\/\/demo.bmconnect.vn\/inbat\/wp-json\/wp\/v2\/users\/1"}],"replies":[{"embeddable":true,"href":"https:\/\/demo.bmconnect.vn\/inbat\/wp-json\/wp\/v2\/comments?post=873"}],"version-history":[{"count":2,"href":"https:\/\/demo.bmconnect.vn\/inbat\/wp-json\/wp\/v2\/pages\/873\/revisions"}],"predecessor-version":[{"id":884,"href":"https:\/\/demo.bmconnect.vn\/inbat\/wp-json\/wp\/v2\/pages\/873\/revisions\/884"}],"wp:attachment":[{"href":"https:\/\/demo.bmconnect.vn\/inbat\/wp-json\/wp\/v2\/media?parent=873"}],"curies":[{"name":"wp","href":"https:\/\/api.w.org\/{rel}","templated":true}]}}