{"id":870,"date":"2017-10-27T21:37:57","date_gmt":"2017-10-27T14:37:57","guid":{"rendered":"https:\/\/demo.bmconnect.vn\/inbat\/?page_id=870"},"modified":"2017-10-27T21:37:57","modified_gmt":"2017-10-27T14:37:57","slug":"bien-quang-cao","status":"publish","type":"page","link":"https:\/\/demo.bmconnect.vn\/inbat\/bien-quang-cao\/","title":{"rendered":"Bi\u1ec3n qu\u1ea3ng c\u00e1o"},"content":{"rendered":"<p>S\u1eed d\u1ee5ng bi\u1ec3n qu\u1ea3ng c\u00e1o trong nh\u1eefng chi\u1ebfn d\u1ecbch qu\u1ea3ng c\u00e1o kh\u00f4ng c\u00f2n xa l\u1ea1 v\u1edbi c\u00e1c doanh nghi\u1ec7p, song l\u00e0m th\u1ebf n\u00e0o \u0111\u1ec3 Bi\u1ec3n qu\u1ea3ng c\u00e1o ph\u00e1t huy tri\u1ec7t \u0111\u1ec3 t\u00e1c d\u1ee5ng v\u00e0 thu h\u00fat s\u1ef1 quan t\u00e2m c\u1ee7a \u0111\u00f4ng \u0111\u1ea3o kh\u00e1ch h\u00e0ng v\u1eabn lu\u00f4n l\u00e0 b\u00e0i to\u00e1n l\u00e0m \u0111au \u0111\u1ea7u nhi\u1ec1u doanh nghi\u1ec7p. V\u1edbi kinh nghi\u1ec7m c\u00f9ng kh\u1ea3 n\u0103ng chuy\u00ean m\u00f4n cao, Bi\u1ec3n qu\u1ea3ng c\u00e1o ch\u00fang t\u00f4i s\u1ebd gi\u00fap b\u1ea1n thi\u1ebft k\u1ebf nh\u1eefng m\u1eabu bi\u1ec3n qu\u1ea3ng c\u00e1o \u0111\u1eb9p, s\u00e1ng t\u1ea1o nh\u1ea5t th\u1ecb tr\u01b0\u1eddng g\u00f3p ph\u1ea7n \u0111\u01b0a s\u1ea3n ph\u1ea9m c\u1ee7a b\u1ea1n \u0111\u1ebfn g\u1ea7n h\u01a1n v\u1edbi kh\u00e1ch h\u00e0ng v\u00e0 t\u1ea1o \u0111\u01b0\u1ee3c s\u1ef1 b\u1ee9t ph\u00e1 ngo\u1ea1n m\u1ee5c v\u1ec1 th\u1ecb ph\u1ea7n, doanh thu.<\/p>\n","protected":false},"excerpt":{"rendered":"<p>S\u1eed d\u1ee5ng bi\u1ec3n qu\u1ea3ng c\u00e1o trong nh\u1eefng chi\u1ebfn d\u1ecbch qu\u1ea3ng c\u00e1o kh\u00f4ng c\u00f2n xa l\u1ea1 v\u1edbi c\u00e1c doanh nghi\u1ec7p, song l\u00e0m th\u1ebf n\u00e0o \u0111\u1ec3 Bi\u1ec3n qu\u1ea3ng c\u00e1o ph\u00e1t huy tri\u1ec7t \u0111\u1ec3 t\u00e1c d\u1ee5ng v\u00e0 thu h\u00fat s\u1ef1 quan t\u00e2m c\u1ee7a \u0111\u00f4ng \u0111\u1ea3o kh\u00e1ch h\u00e0ng v\u1eabn lu\u00f4n l\u00e0 b\u00e0i to\u00e1n l\u00e0m \u0111au \u0111\u1ea7u nhi\u1ec1u doanh nghi\u1ec7p. [&#8230;]\n","protected":false},"author":1,"featured_media":0,"parent":0,"menu_order":0,"comment_status":"closed","ping_status":"closed","template":"page-left-sidebar.php","meta":[],"_links":{"self":[{"href":"https:\/\/demo.bmconnect.vn\/inbat\/wp-json\/wp\/v2\/pages\/870"}],"collection":[{"href":"https:\/\/demo.bmconnect.vn\/inbat\/wp-json\/wp\/v2\/pages"}],"about":[{"href":"https:\/\/demo.bmconnect.vn\/inbat\/wp-json\/wp\/v2\/types\/page"}],"author":[{"embeddable":true,"href":"https:\/\/demo.bmconnect.vn\/inbat\/wp-json\/wp\/v2\/users\/1"}],"replies":[{"embeddable":true,"href":"https:\/\/demo.bmconnect.vn\/inbat\/wp-json\/wp\/v2\/comments?post=870"}],"version-history":[{"count":1,"href":"https:\/\/demo.bmconnect.vn\/inbat\/wp-json\/wp\/v2\/pages\/870\/revisions"}],"predecessor-version":[{"id":871,"href":"https:\/\/demo.bmconnect.vn\/inbat\/wp-json\/wp\/v2\/pages\/870\/revisions\/871"}],"wp:attachment":[{"href":"https:\/\/demo.bmconnect.vn\/inbat\/wp-json\/wp\/v2\/media?parent=870"}],"curies":[{"name":"wp","href":"https:\/\/api.w.org\/{rel}","templated":true}]}}